{"id":1178,"date":"2024-07-15T15:06:09","date_gmt":"2024-07-15T13:06:09","guid":{"rendered":"https:\/\/mairie-splc.fr\/?page_id=1178"},"modified":"2024-07-15T15:18:22","modified_gmt":"2024-07-15T13:18:22","slug":"anacr","status":"publish","type":"page","link":"https:\/\/mairie-splc.fr\/index.php\/anacr\/","title":{"rendered":"ANACR"},"content":{"rendered":"\n<p>L\u2019ANACR&nbsp;: La m\u00e9moire de la r\u00e9sistance en action.<\/p>\n\n\n\n<p><strong>L\u2019Association Nationale des Anciens Combattants et Ami(e)s de la R\u00e9sistance (ANACR)<\/strong> est une association reconnue d\u2019int\u00e9r\u00eat g\u00e9n\u00e9ral. Elle est administr\u00e9e par un conseil national et elle est organis\u00e9e en <a href=\"https:\/\/www.anacr-correze.fr\/\" target=\"_blank\" rel=\"noreferrer noopener\">comit\u00e9s d\u00e9partementaux <\/a>qui sont eux-m\u00eames constitu\u00e9s de comit\u00e9s locaux.<br>Ainsi, notre commune rel\u00e8ve du comit\u00e9 du plateau des \u00e9tangs. La vocation de l\u2019ANACR est de perp\u00e9tuer et valoriser la m\u00e9moire de celles et ceux qui ont dit non au fascisme et \u00e0 la barbarie nazie durant la deuxi\u00e8me guerre mondiale.<br>C\u2019est pourquoi l\u2019ANACR en g\u00e9n\u00e9ral et le comit\u00e9 du plateau des \u00e9tangs en particulier effectuent en permanence un travail de recherche historique qui aboutit \u00e0 la mise en place d\u2019un parcours de m\u00e9moire de la r\u00e9sistance sous la forme de panneaux d\u2019information install\u00e9s dans les communes du plateau.<br>D\u2019autre part, l\u2019ANACR poursuit son action afin de transmettre cette m\u00e9moire collective aux g\u00e9n\u00e9rations futures de mani\u00e8re \u00e0 ce qu\u2019elles aient conscience des souffrances et des sacrifices des r\u00e9sistants afin que plus jamais nous ne revivions sous la f\u00e9rule fasciste. C\u2019est pourquoi l\u2019ANACR ne cesse de proclamer son attachement ind\u00e9fectible aux valeurs r\u00e9publicaines.<br>Il va de soi que pour poursuivre son travail de transmission de la m\u00e9moire de la r\u00e9sistance de g\u00e9n\u00e9ration en g\u00e9n\u00e9ration, l\u2019ANACR a besoin de renouveler ses effectifs et ses capacit\u00e9s de r\u00e9flexion et d\u2019action collective.<br>Pour tout renseignement&nbsp;: g.veysset@orange.fr t\u00e9l&nbsp;: 05 55 93 18 60 ou 06 07 95 63 34.<\/p>\n\n\n\n<p>Les panneaux mis en place par l&rsquo;ANACR \u00e0 St Pardoux la Croisille :<\/p>\n\n\n\n<figure class=\"wp-block-image size-large\"><img fetchpriority=\"high\" decoding=\"async\" width=\"768\" height=\"1024\" src=\"https:\/\/mairie-splc.fr\/wp-content\/uploads\/2024\/07\/IMG_7324-768x1024.jpg\" alt=\"\" class=\"wp-image-1179\" srcset=\"https:\/\/mairie-splc.fr\/wp-content\/uploads\/2024\/07\/IMG_7324-768x1024.jpg 768w, https:\/\/mairie-splc.fr\/wp-content\/uploads\/2024\/07\/IMG_7324-225x300.jpg 225w, https:\/\/mairie-splc.fr\/wp-content\/uploads\/2024\/07\/IMG_7324-1152x1536.jpg 1152w, https:\/\/mairie-splc.fr\/wp-content\/uploads\/2024\/07\/IMG_7324-1536x2048.jpg 1536w, https:\/\/mairie-splc.fr\/wp-content\/uploads\/2024\/07\/IMG_7324-scaled.jpg 1920w\" sizes=\"(max-width: 768px) 100vw, 768px\" \/><\/figure>\n\n\n\n<figure class=\"wp-block-image size-large\"><img decoding=\"async\" width=\"768\" height=\"1024\" src=\"https:\/\/mairie-splc.fr\/wp-content\/uploads\/2024\/07\/IMG_7325-768x1024.jpg\" alt=\"\" class=\"wp-image-1180\" srcset=\"https:\/\/mairie-splc.fr\/wp-content\/uploads\/2024\/07\/IMG_7325-768x1024.jpg 768w, https:\/\/mairie-splc.fr\/wp-content\/uploads\/2024\/07\/IMG_7325-225x300.jpg 225w, https:\/\/mairie-splc.fr\/wp-content\/uploads\/2024\/07\/IMG_7325-1152x1536.jpg 1152w, https:\/\/mairie-splc.fr\/wp-content\/uploads\/2024\/07\/IMG_7325-1536x2048.jpg 1536w, https:\/\/mairie-splc.fr\/wp-content\/uploads\/2024\/07\/IMG_7325-scaled.jpg 1920w\" sizes=\"(max-width: 768px) 100vw, 768px\" \/><\/figure>\n\n\n\n<figure class=\"wp-block-image size-large\"><img decoding=\"async\" width=\"768\" height=\"1024\" src=\"https:\/\/mairie-splc.fr\/wp-content\/uploads\/2024\/07\/IMG_7323-768x1024.jpg\" alt=\"\" class=\"wp-image-1181\" srcset=\"https:\/\/mairie-splc.fr\/wp-content\/uploads\/2024\/07\/IMG_7323-768x1024.jpg 768w, https:\/\/mairie-splc.fr\/wp-content\/uploads\/2024\/07\/IMG_7323-225x300.jpg 225w, https:\/\/mairie-splc.fr\/wp-content\/uploads\/2024\/07\/IMG_7323-1152x1536.jpg 1152w, https:\/\/mairie-splc.fr\/wp-content\/uploads\/2024\/07\/IMG_7323-1536x2048.jpg 1536w, https:\/\/mairie-splc.fr\/wp-content\/uploads\/2024\/07\/IMG_7323-scaled.jpg 1920w\" sizes=\"(max-width: 768px) 100vw, 768px\" \/><\/figure>\n","protected":false},"excerpt":{"rendered":"<p>L\u2019ANACR&nbsp;: La m\u00e9moire de la r\u00e9sistance en action. L\u2019Association Nationale des Anciens Combattants et Ami(e)s de la R\u00e9sistance (ANACR) est une association reconnue d\u2019int\u00e9r\u00eat g\u00e9n\u00e9ral. Elle est administr\u00e9e par un conseil national et elle est organis\u00e9e en comit\u00e9s d\u00e9partementaux qui sont eux-m\u00eames constitu\u00e9s de comit\u00e9s locaux.Ainsi, notre commune rel\u00e8ve du comit\u00e9 du plateau des \u00e9tangs. [&hellip;]<\/p>\n","protected":false},"author":2,"featured_media":0,"parent":0,"menu_order":0,"comment_status":"closed","ping_status":"closed","template":"","meta":{"site-sidebar-layout":"default","site-content-layout":"","ast-site-content-layout":"default","site-content-style":"default","site-sidebar-style":"default","ast-global-header-display":"","ast-banner-title-visibility":"","ast-main-header-display":"","ast-hfb-above-header-display":"","ast-hfb-below-header-display":"","ast-hfb-mobile-header-display":"","site-post-title":"","ast-breadcrumbs-content":"","ast-featured-img":"","footer-sml-layout":"","ast-disable-related-posts":"","theme-transparent-header-meta":"","adv-header-id-meta":"","stick-header-meta":"","header-above-stick-meta":"","header-main-stick-meta":"","header-below-stick-meta":"","astra-migrate-meta-layouts":"default","ast-page-background-enabled":"default","ast-page-background-meta":{"desktop":{"background-color":"","background-image":"","background-repeat":"repeat","background-position":"center center","background-size":"auto","background-attachment":"scroll","background-type":"","background-media":"","overlay-type":"","overlay-color":"","overlay-opacity":"","overlay-gradient":""},"tablet":{"background-color":"","background-image":"","background-repeat":"repeat","background-position":"center center","background-size":"auto","background-attachment":"scroll","background-type":"","background-media":"","overlay-type":"","overlay-color":"","overlay-opacity":"","overlay-gradient":""},"mobile":{"background-color":"","background-image":"","background-repeat":"repeat","background-position":"center center","background-size":"auto","background-attachment":"scroll","background-type":"","background-media":"","overlay-type":"","overlay-color":"","overlay-opacity":"","overlay-gradient":""}},"ast-content-background-meta":{"desktop":{"background-color":"var(--ast-global-color-5)","background-image":"","background-repeat":"repeat","background-position":"center center","background-size":"auto","background-attachment":"scroll","background-type":"","background-media":"","overlay-type":"","overlay-color":"","overlay-opacity":"","overlay-gradient":""},"tablet":{"background-color":"var(--ast-global-color-5)","background-image":"","background-repeat":"repeat","background-position":"center center","background-size":"auto","background-attachment":"scroll","background-type":"","background-media":"","overlay-type":"","overlay-color":"","overlay-opacity":"","overlay-gradient":""},"mobile":{"background-color":"var(--ast-global-color-5)","background-image":"","background-repeat":"repeat","background-position":"center center","background-size":"auto","background-attachment":"scroll","background-type":"","background-media":"","overlay-type":"","overlay-color":"","overlay-opacity":"","overlay-gradient":""}},"footnotes":""},"class_list":["post-1178","page","type-page","status-publish","hentry"],"jetpack_sharing_enabled":true,"_links":{"self":[{"href":"https:\/\/mairie-splc.fr\/index.php\/wp-json\/wp\/v2\/pages\/1178","targetHints":{"allow":["GET"]}}],"collection":[{"href":"https:\/\/mairie-splc.fr\/index.php\/wp-json\/wp\/v2\/pages"}],"about":[{"href":"https:\/\/mairie-splc.fr\/index.php\/wp-json\/wp\/v2\/types\/page"}],"author":[{"embeddable":true,"href":"https:\/\/mairie-splc.fr\/index.php\/wp-json\/wp\/v2\/users\/2"}],"replies":[{"embeddable":true,"href":"https:\/\/mairie-splc.fr\/index.php\/wp-json\/wp\/v2\/comments?post=1178"}],"version-history":[{"count":1,"href":"https:\/\/mairie-splc.fr\/index.php\/wp-json\/wp\/v2\/pages\/1178\/revisions"}],"predecessor-version":[{"id":1182,"href":"https:\/\/mairie-splc.fr\/index.php\/wp-json\/wp\/v2\/pages\/1178\/revisions\/1182"}],"wp:attachment":[{"href":"https:\/\/mairie-splc.fr\/index.php\/wp-json\/wp\/v2\/media?parent=1178"}],"curies":[{"name":"wp","href":"https:\/\/api.w.org\/{rel}","templated":true}]}}