{"id":1207,"date":"2024-12-16T10:31:24","date_gmt":"2024-12-16T09:31:24","guid":{"rendered":"https:\/\/mairie-splc.fr\/?page_id=1207"},"modified":"2025-01-07T15:19:49","modified_gmt":"2025-01-07T14:19:49","slug":"chaufferie-bois-energie-pour-les-batiments-communaux","status":"publish","type":"page","link":"https:\/\/mairie-splc.fr\/index.php\/chaufferie-bois-energie-pour-les-batiments-communaux\/","title":{"rendered":"Chaufferie bois \u00e9nergie pour les b\u00e2timents communaux"},"content":{"rendered":"\n<p>Inaugur\u00e9e le 13 d\u00e9cembre 2024, tous nos b\u00e2timents communaux sont chauff\u00e9s par un r\u00e9seau de chaleur, aliment\u00e9 par une chaudi\u00e8re de 100 kilos calories.<\/p>\n\n\n\n<figure class=\"wp-block-image size-large\"><img fetchpriority=\"high\" decoding=\"async\" width=\"1024\" height=\"768\" src=\"https:\/\/mairie-splc.fr\/wp-content\/uploads\/2024\/12\/la-montagne-09122024-1024x768.jpg\" alt=\"\" class=\"wp-image-1214\" srcset=\"https:\/\/mairie-splc.fr\/wp-content\/uploads\/2024\/12\/la-montagne-09122024-1024x768.jpg 1024w, https:\/\/mairie-splc.fr\/wp-content\/uploads\/2024\/12\/la-montagne-09122024-300x225.jpg 300w, https:\/\/mairie-splc.fr\/wp-content\/uploads\/2024\/12\/la-montagne-09122024-768x576.jpg 768w, https:\/\/mairie-splc.fr\/wp-content\/uploads\/2024\/12\/la-montagne-09122024-1536x1152.jpg 1536w, https:\/\/mairie-splc.fr\/wp-content\/uploads\/2024\/12\/la-montagne-09122024-2048x1536.jpg 2048w\" sizes=\"(max-width: 1024px) 100vw, 1024px\" \/><\/figure>\n\n\n\n<figure class=\"wp-block-image size-large\"><img decoding=\"async\" width=\"768\" height=\"1024\" src=\"https:\/\/mairie-splc.fr\/wp-content\/uploads\/2024\/12\/20241213_141112-768x1024.jpg\" alt=\"\" class=\"wp-image-1208\" srcset=\"https:\/\/mairie-splc.fr\/wp-content\/uploads\/2024\/12\/20241213_141112-768x1024.jpg 768w, https:\/\/mairie-splc.fr\/wp-content\/uploads\/2024\/12\/20241213_141112-225x300.jpg 225w, https:\/\/mairie-splc.fr\/wp-content\/uploads\/2024\/12\/20241213_141112-1152x1536.jpg 1152w, https:\/\/mairie-splc.fr\/wp-content\/uploads\/2024\/12\/20241213_141112-1536x2048.jpg 1536w, https:\/\/mairie-splc.fr\/wp-content\/uploads\/2024\/12\/20241213_141112-scaled.jpg 1920w\" sizes=\"(max-width: 768px) 100vw, 768px\" \/><\/figure>\n\n\n\n<p>Inauguration en pr\u00e9sence de Eric Bellouin, vice pr\u00e9sident en charge de l&rsquo;\u00e9nergie \u00e0 Tulle Agglo<br>Michel Breuil, Pr\u00e9sident de Tulle Agglo<br>Monsieur le Pr\u00e9fet de la Corr\u00e8ze, M. Etienne Desplanques<br>Dominique Albaret, maire,<br>Pascal Coste Pr\u00e9sident du Conseil D\u00e9partemental,<br>St\u00e9phanie Vall\u00e9e, Conseill\u00e8re d\u00e9partementale du canton de Sainte Fortunade.<\/p>\n\n\n\n<div class=\"wp-block-jetpack-slideshow aligncenter\" data-effect=\"slide\"><div class=\"wp-block-jetpack-slideshow_container swiper-container\"><ul class=\"wp-block-jetpack-slideshow_swiper-wrapper swiper-wrapper\"><li class=\"wp-block-jetpack-slideshow_slide swiper-slide\"><figure><img decoding=\"async\" width=\"1024\" height=\"683\" alt=\"\" class=\"wp-block-jetpack-slideshow_image wp-image-1220\" data-id=\"1220\" src=\"https:\/\/mairie-splc.fr\/wp-content\/uploads\/2024\/12\/DSC_0841-1024x683.jpg\" srcset=\"https:\/\/mairie-splc.fr\/wp-content\/uploads\/2024\/12\/DSC_0841-1024x683.jpg 1024w, https:\/\/mairie-splc.fr\/wp-content\/uploads\/2024\/12\/DSC_0841-300x200.jpg 300w, https:\/\/mairie-splc.fr\/wp-content\/uploads\/2024\/12\/DSC_0841-768x512.jpg 768w, https:\/\/mairie-splc.fr\/wp-content\/uploads\/2024\/12\/DSC_0841-1536x1024.jpg 1536w, https:\/\/mairie-splc.fr\/wp-content\/uploads\/2024\/12\/DSC_0841.jpg 1620w\" sizes=\"(max-width: 1024px) 100vw, 1024px\" \/><\/figure><\/li><li class=\"wp-block-jetpack-slideshow_slide swiper-slide\"><figure><img loading=\"lazy\" decoding=\"async\" width=\"1024\" height=\"683\" alt=\"\" class=\"wp-block-jetpack-slideshow_image wp-image-1221\" data-id=\"1221\" src=\"https:\/\/mairie-splc.fr\/wp-content\/uploads\/2024\/12\/DSC_0847-1024x683.jpg\" srcset=\"https:\/\/mairie-splc.fr\/wp-content\/uploads\/2024\/12\/DSC_0847-1024x683.jpg 1024w, https:\/\/mairie-splc.fr\/wp-content\/uploads\/2024\/12\/DSC_0847-300x200.jpg 300w, https:\/\/mairie-splc.fr\/wp-content\/uploads\/2024\/12\/DSC_0847-768x512.jpg 768w, https:\/\/mairie-splc.fr\/wp-content\/uploads\/2024\/12\/DSC_0847-1536x1024.jpg 1536w, https:\/\/mairie-splc.fr\/wp-content\/uploads\/2024\/12\/DSC_0847.jpg 1620w\" sizes=\"(max-width: 1024px) 100vw, 1024px\" \/><\/figure><\/li><li class=\"wp-block-jetpack-slideshow_slide swiper-slide\"><figure><img loading=\"lazy\" decoding=\"async\" width=\"683\" height=\"1024\" alt=\"\" class=\"wp-block-jetpack-slideshow_image wp-image-1222\" data-id=\"1222\" src=\"https:\/\/mairie-splc.fr\/wp-content\/uploads\/2024\/12\/DSC_0848-683x1024.jpg\" srcset=\"https:\/\/mairie-splc.fr\/wp-content\/uploads\/2024\/12\/DSC_0848-683x1024.jpg 683w, https:\/\/mairie-splc.fr\/wp-content\/uploads\/2024\/12\/DSC_0848-200x300.jpg 200w, https:\/\/mairie-splc.fr\/wp-content\/uploads\/2024\/12\/DSC_0848-768x1152.jpg 768w, https:\/\/mairie-splc.fr\/wp-content\/uploads\/2024\/12\/DSC_0848-1024x1536.jpg 1024w, https:\/\/mairie-splc.fr\/wp-content\/uploads\/2024\/12\/DSC_0848-rotated.jpg 1080w\" sizes=\"(max-width: 683px) 100vw, 683px\" \/><\/figure><\/li><li class=\"wp-block-jetpack-slideshow_slide swiper-slide\"><figure><img loading=\"lazy\" decoding=\"async\" width=\"1024\" height=\"683\" alt=\"\" class=\"wp-block-jetpack-slideshow_image wp-image-1223\" data-id=\"1223\" src=\"https:\/\/mairie-splc.fr\/wp-content\/uploads\/2024\/12\/DSC_0849_1-1024x683.jpg\" srcset=\"https:\/\/mairie-splc.fr\/wp-content\/uploads\/2024\/12\/DSC_0849_1-1024x683.jpg 1024w, https:\/\/mairie-splc.fr\/wp-content\/uploads\/2024\/12\/DSC_0849_1-300x200.jpg 300w, https:\/\/mairie-splc.fr\/wp-content\/uploads\/2024\/12\/DSC_0849_1-768x512.jpg 768w, https:\/\/mairie-splc.fr\/wp-content\/uploads\/2024\/12\/DSC_0849_1-1536x1024.jpg 1536w, https:\/\/mairie-splc.fr\/wp-content\/uploads\/2024\/12\/DSC_0849_1.jpg 1620w\" sizes=\"(max-width: 1024px) 100vw, 1024px\" \/><\/figure><\/li><li class=\"wp-block-jetpack-slideshow_slide swiper-slide\"><figure><img loading=\"lazy\" decoding=\"async\" width=\"1024\" height=\"683\" alt=\"\" class=\"wp-block-jetpack-slideshow_image wp-image-1224\" data-id=\"1224\" src=\"https:\/\/mairie-splc.fr\/wp-content\/uploads\/2024\/12\/DSC_0851_1-1024x683.jpg\" srcset=\"https:\/\/mairie-splc.fr\/wp-content\/uploads\/2024\/12\/DSC_0851_1-1024x683.jpg 1024w, https:\/\/mairie-splc.fr\/wp-content\/uploads\/2024\/12\/DSC_0851_1-300x200.jpg 300w, https:\/\/mairie-splc.fr\/wp-content\/uploads\/2024\/12\/DSC_0851_1-768x512.jpg 768w, https:\/\/mairie-splc.fr\/wp-content\/uploads\/2024\/12\/DSC_0851_1-1536x1024.jpg 1536w, https:\/\/mairie-splc.fr\/wp-content\/uploads\/2024\/12\/DSC_0851_1.jpg 1620w\" sizes=\"(max-width: 1024px) 100vw, 1024px\" \/><\/figure><\/li><li class=\"wp-block-jetpack-slideshow_slide swiper-slide\"><figure><img loading=\"lazy\" decoding=\"async\" width=\"1024\" height=\"683\" alt=\"\" class=\"wp-block-jetpack-slideshow_image wp-image-1225\" data-id=\"1225\" src=\"https:\/\/mairie-splc.fr\/wp-content\/uploads\/2024\/12\/DSC_0852_1-1024x683.jpg\" srcset=\"https:\/\/mairie-splc.fr\/wp-content\/uploads\/2024\/12\/DSC_0852_1-1024x683.jpg 1024w, https:\/\/mairie-splc.fr\/wp-content\/uploads\/2024\/12\/DSC_0852_1-300x200.jpg 300w, https:\/\/mairie-splc.fr\/wp-content\/uploads\/2024\/12\/DSC_0852_1-768x512.jpg 768w, https:\/\/mairie-splc.fr\/wp-content\/uploads\/2024\/12\/DSC_0852_1-1536x1024.jpg 1536w, https:\/\/mairie-splc.fr\/wp-content\/uploads\/2024\/12\/DSC_0852_1.jpg 1620w\" sizes=\"(max-width: 1024px) 100vw, 1024px\" \/><\/figure><\/li><li class=\"wp-block-jetpack-slideshow_slide swiper-slide\"><figure><img loading=\"lazy\" decoding=\"async\" width=\"1024\" height=\"683\" alt=\"\" class=\"wp-block-jetpack-slideshow_image wp-image-1226\" data-id=\"1226\" src=\"https:\/\/mairie-splc.fr\/wp-content\/uploads\/2024\/12\/DSC_0857-1024x683.jpg\" srcset=\"https:\/\/mairie-splc.fr\/wp-content\/uploads\/2024\/12\/DSC_0857-1024x683.jpg 1024w, https:\/\/mairie-splc.fr\/wp-content\/uploads\/2024\/12\/DSC_0857-300x200.jpg 300w, https:\/\/mairie-splc.fr\/wp-content\/uploads\/2024\/12\/DSC_0857-768x512.jpg 768w, https:\/\/mairie-splc.fr\/wp-content\/uploads\/2024\/12\/DSC_0857-1536x1024.jpg 1536w, https:\/\/mairie-splc.fr\/wp-content\/uploads\/2024\/12\/DSC_0857.jpg 1620w\" sizes=\"(max-width: 1024px) 100vw, 1024px\" \/><\/figure><\/li><li class=\"wp-block-jetpack-slideshow_slide swiper-slide\"><figure><img loading=\"lazy\" decoding=\"async\" width=\"1024\" height=\"683\" alt=\"\" class=\"wp-block-jetpack-slideshow_image wp-image-1227\" data-id=\"1227\" src=\"https:\/\/mairie-splc.fr\/wp-content\/uploads\/2024\/12\/DSC_0858_1-1024x683.jpg\" srcset=\"https:\/\/mairie-splc.fr\/wp-content\/uploads\/2024\/12\/DSC_0858_1-1024x683.jpg 1024w, https:\/\/mairie-splc.fr\/wp-content\/uploads\/2024\/12\/DSC_0858_1-300x200.jpg 300w, https:\/\/mairie-splc.fr\/wp-content\/uploads\/2024\/12\/DSC_0858_1-768x512.jpg 768w, https:\/\/mairie-splc.fr\/wp-content\/uploads\/2024\/12\/DSC_0858_1-1536x1024.jpg 1536w, https:\/\/mairie-splc.fr\/wp-content\/uploads\/2024\/12\/DSC_0858_1.jpg 1620w\" sizes=\"(max-width: 1024px) 100vw, 1024px\" \/><\/figure><\/li><li class=\"wp-block-jetpack-slideshow_slide swiper-slide\"><figure><img loading=\"lazy\" decoding=\"async\" width=\"1024\" height=\"683\" alt=\"\" class=\"wp-block-jetpack-slideshow_image wp-image-1228\" data-id=\"1228\" src=\"https:\/\/mairie-splc.fr\/wp-content\/uploads\/2024\/12\/DSC_0860_1-1024x683.jpg\" srcset=\"https:\/\/mairie-splc.fr\/wp-content\/uploads\/2024\/12\/DSC_0860_1-1024x683.jpg 1024w, https:\/\/mairie-splc.fr\/wp-content\/uploads\/2024\/12\/DSC_0860_1-300x200.jpg 300w, https:\/\/mairie-splc.fr\/wp-content\/uploads\/2024\/12\/DSC_0860_1-768x512.jpg 768w, https:\/\/mairie-splc.fr\/wp-content\/uploads\/2024\/12\/DSC_0860_1-1536x1024.jpg 1536w, https:\/\/mairie-splc.fr\/wp-content\/uploads\/2024\/12\/DSC_0860_1.jpg 1620w\" sizes=\"(max-width: 1024px) 100vw, 1024px\" \/><\/figure><\/li><li class=\"wp-block-jetpack-slideshow_slide swiper-slide\"><figure><img loading=\"lazy\" decoding=\"async\" width=\"1024\" height=\"683\" alt=\"\" class=\"wp-block-jetpack-slideshow_image wp-image-1229\" data-id=\"1229\" src=\"https:\/\/mairie-splc.fr\/wp-content\/uploads\/2024\/12\/DSC_0862-1024x683.jpg\" srcset=\"https:\/\/mairie-splc.fr\/wp-content\/uploads\/2024\/12\/DSC_0862-1024x683.jpg 1024w, https:\/\/mairie-splc.fr\/wp-content\/uploads\/2024\/12\/DSC_0862-300x200.jpg 300w, https:\/\/mairie-splc.fr\/wp-content\/uploads\/2024\/12\/DSC_0862-768x512.jpg 768w, https:\/\/mairie-splc.fr\/wp-content\/uploads\/2024\/12\/DSC_0862-1536x1024.jpg 1536w, https:\/\/mairie-splc.fr\/wp-content\/uploads\/2024\/12\/DSC_0862.jpg 1620w\" sizes=\"(max-width: 1024px) 100vw, 1024px\" \/><\/figure><\/li><\/ul><a class=\"wp-block-jetpack-slideshow_button-prev swiper-button-prev swiper-button-white\" role=\"button\"><\/a><a class=\"wp-block-jetpack-slideshow_button-next swiper-button-next swiper-button-white\" role=\"button\"><\/a><a aria-label=\"Pause Slideshow\" class=\"wp-block-jetpack-slideshow_button-pause\" role=\"button\"><\/a><div class=\"wp-block-jetpack-slideshow_pagination swiper-pagination swiper-pagination-white\"><\/div><\/div><\/div>\n\n\n\n<figure class=\"wp-block-image size-large\"><img loading=\"lazy\" decoding=\"async\" width=\"768\" height=\"1024\" src=\"https:\/\/mairie-splc.fr\/wp-content\/uploads\/2024\/12\/20241213_141944-768x1024.jpg\" alt=\"\" class=\"wp-image-1209\" srcset=\"https:\/\/mairie-splc.fr\/wp-content\/uploads\/2024\/12\/20241213_141944-768x1024.jpg 768w, https:\/\/mairie-splc.fr\/wp-content\/uploads\/2024\/12\/20241213_141944-225x300.jpg 225w, https:\/\/mairie-splc.fr\/wp-content\/uploads\/2024\/12\/20241213_141944-1152x1536.jpg 1152w, https:\/\/mairie-splc.fr\/wp-content\/uploads\/2024\/12\/20241213_141944-1536x2048.jpg 1536w, https:\/\/mairie-splc.fr\/wp-content\/uploads\/2024\/12\/20241213_141944-scaled.jpg 1920w\" sizes=\"(max-width: 768px) 100vw, 768px\" \/><\/figure>\n\n\n\n<p>Le bois d\u00e9chiquet\u00e9 est fourni localement par la ferme Lou Roc de St Martin la M\u00e9anne.<\/p>\n\n\n\n<div class=\"wp-block-jetpack-slideshow aligncenter\" data-effect=\"slide\"><div class=\"wp-block-jetpack-slideshow_container swiper-container\"><ul class=\"wp-block-jetpack-slideshow_swiper-wrapper swiper-wrapper\"><li class=\"wp-block-jetpack-slideshow_slide swiper-slide\"><figure><img loading=\"lazy\" decoding=\"async\" width=\"1024\" height=\"768\" alt=\"\" class=\"wp-block-jetpack-slideshow_image wp-image-1211\" data-id=\"1211\" src=\"https:\/\/mairie-splc.fr\/wp-content\/uploads\/2024\/12\/interieur-chaufferie-1024x768.jpg\" srcset=\"https:\/\/mairie-splc.fr\/wp-content\/uploads\/2024\/12\/interieur-chaufferie-1024x768.jpg 1024w, https:\/\/mairie-splc.fr\/wp-content\/uploads\/2024\/12\/interieur-chaufferie-300x225.jpg 300w, https:\/\/mairie-splc.fr\/wp-content\/uploads\/2024\/12\/interieur-chaufferie-768x576.jpg 768w, https:\/\/mairie-splc.fr\/wp-content\/uploads\/2024\/12\/interieur-chaufferie-1536x1152.jpg 1536w, https:\/\/mairie-splc.fr\/wp-content\/uploads\/2024\/12\/interieur-chaufferie-2048x1536.jpg 2048w\" sizes=\"(max-width: 1024px) 100vw, 1024px\" \/><\/figure><\/li><li class=\"wp-block-jetpack-slideshow_slide swiper-slide\"><figure><img loading=\"lazy\" decoding=\"async\" width=\"1920\" height=\"2560\" alt=\"\" class=\"wp-block-jetpack-slideshow_image wp-image-1212\" data-id=\"1212\" src=\"https:\/\/mairie-splc.fr\/wp-content\/uploads\/2024\/12\/IMG_7804-scaled.jpg\" srcset=\"https:\/\/mairie-splc.fr\/wp-content\/uploads\/2024\/12\/IMG_7804-scaled.jpg 1920w, https:\/\/mairie-splc.fr\/wp-content\/uploads\/2024\/12\/IMG_7804-225x300.jpg 225w, https:\/\/mairie-splc.fr\/wp-content\/uploads\/2024\/12\/IMG_7804-768x1024.jpg 768w, https:\/\/mairie-splc.fr\/wp-content\/uploads\/2024\/12\/IMG_7804-1152x1536.jpg 1152w, https:\/\/mairie-splc.fr\/wp-content\/uploads\/2024\/12\/IMG_7804-1536x2048.jpg 1536w\" sizes=\"(max-width: 1920px) 100vw, 1920px\" \/><\/figure><\/li><li class=\"wp-block-jetpack-slideshow_slide swiper-slide\"><figure><img loading=\"lazy\" decoding=\"async\" width=\"2560\" height=\"1920\" alt=\"\" class=\"wp-block-jetpack-slideshow_image wp-image-1213\" data-id=\"1213\" src=\"https:\/\/mairie-splc.fr\/wp-content\/uploads\/2024\/12\/sous-station-bat-mairie-ecole-scaled.jpg\" srcset=\"https:\/\/mairie-splc.fr\/wp-content\/uploads\/2024\/12\/sous-station-bat-mairie-ecole-scaled.jpg 2560w, https:\/\/mairie-splc.fr\/wp-content\/uploads\/2024\/12\/sous-station-bat-mairie-ecole-300x225.jpg 300w, https:\/\/mairie-splc.fr\/wp-content\/uploads\/2024\/12\/sous-station-bat-mairie-ecole-1024x768.jpg 1024w, https:\/\/mairie-splc.fr\/wp-content\/uploads\/2024\/12\/sous-station-bat-mairie-ecole-768x576.jpg 768w, https:\/\/mairie-splc.fr\/wp-content\/uploads\/2024\/12\/sous-station-bat-mairie-ecole-1536x1152.jpg 1536w, https:\/\/mairie-splc.fr\/wp-content\/uploads\/2024\/12\/sous-station-bat-mairie-ecole-2048x1536.jpg 2048w\" sizes=\"(max-width: 2560px) 100vw, 2560px\" \/><\/figure><\/li><\/ul><a class=\"wp-block-jetpack-slideshow_button-prev swiper-button-prev swiper-button-white\" role=\"button\"><\/a><a class=\"wp-block-jetpack-slideshow_button-next swiper-button-next swiper-button-white\" role=\"button\"><\/a><a aria-label=\"Pause Slideshow\" class=\"wp-block-jetpack-slideshow_button-pause\" role=\"button\"><\/a><div class=\"wp-block-jetpack-slideshow_pagination swiper-pagination swiper-pagination-white\"><\/div><\/div><\/div>\n\n\n\n<p>Les travaux:<\/p>\n\n\n\n<div class=\"wp-block-jetpack-slideshow aligncenter\" data-effect=\"slide\"><div class=\"wp-block-jetpack-slideshow_container swiper-container\"><ul class=\"wp-block-jetpack-slideshow_swiper-wrapper swiper-wrapper\"><li class=\"wp-block-jetpack-slideshow_slide swiper-slide\"><figure><img loading=\"lazy\" decoding=\"async\" width=\"768\" height=\"1024\" alt=\"\" class=\"wp-block-jetpack-slideshow_image wp-image-1215\" data-id=\"1215\" src=\"https:\/\/mairie-splc.fr\/wp-content\/uploads\/2024\/12\/IMG_7534-768x1024.jpg\" srcset=\"https:\/\/mairie-splc.fr\/wp-content\/uploads\/2024\/12\/IMG_7534-768x1024.jpg 768w, https:\/\/mairie-splc.fr\/wp-content\/uploads\/2024\/12\/IMG_7534-225x300.jpg 225w, https:\/\/mairie-splc.fr\/wp-content\/uploads\/2024\/12\/IMG_7534-1152x1536.jpg 1152w, https:\/\/mairie-splc.fr\/wp-content\/uploads\/2024\/12\/IMG_7534-1536x2048.jpg 1536w, https:\/\/mairie-splc.fr\/wp-content\/uploads\/2024\/12\/IMG_7534-scaled.jpg 1920w\" sizes=\"(max-width: 768px) 100vw, 768px\" \/><\/figure><\/li><li class=\"wp-block-jetpack-slideshow_slide swiper-slide\"><figure><img loading=\"lazy\" decoding=\"async\" width=\"768\" height=\"1024\" alt=\"\" class=\"wp-block-jetpack-slideshow_image wp-image-1216\" data-id=\"1216\" src=\"https:\/\/mairie-splc.fr\/wp-content\/uploads\/2024\/12\/IMG_7544-768x1024.jpg\" srcset=\"https:\/\/mairie-splc.fr\/wp-content\/uploads\/2024\/12\/IMG_7544-768x1024.jpg 768w, https:\/\/mairie-splc.fr\/wp-content\/uploads\/2024\/12\/IMG_7544-225x300.jpg 225w, https:\/\/mairie-splc.fr\/wp-content\/uploads\/2024\/12\/IMG_7544-1152x1536.jpg 1152w, https:\/\/mairie-splc.fr\/wp-content\/uploads\/2024\/12\/IMG_7544-1536x2048.jpg 1536w, https:\/\/mairie-splc.fr\/wp-content\/uploads\/2024\/12\/IMG_7544-scaled.jpg 1920w\" sizes=\"(max-width: 768px) 100vw, 768px\" \/><\/figure><\/li><li class=\"wp-block-jetpack-slideshow_slide swiper-slide\"><figure><img loading=\"lazy\" decoding=\"async\" width=\"768\" height=\"1024\" alt=\"\" class=\"wp-block-jetpack-slideshow_image wp-image-1217\" data-id=\"1217\" src=\"https:\/\/mairie-splc.fr\/wp-content\/uploads\/2024\/12\/IMG_7561-768x1024.jpg\" srcset=\"https:\/\/mairie-splc.fr\/wp-content\/uploads\/2024\/12\/IMG_7561-768x1024.jpg 768w, https:\/\/mairie-splc.fr\/wp-content\/uploads\/2024\/12\/IMG_7561-225x300.jpg 225w, https:\/\/mairie-splc.fr\/wp-content\/uploads\/2024\/12\/IMG_7561-1152x1536.jpg 1152w, https:\/\/mairie-splc.fr\/wp-content\/uploads\/2024\/12\/IMG_7561-1536x2048.jpg 1536w, https:\/\/mairie-splc.fr\/wp-content\/uploads\/2024\/12\/IMG_7561-scaled.jpg 1920w\" sizes=\"(max-width: 768px) 100vw, 768px\" \/><\/figure><\/li><li class=\"wp-block-jetpack-slideshow_slide swiper-slide\"><figure><img loading=\"lazy\" decoding=\"async\" width=\"768\" height=\"1024\" alt=\"\" class=\"wp-block-jetpack-slideshow_image wp-image-1218\" data-id=\"1218\" src=\"https:\/\/mairie-splc.fr\/wp-content\/uploads\/2024\/12\/IMG_7565-768x1024.jpg\" srcset=\"https:\/\/mairie-splc.fr\/wp-content\/uploads\/2024\/12\/IMG_7565-768x1024.jpg 768w, https:\/\/mairie-splc.fr\/wp-content\/uploads\/2024\/12\/IMG_7565-225x300.jpg 225w, https:\/\/mairie-splc.fr\/wp-content\/uploads\/2024\/12\/IMG_7565-1152x1536.jpg 1152w, https:\/\/mairie-splc.fr\/wp-content\/uploads\/2024\/12\/IMG_7565-1536x2048.jpg 1536w, https:\/\/mairie-splc.fr\/wp-content\/uploads\/2024\/12\/IMG_7565-scaled.jpg 1920w\" sizes=\"(max-width: 768px) 100vw, 768px\" \/><\/figure><\/li><li class=\"wp-block-jetpack-slideshow_slide swiper-slide\"><figure><img loading=\"lazy\" decoding=\"async\" width=\"768\" height=\"1024\" alt=\"\" class=\"wp-block-jetpack-slideshow_image wp-image-1219\" data-id=\"1219\" src=\"https:\/\/mairie-splc.fr\/wp-content\/uploads\/2024\/12\/IMG_7563-768x1024.jpg\" srcset=\"https:\/\/mairie-splc.fr\/wp-content\/uploads\/2024\/12\/IMG_7563-768x1024.jpg 768w, https:\/\/mairie-splc.fr\/wp-content\/uploads\/2024\/12\/IMG_7563-225x300.jpg 225w, https:\/\/mairie-splc.fr\/wp-content\/uploads\/2024\/12\/IMG_7563-1152x1536.jpg 1152w, https:\/\/mairie-splc.fr\/wp-content\/uploads\/2024\/12\/IMG_7563-1536x2048.jpg 1536w, https:\/\/mairie-splc.fr\/wp-content\/uploads\/2024\/12\/IMG_7563-scaled.jpg 1920w\" sizes=\"(max-width: 768px) 100vw, 768px\" \/><\/figure><\/li><\/ul><a class=\"wp-block-jetpack-slideshow_button-prev swiper-button-prev swiper-button-white\" role=\"button\"><\/a><a class=\"wp-block-jetpack-slideshow_button-next swiper-button-next swiper-button-white\" role=\"button\"><\/a><a aria-label=\"Pause Slideshow\" class=\"wp-block-jetpack-slideshow_button-pause\" role=\"button\"><\/a><div class=\"wp-block-jetpack-slideshow_pagination swiper-pagination swiper-pagination-white\"><\/div><\/div><\/div>\n\n\n\n<p><a href=\"https:\/\/www.correze.fr\/actualites\/inauguration-du-reseau-de-chaleur-biomasse-de-st-pardoux-la-croisille\" target=\"_blank\" rel=\"noreferrer noopener\">Page du site du Conseil D\u00e9partemental <\/a><\/p>\n","protected":false},"excerpt":{"rendered":"<p>Inaugur\u00e9e le 13 d\u00e9cembre 2024, tous nos b\u00e2timents communaux sont chauff\u00e9s par un r\u00e9seau de chaleur, aliment\u00e9 par une chaudi\u00e8re de 100 kilos calories. Inauguration en pr\u00e9sence de Eric Bellouin, vice pr\u00e9sident en charge de l&rsquo;\u00e9nergie \u00e0 Tulle AggloMichel Breuil, Pr\u00e9sident de Tulle AggloMonsieur le Pr\u00e9fet de la Corr\u00e8ze, M. Etienne DesplanquesDominique Albaret, maire,Pascal Coste [&hellip;]<\/p>\n","protected":false},"author":1,"featured_media":0,"parent":0,"menu_order":0,"comment_status":"closed","ping_status":"closed","template":"","meta":{"site-sidebar-layout":"default","site-content-layout":"","ast-site-content-layout":"default","site-content-style":"default","site-sidebar-style":"default","ast-global-header-display":"","ast-banner-title-visibility":"","ast-main-header-display":"","ast-hfb-above-header-display":"","ast-hfb-below-header-display":"","ast-hfb-mobile-header-display":"","site-post-title":"","ast-breadcrumbs-content":"","ast-featured-img":"","footer-sml-layout":"","ast-disable-related-posts":"","theme-transparent-header-meta":"","adv-header-id-meta":"","stick-header-meta":"","header-above-stick-meta":"","header-main-stick-meta":"","header-below-stick-meta":"","astra-migrate-meta-layouts":"default","ast-page-background-enabled":"default","ast-page-background-meta":{"desktop":{"background-color":"","background-image":"","background-repeat":"repeat","background-position":"center center","background-size":"auto","background-attachment":"scroll","background-type":"","background-media":"","overlay-type":"","overlay-color":"","overlay-opacity":"","overlay-gradient":""},"tablet":{"background-color":"","background-image":"","background-repeat":"repeat","background-position":"center center","background-size":"auto","background-attachment":"scroll","background-type":"","background-media":"","overlay-type":"","overlay-color":"","overlay-opacity":"","overlay-gradient":""},"mobile":{"background-color":"","background-image":"","background-repeat":"repeat","background-position":"center center","background-size":"auto","background-attachment":"scroll","background-type":"","background-media":"","overlay-type":"","overlay-color":"","overlay-opacity":"","overlay-gradient":""}},"ast-content-background-meta":{"desktop":{"background-color":"var(--ast-global-color-5)","background-image":"","background-repeat":"repeat","background-position":"center center","background-size":"auto","background-attachment":"scroll","background-type":"","background-media":"","overlay-type":"","overlay-color":"","overlay-opacity":"","overlay-gradient":""},"tablet":{"background-color":"var(--ast-global-color-5)","background-image":"","background-repeat":"repeat","background-position":"center center","background-size":"auto","background-attachment":"scroll","background-type":"","background-media":"","overlay-type":"","overlay-color":"","overlay-opacity":"","overlay-gradient":""},"mobile":{"background-color":"var(--ast-global-color-5)","background-image":"","background-repeat":"repeat","background-position":"center center","background-size":"auto","background-attachment":"scroll","background-type":"","background-media":"","overlay-type":"","overlay-color":"","overlay-opacity":"","overlay-gradient":""}},"footnotes":""},"class_list":["post-1207","page","type-page","status-publish","hentry"],"jetpack_sharing_enabled":true,"_links":{"self":[{"href":"https:\/\/mairie-splc.fr\/index.php\/wp-json\/wp\/v2\/pages\/1207","targetHints":{"allow":["GET"]}}],"collection":[{"href":"https:\/\/mairie-splc.fr\/index.php\/wp-json\/wp\/v2\/pages"}],"about":[{"href":"https:\/\/mairie-splc.fr\/index.php\/wp-json\/wp\/v2\/types\/page"}],"author":[{"embeddable":true,"href":"https:\/\/mairie-splc.fr\/index.php\/wp-json\/wp\/v2\/users\/1"}],"replies":[{"embeddable":true,"href":"https:\/\/mairie-splc.fr\/index.php\/wp-json\/wp\/v2\/comments?post=1207"}],"version-history":[{"count":3,"href":"https:\/\/mairie-splc.fr\/index.php\/wp-json\/wp\/v2\/pages\/1207\/revisions"}],"predecessor-version":[{"id":1235,"href":"https:\/\/mairie-splc.fr\/index.php\/wp-json\/wp\/v2\/pages\/1207\/revisions\/1235"}],"wp:attachment":[{"href":"https:\/\/mairie-splc.fr\/index.php\/wp-json\/wp\/v2\/media?parent=1207"}],"curies":[{"name":"wp","href":"https:\/\/api.w.org\/{rel}","templated":true}]}}