{"id":1238,"date":"2025-02-25T18:32:03","date_gmt":"2025-02-25T17:32:03","guid":{"rendered":"https:\/\/mairie-splc.fr\/?page_id=1238"},"modified":"2025-03-11T14:24:43","modified_gmt":"2025-03-11T13:24:43","slug":"manifestations-festives-ete-2025","status":"publish","type":"page","link":"https:\/\/mairie-splc.fr\/index.php\/manifestations-festives-ete-2025\/","title":{"rendered":"Calendrier des manifestations festives \u00e9t\u00e9 2025"},"content":{"rendered":"\n<h3 class=\"wp-block-heading\">Association \u00ab\u00a0Le vert plein\u00a0\u00bb Concerts et spectacles :<\/h3>\n\n\n\n<h6 class=\"wp-block-heading\">&#8211; Tous les concerts sont pr\u00e9vus dans le jardin de Georges, \u00e0 20h dans le centre du bourg. Le jardin de Georges, rue des chaux, sera ouvert de 18h \u00e0 22h, avec possibilit\u00e9 de restauration sur place.<br>En cas de pluie la manifestation est report\u00e9e dans la salle des f\u00eates<\/h6>\n\n\n\n<h6 class=\"wp-block-heading\">&#8211; Les spectacles se d\u00e9rouleront les dimanches \u00e0 partir de 11h du matin, et les spectateurs qui le d\u00e9sirent pourront partager un brunch pr\u00e9vu par l\u2019association (prix libre).<\/h6>\n\n\n\n<h4 class=\"wp-block-heading\">Vendredi 18 juillet \u00e0 20 heures : <\/h4>\n\n\n\n<p>Rayon Ga\u00efa [Concert] &#8211; Rayon Ga\u00efa, artiste de chanson fran\u00e7aise pop chim\u00e9rique, vous invite \u00e0 un voyage musical empreint de po\u00e9sie, o\u00f9 les chansons, nourries par la beaut\u00e9 de la nature changeante, l\u2019esprit des \u00e2mes nomades et la douceur des amours qui grandissent, r\u00e9sonneront profond\u00e9ment en vous.<\/p>\n\n\n\n<hr class=\"wp-block-separator has-alpha-channel-opacity\"\/>\n\n\n\n<h4 class=\"wp-block-heading\">Dimanche 20 juillet \u00e0 11 heures : <\/h4>\n\n\n\n<p>Poussi\u00e8re : l&rsquo;attard\u00e9 du tour [Spectacle tout public] &#8211; Poussi\u00e8re est un cycliste d\u00e9suet et d\u00e9pass\u00e9. Il se d\u00e9m\u00e8ne tant bien que mal pour rattraper la course. Une vieille bicyclette rouge (assortie \u00e0 son nez) comme partenaire de jeu, ou comme fardeau ? Librement inspir\u00e9 de \u00ab Les For\u00e7ats de la Route \u00bb texte mythique d&rsquo;Albert Londres sur le Tour de France 1924. Un spectacle pour toute la famille, o\u00f9 les fac\u00e9ties du clown (\u00e9ternel enfant) viennent aussi nous poser des questions plus profondes. La tendre nostalgie du noir et blanc en toile de fond.<\/p>\n\n\n\n<hr class=\"wp-block-separator has-alpha-channel-opacity\"\/>\n\n\n\n<h4 class=\"wp-block-heading\">Vendredi 25 juillet \u00e0 20 heures : <\/h4>\n\n\n\n<p>Himene [Concert] &#8211; Accompagn\u00e9e de sa guitare, de ses percussions et de son looper, Himene exploite sa voix sous toutes ses formes, du slam au chant en passant par la \u00ab voix-instrument \u00bb. Elle livre une partie de son intimit\u00e9 \u00e0 travers des compositions originales, \u00e9crites entre ici et l&rsquo;autre bout du monde.<\/p>\n\n\n\n<p>1\u00e8re partie : Nina Oscar [Concert] &#8211; Inspir\u00e9e par Clara Ys\u00e9, Cynthia Abraham, Pomme et pleins d&rsquo;autres Nina Oscar pr\u00e9sente son set \u00e0 l&rsquo;image d&rsquo;un livre ouvert sur sa vie. Un piano\/voix et des textes en fran\u00e7ais, pour permettre aux auditeur\u2022ice\u2022s de se laisser emporter dans des histoires que l&rsquo;on \u00e0 tou\u2022te\u2022s v\u00e9cue de pr\u00e8s ou de loin. Nina Oscar c&rsquo;est l&rsquo;\u00e9closion d&rsquo;une femme dans un monde pas con\u00e7u pour.<\/p>\n\n\n\n<hr class=\"wp-block-separator has-alpha-channel-opacity\"\/>\n\n\n\n<h4 class=\"wp-block-heading\">Dimanche 27 juillet \u00e0 11 heures : <\/h4>\n\n\n\n<ul class=\"wp-block-list\">\n<li>Il va y avoir du sport [Spectacle tout public] &#8211; Lecture \u00e0 hautes voix et performance gymnique consacr\u00e9e au sport. Les textes lus \u00e9voquent plusieurs sports et plus d\u2019un si\u00e8cle de comp\u00e9titions de haut niveau (de 1896, lors des premiers JO, \u00e0 2023), m\u00ealant textes de litt\u00e9rature, t\u00e9moignages et paroles de sportifs.<\/li>\n<\/ul>\n\n\n\n<hr class=\"wp-block-separator has-alpha-channel-opacity\"\/>\n\n\n\n<h4 class=\"wp-block-heading\">Vendredi 1er ao\u00fbt \u00e0 20 heures : <\/h4>\n\n\n\n<p>Happy Devils [Concert] &#8211; \u00c0 la crois\u00e9e du blues, de la folk et des musiques improvis\u00e9es, Happy Devils propose un univers musical personnel, original et vivant. Laissez-vous embarquer pour un voyage \u00e9bouriffant sur les routes du Blues&#8230; et plus si affinit\u00e9s.<\/p>\n\n\n\n<hr class=\"wp-block-separator has-alpha-channel-opacity\"\/>\n\n\n\n<h4 class=\"wp-block-heading\">Dimanche 3 ao\u00fbt \u00e0 11 heures :<\/h4>\n\n\n\n<p> L\u2019Enfant Nine [Spectacle jeune public, 3 \u00e0 10 ans] &#8211; Tic tac, tic tac\u2026 Quelque part entre l\u2019innovation musicale et les contes magiques de notre enfance, ce spectacle fantastique vient chatouiller notre imaginaire et d\u00e9fier notre aptitude \u00e0 r\u00eaver\u2026 Pour tous les publics, petits et grands, enchantement garanti.<\/p>\n\n\n\n<hr class=\"wp-block-separator has-alpha-channel-opacity\"\/>\n\n\n\n<h4 class=\"wp-block-heading\">Vendredi 8 ao\u00fbt \u00e0 20 heures : <\/h4>\n\n\n\n<p>Ipazia [Concert] &#8211; Ipazia est un trio \u00e0 l\u2019instrumentation atypique qui d\u00e9peint un univers sensible et a\u00e9rien au fil d\u2019un jazz contemporain et contemplatif. La voix, le saxophone et la clarinette tressent une musique \u00e9th\u00e9r\u00e9e, hors sol, avec un son de groupe singulier et une palette sonore \u00e9tay\u00e9e. D\u2019inspiration spatiale, la musique est empreinte de la figure d\u2019Ipazia, figure f\u00e9minine de la Gr\u00e8ce antique.<\/p>\n\n\n\n<hr class=\"wp-block-separator has-alpha-channel-opacity\"\/>\n\n\n\n<h4 class=\"wp-block-heading\">Dimanche 10 ao\u00fbt \u00e0 11 heures : <\/h4>\n\n\n\n<p>Les Oiseaux du Fond de l\u2019Eau [Spectacle jeune public, 5 \u00e0 10 ans] &#8211; Embarquez aux c\u00f4t\u00e9s des cent milles oiseaux pr\u00e8s \u00e0 rencontrer leur roi, le Simorg. Ce conte musical d\u00e9peint un univers sensible et po\u00e9tique dans lequel aventures et sagesses sont port\u00e9es par la voix cont\u00e9e, chant\u00e9e, la clarinette basse et des chants d&rsquo;oiseaux. Librement inspir\u00e9 de \u00ab\u00a0La Conf\u00e9rence des Oiseaux\u00a0\u00bb, conte perse traditionnel.<\/p>\n\n\n\n<hr class=\"wp-block-separator has-alpha-channel-opacity\"\/>\n\n\n\n<h4 class=\"wp-block-heading\">Samedi 16 ao\u00fbt \u00e0 20 heures : <\/h4>\n\n\n\n<p>Rebel Rebel [Spectacle musical \u00e0 partir de 12 ans] &#8211; Sept com\u00e9dien.ne.s, musicien.ne.s et danseur se r\u00e9approprient en fran\u00e7ais les chansons les plus mythiques de David Bowie. Ensemble, ils donnent vie \u00e0 un spectacle musical \u00e9pique, c\u00e9leste et po\u00e9tique : La T\u00eate dans la Lune. C&rsquo;est l&rsquo;histoire d&rsquo;un extraterrestre qui est venu sur Terre, c&rsquo;est l&rsquo;histoire d&rsquo;une qu\u00eate d&rsquo;identit\u00e9 permanente, c&rsquo;est l&rsquo;histoire d&rsquo;une folie, c&rsquo;est l&rsquo;histoire d&rsquo;une soci\u00e9t\u00e9 d\u00e9cadente, c&rsquo;est l&rsquo;histoire de fins de mondes et de renaissances, c&rsquo;est l&rsquo;histoire des enfants promesse d&rsquo;un avenir meilleur, c&rsquo;est l&rsquo;histoire d&rsquo;un homme qui a des yeux d&rsquo;enfant, un regard diff\u00e9rent, c&rsquo;est l&rsquo;histoire d&rsquo;une \u00e9toile.\u200b<\/p>\n\n\n\n<hr class=\"wp-block-separator has-alpha-channel-opacity\"\/>\n\n\n\n<p>Le Jardin de Georges proposera \u00e9galement des cours de yoga pour les enfants de 4 \u00e0 14 ans, men\u00e9s par la professeure dipl\u00f4m\u00e9e, Camille Coello.<\/p>\n\n\n\n<p>Le 27 juillet, un atelier d\u2019\u00e9criture sera propos\u00e9 pour tout\u2022e\u2022s les int\u00e9resse\u2022\u00e9\u2022s entre 12 et 99 ans, men\u00e9 par l\u2019\u00e9crivaine Freddie Garla.<\/p>\n\n\n\n<figure class=\"wp-block-image size-large\"><img fetchpriority=\"high\" decoding=\"async\" width=\"1024\" height=\"768\" src=\"https:\/\/mairie-splc.fr\/wp-content\/uploads\/2025\/02\/jardin-de-Georgewq-1024x768.jpeg\" alt=\"\" class=\"wp-image-1239\" srcset=\"https:\/\/mairie-splc.fr\/wp-content\/uploads\/2025\/02\/jardin-de-Georgewq-1024x768.jpeg 1024w, https:\/\/mairie-splc.fr\/wp-content\/uploads\/2025\/02\/jardin-de-Georgewq-300x225.jpeg 300w, https:\/\/mairie-splc.fr\/wp-content\/uploads\/2025\/02\/jardin-de-Georgewq-768x576.jpeg 768w, https:\/\/mairie-splc.fr\/wp-content\/uploads\/2025\/02\/jardin-de-Georgewq.jpeg 1440w\" sizes=\"(max-width: 1024px) 100vw, 1024px\" \/><\/figure>\n","protected":false},"excerpt":{"rendered":"<p>Association \u00ab\u00a0Le vert plein\u00a0\u00bb Concerts et spectacles : &#8211; Tous les concerts sont pr\u00e9vus dans le jardin de Georges, \u00e0 20h dans le centre du bourg. Le jardin de Georges, rue des chaux, sera ouvert de 18h \u00e0 22h, avec possibilit\u00e9 de restauration sur place.En cas de pluie la manifestation est report\u00e9e dans la salle [&hellip;]<\/p>\n","protected":false},"author":1,"featured_media":0,"parent":0,"menu_order":0,"comment_status":"closed","ping_status":"closed","template":"","meta":{"site-sidebar-layout":"default","site-content-layout":"","ast-site-content-layout":"default","site-content-style":"default","site-sidebar-style":"default","ast-global-header-display":"","ast-banner-title-visibility":"","ast-main-header-display":"","ast-hfb-above-header-display":"","ast-hfb-below-header-display":"","ast-hfb-mobile-header-display":"","site-post-title":"","ast-breadcrumbs-content":"","ast-featured-img":"","footer-sml-layout":"","ast-disable-related-posts":"","theme-transparent-header-meta":"","adv-header-id-meta":"","stick-header-meta":"","header-above-stick-meta":"","header-main-stick-meta":"","header-below-stick-meta":"","astra-migrate-meta-layouts":"default","ast-page-background-enabled":"default","ast-page-background-meta":{"desktop":{"background-color":"","background-image":"","background-repeat":"repeat","background-position":"center center","background-size":"auto","background-attachment":"scroll","background-type":"","background-media":"","overlay-type":"","overlay-color":"","overlay-opacity":"","overlay-gradient":""},"tablet":{"background-color":"","background-image":"","background-repeat":"repeat","background-position":"center center","background-size":"auto","background-attachment":"scroll","background-type":"","background-media":"","overlay-type":"","overlay-color":"","overlay-opacity":"","overlay-gradient":""},"mobile":{"background-color":"","background-image":"","background-repeat":"repeat","background-position":"center center","background-size":"auto","background-attachment":"scroll","background-type":"","background-media":"","overlay-type":"","overlay-color":"","overlay-opacity":"","overlay-gradient":""}},"ast-content-background-meta":{"desktop":{"background-color":"var(--ast-global-color-5)","background-image":"","background-repeat":"repeat","background-position":"center center","background-size":"auto","background-attachment":"scroll","background-type":"","background-media":"","overlay-type":"","overlay-color":"","overlay-opacity":"","overlay-gradient":""},"tablet":{"background-color":"var(--ast-global-color-5)","background-image":"","background-repeat":"repeat","background-position":"center center","background-size":"auto","background-attachment":"scroll","background-type":"","background-media":"","overlay-type":"","overlay-color":"","overlay-opacity":"","overlay-gradient":""},"mobile":{"background-color":"var(--ast-global-color-5)","background-image":"","background-repeat":"repeat","background-position":"center center","background-size":"auto","background-attachment":"scroll","background-type":"","background-media":"","overlay-type":"","overlay-color":"","overlay-opacity":"","overlay-gradient":""}},"footnotes":""},"class_list":["post-1238","page","type-page","status-publish","hentry"],"jetpack_sharing_enabled":true,"_links":{"self":[{"href":"https:\/\/mairie-splc.fr\/index.php\/wp-json\/wp\/v2\/pages\/1238","targetHints":{"allow":["GET"]}}],"collection":[{"href":"https:\/\/mairie-splc.fr\/index.php\/wp-json\/wp\/v2\/pages"}],"about":[{"href":"https:\/\/mairie-splc.fr\/index.php\/wp-json\/wp\/v2\/types\/page"}],"author":[{"embeddable":true,"href":"https:\/\/mairie-splc.fr\/index.php\/wp-json\/wp\/v2\/users\/1"}],"replies":[{"embeddable":true,"href":"https:\/\/mairie-splc.fr\/index.php\/wp-json\/wp\/v2\/comments?post=1238"}],"version-history":[{"count":2,"href":"https:\/\/mairie-splc.fr\/index.php\/wp-json\/wp\/v2\/pages\/1238\/revisions"}],"predecessor-version":[{"id":1247,"href":"https:\/\/mairie-splc.fr\/index.php\/wp-json\/wp\/v2\/pages\/1238\/revisions\/1247"}],"wp:attachment":[{"href":"https:\/\/mairie-splc.fr\/index.php\/wp-json\/wp\/v2\/media?parent=1238"}],"curies":[{"name":"wp","href":"https:\/\/api.w.org\/{rel}","templated":true}]}}