{"id":1280,"date":"2025-09-14T14:49:56","date_gmt":"2025-09-14T12:49:56","guid":{"rendered":"https:\/\/mairie-splc.fr\/?page_id=1280"},"modified":"2026-04-03T09:52:03","modified_gmt":"2026-04-03T07:52:03","slug":"construction-de-la-halle","status":"publish","type":"page","link":"https:\/\/mairie-splc.fr\/index.php\/construction-de-la-halle\/","title":{"rendered":"Construction de  la halle"},"content":{"rendered":"\n<p><a href=\"https:\/\/mairie-splc.fr\/wp-content\/uploads\/2025\/09\/decisPC25001sign.pdf\" target=\"_blank\" rel=\"noreferrer noopener\">Permis de construire<\/a><\/p>\n\n\n\n<p>D\u00e9but des travaux de charpente vendredi 27 mars :<\/p>\n\n\n\n<div class=\"wp-block-jetpack-tiled-gallery aligncenter is-style-rectangular\"><div class=\"\"><div class=\"tiled-gallery__gallery\"><div class=\"tiled-gallery__row\"><div class=\"tiled-gallery__col\" style=\"flex-basis:33.33333%\"><figure class=\"tiled-gallery__item\"><img decoding=\"async\" srcset=\"https:\/\/i0.wp.com\/mairie-splc.fr\/wp-content\/uploads\/2026\/03\/IMG_9795-1-768x1024.jpg?strip=info&#038;w=600&#038;ssl=1 600w,https:\/\/i0.wp.com\/mairie-splc.fr\/wp-content\/uploads\/2026\/03\/IMG_9795-1-768x1024.jpg?strip=info&#038;w=900&#038;ssl=1 900w,https:\/\/i0.wp.com\/mairie-splc.fr\/wp-content\/uploads\/2026\/03\/IMG_9795-1-768x1024.jpg?strip=info&#038;w=1200&#038;ssl=1 1200w,https:\/\/i0.wp.com\/mairie-splc.fr\/wp-content\/uploads\/2026\/03\/IMG_9795-1-768x1024.jpg?strip=info&#038;w=1500&#038;ssl=1 1500w,https:\/\/i0.wp.com\/mairie-splc.fr\/wp-content\/uploads\/2026\/03\/IMG_9795-1-768x1024.jpg?strip=info&#038;w=1800&#038;ssl=1 1800w,https:\/\/i0.wp.com\/mairie-splc.fr\/wp-content\/uploads\/2026\/03\/IMG_9795-1-768x1024.jpg?strip=info&#038;w=1920&#038;ssl=1 1920w\" alt=\"Vendredi 27 mars construction des 2 premi\u00e8res fermes.\n\" data-height=\"2560\" data-id=\"1376\" data-link=\"https:\/\/mairie-splc.fr\/index.php\/construction-de-la-halle\/img_9795-2\/\" data-url=\"https:\/\/mairie-splc.fr\/wp-content\/uploads\/2026\/03\/IMG_9795-1-768x1024.jpg\" data-width=\"1920\" src=\"https:\/\/i0.wp.com\/mairie-splc.fr\/wp-content\/uploads\/2026\/03\/IMG_9795-1-768x1024.jpg?ssl=1\" data-amp-layout=\"responsive\"\/><\/figure><\/div><div class=\"tiled-gallery__col\" style=\"flex-basis:33.33333%\"><figure class=\"tiled-gallery__item\"><img decoding=\"async\" srcset=\"https:\/\/i0.wp.com\/mairie-splc.fr\/wp-content\/uploads\/2026\/03\/IMG_9798-2-768x1024.jpg?strip=info&#038;w=600&#038;ssl=1 600w,https:\/\/i0.wp.com\/mairie-splc.fr\/wp-content\/uploads\/2026\/03\/IMG_9798-2-768x1024.jpg?strip=info&#038;w=900&#038;ssl=1 900w,https:\/\/i0.wp.com\/mairie-splc.fr\/wp-content\/uploads\/2026\/03\/IMG_9798-2-768x1024.jpg?strip=info&#038;w=1200&#038;ssl=1 1200w,https:\/\/i0.wp.com\/mairie-splc.fr\/wp-content\/uploads\/2026\/03\/IMG_9798-2-768x1024.jpg?strip=info&#038;w=1500&#038;ssl=1 1500w,https:\/\/i0.wp.com\/mairie-splc.fr\/wp-content\/uploads\/2026\/03\/IMG_9798-2-768x1024.jpg?strip=info&#038;w=1800&#038;ssl=1 1800w,https:\/\/i0.wp.com\/mairie-splc.fr\/wp-content\/uploads\/2026\/03\/IMG_9798-2-768x1024.jpg?strip=info&#038;w=1920&#038;ssl=1 1920w\" alt=\"\" data-height=\"2560\" data-id=\"1379\" data-link=\"https:\/\/mairie-splc.fr\/index.php\/construction-de-la-halle\/img_9798-3\/\" data-url=\"https:\/\/mairie-splc.fr\/wp-content\/uploads\/2026\/03\/IMG_9798-2-768x1024.jpg\" data-width=\"1920\" src=\"https:\/\/i0.wp.com\/mairie-splc.fr\/wp-content\/uploads\/2026\/03\/IMG_9798-2-768x1024.jpg?ssl=1\" data-amp-layout=\"responsive\"\/><\/figure><\/div><div class=\"tiled-gallery__col\" style=\"flex-basis:33.33333%\"><figure class=\"tiled-gallery__item\"><img decoding=\"async\" srcset=\"https:\/\/i0.wp.com\/mairie-splc.fr\/wp-content\/uploads\/2026\/03\/IMG_9799-2-768x1024.jpg?strip=info&#038;w=600&#038;ssl=1 600w,https:\/\/i0.wp.com\/mairie-splc.fr\/wp-content\/uploads\/2026\/03\/IMG_9799-2-768x1024.jpg?strip=info&#038;w=900&#038;ssl=1 900w,https:\/\/i0.wp.com\/mairie-splc.fr\/wp-content\/uploads\/2026\/03\/IMG_9799-2-768x1024.jpg?strip=info&#038;w=1200&#038;ssl=1 1200w,https:\/\/i0.wp.com\/mairie-splc.fr\/wp-content\/uploads\/2026\/03\/IMG_9799-2-768x1024.jpg?strip=info&#038;w=1500&#038;ssl=1 1500w,https:\/\/i0.wp.com\/mairie-splc.fr\/wp-content\/uploads\/2026\/03\/IMG_9799-2-768x1024.jpg?strip=info&#038;w=1800&#038;ssl=1 1800w,https:\/\/i0.wp.com\/mairie-splc.fr\/wp-content\/uploads\/2026\/03\/IMG_9799-2-768x1024.jpg?strip=info&#038;w=1920&#038;ssl=1 1920w\" alt=\"\" data-height=\"2560\" data-id=\"1380\" data-link=\"https:\/\/mairie-splc.fr\/index.php\/construction-de-la-halle\/img_9799-3\/\" data-url=\"https:\/\/mairie-splc.fr\/wp-content\/uploads\/2026\/03\/IMG_9799-2-768x1024.jpg\" data-width=\"1920\" src=\"https:\/\/i0.wp.com\/mairie-splc.fr\/wp-content\/uploads\/2026\/03\/IMG_9799-2-768x1024.jpg?ssl=1\" data-amp-layout=\"responsive\"\/><\/figure><\/div><\/div><\/div><\/div><\/div>\n\n\n\n<p>Tous les bois de charpente sont en Douglas et ont \u00e9t\u00e9 coup\u00e9s au mois d&rsquo;octobre 2025 dans notre for\u00eat communale, ils ont \u00e9t\u00e9 d\u00e9bit\u00e9s puis s\u00e9ch\u00e9s, rabot\u00e9s, taill\u00e9s et install\u00e9s par la scierie Gatignol.<\/p>\n\n\n\n<figure class=\"wp-block-gallery alignfull has-nested-images columns-default is-cropped wp-block-gallery-1 is-layout-flex wp-block-gallery-is-layout-flex\">\n<figure class=\"wp-block-image size-large\"><img fetchpriority=\"high\" decoding=\"async\" width=\"768\" height=\"1024\" data-id=\"1395\" src=\"https:\/\/mairie-splc.fr\/wp-content\/uploads\/2026\/04\/IMG_9818-768x1024.jpg\" alt=\"\" class=\"wp-image-1395\" srcset=\"https:\/\/mairie-splc.fr\/wp-content\/uploads\/2026\/04\/IMG_9818-768x1024.jpg 768w, https:\/\/mairie-splc.fr\/wp-content\/uploads\/2026\/04\/IMG_9818-225x300.jpg 225w, https:\/\/mairie-splc.fr\/wp-content\/uploads\/2026\/04\/IMG_9818-1152x1536.jpg 1152w, https:\/\/mairie-splc.fr\/wp-content\/uploads\/2026\/04\/IMG_9818-1536x2048.jpg 1536w, https:\/\/mairie-splc.fr\/wp-content\/uploads\/2026\/04\/IMG_9818-scaled.jpg 1920w\" sizes=\"(max-width: 768px) 100vw, 768px\" \/><\/figure>\n\n\n\n<figure class=\"wp-block-image size-large\"><img decoding=\"async\" width=\"768\" height=\"1024\" data-id=\"1394\" src=\"https:\/\/mairie-splc.fr\/wp-content\/uploads\/2026\/04\/IMG_9820-768x1024.jpg\" alt=\"\" class=\"wp-image-1394\" srcset=\"https:\/\/mairie-splc.fr\/wp-content\/uploads\/2026\/04\/IMG_9820-768x1024.jpg 768w, https:\/\/mairie-splc.fr\/wp-content\/uploads\/2026\/04\/IMG_9820-225x300.jpg 225w, https:\/\/mairie-splc.fr\/wp-content\/uploads\/2026\/04\/IMG_9820-1152x1536.jpg 1152w, https:\/\/mairie-splc.fr\/wp-content\/uploads\/2026\/04\/IMG_9820-1536x2048.jpg 1536w, https:\/\/mairie-splc.fr\/wp-content\/uploads\/2026\/04\/IMG_9820-scaled.jpg 1920w\" sizes=\"(max-width: 768px) 100vw, 768px\" \/><\/figure>\n\n\n\n<figure class=\"wp-block-image size-large\"><img decoding=\"async\" width=\"768\" height=\"1024\" data-id=\"1396\" src=\"https:\/\/mairie-splc.fr\/wp-content\/uploads\/2026\/04\/IMG_9821-1-768x1024.jpg\" alt=\"\" class=\"wp-image-1396\" srcset=\"https:\/\/mairie-splc.fr\/wp-content\/uploads\/2026\/04\/IMG_9821-1-768x1024.jpg 768w, https:\/\/mairie-splc.fr\/wp-content\/uploads\/2026\/04\/IMG_9821-1-225x300.jpg 225w, https:\/\/mairie-splc.fr\/wp-content\/uploads\/2026\/04\/IMG_9821-1-1152x1536.jpg 1152w, https:\/\/mairie-splc.fr\/wp-content\/uploads\/2026\/04\/IMG_9821-1-1536x2048.jpg 1536w, https:\/\/mairie-splc.fr\/wp-content\/uploads\/2026\/04\/IMG_9821-1-scaled.jpg 1920w\" sizes=\"(max-width: 768px) 100vw, 768px\" \/><\/figure>\n<\/figure>\n\n\n\n<p>Les documents concernant l&rsquo;accord du permis de construire peuvent apparaitre en cliquant sur les deux images ci-dessous :<\/p>\n\n\n\n<figure class=\"wp-block-image aligncenter size-large\"><a href=\"https:\/\/mairie-splc.fr\/wp-content\/uploads\/2025\/09\/decisPC25001sign.pdf\" target=\"_blank\" rel=\"noreferrer noopener\"><img loading=\"lazy\" decoding=\"async\" width=\"734\" height=\"1024\" src=\"https:\/\/mairie-splc.fr\/wp-content\/uploads\/2025\/09\/Px-permis-734x1024.jpg\" alt=\"\" class=\"wp-image-1283\" srcset=\"https:\/\/mairie-splc.fr\/wp-content\/uploads\/2025\/09\/Px-permis-734x1024.jpg 734w, https:\/\/mairie-splc.fr\/wp-content\/uploads\/2025\/09\/Px-permis-215x300.jpg 215w, https:\/\/mairie-splc.fr\/wp-content\/uploads\/2025\/09\/Px-permis-768x1072.jpg 768w, https:\/\/mairie-splc.fr\/wp-content\/uploads\/2025\/09\/Px-permis-1100x1536.jpg 1100w, https:\/\/mairie-splc.fr\/wp-content\/uploads\/2025\/09\/Px-permis-1467x2048.jpg 1467w, https:\/\/mairie-splc.fr\/wp-content\/uploads\/2025\/09\/Px-permis-scaled.jpg 1834w\" sizes=\"(max-width: 734px) 100vw, 734px\" \/><\/a><\/figure>\n\n\n\n<p>T\u00e9l\u00e9chargement du dossier du permis de construire  en cliquant sur l&rsquo;image :<\/p>\n\n\n\n<figure class=\"wp-block-image\"><img loading=\"lazy\" decoding=\"async\" width=\"1024\" height=\"724\" src=\"https:\/\/mairie-splc.fr\/wp-content\/uploads\/2025\/09\/VBA-Halle-Rendu-DPC-1-pdf-1024x724.jpg\" alt=\"\" class=\"wp-image-1282\"\/><\/figure>\n","protected":false},"excerpt":{"rendered":"<p>Permis de construire D\u00e9but des travaux de charpente vendredi 27 mars : Tous les bois de charpente sont en Douglas et ont \u00e9t\u00e9 coup\u00e9s au mois d&rsquo;octobre 2025 dans notre for\u00eat communale, ils ont \u00e9t\u00e9 d\u00e9bit\u00e9s puis s\u00e9ch\u00e9s, rabot\u00e9s, taill\u00e9s et install\u00e9s par la scierie Gatignol. Les documents concernant l&rsquo;accord du permis de construire peuvent [&hellip;]<\/p>\n","protected":false},"author":1,"featured_media":0,"parent":0,"menu_order":0,"comment_status":"closed","ping_status":"closed","template":"","meta":{"site-sidebar-layout":"default","site-content-layout":"","ast-site-content-layout":"default","site-content-style":"default","site-sidebar-style":"default","ast-global-header-display":"","ast-banner-title-visibility":"","ast-main-header-display":"","ast-hfb-above-header-display":"","ast-hfb-below-header-display":"","ast-hfb-mobile-header-display":"","site-post-title":"","ast-breadcrumbs-content":"","ast-featured-img":"","footer-sml-layout":"","ast-disable-related-posts":"","theme-transparent-header-meta":"","adv-header-id-meta":"","stick-header-meta":"","header-above-stick-meta":"","header-main-stick-meta":"","header-below-stick-meta":"","astra-migrate-meta-layouts":"set","ast-page-background-enabled":"default","ast-page-background-meta":{"desktop":{"background-color":"","background-image":"","background-repeat":"repeat","background-position":"center center","background-size":"auto","background-attachment":"scroll","background-type":"","background-media":"","overlay-type":"","overlay-color":"","overlay-opacity":"","overlay-gradient":""},"tablet":{"background-color":"","background-image":"","background-repeat":"repeat","background-position":"center center","background-size":"auto","background-attachment":"scroll","background-type":"","background-media":"","overlay-type":"","overlay-color":"","overlay-opacity":"","overlay-gradient":""},"mobile":{"background-color":"","background-image":"","background-repeat":"repeat","background-position":"center center","background-size":"auto","background-attachment":"scroll","background-type":"","background-media":"","overlay-type":"","overlay-color":"","overlay-opacity":"","overlay-gradient":""}},"ast-content-background-meta":{"desktop":{"background-color":"var(--ast-global-color-5)","background-image":"","background-repeat":"repeat","background-position":"center center","background-size":"auto","background-attachment":"scroll","background-type":"","background-media":"","overlay-type":"","overlay-color":"","overlay-opacity":"","overlay-gradient":""},"tablet":{"background-color":"var(--ast-global-color-5)","background-image":"","background-repeat":"repeat","background-position":"center center","background-size":"auto","background-attachment":"scroll","background-type":"","background-media":"","overlay-type":"","overlay-color":"","overlay-opacity":"","overlay-gradient":""},"mobile":{"background-color":"var(--ast-global-color-5)","background-image":"","background-repeat":"repeat","background-position":"center center","background-size":"auto","background-attachment":"scroll","background-type":"","background-media":"","overlay-type":"","overlay-color":"","overlay-opacity":"","overlay-gradient":""}},"footnotes":""},"class_list":["post-1280","page","type-page","status-publish","hentry"],"jetpack_sharing_enabled":true,"_links":{"self":[{"href":"https:\/\/mairie-splc.fr\/index.php\/wp-json\/wp\/v2\/pages\/1280","targetHints":{"allow":["GET"]}}],"collection":[{"href":"https:\/\/mairie-splc.fr\/index.php\/wp-json\/wp\/v2\/pages"}],"about":[{"href":"https:\/\/mairie-splc.fr\/index.php\/wp-json\/wp\/v2\/types\/page"}],"author":[{"embeddable":true,"href":"https:\/\/mairie-splc.fr\/index.php\/wp-json\/wp\/v2\/users\/1"}],"replies":[{"embeddable":true,"href":"https:\/\/mairie-splc.fr\/index.php\/wp-json\/wp\/v2\/comments?post=1280"}],"version-history":[{"count":14,"href":"https:\/\/mairie-splc.fr\/index.php\/wp-json\/wp\/v2\/pages\/1280\/revisions"}],"predecessor-version":[{"id":1398,"href":"https:\/\/mairie-splc.fr\/index.php\/wp-json\/wp\/v2\/pages\/1280\/revisions\/1398"}],"wp:attachment":[{"href":"https:\/\/mairie-splc.fr\/index.php\/wp-json\/wp\/v2\/media?parent=1280"}],"curies":[{"name":"wp","href":"https:\/\/api.w.org\/{rel}","templated":true}]}}