{"id":134,"date":"2020-10-28T18:34:28","date_gmt":"2020-10-28T17:34:28","guid":{"rendered":"http:\/\/mairie-splc.fr\/?page_id=134"},"modified":"2023-11-04T20:22:25","modified_gmt":"2023-11-04T19:22:25","slug":"memoires-de-villages","status":"publish","type":"page","link":"https:\/\/mairie-splc.fr\/index.php\/expositions\/memoires-de-villages\/","title":{"rendered":"M\u00e9moires de villages"},"content":{"rendered":"\n<p>L&rsquo;exposition \u00ab M\u00e9moire de Villages \u00bb : <br><a href=\"https:\/\/youtu.be\/pRkrhyk9rBs\">Fran\u00e7ois Miginiac et Georges Dumas commentent l&rsquo;exposition <\/a><\/p>\n\n\n\n<p>Le travail pr\u00e9sent\u00e9 r\u00e9sulte d&rsquo;une collecte de r\u00e9cits et de documents venant essentiellement des habitants. La m\u00e9moire est subjective, elle oublie les moments d\u00e9sagr\u00e9ables et embellie les \u00e9ventements int\u00e9ressants, elle n&rsquo;a pas l\u2019exigence scientifique de l&rsquo;histoire, mais elle porte en elle toute la po\u00e9sie et l&rsquo;humanit\u00e9 des habitants qui ont accept\u00e9 de la partager. Nous revendiquons et assumons cette r\u00e9alit\u00e9 avec ses limites mais aussi toute l&rsquo;humanit\u00e9 qu&rsquo;elle porte en elle. <\/p>\n\n\n\n<p>L&rsquo;exposition a \u00e9t\u00e9 d\u00e9clin\u00e9e selon six th\u00e9matiques : <\/p>\n\n\n\n<p><strong>Le patrimoine b\u00e2ti.<\/strong> Les maisons paysannes, les granges et les petits b\u00e2timents sont en granite. Toute la physionomie du territoire communal re\u00e7oit l\u2019empreinte de ce mat\u00e9riau : modestes murets de pierres en limite de parcelle, ponts de franchisse\u00adment des cours d\u2019eau, b\u00e2timents ruraux de toutes sortes (\u00e9glise, s\u00e9choirs, fournils, puits\u2026). <br>Aujourd\u2019hui, le paysage est largement structur\u00e9 par la for\u00eat (sup\u00e9rieure \u00e0 60%), r\u00e9sul\u00adtat d\u2019une mutation agricole qui s\u2019est fix\u00e9e sur les terres les plus favorables d\u00e9laissant les autres aux taillis et \u00e0 la v\u00e9g\u00e9tation d\u00e9sordonn\u00e9e. <\/p>\n\n\n\n<p><strong>Le barrage de la Valette<\/strong>.Construit de 1945 \u00e0 1951, avec de nombreux ouvriers de toutes nationalit\u00e9s, certains \u00e9tant prisonniers de guerre, a noy\u00e9 deux moulins et plusieurs fermes. Trois ouvriers sont morts \u00e0 la suite de la rupture d&rsquo;un coffrage, un prisonnier allemand et deux habitants de St Pardoux. <\/p>\n\n\n\n<p><strong>L&rsquo;h\u00f4tel Beau site<\/strong>. D&rsquo;une pension de famille de 5 chambres en 1927, cet h\u00f4tel s&rsquo;est d\u00e9velopp\u00e9 avec un tourisme populaire \u00e0 la suite de l&rsquo;instauration des Cong\u00e9s Pay\u00e9s en 1936, pour devenir par la suite un h\u00f4tel r\u00e9put\u00e9 malheureusement ferm\u00e9 depuis 2012. <\/p>\n\n\n\n<p><strong>La R\u00e9sistance<\/strong>. La Commune avec 6 st\u00e8les, a \u00e9t\u00e9 un des hauts lieux de la r\u00e9sistance et des maquis. Nous pr\u00e9sentons des photos et quelques objets de cette p\u00e9riode notamment un parachute ayant servi \u00e0 larguer du mat\u00e9riel aux maquisards. <\/p>\n\n\n\n<p><strong>L&rsquo;\u00e9cole. <\/strong>Des photos de groupe des \u00e9l\u00e8ves (dont la premi\u00e8re date de 1925), permettent d&rsquo;identifier des t\u00eates connues parmi les habitants et de consulter quelques journaux de classe Freinet. Le tacot. <\/p>\n\n\n\n<p><strong>Le transcorr\u00e9zien<\/strong> inaugur\u00e9 en 1910 a permis un d\u00e9veloppement \u00e9conomique de la commune et a fonctionn\u00e9 jusqu&rsquo;en d\u00e9cembre 1959. <\/p>\n\n\n\n<p>Pr\u00e8s de 150 photos t\u00e9moignent des \u00e9volutions qui ont vu les soixante exploitations agricoles de 1945 se r\u00e9duire \u00e0 cinq aujourd&rsquo;hui. Ce travail de collecte a \u00e9t\u00e9 r\u00e9alis\u00e9 par Aude Da Costa, une jeune femme en contrat de Service Civique pour la commune de Saint Pardoux la Croisille depuis janvier 2016.<br>La municipalit\u00e9 remercie tous ceux qui ont cherch\u00e9 dans leurs souvenirs et ont permis la r\u00e9alisa\u00adtion de cette exposition en se confiant \u00e0 Aude Da Costa , en procurant des documents et en pr\u00ea\u00adtant leurs pr\u00e9cieuses photos. <br>\u00ab M\u00e9moire de villages \u00bb du 10 juillet au 18 ao\u00fbt 2016<\/p>\n\n\n\n<figure class=\"wp-block-image size-large\"><a href=\"https:\/\/mairie-splc.fr\/index.php\/expositions\/memoires-de-villages\/saint-pardoux-la-croisille-le-patrimoine-batit\/\" target=\"_blank\" rel=\"noopener noreferrer\"><img decoding=\"async\" src=\"https:\/\/mairie-splc.fr\/expo\/photosexpo\/IMG_1598.jpg\" alt=\"\"\/><\/a><figcaption class=\"wp-element-caption\"><a href=\"https:\/\/mairie-splc.fr\/index.php\/expositions\/memoires-de-villages\/saint-pardoux-la-croisille-le-patrimoine-batit\/\">Photos concernant le patrimoine b\u00e2ti<\/a><\/figcaption><\/figure>\n\n\n\n<figure class=\"wp-block-image size-large\"><a href=\"https:\/\/mairie-splc.fr\/index.php\/expositions\/memoires-de-villages\/photos-decole\/\"><img fetchpriority=\"high\" decoding=\"async\" width=\"1024\" height=\"768\" src=\"https:\/\/mairie-splc.fr\/wp-content\/uploads\/2020\/10\/IMG_1593-1024x768.jpg\" alt=\"\" class=\"wp-image-173\" srcset=\"https:\/\/mairie-splc.fr\/wp-content\/uploads\/2020\/10\/IMG_1593-1024x768.jpg 1024w, https:\/\/mairie-splc.fr\/wp-content\/uploads\/2020\/10\/IMG_1593-300x225.jpg 300w, https:\/\/mairie-splc.fr\/wp-content\/uploads\/2020\/10\/IMG_1593-768x576.jpg 768w, https:\/\/mairie-splc.fr\/wp-content\/uploads\/2020\/10\/IMG_1593-1536x1152.jpg 1536w, https:\/\/mairie-splc.fr\/wp-content\/uploads\/2020\/10\/IMG_1593-2048x1536.jpg 2048w\" sizes=\"(max-width: 1024px) 100vw, 1024px\" \/><\/a><figcaption class=\"wp-element-caption\"><a href=\"https:\/\/mairie-splc.fr\/index.php\/expositions\/memoires-de-villages\/photos-decole\/\">Photos de l&rsquo;\u00e9cole \u00e0 travers les ages<\/a><\/figcaption><\/figure>\n\n\n\n<figure class=\"wp-block-image size-large\"><a href=\"https:\/\/mairie-splc.fr\/index.php\/expositions\/memoires-de-villages\/construction-du-barrage-de-la-valette\/\"><img decoding=\"async\" width=\"1024\" height=\"768\" src=\"https:\/\/mairie-splc.fr\/wp-content\/uploads\/2020\/10\/IMG_1595-1024x768.jpg\" alt=\"\" class=\"wp-image-176\" srcset=\"https:\/\/mairie-splc.fr\/wp-content\/uploads\/2020\/10\/IMG_1595-1024x768.jpg 1024w, https:\/\/mairie-splc.fr\/wp-content\/uploads\/2020\/10\/IMG_1595-300x225.jpg 300w, https:\/\/mairie-splc.fr\/wp-content\/uploads\/2020\/10\/IMG_1595-768x576.jpg 768w, https:\/\/mairie-splc.fr\/wp-content\/uploads\/2020\/10\/IMG_1595-1536x1152.jpg 1536w, https:\/\/mairie-splc.fr\/wp-content\/uploads\/2020\/10\/IMG_1595-2048x1536.jpg 2048w\" sizes=\"(max-width: 1024px) 100vw, 1024px\" \/><\/a><figcaption class=\"wp-element-caption\"><a href=\"https:\/\/mairie-splc.fr\/index.php\/expositions\/memoires-de-villages\/construction-du-barrage-de-la-valette\/\">Photos de la construction du barrage de La Valette.<\/a><\/figcaption><\/figure>\n\n\n\n<figure class=\"wp-block-image size-large\"><a href=\"https:\/\/mairie-splc.fr\/index.php\/expositions\/memoires-de-villages\/le-trans-correzien\/\"><img decoding=\"async\" width=\"1024\" height=\"768\" src=\"https:\/\/mairie-splc.fr\/wp-content\/uploads\/2020\/10\/IMG_1591-1024x768.jpg\" alt=\"\" class=\"wp-image-178\" srcset=\"https:\/\/mairie-splc.fr\/wp-content\/uploads\/2020\/10\/IMG_1591-1024x768.jpg 1024w, https:\/\/mairie-splc.fr\/wp-content\/uploads\/2020\/10\/IMG_1591-300x225.jpg 300w, https:\/\/mairie-splc.fr\/wp-content\/uploads\/2020\/10\/IMG_1591-768x576.jpg 768w, https:\/\/mairie-splc.fr\/wp-content\/uploads\/2020\/10\/IMG_1591-1536x1152.jpg 1536w, https:\/\/mairie-splc.fr\/wp-content\/uploads\/2020\/10\/IMG_1591-2048x1536.jpg 2048w\" sizes=\"(max-width: 1024px) 100vw, 1024px\" \/><\/a><figcaption class=\"wp-element-caption\"><a href=\"https:\/\/mairie-splc.fr\/index.php\/expositions\/memoires-de-villages\/le-trans-correzien\/\">Photos du transcorr\u00e9zien<\/a><\/figcaption><\/figure>\n\n\n\n<figure class=\"wp-block-image size-large\"><a href=\"https:\/\/mairie-splc.fr\/index.php\/lhotel-beau-site\/\"><img loading=\"lazy\" decoding=\"async\" width=\"1024\" height=\"768\" src=\"https:\/\/mairie-splc.fr\/wp-content\/uploads\/2020\/10\/IMG_1603-1024x768.jpg\" alt=\"\" class=\"wp-image-179\" srcset=\"https:\/\/mairie-splc.fr\/wp-content\/uploads\/2020\/10\/IMG_1603-1024x768.jpg 1024w, https:\/\/mairie-splc.fr\/wp-content\/uploads\/2020\/10\/IMG_1603-300x225.jpg 300w, https:\/\/mairie-splc.fr\/wp-content\/uploads\/2020\/10\/IMG_1603-768x576.jpg 768w, https:\/\/mairie-splc.fr\/wp-content\/uploads\/2020\/10\/IMG_1603-1536x1152.jpg 1536w, https:\/\/mairie-splc.fr\/wp-content\/uploads\/2020\/10\/IMG_1603-2048x1536.jpg 2048w\" sizes=\"(max-width: 1024px) 100vw, 1024px\" \/><\/a><figcaption class=\"wp-element-caption\"><a href=\"https:\/\/mairie-splc.fr\/index.php\/lhotel-beau-site\/\">Photos de l\u2019h\u00f4tel Beau Site \u00e0 Saint Pardoux<\/a><\/figcaption><\/figure>\n\n\n\n<figure class=\"wp-block-image size-large\"><a href=\"https:\/\/mairie-splc.fr\/index.php\/expositions\/memoires-de-villages\/la-resistance\/\"><img loading=\"lazy\" decoding=\"async\" width=\"1024\" height=\"768\" src=\"https:\/\/mairie-splc.fr\/wp-content\/uploads\/2020\/10\/IMG_1590-1024x768.jpg\" alt=\"\" class=\"wp-image-180\" srcset=\"https:\/\/mairie-splc.fr\/wp-content\/uploads\/2020\/10\/IMG_1590-1024x768.jpg 1024w, https:\/\/mairie-splc.fr\/wp-content\/uploads\/2020\/10\/IMG_1590-300x225.jpg 300w, https:\/\/mairie-splc.fr\/wp-content\/uploads\/2020\/10\/IMG_1590-768x576.jpg 768w, https:\/\/mairie-splc.fr\/wp-content\/uploads\/2020\/10\/IMG_1590-1536x1152.jpg 1536w, https:\/\/mairie-splc.fr\/wp-content\/uploads\/2020\/10\/IMG_1590-2048x1536.jpg 2048w\" sizes=\"(max-width: 1024px) 100vw, 1024px\" \/><\/a><figcaption class=\"wp-element-caption\"><a href=\"https:\/\/mairie-splc.fr\/index.php\/expositions\/memoires-de-villages\/la-resistance\/\">Photos de la R\u00e9sistance \u00e0 St Pardoux<\/a><\/figcaption><\/figure>\n\n\n\n<p>Merci \u00e0 tous ceux qui ont particip\u00e9 \u00e0 cette exposition en fournissant des t\u00e9moignages, des conseils, des documents&#8230;<br>Andr\u00e9 Armand<br>Christiane Auberty<br>Josiane Barri\u00e8re<br>Claude B\u00e9chu<br>Catherine et Dominique Bidault<br>Lucette et Jean Bouyges<br>Odette Chabanne<br>Danielle et Jean-Pierre Chauffour<br>Georges Dumas<br>Jean-Claude Escure<br>Genevi\u00e8ve Loupias Bugeac<br>Yvette Magne<br>Brigitte et Jacques Meurette<br>Raymonde et Fran\u00e7ois Miginiac<br>Jean-Philippe Miginiac (Del Nogier)<br>Ren\u00e9 Murat<br>Jean et Ren\u00e9e Rioux<br>Paulette Rioux<br>Josette Roubertou<br>Monique et Jean-Pierre Roubertou<br>Andr\u00e9 Salles<br>Thierry Tabailloux<br>Jean-Pierre T\u00e9cl\u00e8s<br>Patrick Tourret, responsable du groupement d&rsquo;usines du Chastang EDF<br>Odette Veysset<br>Archives d\u00e9partementales de la Corr\u00e8ze<br>Association Peuple et Culture<br>Les sites \u00e0 visiter :<br><a href=\"http:\/\/www.archives.cg19.fr\/\">http:\/\/www.archives.cg19.fr\/<\/a><br><a href=\"http:\/\/www.lacorreze.com\/transports\/tramway1.htm\">http:\/\/www.lacorreze.com\/transports\/tramway1.htm<\/a><br><a href=\"http:\/\/www.mairie-splc.fr\/\">http:\/\/www.mairie-splc.fr\/<\/a><br><a href=\"http:\/\/www.saintpardouxlacroisille.net\/\">http:\/\/www.saintpardouxlacroisille.net\/<\/a><br><a href=\"http:\/\/www.unegalerie.fr\/nogier\/nogier.htm\">http:\/\/www.unegalerie.fr\/nogier\/nogier.htm<\/a><br>Les livres :<br>Livre Des mots pour le dire<br>Livre Les Petits Trains de Corr\u00e8ze<br>Livre un si\u00e8cle de patrimoine local, St Pardoux, St Martin, Gumond, Gros Chastang.<br>Merci \u00e0 Aude Da Costa pour son travail de collecte aupr\u00e8s de toutes ces personnes dans le cadre d&rsquo;une mission de service civique pour la commune de Saint Pardoux la Croisille.<\/p>\n","protected":false},"excerpt":{"rendered":"<p>L&rsquo;exposition \u00ab M\u00e9moire de Villages \u00bb : Fran\u00e7ois Miginiac et Georges Dumas commentent l&rsquo;exposition Le travail pr\u00e9sent\u00e9 r\u00e9sulte d&rsquo;une collecte de r\u00e9cits et de documents venant essentiellement des habitants. La m\u00e9moire est subjective, elle oublie les moments d\u00e9sagr\u00e9ables et embellie les \u00e9ventements int\u00e9ressants, elle n&rsquo;a pas l\u2019exigence scientifique de l&rsquo;histoire, mais elle porte en elle [&hellip;]<\/p>\n","protected":false},"author":1,"featured_media":0,"parent":129,"menu_order":2,"comment_status":"closed","ping_status":"closed","template":"","meta":{"site-sidebar-layout":"default","site-content-layout":"default","ast-site-content-layout":"default","site-content-style":"default","site-sidebar-style":"default","ast-global-header-display":"","ast-banner-title-visibility":"","ast-main-header-display":"","ast-hfb-above-header-display":"","ast-hfb-below-header-display":"","ast-hfb-mobile-header-display":"","site-post-title":"","ast-breadcrumbs-content":"","ast-featured-img":"","footer-sml-layout":"","ast-disable-related-posts":"","theme-transparent-header-meta":"default","adv-header-id-meta":"","stick-header-meta":"","header-above-stick-meta":"","header-main-stick-meta":"","header-below-stick-meta":"","astra-migrate-meta-layouts":"default","ast-page-background-enabled":"default","ast-page-background-meta":{"desktop":{"background-color":"","background-image":"","background-repeat":"repeat","background-position":"center center","background-size":"auto","background-attachment":"scroll","background-type":"","background-media":"","overlay-type":"","overlay-color":"","overlay-opacity":"","overlay-gradient":""},"tablet":{"background-color":"","background-image":"","background-repeat":"repeat","background-position":"center center","background-size":"auto","background-attachment":"scroll","background-type":"","background-media":"","overlay-type":"","overlay-color":"","overlay-opacity":"","overlay-gradient":""},"mobile":{"background-color":"","background-image":"","background-repeat":"repeat","background-position":"center center","background-size":"auto","background-attachment":"scroll","background-type":"","background-media":"","overlay-type":"","overlay-color":"","overlay-opacity":"","overlay-gradient":""}},"ast-content-background-meta":{"desktop":{"background-color":"var(--ast-global-color-5)","background-image":"","background-repeat":"repeat","background-position":"center center","background-size":"auto","background-attachment":"scroll","background-type":"","background-media":"","overlay-type":"","overlay-color":"","overlay-opacity":"","overlay-gradient":""},"tablet":{"background-color":"var(--ast-global-color-5)","background-image":"","background-repeat":"repeat","background-position":"center center","background-size":"auto","background-attachment":"scroll","background-type":"","background-media":"","overlay-type":"","overlay-color":"","overlay-opacity":"","overlay-gradient":""},"mobile":{"background-color":"var(--ast-global-color-5)","background-image":"","background-repeat":"repeat","background-position":"center center","background-size":"auto","background-attachment":"scroll","background-type":"","background-media":"","overlay-type":"","overlay-color":"","overlay-opacity":"","overlay-gradient":""}},"footnotes":""},"class_list":["post-134","page","type-page","status-publish","hentry"],"jetpack_sharing_enabled":true,"_links":{"self":[{"href":"https:\/\/mairie-splc.fr\/index.php\/wp-json\/wp\/v2\/pages\/134","targetHints":{"allow":["GET"]}}],"collection":[{"href":"https:\/\/mairie-splc.fr\/index.php\/wp-json\/wp\/v2\/pages"}],"about":[{"href":"https:\/\/mairie-splc.fr\/index.php\/wp-json\/wp\/v2\/types\/page"}],"author":[{"embeddable":true,"href":"https:\/\/mairie-splc.fr\/index.php\/wp-json\/wp\/v2\/users\/1"}],"replies":[{"embeddable":true,"href":"https:\/\/mairie-splc.fr\/index.php\/wp-json\/wp\/v2\/comments?post=134"}],"version-history":[{"count":17,"href":"https:\/\/mairie-splc.fr\/index.php\/wp-json\/wp\/v2\/pages\/134\/revisions"}],"predecessor-version":[{"id":1120,"href":"https:\/\/mairie-splc.fr\/index.php\/wp-json\/wp\/v2\/pages\/134\/revisions\/1120"}],"up":[{"embeddable":true,"href":"https:\/\/mairie-splc.fr\/index.php\/wp-json\/wp\/v2\/pages\/129"}],"wp:attachment":[{"href":"https:\/\/mairie-splc.fr\/index.php\/wp-json\/wp\/v2\/media?parent=134"}],"curies":[{"name":"wp","href":"https:\/\/api.w.org\/{rel}","templated":true}]}}