{"id":137,"date":"2020-10-28T18:42:16","date_gmt":"2020-10-28T17:42:16","guid":{"rendered":"http:\/\/mairie-splc.fr\/?page_id=137"},"modified":"2021-08-10T09:39:26","modified_gmt":"2021-08-10T07:39:26","slug":"exposition-mysteres-et-curiosites","status":"publish","type":"page","link":"https:\/\/mairie-splc.fr\/index.php\/expositions\/exposition-mysteres-et-curiosites\/","title":{"rendered":"Exposition Myst\u00e8res et curiosit\u00e9s&#8230;"},"content":{"rendered":"\n<figure class=\"wp-block-image size-large is-resized\"><img decoding=\"async\" src=\"https:\/\/mairie-splc.fr\/wp-content\/uploads\/2020\/10\/logoStPardouxcouleur-1024x952.jpg\" alt=\"\" class=\"wp-image-140\" width=\"131\" height=\"122\" srcset=\"https:\/\/mairie-splc.fr\/wp-content\/uploads\/2020\/10\/logoStPardouxcouleur-1024x952.jpg 1024w, https:\/\/mairie-splc.fr\/wp-content\/uploads\/2020\/10\/logoStPardouxcouleur-300x279.jpg 300w, https:\/\/mairie-splc.fr\/wp-content\/uploads\/2020\/10\/logoStPardouxcouleur-768x714.jpg 768w, https:\/\/mairie-splc.fr\/wp-content\/uploads\/2020\/10\/logoStPardouxcouleur-1200x1115.jpg 1200w, https:\/\/mairie-splc.fr\/wp-content\/uploads\/2020\/10\/logoStPardouxcouleur.jpg 1215w\" sizes=\"(max-width: 131px) 100vw, 131px\" \/><\/figure>\n\n\n\n<p>L&rsquo;association Peuple et Culture a propos\u00e9 \u00e0 deux artistes Zo\u00e9 Chantre et Jean Pierre Larroche d&rsquo;inventer un mus\u00e9e \u00e9ph\u00e9m\u00e8re pour le commune de Saint Pardoux la Croisille.<\/p>\n\n\n\n<p>Ils ont sillonn\u00e9 le territoire communal depuis plus d&rsquo;un an en s&rsquo;attachant particuli\u00e8rement \u00e0 r\u00e9unir des objets de peu comme des choses et des \u00e9v\u00e8nements remarquables.<\/p>\n\n\n\n<p>Les habitants de la commune, les enfants des \u00e9coles et des \u00e9tudiants de l&rsquo;Ecole Nationale Sup\u00e9rieure d&rsquo;Art de Limoges et leurs enseignants, l&rsquo;Amicale La\u00efque et quelques vaches et ch\u00e8vres de la commune ont contribu\u00e9 avec eux \u00e0 la r\u00e9alisation du mus\u00e9e visible jusqu&rsquo;\u00e0 fin octobre 2019 dans les rues et sur la place.<\/p>\n\n\n\n<p><a href=\"http:\/\/fabienneyvert.com\/13-juillet-cest-saint-pardoux\/\">Fabienne Yvert, artiste, graphiste et \u00e9crivaine est venue voir l&rsquo;exposition,<br>elle relate la visite sur son blog. avec de nombreuses photos<\/a><a href=\"http:\/\/www.ateliers-du-spectacle.org\/saint-pardoux\/\"> <\/a><\/p>\n\n\n\n<p><a href=\"http:\/\/www.ateliers-du-spectacle.org\/saint-pardoux\/\">Jean Pierre Larroche a pr\u00e9sent\u00e9 le mus\u00e9e de St Pardoux sur le site de sa compagnie th\u00e9\u00e2trale<\/a><\/p>\n\n\n\n<p>des photos aussi sur le site de <a href=\"http:\/\/peupleetculture.fr\/?page id=329\">Peuple et Culture<\/a><\/p>\n\n\n\n<p><\/p>\n\n\n\n<p>Zo\u00e9 Chantre artiste vid\u00e9aste a rencontr\u00e9 des habitants et a r\u00e9alis\u00e9 des vignettes vid\u00e9o (de 1 \u00e0 3mn)<\/p>\n\n\n\n<figure class=\"wp-block-embed is-type-video is-provider-youtube wp-block-embed-youtube wp-embed-aspect-16-9 wp-has-aspect-ratio\"><div class=\"wp-block-embed__wrapper\">\n<iframe title=\"carpes et foret\" width=\"500\" height=\"281\" src=\"https:\/\/www.youtube.com\/embed\/EVTFPXokqhM?feature=oembed\" frameborder=\"0\" allow=\"accelerometer; autoplay; clipboard-write; encrypted-media; gyroscope; picture-in-picture; web-share\" referrerpolicy=\"strict-origin-when-cross-origin\" allowfullscreen><\/iframe>\n<\/div><figcaption>For\u00eat grin\u00e7ante et carpes suceuses une vid\u00e9o de Zo\u00e9 Chantre<\/figcaption><\/figure>\n\n\n\n<p><\/p>\n\n\n\n<figure class=\"wp-block-embed is-type-video is-provider-youtube wp-block-embed-youtube wp-embed-aspect-16-9 wp-has-aspect-ratio\"><div class=\"wp-block-embed__wrapper\">\n<iframe title=\"cerf barbel\u00e9 2\" width=\"500\" height=\"281\" src=\"https:\/\/www.youtube.com\/embed\/-D9iafEcdQ0?feature=oembed\" frameborder=\"0\" allow=\"accelerometer; autoplay; clipboard-write; encrypted-media; gyroscope; picture-in-picture; web-share\" referrerpolicy=\"strict-origin-when-cross-origin\" allowfullscreen><\/iframe>\n<\/div><figcaption>cerf barbel\u00e9 une vid\u00e9o de Zo\u00e9 Chantre<\/figcaption><\/figure>\n\n\n\n<figure class=\"wp-block-embed is-type-video is-provider-youtube wp-block-embed-youtube wp-embed-aspect-16-9 wp-has-aspect-ratio\"><div class=\"wp-block-embed__wrapper\">\n<iframe title=\"benitier\" width=\"500\" height=\"281\" src=\"https:\/\/www.youtube.com\/embed\/lDl4hIRZnro?feature=oembed\" frameborder=\"0\" allow=\"accelerometer; autoplay; clipboard-write; encrypted-media; gyroscope; picture-in-picture; web-share\" referrerpolicy=\"strict-origin-when-cross-origin\" allowfullscreen><\/iframe>\n<\/div><figcaption>Les b\u00e9nitiers une vid\u00e9o de Zo\u00e9 Chantre<\/figcaption><\/figure>\n\n\n\n<figure class=\"wp-block-embed is-type-video is-provider-youtube wp-block-embed-youtube wp-embed-aspect-16-9 wp-has-aspect-ratio\"><div class=\"wp-block-embed__wrapper\">\n<iframe title=\"dede\" width=\"500\" height=\"281\" src=\"https:\/\/www.youtube.com\/embed\/ojaJQr2fcEI?feature=oembed\" frameborder=\"0\" allow=\"accelerometer; autoplay; clipboard-write; encrypted-media; gyroscope; picture-in-picture; web-share\" referrerpolicy=\"strict-origin-when-cross-origin\" allowfullscreen><\/iframe>\n<\/div><figcaption>Les doigts de D\u00e9d\u00e9 une vid\u00e9o de Zo\u00e9 Chantre<\/figcaption><\/figure>\n\n\n\n<figure class=\"wp-block-embed is-type-video is-provider-youtube wp-block-embed-youtube wp-embed-aspect-16-9 wp-has-aspect-ratio\"><div class=\"wp-block-embed__wrapper\">\n<iframe title=\"mouche\" width=\"500\" height=\"281\" src=\"https:\/\/www.youtube.com\/embed\/cx5G-Y-NnTU?feature=oembed\" frameborder=\"0\" allow=\"accelerometer; autoplay; clipboard-write; encrypted-media; gyroscope; picture-in-picture; web-share\" referrerpolicy=\"strict-origin-when-cross-origin\" allowfullscreen><\/iframe>\n<\/div><figcaption>Les mouches une vid\u00e9o de Zo\u00e9 Chantre<\/figcaption><\/figure>\n\n\n\n<figure class=\"wp-block-embed is-type-video is-provider-youtube wp-block-embed-youtube wp-embed-aspect-16-9 wp-has-aspect-ratio\"><div class=\"wp-block-embed__wrapper\">\n<iframe title=\"magnetique et jojo\" width=\"500\" height=\"281\" src=\"https:\/\/www.youtube.com\/embed\/pJE92dzvBfs?feature=oembed\" frameborder=\"0\" allow=\"accelerometer; autoplay; clipboard-write; encrypted-media; gyroscope; picture-in-picture; web-share\" referrerpolicy=\"strict-origin-when-cross-origin\" allowfullscreen><\/iframe>\n<\/div><figcaption>Le point magn\u00e9tique une vid\u00e9o de Zo\u00e9 Chantre<\/figcaption><\/figure>\n\n\n\n<figure class=\"wp-block-embed is-type-video is-provider-youtube wp-block-embed-youtube wp-embed-aspect-16-9 wp-has-aspect-ratio\"><div class=\"wp-block-embed__wrapper\">\n<iframe title=\"neige&amp;salamandre\" width=\"500\" height=\"281\" src=\"https:\/\/www.youtube.com\/embed\/BC6H7I-h1Bg?start=21&#038;feature=oembed\" frameborder=\"0\" allow=\"accelerometer; autoplay; clipboard-write; encrypted-media; gyroscope; picture-in-picture; web-share\" referrerpolicy=\"strict-origin-when-cross-origin\" allowfullscreen><\/iframe>\n<\/div><figcaption>Neige et salamandre une vid\u00e9o de Zo\u00e9 Chantre<\/figcaption><\/figure>\n\n\n\n<figure class=\"wp-block-embed is-type-video is-provider-youtube wp-block-embed-youtube wp-embed-aspect-16-9 wp-has-aspect-ratio\"><div class=\"wp-block-embed__wrapper\">\n<iframe title=\"l&#039;ours\" width=\"500\" height=\"281\" src=\"https:\/\/www.youtube.com\/embed\/Pxlty3Z_jdY?feature=oembed\" frameborder=\"0\" allow=\"accelerometer; autoplay; clipboard-write; encrypted-media; gyroscope; picture-in-picture; web-share\" referrerpolicy=\"strict-origin-when-cross-origin\" allowfullscreen><\/iframe>\n<\/div><figcaption>L&rsquo;ours, une vid\u00e9o de Zo\u00e9 Chantre<\/figcaption><\/figure>\n\n\n\n<figure class=\"wp-block-embed is-type-video is-provider-youtube wp-block-embed-youtube wp-embed-aspect-16-9 wp-has-aspect-ratio\"><div class=\"wp-block-embed__wrapper\">\n<iframe title=\"st eutrope\" width=\"500\" height=\"281\" src=\"https:\/\/www.youtube.com\/embed\/fEBDV_E229Y?feature=oembed\" frameborder=\"0\" allow=\"accelerometer; autoplay; clipboard-write; encrypted-media; gyroscope; picture-in-picture; web-share\" referrerpolicy=\"strict-origin-when-cross-origin\" allowfullscreen><\/iframe>\n<\/div><figcaption>Le miracle, une vid\u00e9o de Zo\u00e9 Chantre<\/figcaption><\/figure>\n\n\n\n<p><a href=\"https:\/\/mairie-splc.fr\/expo\/Expo%202019\/presse\/DOC018.jpg\" target=\"_blank\" rel=\"noreferrer noopener\">Https:\/\/mairie-splc.fr\/expo\/Expo 2019\/presse\/DOC018.jpg(ouvre un nouvel onglet)<\/a><\/p>\n\n\n\n<figure class=\"wp-block-table\"><table><tbody><tr><td>La presse est venue visiter l&rsquo;exposition : <br><a href=\"Https:\/\/mairie-splc.fr\/expo\/Expo%202019\/presse\/DOC018.jpg\">La trousse corr\u00e9zienne<\/a> <br><a href=\"Https:\/\/mairie-splc.fr\/expo\/Expo%202019\/presse\/Echo 8 juillet 2019.pdf\">Echo du 8 juillet 2019<\/a> <br><a href=\"Https:\/\/mairie-splc.fr\/expo\/Expo%202019\/presse\/Echo 10 juillet 2019.pdf\">Echo du 10 juillet 2019<\/a> <br><a href=\"Https:\/\/mairie-splc.fr\/expo\/Expo%202019\/presse\/La Montagne 10 juillet 2019.pdf\">La Montagne du 10 juillet 2019<\/a> <br><a href=\"Https:\/\/mairie-splc.fr\/expo\/Expo%202019\/presse\/La Montagne 14 juillet 2019.pdf\">La Montagne du 14 juillet 2019<\/a> <br><a href=\"Https:\/\/mairie-splc.fr\/expo\/Expo%202019\/presse\/Echo 15 juillet 2019.pdf\">Echo du 15 juillet 2019<\/a><\/td><\/tr><tr><td>&nbsp;<\/td><\/tr><\/tbody><\/table><\/figure>\n\n\n\n<p><\/p>\n","protected":false},"excerpt":{"rendered":"<p>L&rsquo;association Peuple et Culture a propos\u00e9 \u00e0 deux artistes Zo\u00e9 Chantre et Jean Pierre Larroche d&rsquo;inventer un mus\u00e9e \u00e9ph\u00e9m\u00e8re pour le commune de Saint Pardoux la Croisille. Ils ont sillonn\u00e9 le territoire communal depuis plus d&rsquo;un an en s&rsquo;attachant particuli\u00e8rement \u00e0 r\u00e9unir des objets de peu comme des choses et des \u00e9v\u00e8nements remarquables. Les habitants [&hellip;]<\/p>\n","protected":false},"author":1,"featured_media":0,"parent":129,"menu_order":2,"comment_status":"closed","ping_status":"closed","template":"","meta":{"site-sidebar-layout":"default","site-content-layout":"default","ast-site-content-layout":"default","site-content-style":"default","site-sidebar-style":"default","ast-global-header-display":"","ast-banner-title-visibility":"","ast-main-header-display":"","ast-hfb-above-header-display":"","ast-hfb-below-header-display":"","ast-hfb-mobile-header-display":"","site-post-title":"","ast-breadcrumbs-content":"","ast-featured-img":"","footer-sml-layout":"","ast-disable-related-posts":"","theme-transparent-header-meta":"default","adv-header-id-meta":"","stick-header-meta":"","header-above-stick-meta":"","header-main-stick-meta":"","header-below-stick-meta":"","astra-migrate-meta-layouts":"default","ast-page-background-enabled":"default","ast-page-background-meta":{"desktop":{"background-color":"","background-image":"","background-repeat":"repeat","background-position":"center center","background-size":"auto","background-attachment":"scroll","background-type":"","background-media":"","overlay-type":"","overlay-color":"","overlay-opacity":"","overlay-gradient":""},"tablet":{"background-color":"","background-image":"","background-repeat":"repeat","background-position":"center center","background-size":"auto","background-attachment":"scroll","background-type":"","background-media":"","overlay-type":"","overlay-color":"","overlay-opacity":"","overlay-gradient":""},"mobile":{"background-color":"","background-image":"","background-repeat":"repeat","background-position":"center center","background-size":"auto","background-attachment":"scroll","background-type":"","background-media":"","overlay-type":"","overlay-color":"","overlay-opacity":"","overlay-gradient":""}},"ast-content-background-meta":{"desktop":{"background-color":"var(--ast-global-color-5)","background-image":"","background-repeat":"repeat","background-position":"center center","background-size":"auto","background-attachment":"scroll","background-type":"","background-media":"","overlay-type":"","overlay-color":"","overlay-opacity":"","overlay-gradient":""},"tablet":{"background-color":"var(--ast-global-color-5)","background-image":"","background-repeat":"repeat","background-position":"center center","background-size":"auto","background-attachment":"scroll","background-type":"","background-media":"","overlay-type":"","overlay-color":"","overlay-opacity":"","overlay-gradient":""},"mobile":{"background-color":"var(--ast-global-color-5)","background-image":"","background-repeat":"repeat","background-position":"center center","background-size":"auto","background-attachment":"scroll","background-type":"","background-media":"","overlay-type":"","overlay-color":"","overlay-opacity":"","overlay-gradient":""}},"footnotes":""},"class_list":["post-137","page","type-page","status-publish","hentry"],"jetpack_sharing_enabled":true,"_links":{"self":[{"href":"https:\/\/mairie-splc.fr\/index.php\/wp-json\/wp\/v2\/pages\/137","targetHints":{"allow":["GET"]}}],"collection":[{"href":"https:\/\/mairie-splc.fr\/index.php\/wp-json\/wp\/v2\/pages"}],"about":[{"href":"https:\/\/mairie-splc.fr\/index.php\/wp-json\/wp\/v2\/types\/page"}],"author":[{"embeddable":true,"href":"https:\/\/mairie-splc.fr\/index.php\/wp-json\/wp\/v2\/users\/1"}],"replies":[{"embeddable":true,"href":"https:\/\/mairie-splc.fr\/index.php\/wp-json\/wp\/v2\/comments?post=137"}],"version-history":[{"count":6,"href":"https:\/\/mairie-splc.fr\/index.php\/wp-json\/wp\/v2\/pages\/137\/revisions"}],"predecessor-version":[{"id":648,"href":"https:\/\/mairie-splc.fr\/index.php\/wp-json\/wp\/v2\/pages\/137\/revisions\/648"}],"up":[{"embeddable":true,"href":"https:\/\/mairie-splc.fr\/index.php\/wp-json\/wp\/v2\/pages\/129"}],"wp:attachment":[{"href":"https:\/\/mairie-splc.fr\/index.php\/wp-json\/wp\/v2\/media?parent=137"}],"curies":[{"name":"wp","href":"https:\/\/api.w.org\/{rel}","templated":true}]}}