{"id":1399,"date":"2026-04-06T22:07:37","date_gmt":"2026-04-06T20:07:37","guid":{"rendered":"https:\/\/mairie-splc.fr\/?page_id=1399"},"modified":"2026-04-25T08:40:18","modified_gmt":"2026-04-25T06:40:18","slug":"associations","status":"publish","type":"page","link":"https:\/\/mairie-splc.fr\/index.php\/associations\/","title":{"rendered":"LES FOLIES PRINTANI\u00c8RES"},"content":{"rendered":"\n<h2 class=\"wp-block-heading\"><br><br><strong>Samedi 16 mai<\/strong><br><br>A PARTIR DE 10 HEURES<br>VIDE GRENIERS<\/h2>\n\n\n\n<p class=\"has-medium-font-size\"><em><strong>(Inscriptions au 06 41 97 23 80)<\/strong><\/em><\/p>\n\n\n\n<h2 class=\"wp-block-heading\"><strong>ANIMATIONS ENFANTS ET ADULTES<\/strong><\/h2>\n\n\n\n<h2 class=\"wp-block-heading\">Jeu de pistes adultes&nbsp;: 11h<\/h2>\n\n\n\n<p><br>Chaque participant devient un d\u00e9couvreur de lieux embl\u00e9matiques de Saint Pardoux la Croisille.<br>L\u2019histoire d\u2019un myst\u00e9rieux voyageur lui sera cont\u00e9e et il devra suivre (seul ou en petit groupe) un fil patrimonial et gastronomique afin de r\u00e9soudre des<br>\u00e9nigmes en 4 \u00e9tapes.<br>Un jury s\u00e9lectionnera le(s) gagnants(s) d\u2019un panier garni de produits locaux.<\/p>\n\n\n\n<h2 class=\"wp-block-heading\"><strong>REPAS le MIDI Adultes 18\u20ac, enfants 10\u20ac <\/strong><br><em>(Inscriptions avant le 9 mai au 06 77 08 64 72)<\/em><\/h2>\n\n\n\n<p><strong>Salade compos\u00e9e, jambon \u00e0 la broche avec ses pommes de terre, fromage et dessert.<\/strong><\/p>\n\n\n\n<h2 class=\"wp-block-heading\"><strong>MARCH\u00c9 FLORAL et ARTISANAL<\/strong><\/h2>\n\n\n\n<p><strong>15h30 D\u00e9couverte des plantes sauvages comestibles et m\u00e9dicinales, autour de Saint Pardoux <\/strong><br>inscription sur place aupr\u00e8s de Rapha\u00ebl Saglier de \u00ab\u00a0Go\u00fbteuses mauvaises herbes\u00a0\u00bb (tarif 10\u20ac par adulte)<\/p>\n\n\n\n<h2 class=\"wp-block-heading\"><strong>Chasse au tr\u00e9sor enfants 16h<\/strong> (gratuit)<\/h2>\n\n\n\n<p>RDV devant la grille de l&rsquo;\u00e9cole.<br>Les enfants de 5 \u00e0 12 ans sont accueillis et invit\u00e9s \u00e0 venir vivre une aventure extraordinaire en 7 \u00e9tapes afin de d\u00e9couvrir le tr\u00e9sor que des pirates auraient<br>d\u00e9rob\u00e9 il y a bien longtemps.<br>Les enfants, sous la responsabilit\u00e9 de leurs parents, partiront dans 7 lieux diff\u00e9rents et rep\u00e9r\u00e9s dans le bourg pour y trouver des indices pr\u00e9cis et ludiques<br>afin de progresser sur la carte qui leur sera remise et d\u2019arriver au but final, le tr\u00e9sor&nbsp;!<br>Ce jeu se veut participatif, accueillant et joyeux. <br><strong>Tous les enfants gagnent&nbsp;! Tous sont les bienvenus&nbsp;!<\/strong><\/p>\n\n\n\n<figure class=\"wp-block-image aligncenter size-large is-resized\"><img fetchpriority=\"high\" decoding=\"async\" width=\"1024\" height=\"751\" src=\"https:\/\/mairie-splc.fr\/wp-content\/uploads\/2026\/04\/image-1024x751.png\" alt=\"\" class=\"wp-image-1413\" style=\"width:534px;height:auto\" srcset=\"https:\/\/mairie-splc.fr\/wp-content\/uploads\/2026\/04\/image-1024x751.png 1024w, https:\/\/mairie-splc.fr\/wp-content\/uploads\/2026\/04\/image-300x220.png 300w, https:\/\/mairie-splc.fr\/wp-content\/uploads\/2026\/04\/image-768x563.png 768w, https:\/\/mairie-splc.fr\/wp-content\/uploads\/2026\/04\/image.png 1061w\" sizes=\"(max-width: 1024px) 100vw, 1024px\" \/><\/figure>\n\n\n\n<p><\/p>\n\n\n\n<h2 class=\"wp-block-heading\">A PARTIR DE 18 HEURES <br><strong>AP\u00c9RO CONCERT<\/strong><br><strong>avec le groupe \u00ab&nbsp;GULAPIA&nbsp;\u00bb<\/strong><\/h2>\n\n\n\n<p class=\"has-medium-font-size\"><strong>(Food-truck et buvette  sur place)<\/strong><\/p>\n\n\n\n<figure class=\"wp-block-image aligncenter size-large\"><a href=\"https:\/\/mairie-splc.fr\/wp-content\/uploads\/2026\/04\/fly.pdf\" target=\"_blank\" rel=\" noreferrer noopener\"><img decoding=\"async\" src=\"https:\/\/mairie-splc.fr\/wp-content\/uploads\/2026\/04\/fly-1-724x1024.jpg\" alt=\"\" class=\"wp-image-1421\"\/><\/a><\/figure>\n\n\n\n<figure class=\"wp-block-image aligncenter size-large\"><a href=\"https:\/\/mairie-splc.fr\/wp-content\/uploads\/2026\/04\/fly.pdf\" target=\"_blank\" rel=\" noreferrer noopener\"><img decoding=\"async\" src=\"https:\/\/mairie-splc.fr\/wp-content\/uploads\/2026\/04\/fly-2-722x1024.jpg\" alt=\"\" class=\"wp-image-1422\"\/><\/a><\/figure>\n\n\n\n<p><br><br>Article de La Montagne du 24\/04\/2026 :<\/p>\n\n\n\n<figure class=\"wp-block-image size-large is-resized\"><img decoding=\"async\" src=\"https:\/\/mairie-splc.fr\/wp-content\/uploads\/2026\/04\/La_Montagne_24_04_2026-scaled.jpg\" alt=\"\" style=\"aspect-ratio:1.0944795361957043;width:1112px;height:auto\"\/><\/figure>\n","protected":false},"excerpt":{"rendered":"<p>Samedi 16 mai A PARTIR DE 10 HEURESVIDE GRENIERS (Inscriptions au 06 41 97 23 80) ANIMATIONS ENFANTS ET ADULTES Jeu de pistes adultes&nbsp;: 11h Chaque participant devient un d\u00e9couvreur de lieux embl\u00e9matiques de Saint Pardoux la Croisille.L\u2019histoire d\u2019un myst\u00e9rieux voyageur lui sera cont\u00e9e et il devra suivre (seul ou en petit groupe) un fil [&hellip;]<\/p>\n","protected":false},"author":1,"featured_media":0,"parent":0,"menu_order":0,"comment_status":"closed","ping_status":"closed","template":"","meta":{"site-sidebar-layout":"default","site-content-layout":"","ast-site-content-layout":"default","site-content-style":"default","site-sidebar-style":"default","ast-global-header-display":"","ast-banner-title-visibility":"","ast-main-header-display":"","ast-hfb-above-header-display":"","ast-hfb-below-header-display":"","ast-hfb-mobile-header-display":"","site-post-title":"","ast-breadcrumbs-content":"","ast-featured-img":"","footer-sml-layout":"","ast-disable-related-posts":"","theme-transparent-header-meta":"","adv-header-id-meta":"","stick-header-meta":"","header-above-stick-meta":"","header-main-stick-meta":"","header-below-stick-meta":"","astra-migrate-meta-layouts":"set","ast-page-background-enabled":"default","ast-page-background-meta":{"desktop":{"background-color":"","background-image":"","background-repeat":"repeat","background-position":"center center","background-size":"auto","background-attachment":"scroll","background-type":"","background-media":"","overlay-type":"","overlay-color":"","overlay-opacity":"","overlay-gradient":""},"tablet":{"background-color":"","background-image":"","background-repeat":"repeat","background-position":"center center","background-size":"auto","background-attachment":"scroll","background-type":"","background-media":"","overlay-type":"","overlay-color":"","overlay-opacity":"","overlay-gradient":""},"mobile":{"background-color":"","background-image":"","background-repeat":"repeat","background-position":"center center","background-size":"auto","background-attachment":"scroll","background-type":"","background-media":"","overlay-type":"","overlay-color":"","overlay-opacity":"","overlay-gradient":""}},"ast-content-background-meta":{"desktop":{"background-color":"var(--ast-global-color-5)","background-image":"","background-repeat":"repeat","background-position":"center center","background-size":"auto","background-attachment":"scroll","background-type":"","background-media":"","overlay-type":"","overlay-color":"","overlay-opacity":"","overlay-gradient":""},"tablet":{"background-color":"var(--ast-global-color-5)","background-image":"","background-repeat":"repeat","background-position":"center center","background-size":"auto","background-attachment":"scroll","background-type":"","background-media":"","overlay-type":"","overlay-color":"","overlay-opacity":"","overlay-gradient":""},"mobile":{"background-color":"var(--ast-global-color-5)","background-image":"","background-repeat":"repeat","background-position":"center center","background-size":"auto","background-attachment":"scroll","background-type":"","background-media":"","overlay-type":"","overlay-color":"","overlay-opacity":"","overlay-gradient":""}},"footnotes":""},"class_list":["post-1399","page","type-page","status-publish","hentry"],"jetpack_sharing_enabled":true,"_links":{"self":[{"href":"https:\/\/mairie-splc.fr\/index.php\/wp-json\/wp\/v2\/pages\/1399","targetHints":{"allow":["GET"]}}],"collection":[{"href":"https:\/\/mairie-splc.fr\/index.php\/wp-json\/wp\/v2\/pages"}],"about":[{"href":"https:\/\/mairie-splc.fr\/index.php\/wp-json\/wp\/v2\/types\/page"}],"author":[{"embeddable":true,"href":"https:\/\/mairie-splc.fr\/index.php\/wp-json\/wp\/v2\/users\/1"}],"replies":[{"embeddable":true,"href":"https:\/\/mairie-splc.fr\/index.php\/wp-json\/wp\/v2\/comments?post=1399"}],"version-history":[{"count":16,"href":"https:\/\/mairie-splc.fr\/index.php\/wp-json\/wp\/v2\/pages\/1399\/revisions"}],"predecessor-version":[{"id":1437,"href":"https:\/\/mairie-splc.fr\/index.php\/wp-json\/wp\/v2\/pages\/1399\/revisions\/1437"}],"wp:attachment":[{"href":"https:\/\/mairie-splc.fr\/index.php\/wp-json\/wp\/v2\/media?parent=1399"}],"curies":[{"name":"wp","href":"https:\/\/api.w.org\/{rel}","templated":true}]}}