{"id":186,"date":"2020-10-31T21:03:18","date_gmt":"2020-10-31T20:03:18","guid":{"rendered":"http:\/\/mairie-splc.fr\/?page_id=186"},"modified":"2020-10-31T21:12:40","modified_gmt":"2020-10-31T20:12:40","slug":"saint-pardoux-la-croisille-le-patrimoine-batit","status":"publish","type":"page","link":"https:\/\/mairie-splc.fr\/index.php\/expositions\/memoires-de-villages\/saint-pardoux-la-croisille-le-patrimoine-batit\/","title":{"rendered":"Saint Pardoux la Croisille le patrimoine b\u00e2ti"},"content":{"rendered":"\n<p>A Saint Pardoux la Croisille, le b\u00e2ti ancien est souvent bien conserv\u00e9 et h\u00e9rit\u00e9 de la soci\u00e9t\u00e9 paysanne qui y<br>vivait nagu\u00e8re. Des demeures prestigieuses comme le ch\u00e2teau de Pebeyre (XII\u00e8me si\u00e8cle) ou le ch\u00e2teau du<br>Theil, font \u00e9galement partie du patrimoine. L\u2019\u00e9glise, la fontaine, les fournils, les s\u00e9choirs \u00e0 ch\u00e2taignes, le lavoir, ou le moulin sont des \u00e9quipements remarquables qui formaient les lieux importants de la vie communautaire. La pierre granitique r\u00e9sistante et peu g\u00e9live est omnipr\u00e9sente et conf\u00e8re au paysage une ind\u00e9niable originalit\u00e9. Dans toutes les anciennes constructions, les granites massifs \u00e0 gros grains y sont utilis\u00e9s comme pierres d\u2019angle ou comme linteaux et les plus fins comme moellons dans les murs. Toute la physionomie du territoire communal re\u00e7oit l\u2019empreinte de ce mat\u00e9riau : modestes murets de pierres en limite de parcelle, ponts de franchissement des cours d\u2019eau, b\u00e2timents ruraux de toutes sortes (s\u00e9choirs, fournils, puits\u2026). Aujourd\u2019hui, le paysage est largement structur\u00e9 par la for\u00eat (sup\u00e9rieure \u00e0 60%), r\u00e9sultat d\u2019une mutation agricole qui s\u2019est fix\u00e9e sur les terres les plus favorables d\u00e9laissant les autres aux taillis et \u00e0 la v\u00e9g\u00e9tation d\u00e9sordonn\u00e9e.<\/p>\n\n\n\n<figure class=\"wp-block-image size-large\"><img fetchpriority=\"high\" decoding=\"async\" width=\"768\" height=\"500\" src=\"https:\/\/mairie-splc.fr\/wp-content\/uploads\/2020\/10\/115_Saint-Pardoux-La-Croisille-4.jpg\" alt=\"\" class=\"wp-image-187\" srcset=\"https:\/\/mairie-splc.fr\/wp-content\/uploads\/2020\/10\/115_Saint-Pardoux-La-Croisille-4.jpg 768w, https:\/\/mairie-splc.fr\/wp-content\/uploads\/2020\/10\/115_Saint-Pardoux-La-Croisille-4-300x195.jpg 300w\" sizes=\"(max-width: 768px) 100vw, 768px\" \/><figcaption>Vue g\u00e9n\u00e9rale du bourg de Saint-Pardoux prise depuis l\u2019ancienne boulangerie.<\/figcaption><\/figure>\n\n\n\n<figure class=\"wp-block-image size-large\"><img decoding=\"async\" width=\"793\" height=\"500\" src=\"https:\/\/mairie-splc.fr\/wp-content\/uploads\/2020\/10\/028_avant-1900le-bourg-vu-du-Pec.jpg\" alt=\"\" class=\"wp-image-188\" srcset=\"https:\/\/mairie-splc.fr\/wp-content\/uploads\/2020\/10\/028_avant-1900le-bourg-vu-du-Pec.jpg 793w, https:\/\/mairie-splc.fr\/wp-content\/uploads\/2020\/10\/028_avant-1900le-bourg-vu-du-Pec-300x189.jpg 300w, https:\/\/mairie-splc.fr\/wp-content\/uploads\/2020\/10\/028_avant-1900le-bourg-vu-du-Pec-768x484.jpg 768w\" sizes=\"(max-width: 793px) 100vw, 793px\" \/><figcaption>Saint-Pardoux vue g\u00e9n\u00e9rale du bourg.<\/figcaption><\/figure>\n\n\n\n<figure class=\"wp-block-image size-large\"><img decoding=\"async\" width=\"790\" height=\"500\" src=\"https:\/\/mairie-splc.fr\/wp-content\/uploads\/2020\/10\/116_Saint-Pardoux-La-Croisille-1918.jpg\" alt=\"\" class=\"wp-image-189\" srcset=\"https:\/\/mairie-splc.fr\/wp-content\/uploads\/2020\/10\/116_Saint-Pardoux-La-Croisille-1918.jpg 790w, https:\/\/mairie-splc.fr\/wp-content\/uploads\/2020\/10\/116_Saint-Pardoux-La-Croisille-1918-300x190.jpg 300w, https:\/\/mairie-splc.fr\/wp-content\/uploads\/2020\/10\/116_Saint-Pardoux-La-Croisille-1918-768x486.jpg 768w\" sizes=\"(max-width: 790px) 100vw, 790px\" \/><figcaption>Arriv\u00e9e dans le bourg par la route de Clergoux vue du Pech<\/figcaption><\/figure>\n\n\n\n<figure class=\"wp-block-image size-large\"><img loading=\"lazy\" decoding=\"async\" width=\"708\" height=\"500\" src=\"https:\/\/mairie-splc.fr\/wp-content\/uploads\/2020\/10\/117_Saint-Pardoux-La-Croisille.jpg\" alt=\"\" class=\"wp-image-190\" srcset=\"https:\/\/mairie-splc.fr\/wp-content\/uploads\/2020\/10\/117_Saint-Pardoux-La-Croisille.jpg 708w, https:\/\/mairie-splc.fr\/wp-content\/uploads\/2020\/10\/117_Saint-Pardoux-La-Croisille-300x212.jpg 300w\" sizes=\"(max-width: 708px) 100vw, 708px\" \/><figcaption>Vue du bourg : arri\u00e8re de la maison Bouysse.<\/figcaption><\/figure>\n\n\n\n<figure class=\"wp-block-image size-large\"><img loading=\"lazy\" decoding=\"async\" width=\"826\" height=\"500\" src=\"https:\/\/mairie-splc.fr\/wp-content\/uploads\/2020\/10\/003-117-eglise-vers-1935.jpg\" alt=\"\" class=\"wp-image-191\" srcset=\"https:\/\/mairie-splc.fr\/wp-content\/uploads\/2020\/10\/003-117-eglise-vers-1935.jpg 826w, https:\/\/mairie-splc.fr\/wp-content\/uploads\/2020\/10\/003-117-eglise-vers-1935-300x182.jpg 300w, https:\/\/mairie-splc.fr\/wp-content\/uploads\/2020\/10\/003-117-eglise-vers-1935-768x465.jpg 768w\" sizes=\"(max-width: 826px) 100vw, 826px\" \/><figcaption>Eglise de Saint-Pardoux et presbyt\u00e8re<\/figcaption><\/figure>\n\n\n\n<figure class=\"wp-block-image size-large\"><img loading=\"lazy\" decoding=\"async\" width=\"779\" height=\"500\" src=\"https:\/\/mairie-splc.fr\/wp-content\/uploads\/2020\/10\/054_eglise.jpg\" alt=\"\" class=\"wp-image-192\" srcset=\"https:\/\/mairie-splc.fr\/wp-content\/uploads\/2020\/10\/054_eglise.jpg 779w, https:\/\/mairie-splc.fr\/wp-content\/uploads\/2020\/10\/054_eglise-300x193.jpg 300w, https:\/\/mairie-splc.fr\/wp-content\/uploads\/2020\/10\/054_eglise-768x493.jpg 768w\" sizes=\"(max-width: 779px) 100vw, 779px\" \/><figcaption>La place de l\u2019\u00e9glise, l\u2019oratoire et l&rsquo;ancien cimeti\u00e8re.<\/figcaption><\/figure>\n\n\n\n<figure class=\"wp-block-image size-large\"><img loading=\"lazy\" decoding=\"async\" width=\"647\" height=\"426\" src=\"https:\/\/mairie-splc.fr\/wp-content\/uploads\/2020\/10\/067_fete-Saint-Eutrope-6.jpg\" alt=\"\" class=\"wp-image-193\" srcset=\"https:\/\/mairie-splc.fr\/wp-content\/uploads\/2020\/10\/067_fete-Saint-Eutrope-6.jpg 647w, https:\/\/mairie-splc.fr\/wp-content\/uploads\/2020\/10\/067_fete-Saint-Eutrope-6-300x198.jpg 300w\" sizes=\"(max-width: 647px) 100vw, 647px\" \/><figcaption>F\u00eate de St Eutrope <\/figcaption><\/figure>\n\n\n\n<p><\/p>\n\n\n\n<figure class=\"wp-block-image size-large\"><img loading=\"lazy\" decoding=\"async\" width=\"374\" height=\"665\" src=\"https:\/\/mairie-splc.fr\/wp-content\/uploads\/2020\/10\/062_fete-Saint-Eutrope-1.jpg\" alt=\"\" class=\"wp-image-196\" srcset=\"https:\/\/mairie-splc.fr\/wp-content\/uploads\/2020\/10\/062_fete-Saint-Eutrope-1.jpg 374w, https:\/\/mairie-splc.fr\/wp-content\/uploads\/2020\/10\/062_fete-Saint-Eutrope-1-169x300.jpg 169w\" sizes=\"(max-width: 374px) 100vw, 374px\" \/><figcaption>Procession de St Eutrope<\/figcaption><\/figure>\n\n\n\n<figure class=\"wp-block-image size-large\"><img loading=\"lazy\" decoding=\"async\" width=\"395\" height=\"708\" src=\"https:\/\/mairie-splc.fr\/wp-content\/uploads\/2020\/10\/063_fete-Saint-Eutrope-2.jpg\" alt=\"\" class=\"wp-image-197\" srcset=\"https:\/\/mairie-splc.fr\/wp-content\/uploads\/2020\/10\/063_fete-Saint-Eutrope-2.jpg 395w, https:\/\/mairie-splc.fr\/wp-content\/uploads\/2020\/10\/063_fete-Saint-Eutrope-2-167x300.jpg 167w\" sizes=\"(max-width: 395px) 100vw, 395px\" \/><\/figure>\n\n\n\n<figure class=\"wp-block-image size-large\"><img loading=\"lazy\" decoding=\"async\" width=\"380\" height=\"674\" src=\"https:\/\/mairie-splc.fr\/wp-content\/uploads\/2020\/10\/064_fete-Saint-Eutrope-3.jpg\" alt=\"\" class=\"wp-image-198\" srcset=\"https:\/\/mairie-splc.fr\/wp-content\/uploads\/2020\/10\/064_fete-Saint-Eutrope-3.jpg 380w, https:\/\/mairie-splc.fr\/wp-content\/uploads\/2020\/10\/064_fete-Saint-Eutrope-3-169x300.jpg 169w\" sizes=\"(max-width: 380px) 100vw, 380px\" \/><\/figure>\n\n\n\n<figure class=\"wp-block-image size-large\"><img loading=\"lazy\" decoding=\"async\" width=\"399\" height=\"704\" src=\"https:\/\/mairie-splc.fr\/wp-content\/uploads\/2020\/10\/065_fete-Saint-Eutrope-4.jpg\" alt=\"\" class=\"wp-image-199\" srcset=\"https:\/\/mairie-splc.fr\/wp-content\/uploads\/2020\/10\/065_fete-Saint-Eutrope-4.jpg 399w, https:\/\/mairie-splc.fr\/wp-content\/uploads\/2020\/10\/065_fete-Saint-Eutrope-4-170x300.jpg 170w\" sizes=\"(max-width: 399px) 100vw, 399px\" \/><\/figure>\n\n\n\n<figure class=\"wp-block-image size-large\"><img loading=\"lazy\" decoding=\"async\" width=\"673\" height=\"373\" src=\"https:\/\/mairie-splc.fr\/wp-content\/uploads\/2020\/10\/066_fete-Saint-Eutrope-5.jpg\" alt=\"\" class=\"wp-image-200\" srcset=\"https:\/\/mairie-splc.fr\/wp-content\/uploads\/2020\/10\/066_fete-Saint-Eutrope-5.jpg 673w, https:\/\/mairie-splc.fr\/wp-content\/uploads\/2020\/10\/066_fete-Saint-Eutrope-5-300x166.jpg 300w\" sizes=\"(max-width: 673px) 100vw, 673px\" \/><\/figure>\n\n\n\n<figure class=\"wp-block-image size-large\"><img loading=\"lazy\" decoding=\"async\" width=\"500\" height=\"517\" src=\"https:\/\/mairie-splc.fr\/wp-content\/uploads\/2020\/10\/069_fontaine-saint-eutrope-saint-pardoux-la-croisille.jpg\" alt=\"\" class=\"wp-image-202\" srcset=\"https:\/\/mairie-splc.fr\/wp-content\/uploads\/2020\/10\/069_fontaine-saint-eutrope-saint-pardoux-la-croisille.jpg 500w, https:\/\/mairie-splc.fr\/wp-content\/uploads\/2020\/10\/069_fontaine-saint-eutrope-saint-pardoux-la-croisille-290x300.jpg 290w\" sizes=\"(max-width: 500px) 100vw, 500px\" \/><figcaption>La fontaine St Eutrope<\/figcaption><\/figure>\n\n\n\n<figure class=\"wp-block-image size-large\"><img loading=\"lazy\" decoding=\"async\" width=\"696\" height=\"500\" src=\"https:\/\/mairie-splc.fr\/wp-content\/uploads\/2020\/10\/018-132-1.jpg\" alt=\"\" class=\"wp-image-204\" srcset=\"https:\/\/mairie-splc.fr\/wp-content\/uploads\/2020\/10\/018-132-1.jpg 696w, https:\/\/mairie-splc.fr\/wp-content\/uploads\/2020\/10\/018-132-1-300x216.jpg 300w\" sizes=\"(max-width: 696px) 100vw, 696px\" \/><\/figure>\n\n\n\n<figure class=\"wp-block-image size-large\"><img loading=\"lazy\" decoding=\"async\" width=\"677\" height=\"500\" src=\"https:\/\/mairie-splc.fr\/wp-content\/uploads\/2020\/10\/011-125-le-pont-des-gouttes-1910.jpg\" alt=\"\" class=\"wp-image-205\" srcset=\"https:\/\/mairie-splc.fr\/wp-content\/uploads\/2020\/10\/011-125-le-pont-des-gouttes-1910.jpg 677w, https:\/\/mairie-splc.fr\/wp-content\/uploads\/2020\/10\/011-125-le-pont-des-gouttes-1910-300x222.jpg 300w\" sizes=\"(max-width: 677px) 100vw, 677px\" \/><figcaption>Le pont des gouttes<\/figcaption><\/figure>\n\n\n\n<figure class=\"wp-block-image size-large\"><img loading=\"lazy\" decoding=\"async\" width=\"603\" height=\"500\" src=\"https:\/\/mairie-splc.fr\/wp-content\/uploads\/2020\/10\/012-126-pont-des-gouttes-2010.jpg\" alt=\"\" class=\"wp-image-206\" srcset=\"https:\/\/mairie-splc.fr\/wp-content\/uploads\/2020\/10\/012-126-pont-des-gouttes-2010.jpg 603w, https:\/\/mairie-splc.fr\/wp-content\/uploads\/2020\/10\/012-126-pont-des-gouttes-2010-300x249.jpg 300w\" sizes=\"(max-width: 603px) 100vw, 603px\" \/><\/figure>\n\n\n\n<figure class=\"wp-block-gallery columns-3 is-cropped wp-block-gallery-1 is-layout-flex wp-block-gallery-is-layout-flex\"><ul class=\"blocks-gallery-grid\"><li class=\"blocks-gallery-item\"><figure><img loading=\"lazy\" decoding=\"async\" width=\"662\" height=\"500\" src=\"https:\/\/mairie-splc.fr\/wp-content\/uploads\/2020\/10\/013-127.jpg\" alt=\"\" data-id=\"207\" data-link=\"https:\/\/mairie-splc.fr\/?attachment_id=207\" class=\"wp-image-207\" srcset=\"https:\/\/mairie-splc.fr\/wp-content\/uploads\/2020\/10\/013-127.jpg 662w, https:\/\/mairie-splc.fr\/wp-content\/uploads\/2020\/10\/013-127-300x227.jpg 300w\" sizes=\"(max-width: 662px) 100vw, 662px\" \/><\/figure><\/li><li class=\"blocks-gallery-item\"><figure><img loading=\"lazy\" decoding=\"async\" width=\"776\" height=\"500\" src=\"https:\/\/mairie-splc.fr\/wp-content\/uploads\/2020\/10\/073_hotel-Bouysse.jpg\" alt=\"\" data-id=\"208\" data-full-url=\"https:\/\/mairie-splc.fr\/wp-content\/uploads\/2020\/10\/073_hotel-Bouysse.jpg\" data-link=\"https:\/\/mairie-splc.fr\/?attachment_id=208\" class=\"wp-image-208\" srcset=\"https:\/\/mairie-splc.fr\/wp-content\/uploads\/2020\/10\/073_hotel-Bouysse.jpg 776w, https:\/\/mairie-splc.fr\/wp-content\/uploads\/2020\/10\/073_hotel-Bouysse-300x193.jpg 300w, https:\/\/mairie-splc.fr\/wp-content\/uploads\/2020\/10\/073_hotel-Bouysse-768x495.jpg 768w\" sizes=\"(max-width: 776px) 100vw, 776px\" \/><\/figure><\/li><li class=\"blocks-gallery-item\"><figure><img loading=\"lazy\" decoding=\"async\" width=\"500\" height=\"762\" src=\"https:\/\/mairie-splc.fr\/wp-content\/uploads\/2020\/10\/074_hotel-combret-2.jpg\" alt=\"\" data-id=\"209\" data-full-url=\"https:\/\/mairie-splc.fr\/wp-content\/uploads\/2020\/10\/074_hotel-combret-2.jpg\" data-link=\"https:\/\/mairie-splc.fr\/?attachment_id=209\" class=\"wp-image-209\" srcset=\"https:\/\/mairie-splc.fr\/wp-content\/uploads\/2020\/10\/074_hotel-combret-2.jpg 500w, https:\/\/mairie-splc.fr\/wp-content\/uploads\/2020\/10\/074_hotel-combret-2-197x300.jpg 197w\" sizes=\"(max-width: 500px) 100vw, 500px\" \/><\/figure><\/li><li class=\"blocks-gallery-item\"><figure><img loading=\"lazy\" decoding=\"async\" width=\"500\" height=\"759\" src=\"https:\/\/mairie-splc.fr\/wp-content\/uploads\/2020\/10\/075_hotel-Combret.jpg\" alt=\"\" data-id=\"210\" data-full-url=\"https:\/\/mairie-splc.fr\/wp-content\/uploads\/2020\/10\/075_hotel-Combret.jpg\" data-link=\"https:\/\/mairie-splc.fr\/?attachment_id=210\" class=\"wp-image-210\" srcset=\"https:\/\/mairie-splc.fr\/wp-content\/uploads\/2020\/10\/075_hotel-Combret.jpg 500w, https:\/\/mairie-splc.fr\/wp-content\/uploads\/2020\/10\/075_hotel-Combret-198x300.jpg 198w\" sizes=\"(max-width: 500px) 100vw, 500px\" \/><\/figure><\/li><\/ul><\/figure>\n\n\n\n<figure class=\"wp-block-gallery columns-3 is-cropped wp-block-gallery-2 is-layout-flex wp-block-gallery-is-layout-flex\"><ul class=\"blocks-gallery-grid\"><li class=\"blocks-gallery-item\"><figure><img loading=\"lazy\" decoding=\"async\" width=\"709\" height=\"445\" src=\"https:\/\/mairie-splc.fr\/wp-content\/uploads\/2020\/10\/043_chateau-du-theil-2.jpg\" alt=\"\" data-id=\"211\" data-full-url=\"https:\/\/mairie-splc.fr\/wp-content\/uploads\/2020\/10\/043_chateau-du-theil-2.jpg\" data-link=\"https:\/\/mairie-splc.fr\/?attachment_id=211\" class=\"wp-image-211\" srcset=\"https:\/\/mairie-splc.fr\/wp-content\/uploads\/2020\/10\/043_chateau-du-theil-2.jpg 709w, https:\/\/mairie-splc.fr\/wp-content\/uploads\/2020\/10\/043_chateau-du-theil-2-300x188.jpg 300w\" sizes=\"(max-width: 709px) 100vw, 709px\" \/><\/figure><\/li><li class=\"blocks-gallery-item\"><figure><img loading=\"lazy\" decoding=\"async\" width=\"714\" height=\"500\" src=\"https:\/\/mairie-splc.fr\/wp-content\/uploads\/2020\/10\/046_colonie-de-vacance-de-la-rochelle-2.jpg\" alt=\"\" data-id=\"212\" data-full-url=\"https:\/\/mairie-splc.fr\/wp-content\/uploads\/2020\/10\/046_colonie-de-vacance-de-la-rochelle-2.jpg\" data-link=\"https:\/\/mairie-splc.fr\/?attachment_id=212\" class=\"wp-image-212\" srcset=\"https:\/\/mairie-splc.fr\/wp-content\/uploads\/2020\/10\/046_colonie-de-vacance-de-la-rochelle-2.jpg 714w, https:\/\/mairie-splc.fr\/wp-content\/uploads\/2020\/10\/046_colonie-de-vacance-de-la-rochelle-2-300x210.jpg 300w\" sizes=\"(max-width: 714px) 100vw, 714px\" \/><\/figure><\/li><li class=\"blocks-gallery-item\"><figure><img loading=\"lazy\" decoding=\"async\" width=\"498\" height=\"340\" src=\"https:\/\/mairie-splc.fr\/wp-content\/uploads\/2020\/10\/047_colonie-de-vacance-de-la-rochelle-3.jpg\" alt=\"\" data-id=\"213\" data-full-url=\"https:\/\/mairie-splc.fr\/wp-content\/uploads\/2020\/10\/047_colonie-de-vacance-de-la-rochelle-3.jpg\" data-link=\"https:\/\/mairie-splc.fr\/?attachment_id=213\" class=\"wp-image-213\" srcset=\"https:\/\/mairie-splc.fr\/wp-content\/uploads\/2020\/10\/047_colonie-de-vacance-de-la-rochelle-3.jpg 498w, https:\/\/mairie-splc.fr\/wp-content\/uploads\/2020\/10\/047_colonie-de-vacance-de-la-rochelle-3-300x205.jpg 300w\" sizes=\"(max-width: 498px) 100vw, 498px\" \/><\/figure><\/li><li class=\"blocks-gallery-item\"><figure><img loading=\"lazy\" decoding=\"async\" width=\"772\" height=\"500\" src=\"https:\/\/mairie-splc.fr\/wp-content\/uploads\/2020\/10\/048_colonie-de-vacance-de-la-Rochelle-4.jpg\" alt=\"\" data-id=\"214\" data-full-url=\"https:\/\/mairie-splc.fr\/wp-content\/uploads\/2020\/10\/048_colonie-de-vacance-de-la-Rochelle-4.jpg\" data-link=\"https:\/\/mairie-splc.fr\/?attachment_id=214\" class=\"wp-image-214\" srcset=\"https:\/\/mairie-splc.fr\/wp-content\/uploads\/2020\/10\/048_colonie-de-vacance-de-la-Rochelle-4.jpg 772w, https:\/\/mairie-splc.fr\/wp-content\/uploads\/2020\/10\/048_colonie-de-vacance-de-la-Rochelle-4-300x194.jpg 300w, https:\/\/mairie-splc.fr\/wp-content\/uploads\/2020\/10\/048_colonie-de-vacance-de-la-Rochelle-4-768x497.jpg 768w\" sizes=\"(max-width: 772px) 100vw, 772px\" \/><\/figure><\/li><li class=\"blocks-gallery-item\"><figure><img loading=\"lazy\" decoding=\"async\" width=\"668\" height=\"439\" src=\"https:\/\/mairie-splc.fr\/wp-content\/uploads\/2020\/10\/049_colonie-de-vacance-de-la-Rochelle.jpg\" alt=\"\" data-id=\"215\" data-full-url=\"https:\/\/mairie-splc.fr\/wp-content\/uploads\/2020\/10\/049_colonie-de-vacance-de-la-Rochelle.jpg\" data-link=\"https:\/\/mairie-splc.fr\/?attachment_id=215\" class=\"wp-image-215\" srcset=\"https:\/\/mairie-splc.fr\/wp-content\/uploads\/2020\/10\/049_colonie-de-vacance-de-la-Rochelle.jpg 668w, https:\/\/mairie-splc.fr\/wp-content\/uploads\/2020\/10\/049_colonie-de-vacance-de-la-Rochelle-300x197.jpg 300w\" sizes=\"(max-width: 668px) 100vw, 668px\" \/><\/figure><\/li><\/ul><figcaption class=\"blocks-gallery-caption\">La colonie du Theil<\/figcaption><\/figure>\n\n\n\n<figure class=\"wp-block-image size-large\"><img loading=\"lazy\" decoding=\"async\" width=\"794\" height=\"500\" src=\"https:\/\/mairie-splc.fr\/wp-content\/uploads\/2020\/10\/041_chateau-de-Pebeyre.jpg\" alt=\"\" class=\"wp-image-216\" srcset=\"https:\/\/mairie-splc.fr\/wp-content\/uploads\/2020\/10\/041_chateau-de-Pebeyre.jpg 794w, https:\/\/mairie-splc.fr\/wp-content\/uploads\/2020\/10\/041_chateau-de-Pebeyre-300x189.jpg 300w, https:\/\/mairie-splc.fr\/wp-content\/uploads\/2020\/10\/041_chateau-de-Pebeyre-768x484.jpg 768w\" sizes=\"(max-width: 794px) 100vw, 794px\" \/><figcaption>Le chateau de Pebeyre<\/figcaption><\/figure>\n\n\n\n<figure class=\"wp-block-image size-large\"><img loading=\"lazy\" decoding=\"async\" width=\"702\" height=\"500\" src=\"https:\/\/mairie-splc.fr\/wp-content\/uploads\/2020\/10\/006-121-cette-maison-date-de-1814-1.jpg\" alt=\"\" class=\"wp-image-217\" srcset=\"https:\/\/mairie-splc.fr\/wp-content\/uploads\/2020\/10\/006-121-cette-maison-date-de-1814-1.jpg 702w, https:\/\/mairie-splc.fr\/wp-content\/uploads\/2020\/10\/006-121-cette-maison-date-de-1814-1-300x214.jpg 300w\" sizes=\"(max-width: 702px) 100vw, 702px\" \/><figcaption>Cette maison fut construite en 1830<\/figcaption><\/figure>\n\n\n\n<figure class=\"wp-block-image size-large\"><img loading=\"lazy\" decoding=\"async\" width=\"500\" height=\"828\" src=\"https:\/\/mairie-splc.fr\/wp-content\/uploads\/2020\/10\/078_.jpg\" alt=\"\" class=\"wp-image-218\" srcset=\"https:\/\/mairie-splc.fr\/wp-content\/uploads\/2020\/10\/078_.jpg 500w, https:\/\/mairie-splc.fr\/wp-content\/uploads\/2020\/10\/078_-181x300.jpg 181w\" sizes=\"(max-width: 500px) 100vw, 500px\" \/><figcaption>Jour d&rsquo;\u00e9lection devant la mairie<\/figcaption><\/figure>\n\n\n\n<figure class=\"wp-block-image size-large\"><img loading=\"lazy\" decoding=\"async\" width=\"741\" height=\"500\" src=\"https:\/\/mairie-splc.fr\/wp-content\/uploads\/2020\/10\/112_reu-PC-1956.jpg\" alt=\"\" class=\"wp-image-219\" srcset=\"https:\/\/mairie-splc.fr\/wp-content\/uploads\/2020\/10\/112_reu-PC-1956.jpg 741w, https:\/\/mairie-splc.fr\/wp-content\/uploads\/2020\/10\/112_reu-PC-1956-300x202.jpg 300w\" sizes=\"(max-width: 741px) 100vw, 741px\" \/><figcaption>R\u00e9union du Parti Communiste en 1957<\/figcaption><\/figure>\n\n\n\n<p>si vous poss\u00e9dez des photographies du patrimoine de Saint Pardoux vous pouvez nous les adresser \u00e0 la mairie, apr\u00e8s un scan nous vous les restituerons et elles pourront enrichir cette exposition virtuelle.<\/p>\n\n\n\n<p><\/p>\n","protected":false},"excerpt":{"rendered":"<p>A Saint Pardoux la Croisille, le b\u00e2ti ancien est souvent bien conserv\u00e9 et h\u00e9rit\u00e9 de la soci\u00e9t\u00e9 paysanne qui yvivait nagu\u00e8re. Des demeures prestigieuses comme le ch\u00e2teau de Pebeyre (XII\u00e8me si\u00e8cle) ou le ch\u00e2teau duTheil, font \u00e9galement partie du patrimoine. L\u2019\u00e9glise, la fontaine, les fournils, les s\u00e9choirs \u00e0 ch\u00e2taignes, le lavoir, ou le moulin sont [&hellip;]<\/p>\n","protected":false},"author":1,"featured_media":0,"parent":134,"menu_order":3,"comment_status":"closed","ping_status":"closed","template":"","meta":{"site-sidebar-layout":"default","site-content-layout":"default","ast-site-content-layout":"default","site-content-style":"default","site-sidebar-style":"default","ast-global-header-display":"","ast-banner-title-visibility":"","ast-main-header-display":"","ast-hfb-above-header-display":"","ast-hfb-below-header-display":"","ast-hfb-mobile-header-display":"","site-post-title":"","ast-breadcrumbs-content":"","ast-featured-img":"","footer-sml-layout":"","ast-disable-related-posts":"","theme-transparent-header-meta":"default","adv-header-id-meta":"","stick-header-meta":"","header-above-stick-meta":"","header-main-stick-meta":"","header-below-stick-meta":"","astra-migrate-meta-layouts":"default","ast-page-background-enabled":"default","ast-page-background-meta":{"desktop":{"background-color":"","background-image":"","background-repeat":"repeat","background-position":"center center","background-size":"auto","background-attachment":"scroll","background-type":"","background-media":"","overlay-type":"","overlay-color":"","overlay-opacity":"","overlay-gradient":""},"tablet":{"background-color":"","background-image":"","background-repeat":"repeat","background-position":"center center","background-size":"auto","background-attachment":"scroll","background-type":"","background-media":"","overlay-type":"","overlay-color":"","overlay-opacity":"","overlay-gradient":""},"mobile":{"background-color":"","background-image":"","background-repeat":"repeat","background-position":"center center","background-size":"auto","background-attachment":"scroll","background-type":"","background-media":"","overlay-type":"","overlay-color":"","overlay-opacity":"","overlay-gradient":""}},"ast-content-background-meta":{"desktop":{"background-color":"var(--ast-global-color-5)","background-image":"","background-repeat":"repeat","background-position":"center center","background-size":"auto","background-attachment":"scroll","background-type":"","background-media":"","overlay-type":"","overlay-color":"","overlay-opacity":"","overlay-gradient":""},"tablet":{"background-color":"var(--ast-global-color-5)","background-image":"","background-repeat":"repeat","background-position":"center center","background-size":"auto","background-attachment":"scroll","background-type":"","background-media":"","overlay-type":"","overlay-color":"","overlay-opacity":"","overlay-gradient":""},"mobile":{"background-color":"var(--ast-global-color-5)","background-image":"","background-repeat":"repeat","background-position":"center center","background-size":"auto","background-attachment":"scroll","background-type":"","background-media":"","overlay-type":"","overlay-color":"","overlay-opacity":"","overlay-gradient":""}},"footnotes":""},"class_list":["post-186","page","type-page","status-publish","hentry"],"jetpack_sharing_enabled":true,"_links":{"self":[{"href":"https:\/\/mairie-splc.fr\/index.php\/wp-json\/wp\/v2\/pages\/186","targetHints":{"allow":["GET"]}}],"collection":[{"href":"https:\/\/mairie-splc.fr\/index.php\/wp-json\/wp\/v2\/pages"}],"about":[{"href":"https:\/\/mairie-splc.fr\/index.php\/wp-json\/wp\/v2\/types\/page"}],"author":[{"embeddable":true,"href":"https:\/\/mairie-splc.fr\/index.php\/wp-json\/wp\/v2\/users\/1"}],"replies":[{"embeddable":true,"href":"https:\/\/mairie-splc.fr\/index.php\/wp-json\/wp\/v2\/comments?post=186"}],"version-history":[{"count":3,"href":"https:\/\/mairie-splc.fr\/index.php\/wp-json\/wp\/v2\/pages\/186\/revisions"}],"predecessor-version":[{"id":223,"href":"https:\/\/mairie-splc.fr\/index.php\/wp-json\/wp\/v2\/pages\/186\/revisions\/223"}],"up":[{"embeddable":true,"href":"https:\/\/mairie-splc.fr\/index.php\/wp-json\/wp\/v2\/pages\/134"}],"wp:attachment":[{"href":"https:\/\/mairie-splc.fr\/index.php\/wp-json\/wp\/v2\/media?parent=186"}],"curies":[{"name":"wp","href":"https:\/\/api.w.org\/{rel}","templated":true}]}}