{"id":294,"date":"2020-11-01T10:50:20","date_gmt":"2020-11-01T09:50:20","guid":{"rendered":"http:\/\/mairie-splc.fr\/?page_id=294"},"modified":"2020-11-01T11:53:56","modified_gmt":"2020-11-01T10:53:56","slug":"le-trans-correzien","status":"publish","type":"page","link":"https:\/\/mairie-splc.fr\/index.php\/expositions\/memoires-de-villages\/le-trans-correzien\/","title":{"rendered":"Le trans-corr\u00e9zien"},"content":{"rendered":"\n<p>Ce train \u00e0 voies \u00e9troites, est appel\u00e9 aussi \u00ab\u00a0le tacot\u00a0\u00bb ou \u00ab\u00a0le train des caillades\u00a0\u00bb, parce qu&rsquo;il permettait aux agricultrices d&rsquo;amener leur production agricole sur les march\u00e9s des villes. Il a fonctionn\u00e9 de 1912 \u00e0 1960 et a permis un d\u00e9veloppement \u00e9conomique de l&rsquo;agriculture et du tourisme. Les habitants de Saint Pardoux prenaient le train \u00e0 la gare de Clergoux ou \u00e0 celle des Chemineaux. Pendant la guerre, il \u00e9tait \u00e9troitement surveill\u00e9 par les allemands et les gendarmes fran\u00e7ais aux sorties de Tulle mais aussi par les maquisards dans les gares suivantes, pour s&rsquo;assurer qu&rsquo;il ne transporte pas d&rsquo;espion venu rep\u00e9rer les emplacements des camps de la R\u00e9sistance sur notre plateau.<br>Le tacot \u00e9tait un lieu de convivialit\u00e9 pour les passagers. Quand il d\u00e9raillait les gens descendaient du train pour aider les m\u00e9caniciens \u00e0 le r\u00e9parer et le remettre sur ses rails (certains jeunes en faisaient un jeu). Il transportait aussi des marchandises comme du bois, de la paille, des ch\u00e2taignes\u2026<\/p>\n\n\n\n<figure class=\"wp-block-gallery columns-3 is-cropped wp-block-gallery-1 is-layout-flex wp-block-gallery-is-layout-flex\"><ul class=\"blocks-gallery-grid\"><li class=\"blocks-gallery-item\"><figure><img fetchpriority=\"high\" decoding=\"async\" width=\"636\" height=\"500\" src=\"https:\/\/mairie-splc.fr\/wp-content\/uploads\/2020\/11\/019-133-gare-de-saint-pardoux-1960.jpg\" alt=\"\" data-id=\"295\" data-full-url=\"https:\/\/mairie-splc.fr\/wp-content\/uploads\/2020\/11\/019-133-gare-de-saint-pardoux-1960.jpg\" data-link=\"https:\/\/mairie-splc.fr\/?attachment_id=295\" class=\"wp-image-295\" srcset=\"https:\/\/mairie-splc.fr\/wp-content\/uploads\/2020\/11\/019-133-gare-de-saint-pardoux-1960.jpg 636w, https:\/\/mairie-splc.fr\/wp-content\/uploads\/2020\/11\/019-133-gare-de-saint-pardoux-1960-300x236.jpg 300w\" sizes=\"(max-width: 636px) 100vw, 636px\" \/><\/figure><\/li><li class=\"blocks-gallery-item\"><figure><img decoding=\"async\" width=\"678\" height=\"500\" src=\"https:\/\/mairie-splc.fr\/wp-content\/uploads\/2020\/11\/020-134.jpg\" alt=\"\" data-id=\"296\" data-full-url=\"https:\/\/mairie-splc.fr\/wp-content\/uploads\/2020\/11\/020-134.jpg\" data-link=\"https:\/\/mairie-splc.fr\/?attachment_id=296\" class=\"wp-image-296\" srcset=\"https:\/\/mairie-splc.fr\/wp-content\/uploads\/2020\/11\/020-134.jpg 678w, https:\/\/mairie-splc.fr\/wp-content\/uploads\/2020\/11\/020-134-300x221.jpg 300w\" sizes=\"(max-width: 678px) 100vw, 678px\" \/><\/figure><\/li><li class=\"blocks-gallery-item\"><figure><img decoding=\"async\" width=\"705\" height=\"500\" src=\"https:\/\/mairie-splc.fr\/wp-content\/uploads\/2020\/11\/021-135.jpg\" alt=\"\" data-id=\"297\" data-full-url=\"https:\/\/mairie-splc.fr\/wp-content\/uploads\/2020\/11\/021-135.jpg\" data-link=\"https:\/\/mairie-splc.fr\/?attachment_id=297\" class=\"wp-image-297\" srcset=\"https:\/\/mairie-splc.fr\/wp-content\/uploads\/2020\/11\/021-135.jpg 705w, https:\/\/mairie-splc.fr\/wp-content\/uploads\/2020\/11\/021-135-300x213.jpg 300w\" sizes=\"(max-width: 705px) 100vw, 705px\" \/><\/figure><\/li><li class=\"blocks-gallery-item\"><figure><img loading=\"lazy\" decoding=\"async\" width=\"841\" height=\"500\" src=\"https:\/\/mairie-splc.fr\/wp-content\/uploads\/2020\/11\/22-Bois-gare-de-SPLC.jpg\" alt=\"\" data-id=\"298\" data-full-url=\"https:\/\/mairie-splc.fr\/wp-content\/uploads\/2020\/11\/22-Bois-gare-de-SPLC.jpg\" data-link=\"https:\/\/mairie-splc.fr\/?attachment_id=298\" class=\"wp-image-298\" srcset=\"https:\/\/mairie-splc.fr\/wp-content\/uploads\/2020\/11\/22-Bois-gare-de-SPLC.jpg 841w, https:\/\/mairie-splc.fr\/wp-content\/uploads\/2020\/11\/22-Bois-gare-de-SPLC-300x178.jpg 300w, https:\/\/mairie-splc.fr\/wp-content\/uploads\/2020\/11\/22-Bois-gare-de-SPLC-768x457.jpg 768w\" sizes=\"(max-width: 841px) 100vw, 841px\" \/><\/figure><\/li><li class=\"blocks-gallery-item\"><figure><img loading=\"lazy\" decoding=\"async\" width=\"704\" height=\"500\" src=\"https:\/\/mairie-splc.fr\/wp-content\/uploads\/2020\/11\/24_Chemineaux2.jpg\" alt=\"\" data-id=\"299\" data-full-url=\"https:\/\/mairie-splc.fr\/wp-content\/uploads\/2020\/11\/24_Chemineaux2.jpg\" data-link=\"https:\/\/mairie-splc.fr\/?attachment_id=299\" class=\"wp-image-299\" srcset=\"https:\/\/mairie-splc.fr\/wp-content\/uploads\/2020\/11\/24_Chemineaux2.jpg 704w, https:\/\/mairie-splc.fr\/wp-content\/uploads\/2020\/11\/24_Chemineaux2-300x213.jpg 300w\" sizes=\"(max-width: 704px) 100vw, 704px\" \/><\/figure><\/li><\/ul><figcaption class=\"blocks-gallery-caption\">La gare des chemineaux<\/figcaption><\/figure>\n\n\n\n<figure class=\"wp-block-gallery columns-3 is-cropped wp-block-gallery-2 is-layout-flex wp-block-gallery-is-layout-flex\"><ul class=\"blocks-gallery-grid\"><li class=\"blocks-gallery-item\"><figure><img loading=\"lazy\" decoding=\"async\" width=\"936\" height=\"500\" src=\"https:\/\/mairie-splc.fr\/wp-content\/uploads\/2020\/11\/25_Chemineaux3.jpg\" alt=\"\" data-id=\"300\" data-full-url=\"https:\/\/mairie-splc.fr\/wp-content\/uploads\/2020\/11\/25_Chemineaux3.jpg\" data-link=\"https:\/\/mairie-splc.fr\/?attachment_id=300\" class=\"wp-image-300\" srcset=\"https:\/\/mairie-splc.fr\/wp-content\/uploads\/2020\/11\/25_Chemineaux3.jpg 936w, https:\/\/mairie-splc.fr\/wp-content\/uploads\/2020\/11\/25_Chemineaux3-300x160.jpg 300w, https:\/\/mairie-splc.fr\/wp-content\/uploads\/2020\/11\/25_Chemineaux3-768x410.jpg 768w\" sizes=\"(max-width: 936px) 100vw, 936px\" \/><\/figure><\/li><li class=\"blocks-gallery-item\"><figure><img loading=\"lazy\" decoding=\"async\" width=\"659\" height=\"500\" src=\"https:\/\/mairie-splc.fr\/wp-content\/uploads\/2020\/11\/26_transport-de-bois.jpg\" alt=\"\" data-id=\"301\" data-full-url=\"https:\/\/mairie-splc.fr\/wp-content\/uploads\/2020\/11\/26_transport-de-bois.jpg\" data-link=\"https:\/\/mairie-splc.fr\/?attachment_id=301\" class=\"wp-image-301\" srcset=\"https:\/\/mairie-splc.fr\/wp-content\/uploads\/2020\/11\/26_transport-de-bois.jpg 659w, https:\/\/mairie-splc.fr\/wp-content\/uploads\/2020\/11\/26_transport-de-bois-300x228.jpg 300w\" sizes=\"(max-width: 659px) 100vw, 659px\" \/><\/figure><\/li><li class=\"blocks-gallery-item\"><figure><img loading=\"lazy\" decoding=\"async\" width=\"795\" height=\"500\" src=\"https:\/\/mairie-splc.fr\/wp-content\/uploads\/2020\/11\/27_transport-de-marchandises-Chemineaux.jpg\" alt=\"\" data-id=\"302\" data-full-url=\"https:\/\/mairie-splc.fr\/wp-content\/uploads\/2020\/11\/27_transport-de-marchandises-Chemineaux.jpg\" data-link=\"https:\/\/mairie-splc.fr\/?attachment_id=302\" class=\"wp-image-302\" srcset=\"https:\/\/mairie-splc.fr\/wp-content\/uploads\/2020\/11\/27_transport-de-marchandises-Chemineaux.jpg 795w, https:\/\/mairie-splc.fr\/wp-content\/uploads\/2020\/11\/27_transport-de-marchandises-Chemineaux-300x189.jpg 300w, https:\/\/mairie-splc.fr\/wp-content\/uploads\/2020\/11\/27_transport-de-marchandises-Chemineaux-768x483.jpg 768w\" sizes=\"(max-width: 795px) 100vw, 795px\" \/><\/figure><\/li><li class=\"blocks-gallery-item\"><figure><img loading=\"lazy\" decoding=\"async\" width=\"784\" height=\"500\" src=\"https:\/\/mairie-splc.fr\/wp-content\/uploads\/2020\/11\/086_le-tacot-1.jpg\" alt=\"\" data-id=\"303\" data-full-url=\"https:\/\/mairie-splc.fr\/wp-content\/uploads\/2020\/11\/086_le-tacot-1.jpg\" data-link=\"https:\/\/mairie-splc.fr\/?attachment_id=303\" class=\"wp-image-303\" srcset=\"https:\/\/mairie-splc.fr\/wp-content\/uploads\/2020\/11\/086_le-tacot-1.jpg 784w, https:\/\/mairie-splc.fr\/wp-content\/uploads\/2020\/11\/086_le-tacot-1-300x191.jpg 300w, https:\/\/mairie-splc.fr\/wp-content\/uploads\/2020\/11\/086_le-tacot-1-768x490.jpg 768w\" sizes=\"(max-width: 784px) 100vw, 784px\" \/><\/figure><\/li><li class=\"blocks-gallery-item\"><figure><img loading=\"lazy\" decoding=\"async\" width=\"470\" height=\"340\" src=\"https:\/\/mairie-splc.fr\/wp-content\/uploads\/2020\/11\/088_le-transcorrezien-bois.jpg\" alt=\"\" data-id=\"304\" data-full-url=\"https:\/\/mairie-splc.fr\/wp-content\/uploads\/2020\/11\/088_le-transcorrezien-bois.jpg\" data-link=\"https:\/\/mairie-splc.fr\/?attachment_id=304\" class=\"wp-image-304\" srcset=\"https:\/\/mairie-splc.fr\/wp-content\/uploads\/2020\/11\/088_le-transcorrezien-bois.jpg 470w, https:\/\/mairie-splc.fr\/wp-content\/uploads\/2020\/11\/088_le-transcorrezien-bois-300x217.jpg 300w\" sizes=\"(max-width: 470px) 100vw, 470px\" \/><\/figure><\/li><li class=\"blocks-gallery-item\"><figure><img loading=\"lazy\" decoding=\"async\" width=\"475\" height=\"340\" src=\"https:\/\/mairie-splc.fr\/wp-content\/uploads\/2020\/11\/089_le-transcorrezien-voyageur.jpg\" alt=\"\" data-id=\"305\" data-full-url=\"https:\/\/mairie-splc.fr\/wp-content\/uploads\/2020\/11\/089_le-transcorrezien-voyageur.jpg\" data-link=\"https:\/\/mairie-splc.fr\/?attachment_id=305\" class=\"wp-image-305\" srcset=\"https:\/\/mairie-splc.fr\/wp-content\/uploads\/2020\/11\/089_le-transcorrezien-voyageur.jpg 475w, https:\/\/mairie-splc.fr\/wp-content\/uploads\/2020\/11\/089_le-transcorrezien-voyageur-300x215.jpg 300w\" sizes=\"(max-width: 475px) 100vw, 475px\" \/><\/figure><\/li><li class=\"blocks-gallery-item\"><figure><img loading=\"lazy\" decoding=\"async\" width=\"476\" height=\"350\" src=\"https:\/\/mairie-splc.fr\/wp-content\/uploads\/2020\/11\/090_le-transcorrezien.jpg\" alt=\"\" data-id=\"306\" data-full-url=\"https:\/\/mairie-splc.fr\/wp-content\/uploads\/2020\/11\/090_le-transcorrezien.jpg\" data-link=\"https:\/\/mairie-splc.fr\/?attachment_id=306\" class=\"wp-image-306\" srcset=\"https:\/\/mairie-splc.fr\/wp-content\/uploads\/2020\/11\/090_le-transcorrezien.jpg 476w, https:\/\/mairie-splc.fr\/wp-content\/uploads\/2020\/11\/090_le-transcorrezien-300x221.jpg 300w\" sizes=\"(max-width: 476px) 100vw, 476px\" \/><\/figure><\/li><li class=\"blocks-gallery-item\"><figure><img loading=\"lazy\" decoding=\"async\" width=\"192\" height=\"140\" src=\"https:\/\/mairie-splc.fr\/wp-content\/uploads\/2020\/11\/091_le_transcorrezien.jpg\" alt=\"\" data-id=\"307\" data-full-url=\"https:\/\/mairie-splc.fr\/wp-content\/uploads\/2020\/11\/091_le_transcorrezien.jpg\" data-link=\"https:\/\/mairie-splc.fr\/?attachment_id=307\" class=\"wp-image-307\"\/><\/figure><\/li><\/ul><figcaption class=\"blocks-gallery-caption\">Un train de marchandises et de voyageurs<\/figcaption><\/figure>\n\n\n\n<figure class=\"wp-block-gallery columns-3 is-cropped wp-block-gallery-3 is-layout-flex wp-block-gallery-is-layout-flex\"><ul class=\"blocks-gallery-grid\"><li class=\"blocks-gallery-item\"><figure><img loading=\"lazy\" decoding=\"async\" width=\"476\" height=\"330\" src=\"https:\/\/mairie-splc.fr\/wp-content\/uploads\/2020\/11\/087_le-tacot-2.jpg\" alt=\"\" data-id=\"308\" data-full-url=\"https:\/\/mairie-splc.fr\/wp-content\/uploads\/2020\/11\/087_le-tacot-2.jpg\" data-link=\"https:\/\/mairie-splc.fr\/?attachment_id=308\" class=\"wp-image-308\" srcset=\"https:\/\/mairie-splc.fr\/wp-content\/uploads\/2020\/11\/087_le-tacot-2.jpg 476w, https:\/\/mairie-splc.fr\/wp-content\/uploads\/2020\/11\/087_le-tacot-2-300x208.jpg 300w\" sizes=\"(max-width: 476px) 100vw, 476px\" \/><\/figure><\/li><li class=\"blocks-gallery-item\"><figure><img loading=\"lazy\" decoding=\"async\" width=\"795\" height=\"347\" src=\"https:\/\/mairie-splc.fr\/wp-content\/uploads\/2020\/11\/098_passage-du-tramway-juste-avant-la-mise-en-eau-du-lac-de-la-Valette-au-loin-lancien-pont-hors-service.jpg\" alt=\"\" data-id=\"309\" data-full-url=\"https:\/\/mairie-splc.fr\/wp-content\/uploads\/2020\/11\/098_passage-du-tramway-juste-avant-la-mise-en-eau-du-lac-de-la-Valette-au-loin-lancien-pont-hors-service.jpg\" data-link=\"https:\/\/mairie-splc.fr\/?attachment_id=309\" class=\"wp-image-309\" srcset=\"https:\/\/mairie-splc.fr\/wp-content\/uploads\/2020\/11\/098_passage-du-tramway-juste-avant-la-mise-en-eau-du-lac-de-la-Valette-au-loin-lancien-pont-hors-service.jpg 795w, https:\/\/mairie-splc.fr\/wp-content\/uploads\/2020\/11\/098_passage-du-tramway-juste-avant-la-mise-en-eau-du-lac-de-la-Valette-au-loin-lancien-pont-hors-service-300x131.jpg 300w, https:\/\/mairie-splc.fr\/wp-content\/uploads\/2020\/11\/098_passage-du-tramway-juste-avant-la-mise-en-eau-du-lac-de-la-Valette-au-loin-lancien-pont-hors-service-768x335.jpg 768w\" sizes=\"(max-width: 795px) 100vw, 795px\" \/><\/figure><\/li><li class=\"blocks-gallery-item\"><figure><img loading=\"lazy\" decoding=\"async\" width=\"479\" height=\"350\" src=\"https:\/\/mairie-splc.fr\/wp-content\/uploads\/2020\/11\/127_traverse-marcillac-la-croisille.jpg\" alt=\"\" data-id=\"310\" data-full-url=\"https:\/\/mairie-splc.fr\/wp-content\/uploads\/2020\/11\/127_traverse-marcillac-la-croisille.jpg\" data-link=\"https:\/\/mairie-splc.fr\/?attachment_id=310\" class=\"wp-image-310\" srcset=\"https:\/\/mairie-splc.fr\/wp-content\/uploads\/2020\/11\/127_traverse-marcillac-la-croisille.jpg 479w, https:\/\/mairie-splc.fr\/wp-content\/uploads\/2020\/11\/127_traverse-marcillac-la-croisille-300x219.jpg 300w\" sizes=\"(max-width: 479px) 100vw, 479px\" \/><\/figure><\/li><\/ul><figcaption class=\"blocks-gallery-caption\">Le transcorr\u00e9zien passe le pont de Lantourne pour arriver \u00e0 Marcillac<\/figcaption><\/figure>\n\n\n\n<figure class=\"wp-block-gallery columns-2 is-cropped wp-block-gallery-4 is-layout-flex wp-block-gallery-is-layout-flex\"><ul class=\"blocks-gallery-grid\"><li class=\"blocks-gallery-item\"><figure><img loading=\"lazy\" decoding=\"async\" width=\"500\" height=\"639\" src=\"https:\/\/mairie-splc.fr\/wp-content\/uploads\/2020\/11\/1038_billet-du-tacot-1950.jpg\" alt=\"\" data-id=\"311\" data-full-url=\"https:\/\/mairie-splc.fr\/wp-content\/uploads\/2020\/11\/1038_billet-du-tacot-1950.jpg\" data-link=\"https:\/\/mairie-splc.fr\/?attachment_id=311\" class=\"wp-image-311\" srcset=\"https:\/\/mairie-splc.fr\/wp-content\/uploads\/2020\/11\/1038_billet-du-tacot-1950.jpg 500w, https:\/\/mairie-splc.fr\/wp-content\/uploads\/2020\/11\/1038_billet-du-tacot-1950-235x300.jpg 235w\" sizes=\"(max-width: 500px) 100vw, 500px\" \/><\/figure><\/li><li class=\"blocks-gallery-item\"><figure><img loading=\"lazy\" decoding=\"async\" width=\"500\" height=\"673\" src=\"https:\/\/mairie-splc.fr\/wp-content\/uploads\/2020\/11\/1039_billet-du-tacot.jpg\" alt=\"\" data-id=\"312\" data-full-url=\"https:\/\/mairie-splc.fr\/wp-content\/uploads\/2020\/11\/1039_billet-du-tacot.jpg\" data-link=\"https:\/\/mairie-splc.fr\/?attachment_id=312\" class=\"wp-image-312\" srcset=\"https:\/\/mairie-splc.fr\/wp-content\/uploads\/2020\/11\/1039_billet-du-tacot.jpg 500w, https:\/\/mairie-splc.fr\/wp-content\/uploads\/2020\/11\/1039_billet-du-tacot-223x300.jpg 223w\" sizes=\"(max-width: 500px) 100vw, 500px\" \/><\/figure><\/li><\/ul><figcaption class=\"blocks-gallery-caption\">Avez-vous votre billet ?<\/figcaption><\/figure>\n\n\n\n<figure class=\"wp-block-image size-large is-resized\"><img loading=\"lazy\" decoding=\"async\" src=\"https:\/\/mairie-splc.fr\/wp-content\/uploads\/2020\/11\/1045_chemin-du-tacot.jpg\" alt=\"\" class=\"wp-image-313\" width=\"704\" height=\"429\" srcset=\"https:\/\/mairie-splc.fr\/wp-content\/uploads\/2020\/11\/1045_chemin-du-tacot.jpg 379w, https:\/\/mairie-splc.fr\/wp-content\/uploads\/2020\/11\/1045_chemin-du-tacot-300x183.jpg 300w\" sizes=\"(max-width: 704px) 100vw, 704px\" \/><figcaption>Les itin\u00e9raires ferroviaires<\/figcaption><\/figure>\n\n\n\n<p><\/p>\n\n\n\n<p><\/p>\n\n\n\n<p><\/p>\n","protected":false},"excerpt":{"rendered":"<p>Ce train \u00e0 voies \u00e9troites, est appel\u00e9 aussi \u00ab\u00a0le tacot\u00a0\u00bb ou \u00ab\u00a0le train des caillades\u00a0\u00bb, parce qu&rsquo;il permettait aux agricultrices d&rsquo;amener leur production agricole sur les march\u00e9s des villes. Il a fonctionn\u00e9 de 1912 \u00e0 1960 et a permis un d\u00e9veloppement \u00e9conomique de l&rsquo;agriculture et du tourisme. Les habitants de Saint Pardoux prenaient le train [&hellip;]<\/p>\n","protected":false},"author":1,"featured_media":0,"parent":134,"menu_order":3,"comment_status":"closed","ping_status":"closed","template":"","meta":{"site-sidebar-layout":"default","site-content-layout":"default","ast-site-content-layout":"default","site-content-style":"default","site-sidebar-style":"default","ast-global-header-display":"","ast-banner-title-visibility":"","ast-main-header-display":"","ast-hfb-above-header-display":"","ast-hfb-below-header-display":"","ast-hfb-mobile-header-display":"","site-post-title":"","ast-breadcrumbs-content":"","ast-featured-img":"","footer-sml-layout":"","ast-disable-related-posts":"","theme-transparent-header-meta":"default","adv-header-id-meta":"","stick-header-meta":"","header-above-stick-meta":"","header-main-stick-meta":"","header-below-stick-meta":"","astra-migrate-meta-layouts":"default","ast-page-background-enabled":"default","ast-page-background-meta":{"desktop":{"background-color":"","background-image":"","background-repeat":"repeat","background-position":"center center","background-size":"auto","background-attachment":"scroll","background-type":"","background-media":"","overlay-type":"","overlay-color":"","overlay-opacity":"","overlay-gradient":""},"tablet":{"background-color":"","background-image":"","background-repeat":"repeat","background-position":"center center","background-size":"auto","background-attachment":"scroll","background-type":"","background-media":"","overlay-type":"","overlay-color":"","overlay-opacity":"","overlay-gradient":""},"mobile":{"background-color":"","background-image":"","background-repeat":"repeat","background-position":"center center","background-size":"auto","background-attachment":"scroll","background-type":"","background-media":"","overlay-type":"","overlay-color":"","overlay-opacity":"","overlay-gradient":""}},"ast-content-background-meta":{"desktop":{"background-color":"var(--ast-global-color-5)","background-image":"","background-repeat":"repeat","background-position":"center center","background-size":"auto","background-attachment":"scroll","background-type":"","background-media":"","overlay-type":"","overlay-color":"","overlay-opacity":"","overlay-gradient":""},"tablet":{"background-color":"var(--ast-global-color-5)","background-image":"","background-repeat":"repeat","background-position":"center center","background-size":"auto","background-attachment":"scroll","background-type":"","background-media":"","overlay-type":"","overlay-color":"","overlay-opacity":"","overlay-gradient":""},"mobile":{"background-color":"var(--ast-global-color-5)","background-image":"","background-repeat":"repeat","background-position":"center center","background-size":"auto","background-attachment":"scroll","background-type":"","background-media":"","overlay-type":"","overlay-color":"","overlay-opacity":"","overlay-gradient":""}},"footnotes":""},"class_list":["post-294","page","type-page","status-publish","hentry"],"jetpack_sharing_enabled":true,"_links":{"self":[{"href":"https:\/\/mairie-splc.fr\/index.php\/wp-json\/wp\/v2\/pages\/294","targetHints":{"allow":["GET"]}}],"collection":[{"href":"https:\/\/mairie-splc.fr\/index.php\/wp-json\/wp\/v2\/pages"}],"about":[{"href":"https:\/\/mairie-splc.fr\/index.php\/wp-json\/wp\/v2\/types\/page"}],"author":[{"embeddable":true,"href":"https:\/\/mairie-splc.fr\/index.php\/wp-json\/wp\/v2\/users\/1"}],"replies":[{"embeddable":true,"href":"https:\/\/mairie-splc.fr\/index.php\/wp-json\/wp\/v2\/comments?post=294"}],"version-history":[{"count":2,"href":"https:\/\/mairie-splc.fr\/index.php\/wp-json\/wp\/v2\/pages\/294\/revisions"}],"predecessor-version":[{"id":356,"href":"https:\/\/mairie-splc.fr\/index.php\/wp-json\/wp\/v2\/pages\/294\/revisions\/356"}],"up":[{"embeddable":true,"href":"https:\/\/mairie-splc.fr\/index.php\/wp-json\/wp\/v2\/pages\/134"}],"wp:attachment":[{"href":"https:\/\/mairie-splc.fr\/index.php\/wp-json\/wp\/v2\/media?parent=294"}],"curies":[{"name":"wp","href":"https:\/\/api.w.org\/{rel}","templated":true}]}}