{"id":318,"date":"2020-11-01T11:09:15","date_gmt":"2020-11-01T10:09:15","guid":{"rendered":"http:\/\/mairie-splc.fr\/?page_id=318"},"modified":"2020-11-01T11:09:17","modified_gmt":"2020-11-01T10:09:17","slug":"lhotel-beau-site","status":"publish","type":"page","link":"https:\/\/mairie-splc.fr\/index.php\/lhotel-beau-site\/","title":{"rendered":"L\u2019h\u00f4tel Beau Site"},"content":{"rendered":"\n<p>Monsieur et Madame Tourette construisent en 1927 le premier corps de b\u00e2timent qui devient une pension de famille de 5 \u00e0 6 chambres. L\u2019av\u00e8nement des cong\u00e9s pay\u00e9s en 1936 les am\u00e8nent \u00e0 cr\u00e9er une dizaine de chambres suppl\u00e9mentaires dans les combles pour recevoir des ouvriers en vacances. En 1945, ils construisent le second b\u00e2timent, ils h\u00e9bergent l\u2019\u00e9t\u00e9 jusqu\u2019\u00e0 cent personnes en compl\u00e9tant leur capacit\u00e9 d\u2019accueil chez l\u2019habitant et cr\u00e9ant ainsi de nombreux emplois dans la commune. Leur fils les rejoint apr\u00e8s des \u00e9tudes hoteli\u00e8res. C\u2019est en 1960 qu\u2019une nouvelle construction relie les deux pr\u00e9c\u00e9dentes ils implantent la piscine et le tennis, puis l\u2019\u00e9tang en 1965. La salle de restaurant et une verri\u00e8re viendront s\u2019ajouter au b\u00e2timent. En 1983 Jacques Tourette part en retraite et c\u00e8de le fond de commerce \u00e0 la famille Bidault tout en restant propri\u00e9taire des murs. L\u2019ensemble revendu plusieurs fois est aujourd\u2019hui \u00e0 l\u2019abandon. A une p\u00e9riode o\u00f9 l\u2019emploi agricole subissait une baisse drastique de ses effectifs, l\u2019essor touristique de cet h\u00f4tel a contribu\u00e9 \u00e0 maintenir l\u2019emploi local jusqu\u2019\u00e0 sa fermeture d\u00e9finitive en 2012.<\/p>\n\n\n\n<figure class=\"wp-block-image size-large is-resized\"><img fetchpriority=\"high\" decoding=\"async\" src=\"https:\/\/mairie-splc.fr\/wp-content\/uploads\/2020\/11\/10_pension-Tourette.jpg\" alt=\"\" class=\"wp-image-319\" width=\"668\" height=\"435\" srcset=\"https:\/\/mairie-splc.fr\/wp-content\/uploads\/2020\/11\/10_pension-Tourette.jpg 646w, https:\/\/mairie-splc.fr\/wp-content\/uploads\/2020\/11\/10_pension-Tourette-300x196.jpg 300w\" sizes=\"(max-width: 668px) 100vw, 668px\" \/><figcaption>La premi\u00e8re construction (en 1927) de l&rsquo;h\u00f4tel Beau site de St Pardoux la Croisille<\/figcaption><\/figure>\n\n\n\n<figure class=\"wp-block-image size-large is-resized\"><img decoding=\"async\" src=\"https:\/\/mairie-splc.fr\/wp-content\/uploads\/2020\/11\/076_hotel-le-beau-site-en-2-parties.jpg\" alt=\"\" class=\"wp-image-320\" width=\"671\" height=\"428\" srcset=\"https:\/\/mairie-splc.fr\/wp-content\/uploads\/2020\/11\/076_hotel-le-beau-site-en-2-parties.jpg 566w, https:\/\/mairie-splc.fr\/wp-content\/uploads\/2020\/11\/076_hotel-le-beau-site-en-2-parties-300x191.jpg 300w\" sizes=\"(max-width: 671px) 100vw, 671px\" \/><figcaption>La seconde construction (en 1945) s\u00e9par\u00e9e de la premi\u00e8re par une terrasse<\/figcaption><\/figure>\n\n\n\n<figure class=\"wp-block-image size-large is-resized\"><img decoding=\"async\" src=\"https:\/\/mairie-splc.fr\/wp-content\/uploads\/2020\/11\/084_le-beau-site-2.jpg\" alt=\"\" class=\"wp-image-321\" width=\"670\" height=\"481\" srcset=\"https:\/\/mairie-splc.fr\/wp-content\/uploads\/2020\/11\/084_le-beau-site-2.jpg 454w, https:\/\/mairie-splc.fr\/wp-content\/uploads\/2020\/11\/084_le-beau-site-2-300x215.jpg 300w\" sizes=\"(max-width: 670px) 100vw, 670px\" \/><figcaption>L&rsquo;hotel Beau Site en 1960 apr\u00e8s une nouvelle tranche de travaux <\/figcaption><\/figure>\n\n\n\n<figure class=\"wp-block-gallery columns-3 is-cropped wp-block-gallery-1 is-layout-flex wp-block-gallery-is-layout-flex\"><ul class=\"blocks-gallery-grid\"><li class=\"blocks-gallery-item\"><figure><img loading=\"lazy\" decoding=\"async\" width=\"795\" height=\"562\" src=\"https:\/\/mairie-splc.fr\/wp-content\/uploads\/2020\/11\/085_le-beau-site-vue-aerienne.jpg\" alt=\"\" data-id=\"322\" data-full-url=\"https:\/\/mairie-splc.fr\/wp-content\/uploads\/2020\/11\/085_le-beau-site-vue-aerienne.jpg\" data-link=\"https:\/\/mairie-splc.fr\/?attachment_id=322\" class=\"wp-image-322\" srcset=\"https:\/\/mairie-splc.fr\/wp-content\/uploads\/2020\/11\/085_le-beau-site-vue-aerienne.jpg 795w, https:\/\/mairie-splc.fr\/wp-content\/uploads\/2020\/11\/085_le-beau-site-vue-aerienne-300x212.jpg 300w, https:\/\/mairie-splc.fr\/wp-content\/uploads\/2020\/11\/085_le-beau-site-vue-aerienne-768x543.jpg 768w\" sizes=\"(max-width: 795px) 100vw, 795px\" \/><\/figure><\/li><li class=\"blocks-gallery-item\"><figure><img loading=\"lazy\" decoding=\"async\" width=\"615\" height=\"435\" src=\"https:\/\/mairie-splc.fr\/wp-content\/uploads\/2020\/11\/beausite.jpg\" alt=\"\" data-id=\"323\" data-full-url=\"https:\/\/mairie-splc.fr\/wp-content\/uploads\/2020\/11\/beausite.jpg\" data-link=\"https:\/\/mairie-splc.fr\/?attachment_id=323\" class=\"wp-image-323\" srcset=\"https:\/\/mairie-splc.fr\/wp-content\/uploads\/2020\/11\/beausite.jpg 615w, https:\/\/mairie-splc.fr\/wp-content\/uploads\/2020\/11\/beausite-300x212.jpg 300w\" sizes=\"(max-width: 615px) 100vw, 615px\" \/><\/figure><\/li><li class=\"blocks-gallery-item\"><figure><img loading=\"lazy\" decoding=\"async\" width=\"870\" height=\"611\" src=\"https:\/\/mairie-splc.fr\/wp-content\/uploads\/2020\/11\/Beau-site-1.jpg\" alt=\"\" data-id=\"324\" data-full-url=\"https:\/\/mairie-splc.fr\/wp-content\/uploads\/2020\/11\/Beau-site-1.jpg\" data-link=\"https:\/\/mairie-splc.fr\/?attachment_id=324\" class=\"wp-image-324\" srcset=\"https:\/\/mairie-splc.fr\/wp-content\/uploads\/2020\/11\/Beau-site-1.jpg 870w, https:\/\/mairie-splc.fr\/wp-content\/uploads\/2020\/11\/Beau-site-1-300x211.jpg 300w, https:\/\/mairie-splc.fr\/wp-content\/uploads\/2020\/11\/Beau-site-1-768x539.jpg 768w\" sizes=\"(max-width: 870px) 100vw, 870px\" \/><\/figure><\/li><li class=\"blocks-gallery-item\"><figure><img loading=\"lazy\" decoding=\"async\" width=\"828\" height=\"532\" src=\"https:\/\/mairie-splc.fr\/wp-content\/uploads\/2020\/11\/Beausite-2.jpg\" alt=\"\" data-id=\"325\" data-full-url=\"https:\/\/mairie-splc.fr\/wp-content\/uploads\/2020\/11\/Beausite-2.jpg\" data-link=\"https:\/\/mairie-splc.fr\/?attachment_id=325\" class=\"wp-image-325\" srcset=\"https:\/\/mairie-splc.fr\/wp-content\/uploads\/2020\/11\/Beausite-2.jpg 828w, https:\/\/mairie-splc.fr\/wp-content\/uploads\/2020\/11\/Beausite-2-300x193.jpg 300w, https:\/\/mairie-splc.fr\/wp-content\/uploads\/2020\/11\/Beausite-2-768x493.jpg 768w\" sizes=\"(max-width: 828px) 100vw, 828px\" \/><\/figure><\/li><li class=\"blocks-gallery-item\"><figure><img loading=\"lazy\" decoding=\"async\" width=\"884\" height=\"608\" src=\"https:\/\/mairie-splc.fr\/wp-content\/uploads\/2020\/11\/beausite-3.jpg\" alt=\"\" data-id=\"326\" data-full-url=\"https:\/\/mairie-splc.fr\/wp-content\/uploads\/2020\/11\/beausite-3.jpg\" data-link=\"https:\/\/mairie-splc.fr\/?attachment_id=326\" class=\"wp-image-326\" srcset=\"https:\/\/mairie-splc.fr\/wp-content\/uploads\/2020\/11\/beausite-3.jpg 884w, https:\/\/mairie-splc.fr\/wp-content\/uploads\/2020\/11\/beausite-3-300x206.jpg 300w, https:\/\/mairie-splc.fr\/wp-content\/uploads\/2020\/11\/beausite-3-768x528.jpg 768w\" sizes=\"(max-width: 884px) 100vw, 884px\" \/><\/figure><\/li><li class=\"blocks-gallery-item\"><figure><img loading=\"lazy\" decoding=\"async\" width=\"638\" height=\"446\" src=\"https:\/\/mairie-splc.fr\/wp-content\/uploads\/2020\/11\/Beausite-4.jpg\" alt=\"\" data-id=\"327\" data-full-url=\"https:\/\/mairie-splc.fr\/wp-content\/uploads\/2020\/11\/Beausite-4.jpg\" data-link=\"https:\/\/mairie-splc.fr\/?attachment_id=327\" class=\"wp-image-327\" srcset=\"https:\/\/mairie-splc.fr\/wp-content\/uploads\/2020\/11\/Beausite-4.jpg 638w, https:\/\/mairie-splc.fr\/wp-content\/uploads\/2020\/11\/Beausite-4-300x210.jpg 300w\" sizes=\"(max-width: 638px) 100vw, 638px\" \/><\/figure><\/li><\/ul><\/figure>\n","protected":false},"excerpt":{"rendered":"<p>Monsieur et Madame Tourette construisent en 1927 le premier corps de b\u00e2timent qui devient une pension de famille de 5 \u00e0 6 chambres. L\u2019av\u00e8nement des cong\u00e9s pay\u00e9s en 1936 les am\u00e8nent \u00e0 cr\u00e9er une dizaine de chambres suppl\u00e9mentaires dans les combles pour recevoir des ouvriers en vacances. En 1945, ils construisent le second b\u00e2timent, ils [&hellip;]<\/p>\n","protected":false},"author":1,"featured_media":0,"parent":0,"menu_order":0,"comment_status":"closed","ping_status":"closed","template":"","meta":{"site-sidebar-layout":"default","site-content-layout":"default","ast-site-content-layout":"default","site-content-style":"default","site-sidebar-style":"default","ast-global-header-display":"","ast-banner-title-visibility":"","ast-main-header-display":"","ast-hfb-above-header-display":"","ast-hfb-below-header-display":"","ast-hfb-mobile-header-display":"","site-post-title":"","ast-breadcrumbs-content":"","ast-featured-img":"","footer-sml-layout":"","ast-disable-related-posts":"","theme-transparent-header-meta":"default","adv-header-id-meta":"","stick-header-meta":"","header-above-stick-meta":"","header-main-stick-meta":"","header-below-stick-meta":"","astra-migrate-meta-layouts":"default","ast-page-background-enabled":"default","ast-page-background-meta":{"desktop":{"background-color":"","background-image":"","background-repeat":"repeat","background-position":"center center","background-size":"auto","background-attachment":"scroll","background-type":"","background-media":"","overlay-type":"","overlay-color":"","overlay-opacity":"","overlay-gradient":""},"tablet":{"background-color":"","background-image":"","background-repeat":"repeat","background-position":"center center","background-size":"auto","background-attachment":"scroll","background-type":"","background-media":"","overlay-type":"","overlay-color":"","overlay-opacity":"","overlay-gradient":""},"mobile":{"background-color":"","background-image":"","background-repeat":"repeat","background-position":"center center","background-size":"auto","background-attachment":"scroll","background-type":"","background-media":"","overlay-type":"","overlay-color":"","overlay-opacity":"","overlay-gradient":""}},"ast-content-background-meta":{"desktop":{"background-color":"var(--ast-global-color-5)","background-image":"","background-repeat":"repeat","background-position":"center center","background-size":"auto","background-attachment":"scroll","background-type":"","background-media":"","overlay-type":"","overlay-color":"","overlay-opacity":"","overlay-gradient":""},"tablet":{"background-color":"var(--ast-global-color-5)","background-image":"","background-repeat":"repeat","background-position":"center center","background-size":"auto","background-attachment":"scroll","background-type":"","background-media":"","overlay-type":"","overlay-color":"","overlay-opacity":"","overlay-gradient":""},"mobile":{"background-color":"var(--ast-global-color-5)","background-image":"","background-repeat":"repeat","background-position":"center center","background-size":"auto","background-attachment":"scroll","background-type":"","background-media":"","overlay-type":"","overlay-color":"","overlay-opacity":"","overlay-gradient":""}},"footnotes":""},"class_list":["post-318","page","type-page","status-publish","hentry"],"jetpack_sharing_enabled":true,"_links":{"self":[{"href":"https:\/\/mairie-splc.fr\/index.php\/wp-json\/wp\/v2\/pages\/318","targetHints":{"allow":["GET"]}}],"collection":[{"href":"https:\/\/mairie-splc.fr\/index.php\/wp-json\/wp\/v2\/pages"}],"about":[{"href":"https:\/\/mairie-splc.fr\/index.php\/wp-json\/wp\/v2\/types\/page"}],"author":[{"embeddable":true,"href":"https:\/\/mairie-splc.fr\/index.php\/wp-json\/wp\/v2\/users\/1"}],"replies":[{"embeddable":true,"href":"https:\/\/mairie-splc.fr\/index.php\/wp-json\/wp\/v2\/comments?post=318"}],"version-history":[{"count":1,"href":"https:\/\/mairie-splc.fr\/index.php\/wp-json\/wp\/v2\/pages\/318\/revisions"}],"predecessor-version":[{"id":329,"href":"https:\/\/mairie-splc.fr\/index.php\/wp-json\/wp\/v2\/pages\/318\/revisions\/329"}],"wp:attachment":[{"href":"https:\/\/mairie-splc.fr\/index.php\/wp-json\/wp\/v2\/media?parent=318"}],"curies":[{"name":"wp","href":"https:\/\/api.w.org\/{rel}","templated":true}]}}