{"id":404,"date":"2020-11-04T16:29:03","date_gmt":"2020-11-04T15:29:03","guid":{"rendered":"http:\/\/mairie-splc.fr\/?page_id=404"},"modified":"2026-01-23T11:30:18","modified_gmt":"2026-01-23T10:30:18","slug":"vie-pratique","status":"publish","type":"page","link":"https:\/\/mairie-splc.fr\/index.php\/vie-pratique\/","title":{"rendered":"Vie pratique"},"content":{"rendered":"\n<figure class=\"wp-block-table\"><table><tbody><tr><td><a href=\"https:\/\/patisserie-bouyges19.fr\/\" target=\"_blank\" rel=\"noreferrer noopener\">P\u00e2tisserie Mathias Bouyges<\/a><br>07 85 87 74 72.<br>La Valette 19320 St Pardoux<\/td><td><a href=\"https:\/\/www.facebook.com\/p\/P%C3%A2tisserie-Bouyges-61556247181440\/\" target=\"_blank\" rel=\"noreferrer noopener\">P\u00e2tisseries fines<\/a>, grande vari\u00e9t\u00e9 de g\u00e2teaux. <br>Biscuiterie, Chocolatier, Confiseur, Glacier, Traiteur<br>D\u00e9gustation sur place, Service de livraison, Sur commande, Sur mesure. <br><a href=\"https:\/\/fr.gaultmillau.com\/fr\/artisans\/patisserie-bouyges\">https:\/\/fr.gaultmillau.com\/fr\/artisans\/patisserie-bouyges<\/a><\/td><\/tr><tr><td><\/td><td><\/td><\/tr><tr><td><a rel=\"noreferrer noopener\" href=\"https:\/\/www.facebook.com\/Ferme-Auberge-du-Theillet-731726683616087\/\" target=\"_blank\">Ferme de Theillet<\/a><br>Fr\u00e9d\u00e9rique Theil<br>05 55 29 08 93<\/td><td>Oeufs frais sur place<br>Vente de viande de veau au d\u00e9tail sur place<\/td><\/tr><tr><td>J.L Bouyges<br>La Valette T\u00e9l : 05.55.27.69.48<br>19320 St Pardoux La Croisille<\/td><td>Ma\u00e7onnerie R\u00e9novation<\/td><\/tr><tr><td><a href=\"https:\/\/fr-fr.facebook.com\/Thorinka-Menuiserie-455793018210983\/\" target=\"_blank\" rel=\"noreferrer noopener\">Thorinka Menuiseries<\/a> <br>le Theil<br>07 83 68 59 14<\/td><td>Menuiserie \u00e9b\u00e9nisterie<\/td><\/tr><tr><td>S.T.B R\u00e9novation de l\u2019habitat Laurent Reix<br>Le Theil T\u00e9l : 09.66.43.11.56<br>19320 St Pardoux la Croisille<\/td><td>R\u00e9novation de l\u2019habitat<\/td><\/tr><tr><td><a href=\"https:\/\/lafermedevessejoux.wordpress.com\/\" target=\"_blank\" rel=\"noreferrer noopener\">GAEC La ferme de Vessejoux<\/a><br>C\u00e9line Lafarge et Lionel Riberol<br>Vessejoux T\u00e9l : 05.44.41.07.02<br>19320 St Pardoux La Croisille<\/td><td>Fromage de ch\u00e8vre fermier<br><\/td><\/tr><tr><td>F\u00e9lix Rouchon<br>06 80 53 16 26<br>360 route du fer \u00e0 cheval<br>19320 St Pardoux la Croisille<br><\/td><td>Expert m\u00e9canique v\u00e9lo. <br>Services de r\u00e9parations et d&rsquo;entretien de cycles et petit mat\u00e9riel de motoculture.<\/td><\/tr><tr><td>J.L Soustrot<br>Le Feyt T\u00e9l : 05.55.27.77.38<br>19320 St Pardoux La Croisille<\/td><td>Exploitant forestier<\/td><\/tr><tr><td><a rel=\"noreferrer noopener\" href=\"https:\/\/www.fishing-guide-peche.com\/\" target=\"_blank\">P. Taillard<\/a><br>Charles-haut T\u00e9l : 06.30.38.27.98 <br>19320 St Pardoux La Croisille<br><\/td><td>\u00c9lectricit\u00e9 g\u00e9n\u00e9rale<br>Moniteur guide de p\u00eache <br>Guidage et enseignement <br>de technique de p\u00eache<\/td><\/tr><tr><td>Vincent Massaria<br><\/td><td><a href=\"http:\/\/www.acp-cartographie.fr\" target=\"_blank\" rel=\"noreferrer noopener\">ACP CARTOGRAPHIE <\/a><br>183 chemin de Combe Grande 19320 ST PARDOUX LA CROISILLE<br><a rel=\"noreferrer noopener\" href=\"https:\/\/www.gites-de-france.com\/fr\/nouvelle-aquitaine\/correze\/les-bois-de-cerf-19g5492?adults=2&amp;children=0&amp;infants=0\" target=\"_blank\">Gite de France 2 personnes<\/a> \u00ab\u00a0Les bois du cerf\u00a0\u00bb dans le bourg<\/td><\/tr><tr><td>Ente lavage auto<br>Les chemineaux<br>06 95 16 23 60<\/td><td>Lavage de voitures<\/td><\/tr><tr><td>Mafasca SCI<\/td><td><a rel=\"noreferrer noopener\" href=\"https:\/\/www.gites-de-france.com\/fr\/nouvelle-aquitaine\/correze\/gite-dausina-19g5098?adults=2&amp;children=0&amp;infants=0\" target=\"_blank\">G\u00eete d&rsquo;Ausina<\/a>, deux chambres 5 personnes le Noger.<\/td><\/tr><\/tbody><\/table><figcaption class=\"wp-element-caption\">artisans et commer\u00e7ants de St Pardoux la Croisille<\/figcaption><\/figure>\n\n\n\n<h4 class=\"wp-block-heading\">Artisans et commer\u00e7ants :<\/h4>\n\n\n\n<p><\/p>\n\n\n\n<h2 class=\"wp-block-heading\">Les liens utiles :<\/h2>\n\n\n\n<h3 class=\"wp-block-heading\">Communaut\u00e9 d&rsquo;agglom\u00e9ration <\/h3>\n\n\n\n<p>Tulle Agglo : <a rel=\"noreferrer noopener\" href=\"http:\/\/www.tulleagglo.fr\/tulle-agglo\/le-territoire\" target=\"_blank\">http:\/\/www.tulleagglo.fr\/tulle-agglo\/le-territoire<\/a><\/p>\n\n\n\n<h3 class=\"wp-block-heading\">D\u00e9chetterie de Gros-Chastang<\/h3>\n\n\n\n<p>La Bitarelle<br>19320 Gros-Chastang<br>T\u00e9l : 06 78\u00a0 62 92 09<br>Horaires :<br><strong>Mardi, jeudi, vendredi de 9h \u00e0 midi et 14h \u00e0 18h et samedi matin de 9h \u00e0 midi<\/strong><br><strong>ferm\u00e9e le lundi et le mercredi<\/strong><br><a rel=\"noreferrer noopener\" href=\"http:\/\/agglo-tulle.carte-interactive.net\/#\/p-26203\/dechetterie-de-gros-chastang\" target=\"_blank\">Voir sur la carte<\/a><\/p>\n\n\n\n<h3 class=\"wp-block-heading\">Services Publics<\/h3>\n\n\n\n<p>Pour faire une carte d&rsquo;identit\u00e9 : <a href=\"https:\/\/www.service-public.fr\/particuliers\/vosdroits\/N358\">https:\/\/www.service-public.fr\/particuliers\/vosdroits\/N358<\/a><\/p>\n\n\n\n<p>D\u00e9claration de permis de construire : <a rel=\"noreferrer noopener\" href=\"https:\/\/www.service-public.fr\/particuliers\/vosdroits\/F1986\" target=\"_blank\">https:\/\/www.service-public.fr\/particuliers\/vosdroits\/F1986<\/a><\/p>\n\n\n\n<p>Recensement citoyen : <a rel=\"noreferrer noopener\" href=\"https:\/\/www.service-public.fr\/particuliers\/vosdroits\/F870\" target=\"_blank\">https:\/\/www.service-public.fr\/particuliers\/vosdroits\/F870<\/a><br>Tout jeune Fran\u00e7ais qui a 16 ans doit se faire recenser. Une fois cette obligation accomplie, le jeune re\u00e7oit une <em>attestation de recensement<\/em>. L&rsquo;attestation est \u00e0 pr\u00e9senter lors de certaines d\u00e9marches (inscription au baccalaur\u00e9at avant 18 ans notamment). En cas de perte ou de vol, il est possible de demander une <em>attestation de situation administrative<\/em>. Le recensement militaire permet \u00e0 l&rsquo;administration de convoquer le jeune \u00e0 la journ\u00e9e d\u00e9fense et citoyennet\u00e9 (JDC).<\/p>\n\n\n\n<p><\/p>\n","protected":false},"excerpt":{"rendered":"<p>P\u00e2tisserie Mathias Bouyges07 85 87 74 72.La Valette 19320 St Pardoux P\u00e2tisseries fines, grande vari\u00e9t\u00e9 de g\u00e2teaux. Biscuiterie, Chocolatier, Confiseur, Glacier, TraiteurD\u00e9gustation sur place, Service de livraison, Sur commande, Sur mesure. https:\/\/fr.gaultmillau.com\/fr\/artisans\/patisserie-bouyges Ferme de TheilletFr\u00e9d\u00e9rique Theil05 55 29 08 93 Oeufs frais sur placeVente de viande de veau au d\u00e9tail sur place J.L BouygesLa Valette [&hellip;]<\/p>\n","protected":false},"author":1,"featured_media":0,"parent":0,"menu_order":0,"comment_status":"closed","ping_status":"closed","template":"","meta":{"site-sidebar-layout":"default","site-content-layout":"default","ast-site-content-layout":"default","site-content-style":"default","site-sidebar-style":"default","ast-global-header-display":"","ast-banner-title-visibility":"","ast-main-header-display":"","ast-hfb-above-header-display":"","ast-hfb-below-header-display":"","ast-hfb-mobile-header-display":"","site-post-title":"","ast-breadcrumbs-content":"","ast-featured-img":"","footer-sml-layout":"","ast-disable-related-posts":"","theme-transparent-header-meta":"default","adv-header-id-meta":"","stick-header-meta":"","header-above-stick-meta":"","header-main-stick-meta":"","header-below-stick-meta":"","astra-migrate-meta-layouts":"default","ast-page-background-enabled":"default","ast-page-background-meta":{"desktop":{"background-color":"","background-image":"","background-repeat":"repeat","background-position":"center center","background-size":"auto","background-attachment":"scroll","background-type":"","background-media":"","overlay-type":"","overlay-color":"","overlay-opacity":"","overlay-gradient":""},"tablet":{"background-color":"","background-image":"","background-repeat":"repeat","background-position":"center center","background-size":"auto","background-attachment":"scroll","background-type":"","background-media":"","overlay-type":"","overlay-color":"","overlay-opacity":"","overlay-gradient":""},"mobile":{"background-color":"","background-image":"","background-repeat":"repeat","background-position":"center center","background-size":"auto","background-attachment":"scroll","background-type":"","background-media":"","overlay-type":"","overlay-color":"","overlay-opacity":"","overlay-gradient":""}},"ast-content-background-meta":{"desktop":{"background-color":"var(--ast-global-color-5)","background-image":"","background-repeat":"repeat","background-position":"center center","background-size":"auto","background-attachment":"scroll","background-type":"","background-media":"","overlay-type":"","overlay-color":"","overlay-opacity":"","overlay-gradient":""},"tablet":{"background-color":"var(--ast-global-color-5)","background-image":"","background-repeat":"repeat","background-position":"center center","background-size":"auto","background-attachment":"scroll","background-type":"","background-media":"","overlay-type":"","overlay-color":"","overlay-opacity":"","overlay-gradient":""},"mobile":{"background-color":"var(--ast-global-color-5)","background-image":"","background-repeat":"repeat","background-position":"center center","background-size":"auto","background-attachment":"scroll","background-type":"","background-media":"","overlay-type":"","overlay-color":"","overlay-opacity":"","overlay-gradient":""}},"footnotes":""},"class_list":["post-404","page","type-page","status-publish","hentry"],"jetpack_sharing_enabled":true,"_links":{"self":[{"href":"https:\/\/mairie-splc.fr\/index.php\/wp-json\/wp\/v2\/pages\/404","targetHints":{"allow":["GET"]}}],"collection":[{"href":"https:\/\/mairie-splc.fr\/index.php\/wp-json\/wp\/v2\/pages"}],"about":[{"href":"https:\/\/mairie-splc.fr\/index.php\/wp-json\/wp\/v2\/types\/page"}],"author":[{"embeddable":true,"href":"https:\/\/mairie-splc.fr\/index.php\/wp-json\/wp\/v2\/users\/1"}],"replies":[{"embeddable":true,"href":"https:\/\/mairie-splc.fr\/index.php\/wp-json\/wp\/v2\/comments?post=404"}],"version-history":[{"count":20,"href":"https:\/\/mairie-splc.fr\/index.php\/wp-json\/wp\/v2\/pages\/404\/revisions"}],"predecessor-version":[{"id":1318,"href":"https:\/\/mairie-splc.fr\/index.php\/wp-json\/wp\/v2\/pages\/404\/revisions\/1318"}],"wp:attachment":[{"href":"https:\/\/mairie-splc.fr\/index.php\/wp-json\/wp\/v2\/media?parent=404"}],"curies":[{"name":"wp","href":"https:\/\/api.w.org\/{rel}","templated":true}]}}