{"id":409,"date":"2020-11-04T16:45:38","date_gmt":"2020-11-04T15:45:38","guid":{"rendered":"http:\/\/mairie-splc.fr\/?page_id=409"},"modified":"2021-08-10T22:39:50","modified_gmt":"2021-08-10T20:39:50","slug":"histoire-communale","status":"publish","type":"page","link":"https:\/\/mairie-splc.fr\/index.php\/histoire-communale\/","title":{"rendered":"Histoire communale"},"content":{"rendered":"\n<ul class=\"wp-block-list\"><li><a rel=\"noreferrer noopener\" href=\"https:\/\/mairie-splc.fr\/index.php\/inauguration-salle-des-fetes\/\" target=\"_blank\">Inauguration de la Salle Fran\u00e7ois Miginiac<\/a><\/li><li><a href=\"https:\/\/mairie-splc.fr\/index.php\/monument-aux-morts\/\" target=\"_blank\" rel=\"noreferrer noopener\">Hommage aux victimes des guerres<\/a><\/li><li><a href=\"https:\/\/mairie-splc.fr\/wp-content\/uploads\/2021\/05\/Chateau-Pebeyre.pdf\" target=\"_blank\" rel=\"noreferrer noopener\">Le chateau de Pebeyre (article de la <em>Vie Corr\u00e9zienne<\/em> 28\/05\/2021)<\/a><\/li><\/ul>\n\n\n\n<p>Le site incontournable d&rsquo;informations sur la commune :<br><a rel=\"noreferrer noopener\" href=\"http:\/\/www.saintpardouxlacroisille.net\/\" target=\"_blank\">http:\/\/www.saintpardouxlacroisille.net\/<\/a><br><\/p>\n\n\n\n<p>Un film sur la r\u00e9sistance sur le plateau des \u00e9tangs :<br>Assign\u00e9s \u00e0 R\u00e9sistance, <br>C&rsquo;est Jean Maison, r\u00e9sistant de la premi\u00e8re heure, maire de Clergoux pendant 49 ans et Conseiller G\u00e9n\u00e9ral du canton de La Roche Canillac pendant 12 ans qui a servi de guide aupr\u00e8s de ses amis r\u00e9sistants du Plateau des \u00e9tangs. Il nous prom\u00e8ne vers les lieux qu&rsquo;il conna\u00eet bien o\u00f9, tr\u00e8s jeune homme, avec ses compagnons il a particip\u00e9 activement \u00e0 la lutte contre le fascisme.<\/p>\n\n\n\n<figure class=\"wp-block-embed is-type-video is-provider-youtube wp-block-embed-youtube wp-embed-aspect-16-9 wp-has-aspect-ratio\"><div class=\"wp-block-embed__wrapper\">\n<iframe title=\"Assignes  \u00e0 R\u00e9sistance sur le plateau des \u00e9tangs.\" width=\"500\" height=\"281\" src=\"https:\/\/www.youtube.com\/embed\/fBy5xOJpO48?feature=oembed\" frameborder=\"0\" allow=\"accelerometer; autoplay; clipboard-write; encrypted-media; gyroscope; picture-in-picture; web-share\" referrerpolicy=\"strict-origin-when-cross-origin\" allowfullscreen><\/iframe>\n<\/div><figcaption>Film d&rsquo;entretien avec d&rsquo;anciens R\u00e9sistants du Plateau des \u00c9tangs.<\/figcaption><\/figure>\n\n\n\n<p><\/p>\n","protected":false},"excerpt":{"rendered":"<p>Inauguration de la Salle Fran\u00e7ois Miginiac Hommage aux victimes des guerres Le chateau de Pebeyre (article de la Vie Corr\u00e9zienne 28\/05\/2021) Le site incontournable d&rsquo;informations sur la commune :http:\/\/www.saintpardouxlacroisille.net\/ Un film sur la r\u00e9sistance sur le plateau des \u00e9tangs :Assign\u00e9s \u00e0 R\u00e9sistance, C&rsquo;est Jean Maison, r\u00e9sistant de la premi\u00e8re heure, maire de Clergoux pendant 49 [&hellip;]<\/p>\n","protected":false},"author":1,"featured_media":0,"parent":0,"menu_order":0,"comment_status":"closed","ping_status":"closed","template":"","meta":{"site-sidebar-layout":"default","site-content-layout":"default","ast-site-content-layout":"default","site-content-style":"default","site-sidebar-style":"default","ast-global-header-display":"","ast-banner-title-visibility":"","ast-main-header-display":"","ast-hfb-above-header-display":"","ast-hfb-below-header-display":"","ast-hfb-mobile-header-display":"","site-post-title":"","ast-breadcrumbs-content":"","ast-featured-img":"","footer-sml-layout":"","ast-disable-related-posts":"","theme-transparent-header-meta":"default","adv-header-id-meta":"","stick-header-meta":"","header-above-stick-meta":"","header-main-stick-meta":"","header-below-stick-meta":"","astra-migrate-meta-layouts":"default","ast-page-background-enabled":"default","ast-page-background-meta":{"desktop":{"background-color":"","background-image":"","background-repeat":"repeat","background-position":"center center","background-size":"auto","background-attachment":"scroll","background-type":"","background-media":"","overlay-type":"","overlay-color":"","overlay-opacity":"","overlay-gradient":""},"tablet":{"background-color":"","background-image":"","background-repeat":"repeat","background-position":"center center","background-size":"auto","background-attachment":"scroll","background-type":"","background-media":"","overlay-type":"","overlay-color":"","overlay-opacity":"","overlay-gradient":""},"mobile":{"background-color":"","background-image":"","background-repeat":"repeat","background-position":"center center","background-size":"auto","background-attachment":"scroll","background-type":"","background-media":"","overlay-type":"","overlay-color":"","overlay-opacity":"","overlay-gradient":""}},"ast-content-background-meta":{"desktop":{"background-color":"var(--ast-global-color-5)","background-image":"","background-repeat":"repeat","background-position":"center center","background-size":"auto","background-attachment":"scroll","background-type":"","background-media":"","overlay-type":"","overlay-color":"","overlay-opacity":"","overlay-gradient":""},"tablet":{"background-color":"var(--ast-global-color-5)","background-image":"","background-repeat":"repeat","background-position":"center center","background-size":"auto","background-attachment":"scroll","background-type":"","background-media":"","overlay-type":"","overlay-color":"","overlay-opacity":"","overlay-gradient":""},"mobile":{"background-color":"var(--ast-global-color-5)","background-image":"","background-repeat":"repeat","background-position":"center center","background-size":"auto","background-attachment":"scroll","background-type":"","background-media":"","overlay-type":"","overlay-color":"","overlay-opacity":"","overlay-gradient":""}},"footnotes":""},"class_list":["post-409","page","type-page","status-publish","hentry"],"jetpack_sharing_enabled":true,"_links":{"self":[{"href":"https:\/\/mairie-splc.fr\/index.php\/wp-json\/wp\/v2\/pages\/409","targetHints":{"allow":["GET"]}}],"collection":[{"href":"https:\/\/mairie-splc.fr\/index.php\/wp-json\/wp\/v2\/pages"}],"about":[{"href":"https:\/\/mairie-splc.fr\/index.php\/wp-json\/wp\/v2\/types\/page"}],"author":[{"embeddable":true,"href":"https:\/\/mairie-splc.fr\/index.php\/wp-json\/wp\/v2\/users\/1"}],"replies":[{"embeddable":true,"href":"https:\/\/mairie-splc.fr\/index.php\/wp-json\/wp\/v2\/comments?post=409"}],"version-history":[{"count":9,"href":"https:\/\/mairie-splc.fr\/index.php\/wp-json\/wp\/v2\/pages\/409\/revisions"}],"predecessor-version":[{"id":655,"href":"https:\/\/mairie-splc.fr\/index.php\/wp-json\/wp\/v2\/pages\/409\/revisions\/655"}],"wp:attachment":[{"href":"https:\/\/mairie-splc.fr\/index.php\/wp-json\/wp\/v2\/media?parent=409"}],"curies":[{"name":"wp","href":"https:\/\/api.w.org\/{rel}","templated":true}]}}