{"id":481,"date":"2021-02-27T17:31:07","date_gmt":"2021-02-27T16:31:07","guid":{"rendered":"http:\/\/mairie-splc.fr\/?page_id=481"},"modified":"2021-11-15T15:29:06","modified_gmt":"2021-11-15T14:29:06","slug":"tourisme","status":"publish","type":"page","link":"https:\/\/mairie-splc.fr\/index.php\/tourisme\/","title":{"rendered":"Randonn\u00e9es"},"content":{"rendered":"\n<p>Veuillez nous signaler toute difficult\u00e9 d&rsquo;orientation rencontr\u00e9e sur le circuit afin que nous puissions compl\u00e9ter le fl\u00e9chage.<\/p>\n\n\n\n<figure class=\"wp-block-image size-large\"><img fetchpriority=\"high\" decoding=\"async\" width=\"796\" height=\"1024\" src=\"https:\/\/mairie-splc.fr\/wp-content\/uploads\/2021\/07\/guide-site-1-796x1024.jpg\" alt=\"\" class=\"wp-image-606\" srcset=\"https:\/\/mairie-splc.fr\/wp-content\/uploads\/2021\/07\/guide-site-1-796x1024.jpg 796w, https:\/\/mairie-splc.fr\/wp-content\/uploads\/2021\/07\/guide-site-1-233x300.jpg 233w, https:\/\/mairie-splc.fr\/wp-content\/uploads\/2021\/07\/guide-site-1-768x988.jpg 768w, https:\/\/mairie-splc.fr\/wp-content\/uploads\/2021\/07\/guide-site-1-1194x1536.jpg 1194w, https:\/\/mairie-splc.fr\/wp-content\/uploads\/2021\/07\/guide-site-1.jpg 1222w\" sizes=\"(max-width: 796px) 100vw, 796px\" \/><\/figure>\n\n\n\n<figure class=\"wp-block-image size-large is-resized\"><img decoding=\"async\" src=\"https:\/\/mairie-splc.fr\/wp-content\/uploads\/2021\/07\/Carte-circuit-Bleu-1-705x1024.jpg\" alt=\"\" class=\"wp-image-620\" width=\"597\" height=\"867\" srcset=\"https:\/\/mairie-splc.fr\/wp-content\/uploads\/2021\/07\/Carte-circuit-Bleu-1-705x1024.jpg 705w, https:\/\/mairie-splc.fr\/wp-content\/uploads\/2021\/07\/Carte-circuit-Bleu-1-207x300.jpg 207w, https:\/\/mairie-splc.fr\/wp-content\/uploads\/2021\/07\/Carte-circuit-Bleu-1-768x1115.jpg 768w, https:\/\/mairie-splc.fr\/wp-content\/uploads\/2021\/07\/Carte-circuit-Bleu-1-1058x1536.jpg 1058w, https:\/\/mairie-splc.fr\/wp-content\/uploads\/2021\/07\/Carte-circuit-Bleu-1-1411x2048.jpg 1411w, https:\/\/mairie-splc.fr\/wp-content\/uploads\/2021\/07\/Carte-circuit-Bleu-1-scaled.jpg 1763w\" sizes=\"(max-width: 597px) 100vw, 597px\" \/><figcaption><a href=\"https:\/\/mairie-splc.fr\/wp-content\/uploads\/2021\/07\/Carte-circuit-Bleu-5-1.pdf\" target=\"_blank\" rel=\"noreferrer noopener\">t\u00e9l\u00e9charger la carte en pdf<\/a><\/figcaption><\/figure>\n\n\n\n<p style=\"font-size:14px\"><a rel=\"noreferrer noopener\" href=\"https:\/\/mairie-splc.fr\/wp-content\/uploads\/2021\/07\/Guide-circuit-Bleu-5.pdf\" target=\"_blank\">t\u00e9l\u00e9charger (pour impression) le guide en pdf<\/a><\/p>\n\n\n\n<p><\/p>\n\n\n\n<figure class=\"wp-block-image size-large\"><img decoding=\"async\" width=\"778\" height=\"1024\" src=\"https:\/\/mairie-splc.fr\/wp-content\/uploads\/2021\/07\/guide-site2-2-778x1024.jpg\" alt=\"\" class=\"wp-image-631\" srcset=\"https:\/\/mairie-splc.fr\/wp-content\/uploads\/2021\/07\/guide-site2-2-778x1024.jpg 778w, https:\/\/mairie-splc.fr\/wp-content\/uploads\/2021\/07\/guide-site2-2-228x300.jpg 228w, https:\/\/mairie-splc.fr\/wp-content\/uploads\/2021\/07\/guide-site2-2-768x1010.jpg 768w, https:\/\/mairie-splc.fr\/wp-content\/uploads\/2021\/07\/guide-site2-2.jpg 1141w\" sizes=\"(max-width: 778px) 100vw, 778px\" \/><\/figure>\n\n\n\n<p><\/p>\n\n\n\n<p>  <\/p>\n\n\n\n<figure class=\"wp-block-image size-large\"><img loading=\"lazy\" decoding=\"async\" width=\"693\" height=\"1024\" src=\"https:\/\/mairie-splc.fr\/wp-content\/uploads\/2021\/07\/guide-site3-693x1024.jpg\" alt=\"\" class=\"wp-image-608\" srcset=\"https:\/\/mairie-splc.fr\/wp-content\/uploads\/2021\/07\/guide-site3-693x1024.jpg 693w, https:\/\/mairie-splc.fr\/wp-content\/uploads\/2021\/07\/guide-site3-203x300.jpg 203w, https:\/\/mairie-splc.fr\/wp-content\/uploads\/2021\/07\/guide-site3-768x1134.jpg 768w, https:\/\/mairie-splc.fr\/wp-content\/uploads\/2021\/07\/guide-site3-1040x1536.jpg 1040w, https:\/\/mairie-splc.fr\/wp-content\/uploads\/2021\/07\/guide-site3.jpg 1095w\" sizes=\"(max-width: 693px) 100vw, 693px\" \/><\/figure>\n\n\n\n<p>  <\/p>\n\n\n\n<p>  <\/p>\n\n\n\n<p>  <\/p>\n\n\n\n<p><\/p>\n\n\n\n<figure class=\"wp-block-image size-large\"><img loading=\"lazy\" decoding=\"async\" width=\"694\" height=\"1024\" src=\"https:\/\/mairie-splc.fr\/wp-content\/uploads\/2021\/07\/guide-site4-1-694x1024.jpg\" alt=\"\" class=\"wp-image-632\" srcset=\"https:\/\/mairie-splc.fr\/wp-content\/uploads\/2021\/07\/guide-site4-1-694x1024.jpg 694w, https:\/\/mairie-splc.fr\/wp-content\/uploads\/2021\/07\/guide-site4-1-203x300.jpg 203w, https:\/\/mairie-splc.fr\/wp-content\/uploads\/2021\/07\/guide-site4-1-768x1133.jpg 768w, https:\/\/mairie-splc.fr\/wp-content\/uploads\/2021\/07\/guide-site4-1-1041x1536.jpg 1041w, https:\/\/mairie-splc.fr\/wp-content\/uploads\/2021\/07\/guide-site4-1.jpg 1127w\" sizes=\"(max-width: 694px) 100vw, 694px\" \/><\/figure>\n\n\n\n<p>  <\/p>\n\n\n\n<p><\/p>\n\n\n\n<figure class=\"wp-block-image size-large\"><img loading=\"lazy\" decoding=\"async\" width=\"694\" height=\"1024\" src=\"https:\/\/mairie-splc.fr\/wp-content\/uploads\/2021\/07\/guide-site5-694x1024.jpg\" alt=\"\" class=\"wp-image-610\" srcset=\"https:\/\/mairie-splc.fr\/wp-content\/uploads\/2021\/07\/guide-site5-694x1024.jpg 694w, https:\/\/mairie-splc.fr\/wp-content\/uploads\/2021\/07\/guide-site5-203x300.jpg 203w, https:\/\/mairie-splc.fr\/wp-content\/uploads\/2021\/07\/guide-site5-768x1134.jpg 768w, https:\/\/mairie-splc.fr\/wp-content\/uploads\/2021\/07\/guide-site5-1040x1536.jpg 1040w, https:\/\/mairie-splc.fr\/wp-content\/uploads\/2021\/07\/guide-site5.jpg 1117w\" sizes=\"(max-width: 694px) 100vw, 694px\" \/><\/figure>\n\n\n\n<p>  <\/p>\n\n\n\n<p>  <\/p>\n\n\n\n<p><\/p>\n\n\n\n<figure class=\"wp-block-image size-large\"><img loading=\"lazy\" decoding=\"async\" width=\"724\" height=\"1024\" src=\"https:\/\/mairie-splc.fr\/wp-content\/uploads\/2021\/07\/guide-site6-1-724x1024.jpg\" alt=\"\" class=\"wp-image-634\" srcset=\"https:\/\/mairie-splc.fr\/wp-content\/uploads\/2021\/07\/guide-site6-1-724x1024.jpg 724w, https:\/\/mairie-splc.fr\/wp-content\/uploads\/2021\/07\/guide-site6-1-212x300.jpg 212w, https:\/\/mairie-splc.fr\/wp-content\/uploads\/2021\/07\/guide-site6-1-768x1086.jpg 768w, https:\/\/mairie-splc.fr\/wp-content\/uploads\/2021\/07\/guide-site6-1-1086x1536.jpg 1086w, https:\/\/mairie-splc.fr\/wp-content\/uploads\/2021\/07\/guide-site6-1.jpg 1111w\" sizes=\"(max-width: 724px) 100vw, 724px\" \/><\/figure>\n\n\n\n<p>  <\/p>\n\n\n\n<p>  <\/p>\n\n\n\n<figure class=\"wp-block-image size-large\"><img loading=\"lazy\" decoding=\"async\" width=\"784\" height=\"1024\" src=\"https:\/\/mairie-splc.fr\/wp-content\/uploads\/2021\/07\/guide-site7-1-784x1024.jpg\" alt=\"\" class=\"wp-image-635\" srcset=\"https:\/\/mairie-splc.fr\/wp-content\/uploads\/2021\/07\/guide-site7-1-784x1024.jpg 784w, https:\/\/mairie-splc.fr\/wp-content\/uploads\/2021\/07\/guide-site7-1-230x300.jpg 230w, https:\/\/mairie-splc.fr\/wp-content\/uploads\/2021\/07\/guide-site7-1-768x1003.jpg 768w, https:\/\/mairie-splc.fr\/wp-content\/uploads\/2021\/07\/guide-site7-1.jpg 1118w\" sizes=\"(max-width: 784px) 100vw, 784px\" \/><\/figure>\n\n\n\n<p>   <\/p>\n\n\n\n<p><\/p>\n\n\n\n<figure class=\"wp-block-image size-large\"><img loading=\"lazy\" decoding=\"async\" width=\"799\" height=\"1024\" src=\"https:\/\/mairie-splc.fr\/wp-content\/uploads\/2021\/07\/guide-site8-1-799x1024.jpg\" alt=\"\" class=\"wp-image-636\" srcset=\"https:\/\/mairie-splc.fr\/wp-content\/uploads\/2021\/07\/guide-site8-1-799x1024.jpg 799w, https:\/\/mairie-splc.fr\/wp-content\/uploads\/2021\/07\/guide-site8-1-234x300.jpg 234w, https:\/\/mairie-splc.fr\/wp-content\/uploads\/2021\/07\/guide-site8-1-768x984.jpg 768w, https:\/\/mairie-splc.fr\/wp-content\/uploads\/2021\/07\/guide-site8-1.jpg 1114w\" sizes=\"(max-width: 799px) 100vw, 799px\" \/><\/figure>\n\n\n\n<figure class=\"wp-block-image size-large\"><img loading=\"lazy\" decoding=\"async\" width=\"1024\" height=\"944\" src=\"https:\/\/mairie-splc.fr\/wp-content\/uploads\/2021\/02\/geosplc-1024x944.jpg\" alt=\"\" class=\"wp-image-480\" srcset=\"https:\/\/mairie-splc.fr\/wp-content\/uploads\/2021\/02\/geosplc-1024x944.jpg 1024w, https:\/\/mairie-splc.fr\/wp-content\/uploads\/2021\/02\/geosplc-300x277.jpg 300w, https:\/\/mairie-splc.fr\/wp-content\/uploads\/2021\/02\/geosplc-768x708.jpg 768w, https:\/\/mairie-splc.fr\/wp-content\/uploads\/2021\/02\/geosplc.jpg 1157w\" sizes=\"(max-width: 1024px) 100vw, 1024px\" \/><\/figure>\n\n\n\n\n\n<p><\/p>\n","protected":false},"excerpt":{"rendered":"<p>Veuillez nous signaler toute difficult\u00e9 d&rsquo;orientation rencontr\u00e9e sur le circuit afin que nous puissions compl\u00e9ter le fl\u00e9chage. t\u00e9l\u00e9charger (pour impression) le guide en pdf<\/p>\n","protected":false},"author":1,"featured_media":0,"parent":0,"menu_order":0,"comment_status":"closed","ping_status":"closed","template":"","meta":{"site-sidebar-layout":"default","site-content-layout":"default","ast-site-content-layout":"default","site-content-style":"default","site-sidebar-style":"default","ast-global-header-display":"","ast-banner-title-visibility":"","ast-main-header-display":"","ast-hfb-above-header-display":"","ast-hfb-below-header-display":"","ast-hfb-mobile-header-display":"","site-post-title":"","ast-breadcrumbs-content":"","ast-featured-img":"","footer-sml-layout":"","ast-disable-related-posts":"","theme-transparent-header-meta":"default","adv-header-id-meta":"","stick-header-meta":"","header-above-stick-meta":"","header-main-stick-meta":"","header-below-stick-meta":"","astra-migrate-meta-layouts":"default","ast-page-background-enabled":"default","ast-page-background-meta":{"desktop":{"background-color":"","background-image":"","background-repeat":"repeat","background-position":"center center","background-size":"auto","background-attachment":"scroll","background-type":"","background-media":"","overlay-type":"","overlay-color":"","overlay-opacity":"","overlay-gradient":""},"tablet":{"background-color":"","background-image":"","background-repeat":"repeat","background-position":"center center","background-size":"auto","background-attachment":"scroll","background-type":"","background-media":"","overlay-type":"","overlay-color":"","overlay-opacity":"","overlay-gradient":""},"mobile":{"background-color":"","background-image":"","background-repeat":"repeat","background-position":"center center","background-size":"auto","background-attachment":"scroll","background-type":"","background-media":"","overlay-type":"","overlay-color":"","overlay-opacity":"","overlay-gradient":""}},"ast-content-background-meta":{"desktop":{"background-color":"var(--ast-global-color-5)","background-image":"","background-repeat":"repeat","background-position":"center center","background-size":"auto","background-attachment":"scroll","background-type":"","background-media":"","overlay-type":"","overlay-color":"","overlay-opacity":"","overlay-gradient":""},"tablet":{"background-color":"var(--ast-global-color-5)","background-image":"","background-repeat":"repeat","background-position":"center center","background-size":"auto","background-attachment":"scroll","background-type":"","background-media":"","overlay-type":"","overlay-color":"","overlay-opacity":"","overlay-gradient":""},"mobile":{"background-color":"var(--ast-global-color-5)","background-image":"","background-repeat":"repeat","background-position":"center center","background-size":"auto","background-attachment":"scroll","background-type":"","background-media":"","overlay-type":"","overlay-color":"","overlay-opacity":"","overlay-gradient":""}},"footnotes":""},"class_list":["post-481","page","type-page","status-publish","hentry"],"jetpack_sharing_enabled":true,"_links":{"self":[{"href":"https:\/\/mairie-splc.fr\/index.php\/wp-json\/wp\/v2\/pages\/481","targetHints":{"allow":["GET"]}}],"collection":[{"href":"https:\/\/mairie-splc.fr\/index.php\/wp-json\/wp\/v2\/pages"}],"about":[{"href":"https:\/\/mairie-splc.fr\/index.php\/wp-json\/wp\/v2\/types\/page"}],"author":[{"embeddable":true,"href":"https:\/\/mairie-splc.fr\/index.php\/wp-json\/wp\/v2\/users\/1"}],"replies":[{"embeddable":true,"href":"https:\/\/mairie-splc.fr\/index.php\/wp-json\/wp\/v2\/comments?post=481"}],"version-history":[{"count":13,"href":"https:\/\/mairie-splc.fr\/index.php\/wp-json\/wp\/v2\/pages\/481\/revisions"}],"predecessor-version":[{"id":713,"href":"https:\/\/mairie-splc.fr\/index.php\/wp-json\/wp\/v2\/pages\/481\/revisions\/713"}],"wp:attachment":[{"href":"https:\/\/mairie-splc.fr\/index.php\/wp-json\/wp\/v2\/media?parent=481"}],"curies":[{"name":"wp","href":"https:\/\/api.w.org\/{rel}","templated":true}]}}