{"id":64,"date":"2020-10-28T16:06:55","date_gmt":"2020-10-28T15:06:55","guid":{"rendered":"http:\/\/mairie-splc.fr\/?page_id=64"},"modified":"2026-03-26T10:57:07","modified_gmt":"2026-03-26T09:57:07","slug":"conseil","status":"publish","type":"page","link":"https:\/\/mairie-splc.fr\/index.php\/conseil\/","title":{"rendered":"Conseil"},"content":{"rendered":"\n<p>Composition du conseil municipal au 21 mars 2026 :<br>Dominique Albaret, maire ; <br>G\u00e9rard Faisy, premier adjoint ; <br>Fr\u00e9d\u00e9rique Theil, seconde adjointe ; <br>Christian Miginiac, troisi\u00e8me adjointe ;<br>conseillers-\u00e8res municipaux-les : <br>Catherine Bertin ;<br>Jean Luc Bouyges<br>Karine Hadjoudj ;<br>Joel Liagre ; <br>Elodie Romano <br>Vincent Massaria<br>Florence Roche<\/p>\n\n\n\n<p><\/p>\n\n\n\n<p>Conseil municipaux 2026<\/p>\n\n\n\n<p><a href=\"https:\/\/mairie-splc.fr\/wp-content\/uploads\/2026\/03\/PV24.1.26.pdf\" target=\"_blank\" rel=\"noreferrer noopener\">22\/01\/2026<\/a> ; <a href=\"https:\/\/mairie-splc.fr\/wp-content\/uploads\/2026\/03\/pvCM21.2.26.pdf\" target=\"_blank\" rel=\"noreferrer noopener\">21\/02\/2026<\/a> ; <a href=\"https:\/\/mairie-splc.fr\/wp-content\/uploads\/2026\/03\/PV21.3.26.pdf\" target=\"_blank\" rel=\"noreferrer noopener\">21\/03\/2026.<\/a><\/p>\n\n\n\n<p>Conseil municipaux 2025<\/p>\n\n\n\n<p><a href=\"https:\/\/mairie-splc.fr\/wp-content\/uploads\/2025\/05\/PV-11.01.25.pdf\" target=\"_blank\" rel=\"noreferrer noopener\">11\/01\/2025<\/a> ; <a href=\"https:\/\/mairie-splc.fr\/wp-content\/uploads\/2025\/05\/PV-21.02.25.pdf\" target=\"_blank\" rel=\"noreferrer noopener\">21\/02\/2025<\/a> ; <a href=\"https:\/\/mairie-splc.fr\/wp-content\/uploads\/2025\/05\/pv29.03925-1.pdf\" target=\"_blank\" rel=\"noreferrer noopener\">29\/03\/2025<\/a> ; <a href=\"https:\/\/mairie-splc.fr\/wp-content\/uploads\/2025\/05\/PV-18_04_2025.pdf\" target=\"_blank\" rel=\"noreferrer noopener\">18\/04\/2025<\/a> ; <a href=\"https:\/\/mairie-splc.fr\/wp-content\/uploads\/2025\/07\/PV18.06.25.pdf\" target=\"_blank\" rel=\"noreferrer noopener\">28\/06\/2025<\/a> ; <a href=\"https:\/\/mairie-splc.fr\/wp-content\/uploads\/2025\/08\/pv30.7.25.pdf\" target=\"_blank\" rel=\"noreferrer noopener\">30\/07\/2025<\/a> ; <a href=\"https:\/\/mairie-splc.fr\/wp-content\/uploads\/2026\/03\/PV20.10.25.pdf\" target=\"_blank\" rel=\"noreferrer noopener\">20\/10\/2025<\/a> ; <a href=\"https:\/\/mairie-splc.fr\/wp-content\/uploads\/2026\/03\/pv19.12.25.pdf\" target=\"_blank\" rel=\"noreferrer noopener\">19\/12\/2025<\/a><\/p>\n\n\n\n<p>Conseils municipaux 2024<\/p>\n\n\n\n<p><a rel=\"noreferrer noopener\" href=\"https:\/\/mairie-splc.fr\/wp-content\/uploads\/2024\/03\/PV-10.02.24.pdf\" data-type=\"URL\" data-id=\"https:\/\/mairie-splc.fr\/wp-content\/uploads\/2024\/03\/PV-10.02.24.pdf\" target=\"_blank\">10\/02\/2024<\/a> ; <a rel=\"noreferrer noopener\" href=\"https:\/\/mairie-splc.fr\/wp-content\/uploads\/2024\/04\/PV-23.03.24.pdf\" target=\"_blank\">23\/03\/24<\/a> ; <a rel=\"noreferrer noopener\" href=\"https:\/\/mairie-splc.fr\/wp-content\/uploads\/2024\/06\/PV-23.05.2024.pdf\" target=\"_blank\">23\/05\/24<\/a> ; <a rel=\"noreferrer noopener\" href=\"https:\/\/mairie-splc.fr\/wp-content\/uploads\/2024\/10\/PV-28.06.2024.pdf\" target=\"_blank\">28\/06\/24<\/a> ; <a rel=\"noreferrer noopener\" href=\"https:\/\/mairie-splc.fr\/wp-content\/uploads\/2024\/10\/PV-24.09.2024.pdf\" target=\"_blank\">24\/09\/24<\/a> ; <a rel=\"noreferrer noopener\" href=\"https:\/\/mairie-splc.fr\/wp-content\/uploads\/2024\/10\/PV-17.10.2024.pdf\" target=\"_blank\">17\/10\/24 <\/a>: <a href=\"https:\/\/mairie-splc.fr\/wp-content\/uploads\/2024\/11\/PV-09.11.24.pdf\" target=\"_blank\" rel=\"noreferrer noopener\">09\/11\/24<\/a> ;<\/p>\n\n\n\n<p>Conseils municipaux 2023<\/p>\n\n\n\n<p><a rel=\"noreferrer noopener\" href=\"https:\/\/mairie-splc.fr\/wp-content\/uploads\/2023\/02\/PV-17.01.2023.pdf\" target=\"_blank\">17\/01\/2023<\/a> ; <a rel=\"noreferrer noopener\" href=\"https:\/\/mairie-splc.fr\/wp-content\/uploads\/2023\/04\/PV-21.02.2023.pdf\" target=\"_blank\">21\/02\/2023<\/a> ; <a rel=\"noreferrer noopener\" href=\"https:\/\/mairie-splc.fr\/wp-content\/uploads\/2023\/06\/PV-08.04.2023.pdf\" target=\"_blank\">08\/04\/2023<\/a> ; <a rel=\"noreferrer noopener\" href=\"https:\/\/mairie-splc.fr\/wp-content\/uploads\/2023\/06\/PV-12-06-2023.pdf\" target=\"_blank\">12\/06\/2023<\/a> ; <a rel=\"noreferrer noopener\" href=\"https:\/\/mairie-splc.fr\/wp-content\/uploads\/2023\/09\/PV-14.09.2023.pdf\" target=\"_blank\">14\/09\/2023<\/a> ; <a href=\"https:\/\/mairie-splc.fr\/wp-content\/uploads\/2024\/02\/pv-27.11.2023.pdf\" target=\"_blank\" rel=\"noreferrer noopener\">27\/11\/2023<\/a>.<\/p>\n\n\n\n<p>Conseils municipaux de 2022 :<br> <a rel=\"noreferrer noopener\" href=\"https:\/\/mairie-splc.fr\/wp-content\/uploads\/2022\/04\/pv-27.01.22.pdf\" target=\"_blank\">27\/01\/2022<\/a> ; <a rel=\"noreferrer noopener\" href=\"https:\/\/mairie-splc.fr\/wp-content\/uploads\/2022\/04\/pv-03.03.2022.pdf\" target=\"_blank\">03\/03\/2022<\/a> ; <a rel=\"noreferrer noopener\" href=\"https:\/\/mairie-splc.fr\/wp-content\/uploads\/2022\/05\/pv-07.04.2022.pdf\" target=\"_blank\">07\/04\/2022<\/a> ; <a rel=\"noreferrer noopener\" href=\"https:\/\/mairie-splc.fr\/wp-content\/uploads\/2022\/06\/PV-05.05.2022.pdf\" target=\"_blank\">05\/05\/2022<\/a> ; <a rel=\"noreferrer noopener\" href=\"https:\/\/mairie-splc.fr\/wp-content\/uploads\/2022\/07\/PV-03.06.2022.pdf\" target=\"_blank\">03\/06\/2022<\/a> ; <a rel=\"noreferrer noopener\" href=\"https:\/\/mairie-splc.fr\/wp-content\/uploads\/2022\/09\/pv-30.06.pdf\" target=\"_blank\">30\/06\/2022<\/a> ; <a rel=\"noreferrer noopener\" href=\"https:\/\/mairie-splc.fr\/wp-content\/uploads\/2022\/10\/PV-05.09.2022.pdf\" target=\"_blank\">05\/09\/2022<\/a> ; <a rel=\"noreferrer noopener\" href=\"https:\/\/mairie-splc.fr\/wp-content\/uploads\/2022\/11\/PV-10.11.2022.pdf\" target=\"_blank\">10\/11\/2022<\/a> ; <a rel=\"noreferrer noopener\" href=\"https:\/\/mairie-splc.fr\/wp-content\/uploads\/2022\/12\/PV-08.12.2022.pdf\" target=\"_blank\">08\/12\/2022<\/a>.<br><\/p>\n\n\n\n<p>Conseils municipaux de 2021 :<br><a rel=\"noreferrer noopener\" href=\"https:\/\/mairie-splc.fr\/CM\/2021\/PV11022021\" target=\"_blank\">11\/02\/2021<\/a> ; <a rel=\"noreferrer noopener\" href=\"https:\/\/mairie-splc.fr\/wp-content\/uploads\/2021\/03\/PV-23-03-21.pdf\" data-type=\"URL\" data-id=\"https:\/\/mairie-splc.fr\/wp-content\/uploads\/2021\/03\/PV-23-03-21.pdf\" target=\"_blank\">27\/03\/2021<\/a> ; <a rel=\"noreferrer noopener\" href=\"https:\/\/mairie-splc.fr\/wp-content\/uploads\/2021\/04\/PV-13-04-2021.pdf\" target=\"_blank\">13\/04\/2021<\/a> ; <a rel=\"noreferrer noopener\" href=\"https:\/\/mairie-splc.fr\/wp-content\/uploads\/2021\/05\/PV-15-05-21.pdf\" target=\"_blank\">15\/05\/2021<\/a> ; <a rel=\"noreferrer noopener\" href=\"https:\/\/mairie-splc.fr\/wp-content\/uploads\/2021\/09\/PV-22-06-21.pdf\" target=\"_blank\">22\/06\/2021<\/a> ; <a rel=\"noreferrer noopener\" href=\"https:\/\/mairie-splc.fr\/wp-content\/uploads\/2021\/09\/PV-14-09-2021.pdf\" target=\"_blank\">19\/09\/2021<\/a> ; <a rel=\"noreferrer noopener\" href=\"https:\/\/mairie-splc.fr\/wp-content\/uploads\/2021\/11\/PV-28-10-2021.pdf\" target=\"_blank\">28\/10\/2021<\/a> ; <a rel=\"noreferrer noopener\" href=\"https:\/\/mairie-splc.fr\/wp-content\/uploads\/2021\/12\/PV-02-12-2021.pdf\" target=\"_blank\">02\/12\/2021<\/a> ; <a href=\"https:\/\/mairie-splc.fr\/wp-content\/uploads\/2022\/04\/pv-16-12-21.pdf\" target=\"_blank\" rel=\"noreferrer noopener\">16\/12\/2021<\/a>.<\/p>\n\n\n\n<p>Conseils municipaux de 2020 :<br><a rel=\"noreferrer noopener\" href=\"https:\/\/mairie-splc.fr\/CM\/2020\/PV17012020\" target=\"_blank\">17\/01\/2020<\/a> ; <a rel=\"noreferrer noopener\" href=\"https:\/\/mairie-splc.fr\/CM\/2020\/PV  25 02 2020\" target=\"_blank\">25\/02\/20<\/a><\/p>\n\n\n\n<p><a rel=\"noreferrer noopener\" href=\"https:\/\/mairie-splc.fr\/CM\/2020\/PV  25 02 2020\" target=\"_blank\">20<\/a> ; <a rel=\"noreferrer noopener\" href=\"https:\/\/mairie-splc.fr\/CM\/2020\/PV 26 05 2020\" target=\"_blank\">26\/05\/2020<\/a> ; <a rel=\"noreferrer noopener\" href=\"https:\/\/mairie-splc.fr\/CM\/2020\/PV 18 06 2020\" target=\"_blank\">18\/06\/2020<\/a> ; <a rel=\"noreferrer noopener\" href=\"https:\/\/mairie-splc.fr\/CM\/2020\/PV 10 07 2020\" target=\"_blank\">10\/07\/2020<\/a> ; <br><a rel=\"noreferrer noopener\" href=\"https:\/\/mairie-splc.fr\/CM\/2020\/PV 27 08 2020\" target=\"_blank\">27\/08\/2020<\/a> ; <a rel=\"noreferrer noopener\" href=\"https:\/\/mairie-splc.fr\/CM\/2020\/PV  24 09 2020\" target=\"_blank\">24\/09\/2020<\/a> ; <a rel=\"noreferrer noopener\" href=\"https:\/\/mairie-splc.fr\/CM\/2020\/PV 29 10 2020\" target=\"_blank\">29\/10\/2020<\/a> ; <a rel=\"noreferrer noopener\" href=\"https:\/\/mairie-splc.fr\/CM\/2020\/PV 19 12 20\" target=\"_blank\">19\/12\/2020<\/a> <br><a rel=\"noreferrer noopener\" href=\"https:\/\/mairie-splc.fr\/CM\/2020\/mailpref.pdf\" target=\"_blank\">Mail de r\u00e9ponse de la pr\u00e9fecture<\/a> \u00e0 notre demande de r\u00e9f\u00e9rendum<\/p>\n\n\n\n<p>Conseils municipaux de 2019<br><a rel=\"noreferrer noopener\" href=\"https:\/\/mairie-splc.fr\/CM\/2019\/PV 15 01 19.pdf\" target=\"_blank\">CM du 15\/01\/2019<\/a> ; <a rel=\"noreferrer noopener\" href=\"https:\/\/mairie-splc.fr\/CM\/2019\/pv 12 02 19.pdf\" target=\"_blank\">CM du 12\/02\/2019<\/a> ; <a rel=\"noreferrer noopener\" href=\"https:\/\/mairie-splc.fr\/CM\/2019\/pv 05 03 2019.pdf\" target=\"_blank\">CM du 05\/03\/2019<\/a> ; <br><a rel=\"noreferrer noopener\" href=\"https:\/\/mairie-splc.fr\/CM\/2019\/PV 09 04 19.pdf\" target=\"_blank\">CM du 09\/04\/2019<\/a> ; <a rel=\"noreferrer noopener\" href=\"https:\/\/mairie-splc.fr\/CM\/2019\/PV 25 MAI.pdf\" target=\"_blank\">CM du 25\/05\/2019<\/a> ; <a rel=\"noreferrer noopener\" href=\"https:\/\/mairie-splc.fr\/www\/CM\/2019\/PV 10 07.pdf\" target=\"_blank\">CM du 10\/07\/2019<\/a> ; <br><a href=\"https:\/\/mairie-splc.fr\/CM\/2019\/PV  10 09 2019.pdf\" target=\"_blank\" rel=\"noreferrer noopener\">CM du 10\/09\/2019<\/a> ; <a href=\"\/Users\/dominique.albaret\/Documents\/Mairie\/Site\/www\/CM\/2019\/PV 13 11 19.pdf\" target=\"_blank\" rel=\"noreferrer noopener\">CM du 13\/11\/2019<\/a> ; <a href=\"https:\/\/mairie-splc.fr\/CM\/2019\/PV  10 12 2019.pdf\" target=\"_blank\" rel=\"noreferrer noopener\">CM du 10\/12\/2019<\/a>.<\/p>\n\n\n\n<p>Conseils municipaux de 2018<br><a rel=\"noreferrer noopener\" href=\"https:\/\/mairie-splc.fr\/CM\/2018\/PV 09 01 18.pdf\" target=\"_blank\">CM du 09\/01\/2018<\/a> ; <a rel=\"noreferrer noopener\" href=\"https:\/\/mairie-splc.fr\/CM\/2018\/PV 06 02 18.pdf\" target=\"_blank\">CM du 06 02 18<\/a> ; <a rel=\"noreferrer noopener\" href=\"\/Users\/dominique.albaret\/Documents\/Mairie\/Site\/www\/CM\/2018\/PV 03 04 18.pdf\" target=\"_blank\">CM du 03 04 18<\/a> ; <br><a rel=\"noreferrer noopener\" href=\"\/Users\/dominique.albaret\/Documents\/Mairie\/Site\/www\/CM\/2018\/PV 15 05 18.pdf\" target=\"_blank\">CM du 15 05 18<\/a> ; <a rel=\"noreferrer noopener\" href=\"https:\/\/mairie-splc.fr\/CM\/2018\/Motionlinky.pdf\" target=\"_blank\">Motion Lynky <\/a>; <a rel=\"noreferrer noopener\" href=\"https:\/\/mairie-splc.fr\/CM\/2018\/PV 26 06 18.pdf\" target=\"_blank\">CM du 19 06 18<\/a> ; <a rel=\"noreferrer noopener\" href=\"https:\/\/mairie-splc.fr\/CM\/2018\/PV 24 07 18.pdf\" target=\"_blank\">CM du 24 07 2018<\/a> ; <br><a rel=\"noreferrer noopener\" href=\"https:\/\/mairie-splc.fr\/CM\/2018\/PV 11 09 18.pdf\" target=\"_blank\">CM du 11 09 2018<\/a> ; <a rel=\"noreferrer noopener\" href=\"https:\/\/mairie-splc.fr\/CM\/2018\/PV 09 10 18.pdf\" target=\"_blank\">CM du 09 10 2018<\/a> ; <a rel=\"noreferrer noopener\" href=\"https:\/\/mairie-splc.fr\/CM\/2018\/PV 13 11 18.pdf\" target=\"_blank\">CM du 13 11 2018<\/a> ; <br><a rel=\"noreferrer noopener\" href=\"https:\/\/mairie-splc.fr\/CM\/2018\/PV 19 12 18.pdf\" target=\"_blank\">CM du 19 12 2018<\/a>.<\/p>\n\n\n\n<p>Conseils municipaux de 2017<br><a rel=\"noreferrer noopener\" href=\"https:\/\/mairie-splc.fr\/CM\/2017\/PV 10 01 17.pdf\" target=\"_blank\">CM du 10\/01\/2017<\/a> ; <a rel=\"noreferrer noopener\" href=\"https:\/\/mairie-splc.fr\/CM\/2017\/PV 21 02 17.pdf\" target=\"_blank\">CM du 21\/02\/2017<\/a> ; <a rel=\"noreferrer noopener\" href=\"https:\/\/mairie-splc.fr\/CM\/2017\/PV 21 03 17.pdf\" target=\"_blank\">CM du 21\/03\/2017<\/a> ; <br><a rel=\"noreferrer noopener\" href=\"https:\/\/mairie-splc.fr\/CM\/2017\/PV 08 04 17.pdf\" target=\"_blank\">CM du 08\/04\/2017<\/a> ; <a rel=\"noreferrer noopener\" href=\"https:\/\/mairie-splc.fr\/CM\/2017\/PV 09 05 17.pdf\" target=\"_blank\">CM du 09\/05\/2017<\/a> ; <a rel=\"noreferrer noopener\" href=\"https:\/\/mairie-splc.fr\/CM\/2017\/PV 13 06 17.pdf\" target=\"_blank\">CM du 13\/06\/2017<\/a> ; <br><a rel=\"noreferrer noopener\" href=\"https:\/\/mairie-splc.fr\/CM\/2017\/PV 18 07 17.pdf\" target=\"_blank\">CM du 18\/07\/2017<\/a> ; <a rel=\"noreferrer noopener\" href=\"https:\/\/mairie-splc.fr\/CM\/2017\/PV 12 09 17.pdf\" target=\"_blank\">CM du 12\/09\/2017<\/a> ; <a rel=\"noreferrer noopener\" href=\"https:\/\/mairie-splc.fr\/CM\/2017\/PV 10 10 17.pdf\" target=\"_blank\">CM du 10\/10\/2017<\/a> ; <br><a rel=\"noreferrer noopener\" href=\"https:\/\/mairie-splc.fr\/CM\/2017\/PV 21 11 17.pdf\" target=\"_blank\">CM du 21\/11\/2017<\/a> ; <a rel=\"noreferrer noopener\" href=\"https:\/\/mairie-splc.fr\/CM\/2017\/PV 11 12 17.pdf\" target=\"_blank\">CM du 11\/12\/2017<\/a><\/p>\n\n\n\n<p>Conseils municipaux de 2016<br><a rel=\"noreferrer noopener\" href=\"https:\/\/mairie-splc.fr\/CM\/2016\/pv 12 01 16.pdf\" target=\"_blank\">CM du 12\/01\/2016<\/a> ; <a rel=\"noreferrer noopener\" href=\"https:\/\/mairie-splc.fr\/www\/CM\/2016\/pv 16 02 16.pdf\" target=\"_blank\">CM du 16\/02\/16<\/a> ; <a rel=\"noreferrer noopener\" href=\"https:\/\/mairie-splc.fr\/www\/CM\/2016\/pv 05 04 16.pdf\" target=\"_blank\">CM du 05\/04\/2016<\/a> ; <br><a rel=\"noreferrer noopener\" href=\"https:\/\/mairie-splc.fr\/CM\/2016\/PV 14 06 16.pdf\" target=\"_blank\">CM du 14\/06\/2016<\/a> ; <a rel=\"noreferrer noopener\" href=\"https:\/\/mairie-splc.fr\/CM\/2016\/pv 12 07 16 .pdf\" target=\"_blank\">CM du 12\/07\/2016<\/a> ; <a rel=\"noreferrer noopener\" href=\"https:\/\/mairie-splc.fr\/CM\/2016\/pv 13 09 16.pdf\" target=\"_blank\">CM du 13\/09\/2016<\/a> ; <br><a rel=\"noreferrer noopener\" href=\"https:\/\/mairie-splc.fr\/CM\/2016\/pv 11 10 16.pdf\" target=\"_blank\">CM du 11\/10\/2016<\/a> ; <a rel=\"noreferrer noopener\" href=\"https:\/\/mairie-splc.fr\/CM\/2016\/cce 13 09 16.pdf\" target=\"_blank\">CCE du 13\/10\/2016<\/a> ; <a rel=\"noreferrer noopener\" href=\"https:\/\/mairie-splc.fr\/CM\/2016\/PV 08 11 16.pdf\" target=\"_blank\">CM du 08\/11\/16<\/a> ; <br><a href=\"https:\/\/mairie-splc.fr\/CM\/2016\/PV 13 12 16.pdf\" target=\"_blank\" rel=\"noreferrer noopener\">CM du 13\/12\/2016<\/a> ; <a href=\"https:\/\/mairie-splc.fr\/CM\/2016\/PV 21 12 16.pdf\" target=\"_blank\" rel=\"noreferrer noopener\">CM du 21\/12\/2016<\/a><\/p>\n\n\n\n<p>Conseils municipaux de 2015<br><a rel=\"noreferrer noopener\" href=\"https:\/\/mairie-splc.fr\/CM\/caisse des \u00e9coles janvier 2015.pdf\" target=\"_blank\">caisse des \u00e9cole<\/a><a href=\"file:\/\/\/C:\/Users\/dominique.albaret\/Documents\/Mairie\/Site\/www\/CM\/CM 13 01 2015.pdf\">s<\/a> janvier 2015<br><a rel=\"noreferrer noopener\" href=\"https:\/\/mairie-splc.fr\/CM\/2015\/CM 13 01 2015.pdf\" target=\"_blank\">CM du 13 01 2015<\/a><a href=\"file:\/\/\/C:\/Users\/dominique.albaret\/Documents\/Mairie\/Site\/www\/CM\/CM 13 01 2015.pdf\"> , <\/a><a rel=\"noreferrer noopener\" href=\"https:\/\/mairie-splc.fr\/CM\/2015\/CM du 10 02 15.pdf\" target=\"_blank\">CM du 10 02 2015<\/a> <a rel=\"noreferrer noopener\" href=\"https:\/\/mairie-splc.fr\/CM\/2015\/CM du 10 03 15 .pdf\" target=\"_blank\">, CM du 10\/03\/2015<\/a>, <br><a rel=\"noreferrer noopener\" href=\"https:\/\/mairie-splc.fr\/CM\/2015\/CM du 14 04 15.pdf\" target=\"_blank\">CM du 14\/04\/2015<\/a> , <a rel=\"noreferrer noopener\" href=\"https:\/\/mairie-splc.fr\/CM\/2015\/CM du 29 04 15.pdf\" target=\"_blank\">CM du 29\/04\/2015<\/a> ; <a rel=\"noreferrer noopener\" href=\"https:\/\/mairie-splc.fr\/CM\/CM du 09 06 15.pdf\" target=\"_blank\">CM du 09\/06\/2015<\/a><a href=\"https:\/\/mairie-splc.fr\/CM\/2015\/PV 08 09 15.pdf\"> , <\/a><br><a rel=\"noreferrer noopener\" href=\"https:\/\/mairie-splc.fr\/CM\/2015\/PV 08 09 15.pdf\" target=\"_blank\">CM du 08\/09\/2015 <\/a>, <a rel=\"noreferrer noopener\" href=\"https:\/\/mairie-splc.fr\/CM\/2015\/PV 13 10 15.pdf\" target=\"_blank\">CM du 13\/10\/2015<\/a> , <a rel=\"noreferrer noopener\" href=\"https:\/\/mairie-splc.fr\/CM\/2015\/PV 10 11 15.pdf\" target=\"_blank\">CM du 10\/11\/2015 , <\/a><br><a href=\"https:\/\/mairie-splc.fr\/CM\/2015\/pv 08 12 15.pdf\" target=\"_blank\" rel=\"noreferrer noopener\">CM du 8\/12\/2015<\/a><\/p>\n\n\n\n<p>Conseils Municipaux de 2014 :<br><a rel=\"noreferrer noopener\" href=\"https:\/\/mairie-splc.fr\/CM\/2014\/CM du 5 avril 2014.pdf\" target=\"_blank\">CM du 05 04 2014<\/a> , <a rel=\"noreferrer noopener\" href=\"https:\/\/mairie-splc.fr\/CM\/CM du 18 avril 2014-2.pdf\" target=\"_blank\">CM du 18 04 2014<\/a> , <a rel=\"noreferrer noopener\" href=\"https:\/\/mairie-splc.fr\/CM\/CM DU 29  04 14-2.pdf\" target=\"_blank\">CM DU 29 04 2014<\/a> , <br><a rel=\"noreferrer noopener\" href=\"https:\/\/mairie-splc.fr\/CM\/CM DU 13 05 14.pdf\" target=\"_blank\">CM DU 13 05 2014<\/a> , <a rel=\"noreferrer noopener\" href=\"https:\/\/mairie-splc.fr\/CM\/CM DU 11 06 14 3.pdf\" target=\"_blank\">CM DU 11 06 2014<\/a> , <a rel=\"noreferrer noopener\" href=\"https:\/\/mairie-splc.fr\/CM\/CM DU 8 07 14.pdf\" target=\"_blank\">CM DU 08 07 2014<\/a> , <br><a rel=\"noreferrer noopener\" href=\"https:\/\/mairie-splc.fr\/CM\/CM  DU 09 09 14.pdf\" target=\"_blank\">CM DU 09 09 2014<\/a> , <a rel=\"noreferrer noopener\" href=\"https:\/\/mairie-splc.fr\/CM\/CM DU 21 10.pdf\" target=\"_blank\">CM DU 21 10 2014<\/a> , <a rel=\"noreferrer noopener\" href=\"https:\/\/mairie-splc.fr\/CM\/CM DU 18 11 14.pdf\" target=\"_blank\">CM du 18 11 2014<\/a> <a href=\"file:\/\/\/C:\/Users\/dominique.albaret\/Documents\/Mairie\/Site\/www\/CM\/CM 13 01 2015.pdf\">, <\/a><br><a rel=\"noreferrer noopener\" href=\"https:\/\/mairie-splc.fr\/CM\/CM du 16 12 2014.pdf\" target=\"_blank\">CM du 16 12 2014<\/a><\/p>\n\n\n\n<p><a rel=\"noreferrer noopener\" href=\"https:\/\/mairie-splc.fr\/CM\/situation emprunts 2014.pdf\" target=\"_blank\">Situation des emprunts mars 2014<\/a><\/p>\n","protected":false},"excerpt":{"rendered":"<p>Composition du conseil municipal au 21 mars 2026 :Dominique Albaret, maire ; G\u00e9rard Faisy, premier adjoint ; Fr\u00e9d\u00e9rique Theil, seconde adjointe ; Christian Miginiac, troisi\u00e8me adjointe ;conseillers-\u00e8res municipaux-les : Catherine Bertin ;Jean Luc BouygesKarine Hadjoudj ;Joel Liagre ; Elodie Romano Vincent MassariaFlorence Roche Conseil municipaux 2026 22\/01\/2026 ; 21\/02\/2026 ; 21\/03\/2026. Conseil municipaux 2025 11\/01\/2025 [&hellip;]<\/p>\n","protected":false},"author":1,"featured_media":0,"parent":0,"menu_order":1,"comment_status":"closed","ping_status":"closed","template":"","meta":{"site-sidebar-layout":"default","site-content-layout":"default","ast-site-content-layout":"default","site-content-style":"default","site-sidebar-style":"default","ast-global-header-display":"","ast-banner-title-visibility":"","ast-main-header-display":"","ast-hfb-above-header-display":"","ast-hfb-below-header-display":"","ast-hfb-mobile-header-display":"","site-post-title":"","ast-breadcrumbs-content":"","ast-featured-img":"","footer-sml-layout":"","ast-disable-related-posts":"","theme-transparent-header-meta":"default","adv-header-id-meta":"","stick-header-meta":"","header-above-stick-meta":"","header-main-stick-meta":"","header-below-stick-meta":"","astra-migrate-meta-layouts":"set","ast-page-background-enabled":"default","ast-page-background-meta":{"desktop":{"background-color":"","background-image":"","background-repeat":"repeat","background-position":"center center","background-size":"auto","background-attachment":"scroll","background-type":"","background-media":"","overlay-type":"","overlay-color":"","overlay-opacity":"","overlay-gradient":""},"tablet":{"background-color":"","background-image":"","background-repeat":"repeat","background-position":"center center","background-size":"auto","background-attachment":"scroll","background-type":"","background-media":"","overlay-type":"","overlay-color":"","overlay-opacity":"","overlay-gradient":""},"mobile":{"background-color":"","background-image":"","background-repeat":"repeat","background-position":"center center","background-size":"auto","background-attachment":"scroll","background-type":"","background-media":"","overlay-type":"","overlay-color":"","overlay-opacity":"","overlay-gradient":""}},"ast-content-background-meta":{"desktop":{"background-color":"var(--ast-global-color-5)","background-image":"","background-repeat":"repeat","background-position":"center center","background-size":"auto","background-attachment":"scroll","background-type":"","background-media":"","overlay-type":"","overlay-color":"","overlay-opacity":"","overlay-gradient":""},"tablet":{"background-color":"var(--ast-global-color-5)","background-image":"","background-repeat":"repeat","background-position":"center center","background-size":"auto","background-attachment":"scroll","background-type":"","background-media":"","overlay-type":"","overlay-color":"","overlay-opacity":"","overlay-gradient":""},"mobile":{"background-color":"var(--ast-global-color-5)","background-image":"","background-repeat":"repeat","background-position":"center center","background-size":"auto","background-attachment":"scroll","background-type":"","background-media":"","overlay-type":"","overlay-color":"","overlay-opacity":"","overlay-gradient":""}},"footnotes":""},"class_list":["post-64","page","type-page","status-publish","hentry"],"jetpack_sharing_enabled":true,"_links":{"self":[{"href":"https:\/\/mairie-splc.fr\/index.php\/wp-json\/wp\/v2\/pages\/64","targetHints":{"allow":["GET"]}}],"collection":[{"href":"https:\/\/mairie-splc.fr\/index.php\/wp-json\/wp\/v2\/pages"}],"about":[{"href":"https:\/\/mairie-splc.fr\/index.php\/wp-json\/wp\/v2\/types\/page"}],"author":[{"embeddable":true,"href":"https:\/\/mairie-splc.fr\/index.php\/wp-json\/wp\/v2\/users\/1"}],"replies":[{"embeddable":true,"href":"https:\/\/mairie-splc.fr\/index.php\/wp-json\/wp\/v2\/comments?post=64"}],"version-history":[{"count":73,"href":"https:\/\/mairie-splc.fr\/index.php\/wp-json\/wp\/v2\/pages\/64\/revisions"}],"predecessor-version":[{"id":1369,"href":"https:\/\/mairie-splc.fr\/index.php\/wp-json\/wp\/v2\/pages\/64\/revisions\/1369"}],"wp:attachment":[{"href":"https:\/\/mairie-splc.fr\/index.php\/wp-json\/wp\/v2\/media?parent=64"}],"curies":[{"name":"wp","href":"https:\/\/api.w.org\/{rel}","templated":true}]}}