{"id":66,"date":"2020-10-28T15:41:53","date_gmt":"2020-10-28T14:41:53","guid":{"rendered":"http:\/\/mairie-splc.fr\/?page_id=66"},"modified":"2026-03-31T22:44:28","modified_gmt":"2026-03-31T20:44:28","slug":"notre-commune","status":"publish","type":"page","link":"https:\/\/mairie-splc.fr\/","title":{"rendered":"Horaires d\u2019ouverture"},"content":{"rendered":"\n<p>Du lundi au vendredi : 8h30 -12h30 &nbsp;&nbsp;&nbsp;&nbsp;&nbsp;&nbsp;&nbsp;&nbsp;<br>Le mardi et le jeudi de 13h30 \u00e0 17h30<br><strong><mark style=\"background-color:rgba(0, 0, 0, 0)\" class=\"has-inline-color has-luminous-vivid-amber-color\">Permanence des \u00e9lus le samedi de 10h \u00e0 midi.<\/mark> <\/strong><\/p>\n\n\n\n<p class=\"has-vivid-green-cyan-color has-text-color has-background\" style=\"background-color:#fffede\">La mairie la biblioth\u00e8que et la poste sont maintenant r\u00e9unis dans la m\u00eame salle les horaires d&rsquo;ouvertures sont les m\u00eames.<\/p>\n\n\n\n<p>Contact mairie et agence postale : T\u00e9l : 05 55 27 79 94 <br>Adresse mail : mairie-splc@orange.fr&nbsp; <br>Adresse postale : 55, route du fer \u00e0 cheval 19320 St Pardoux la Croisille.<\/p>\n\n\n\n<hr class=\"wp-block-separator has-alpha-channel-opacity is-style-wide\"\/>\n\n\n\n<hr class=\"wp-block-separator has-alpha-channel-opacity is-style-wide\"\/>\n\n\n\n<p class=\"has-text-align-center has-ast-global-color-6-background-color has-background\"><strong>Jours d&rsquo;ouverture d\u00e9ch\u00e8terie Gros Chastang : Mardi, jeudi, vendredi de 9h \u00e0 midi et 14h \u00e0 18h et samedi matin de 9h \u00e0 midi<\/strong><\/p>\n\n\n\n<hr class=\"wp-block-separator has-alpha-channel-opacity is-style-wide\"\/>\n\n\n\n<h4 class=\"wp-block-heading\"><strong>Info France services :<\/strong><\/h4>\n\n\n\n<p><strong><mark style=\"background-color:rgba(0, 0, 0, 0);color:#fc6b03\" class=\"has-inline-color\">Une permanence d\u00e9di\u00e9e aux violences conjugales et intrafamilial<\/mark><\/strong> est assur\u00e9e une fois par mois au sein de la structure France Services de Sainte Fortunade. <br>Pour tout renseignement ou rendez-vous s&rsquo;adresser au 05 55 27 30 90.<\/p>\n\n\n\n<hr class=\"wp-block-separator has-alpha-channel-opacity is-style-wide\"\/>\n\n\n\n<h4 class=\"wp-block-heading\"><em>Num\u00e9ro national d&rsquo;accueil t\u00e9l\u00e9phonique pour l&rsquo;enfance en danger : le 119<\/em><\/h4>\n\n\n\n<p><em>Si vous \u00eates un enfant en danger, si vous \u00eates une personne t\u00e9moin ou soup\u00e7onnant des violences sexuelles faites \u00e0 un enfant ou si vous souhaitez demander conseil, il existe un num\u00e9ro national d&rsquo;accueil t\u00e9l\u00e9phonique pour l&rsquo;enfance en danger : le 119, ouvert 24h\/24 et 7j\/7. L&rsquo;appel est gratuit et le num\u00e9ro n&rsquo;est pas visible sur les factures de t\u00e9l\u00e9phone. Il est aussi possible d&rsquo;envoyer un message \u00e9crit au 119 via le formulaire \u00e0 remplir en ligne ou d&rsquo;entrer en relation via un tchat en ligne : <a rel=\"noreferrer noopener\" href=\"https:\/\/www.allo119.gouv.fr\/\" target=\"_blank\">allo119.gouv.fr<\/a>. Pour les personnes sourdes et malentendantes, un dispositif sp\u00e9cifique est disponible sur le site <a rel=\"noreferrer noopener\" href=\"https:\/\/www.allo119.gouv.fr\/\" target=\"_blank\">allo119.gouv.fr<\/a>.<\/em><\/p>\n\n\n\n<hr class=\"wp-block-separator has-alpha-channel-opacity is-style-wide\"\/>\n\n\n\n<p><a rel=\"noreferrer noopener\" href=\"https:\/\/mairie-splc.fr\/wp-content\/uploads\/2025\/10\/RAPPORT-ANNUEL-2024.pdf\" target=\"_blank\">Rapport annuel sur le Prix et la Qualit\u00e9 du Service de l&rsquo;eau <\/a>du syndicat des eaux des deux vall\u00e9es.<\/p>\n\n\n\n<hr class=\"wp-block-separator has-css-opacity is-style-wide\"\/>\n\n\n\n<p><a rel=\"noreferrer noopener\" href=\"https:\/\/mairie-splc.fr\/wp-content\/uploads\/2025\/10\/raporactivt24tulaglo.pdf\" target=\"_blank\">Rapport d&rsquo;activit\u00e9 de Tulle Agglo pour l&rsquo;ann\u00e9e 2024<\/a> <\/p>\n\n\n\n<hr class=\"wp-block-separator has-alpha-channel-opacity is-style-wide\"\/>\n\n\n\n<h4 class=\"wp-block-heading\">D\u00e9marchage t\u00e9l\u00e9phonique frauduleux<\/h4>\n\n\n\n<p><a rel=\"noreferrer noopener\" href=\"https:\/\/mairie-splc.fr\/wp-content\/uploads\/2023\/08\/Demarchage_frauduleux_ADIL-19.pdf\" target=\"_blank\">T\u00e9l\u00e9charger la brochure <\/a>de l&rsquo;Association D\u00e9partementale d&rsquo;Information sur le Logement de la Corr\u00e8ze (ADIL19). Dans le cadre de travaux de r\u00e9novation \u00e9nerg\u00e9tique : Les services publics ne d\u00e9marchent JAMAIS, que ce soit par mail, par t\u00e9l\u00e9phone ou \u00e0 votre domicile.<\/p>\n\n\n\n<hr class=\"wp-block-separator has-css-opacity is-style-wide\"\/>\n\n\n\n<p><a rel=\"noreferrer noopener\" href=\"https:\/\/mairie-splc.fr\/wp-content\/uploads\/2022\/11\/arreteEclairage_public.pdf\" target=\"_blank\">Arr\u00eat\u00e9 relatif aux horaires de l&rsquo;\u00e9clairage public<\/a><\/p>\n\n\n\n<hr class=\"wp-block-separator has-css-opacity is-style-wide\"\/>\n\n\n\n<p><strong>EXTENSION DES CONSIGNES DE TRI DES D\u00c9CHETS M\u00c9NAGERS.<\/strong><\/p>\n\n\n\n<p><strong>A partir du 1<sup>er<\/sup> janvier 2023, le SYTTOM19 met en place l\u2019extension des consignes de tri sur l\u2019ensemble du territoire corr\u00e9zien.<\/strong><\/p>\n\n\n\n<p>Concr\u00e8tement, cela signifie que pour l\u2019ensemble des habitants de la Corr\u00e8ze, tous les emballages (plastiques, m\u00e9talliques et cartonn\u00e9s) se trient, c\u2019est-\u00e0-dire vont dans les bacs et colonnes jaunes.<\/p>\n\n\n\n<hr class=\"wp-block-separator has-css-opacity is-style-wide\"\/>\n\n\n\n<h4 class=\"wp-block-heading\">Maison de l&rsquo;habitat de Tulle Agglo :<\/h4>\n\n\n\n<p><a rel=\"noreferrer noopener\" href=\"https:\/\/www.agglo-tulle.fr\/vie-pratique\/habitat-logement-et-urbanisme\/aides-pour-lhabitat\" target=\"_blank\">Tulle agglo lance une Op\u00e9ration Programm\u00e9e d\u2019Am\u00e9lioration de l\u2019Habitat<\/a> (OPAH) qui permet aux propri\u00e9taires occupants et aux propri\u00e9taires bailleurs priv\u00e9s de tout le territoire de b\u00e9n\u00e9ficier d&rsquo;aides afin de r\u00e9habiliter leur logement. <br>Ils peuvent ainsi profiter : <br>&#8211; de conseils<br>&#8211; d\u2019aides financi\u00e8res (Etat, ANAH, Tulle agglo, d\u00e9partement) pouvant atteindre jusqu\u2019\u00e0 80% de prise en charge (soumis \u00e0 condition)<br>d\u2019une assistance gratuite tout au long du projet<br>&#8211; de d\u00e9duction fiscale (soumis \u00e0 condition)<br>Renseignements : <br>Maison de l&rsquo;habitat, 2 rue Fran\u00e7ois Bonn\u00e9lye, 19000 TULLE<\/p>\n\n\n\n<hr class=\"wp-block-separator has-css-opacity is-style-wide\"\/>\n\n\n\n<h6 class=\"wp-block-heading has-text-align-center has-luminous-vivid-amber-to-luminous-vivid-orange-gradient-background has-background\">Le conseil municipal, l&rsquo;Amicale La\u00efque et Peuple et Culture vous invitent \u00e0 visionner le film <br>\u00ab\u00a0<a rel=\"noreferrer noopener\" href=\"https:\/\/www.youtube.com\/watch?v=3ohMwNdaWRM\" data-type=\"page\" target=\"_blank\">On repeint Tout<\/a>\u00ab\u00a0<br>Une catastrophe a fait perdre ses couleurs \u00e0 la terre, un petit groupe de gens \u00e0 Saint Pardoux la Croisille a trouv\u00e9 une peinture magique pour repeindre le monde&#8230;<br><a rel=\"noreferrer noopener\" href=\"https:\/\/mairie-splc.fr\/wp-content\/uploads\/2023\/08\/edition-anticipations2.pdf\" target=\"_blank\">T\u00e9l\u00e9charger la version pdf de la manifestation<\/a><\/h6>\n\n\n\n<p class=\"has-text-align-left\"><\/p>\n\n\n\n<figure class=\"wp-block-gallery has-nested-images columns-default is-cropped wp-block-gallery-1 is-layout-flex wp-block-gallery-is-layout-flex\">\n<figure class=\"wp-block-image size-large\"><img fetchpriority=\"high\" decoding=\"async\" width=\"1024\" height=\"768\" data-id=\"367\" src=\"https:\/\/mairie-splc.fr\/wp-content\/uploads\/2020\/11\/1463_commerce-SPLC-1024x768.jpg\" alt=\"\" class=\"wp-image-367\" srcset=\"https:\/\/mairie-splc.fr\/wp-content\/uploads\/2020\/11\/1463_commerce-SPLC-1024x768.jpg 1024w, https:\/\/mairie-splc.fr\/wp-content\/uploads\/2020\/11\/1463_commerce-SPLC-300x225.jpg 300w, https:\/\/mairie-splc.fr\/wp-content\/uploads\/2020\/11\/1463_commerce-SPLC-768x576.jpg 768w, https:\/\/mairie-splc.fr\/wp-content\/uploads\/2020\/11\/1463_commerce-SPLC-1536x1152.jpg 1536w, https:\/\/mairie-splc.fr\/wp-content\/uploads\/2020\/11\/1463_commerce-SPLC-2048x1536.jpg 2048w\" sizes=\"(max-width: 1024px) 100vw, 1024px\" \/><\/figure>\n\n\n\n<figure class=\"wp-block-image size-large\"><img decoding=\"async\" width=\"1024\" height=\"768\" data-id=\"368\" src=\"https:\/\/mairie-splc.fr\/wp-content\/uploads\/2020\/11\/MG_1460-1024x768.jpg\" alt=\"\" class=\"wp-image-368\" srcset=\"https:\/\/mairie-splc.fr\/wp-content\/uploads\/2020\/11\/MG_1460-1024x768.jpg 1024w, https:\/\/mairie-splc.fr\/wp-content\/uploads\/2020\/11\/MG_1460-300x225.jpg 300w, https:\/\/mairie-splc.fr\/wp-content\/uploads\/2020\/11\/MG_1460-768x576.jpg 768w, https:\/\/mairie-splc.fr\/wp-content\/uploads\/2020\/11\/MG_1460-1536x1152.jpg 1536w, https:\/\/mairie-splc.fr\/wp-content\/uploads\/2020\/11\/MG_1460.jpg 2048w\" sizes=\"(max-width: 1024px) 100vw, 1024px\" \/><\/figure>\n\n\n\n<figure class=\"wp-block-image size-large\"><img decoding=\"async\" width=\"1024\" height=\"683\" data-id=\"369\" src=\"https:\/\/mairie-splc.fr\/wp-content\/uploads\/2020\/11\/MG_1461-1024x683.jpg\" alt=\"\" class=\"wp-image-369\" srcset=\"https:\/\/mairie-splc.fr\/wp-content\/uploads\/2020\/11\/MG_1461-1024x683.jpg 1024w, https:\/\/mairie-splc.fr\/wp-content\/uploads\/2020\/11\/MG_1461-300x200.jpg 300w, https:\/\/mairie-splc.fr\/wp-content\/uploads\/2020\/11\/MG_1461-768x512.jpg 768w, https:\/\/mairie-splc.fr\/wp-content\/uploads\/2020\/11\/MG_1461-1536x1024.jpg 1536w, https:\/\/mairie-splc.fr\/wp-content\/uploads\/2020\/11\/MG_1461-2048x1365.jpg 2048w\" sizes=\"(max-width: 1024px) 100vw, 1024px\" \/><\/figure>\n\n\n\n<figure class=\"wp-block-image size-large\"><img loading=\"lazy\" decoding=\"async\" width=\"1024\" height=\"683\" data-id=\"370\" src=\"https:\/\/mairie-splc.fr\/wp-content\/uploads\/2020\/11\/MG_1462-1024x683.jpg\" alt=\"\" class=\"wp-image-370\" srcset=\"https:\/\/mairie-splc.fr\/wp-content\/uploads\/2020\/11\/MG_1462-1024x683.jpg 1024w, https:\/\/mairie-splc.fr\/wp-content\/uploads\/2020\/11\/MG_1462-300x200.jpg 300w, https:\/\/mairie-splc.fr\/wp-content\/uploads\/2020\/11\/MG_1462-768x512.jpg 768w, https:\/\/mairie-splc.fr\/wp-content\/uploads\/2020\/11\/MG_1462-1536x1024.jpg 1536w, https:\/\/mairie-splc.fr\/wp-content\/uploads\/2020\/11\/MG_1462-2048x1365.jpg 2048w\" sizes=\"(max-width: 1024px) 100vw, 1024px\" \/><\/figure>\n\n\n\n<figure class=\"wp-block-image size-large\"><img loading=\"lazy\" decoding=\"async\" width=\"1024\" height=\"683\" data-id=\"371\" src=\"https:\/\/mairie-splc.fr\/wp-content\/uploads\/2020\/11\/MG_1472-1024x683.jpg\" alt=\"\" class=\"wp-image-371\" srcset=\"https:\/\/mairie-splc.fr\/wp-content\/uploads\/2020\/11\/MG_1472-1024x683.jpg 1024w, https:\/\/mairie-splc.fr\/wp-content\/uploads\/2020\/11\/MG_1472-300x200.jpg 300w, https:\/\/mairie-splc.fr\/wp-content\/uploads\/2020\/11\/MG_1472-768x512.jpg 768w, https:\/\/mairie-splc.fr\/wp-content\/uploads\/2020\/11\/MG_1472-1536x1024.jpg 1536w, https:\/\/mairie-splc.fr\/wp-content\/uploads\/2020\/11\/MG_1472-2048x1365.jpg 2048w\" sizes=\"(max-width: 1024px) 100vw, 1024px\" \/><\/figure>\n\n\n\n<figure class=\"wp-block-image size-large\"><img loading=\"lazy\" decoding=\"async\" width=\"1024\" height=\"683\" data-id=\"372\" src=\"https:\/\/mairie-splc.fr\/wp-content\/uploads\/2020\/11\/z_MG_5322-1024x683.jpg\" alt=\"\" class=\"wp-image-372\" srcset=\"https:\/\/mairie-splc.fr\/wp-content\/uploads\/2020\/11\/z_MG_5322-1024x683.jpg 1024w, https:\/\/mairie-splc.fr\/wp-content\/uploads\/2020\/11\/z_MG_5322-300x200.jpg 300w, https:\/\/mairie-splc.fr\/wp-content\/uploads\/2020\/11\/z_MG_5322-768x512.jpg 768w, https:\/\/mairie-splc.fr\/wp-content\/uploads\/2020\/11\/z_MG_5322-1536x1024.jpg 1536w, https:\/\/mairie-splc.fr\/wp-content\/uploads\/2020\/11\/z_MG_5322-2048x1365.jpg 2048w\" sizes=\"(max-width: 1024px) 100vw, 1024px\" \/><\/figure>\n\n\n\n<figure class=\"wp-block-image size-large\"><img loading=\"lazy\" decoding=\"async\" width=\"1024\" height=\"683\" data-id=\"373\" src=\"https:\/\/mairie-splc.fr\/wp-content\/uploads\/2020\/11\/z_MG_5423-1024x683.jpg\" alt=\"\" class=\"wp-image-373\" srcset=\"https:\/\/mairie-splc.fr\/wp-content\/uploads\/2020\/11\/z_MG_5423-1024x683.jpg 1024w, https:\/\/mairie-splc.fr\/wp-content\/uploads\/2020\/11\/z_MG_5423-300x200.jpg 300w, https:\/\/mairie-splc.fr\/wp-content\/uploads\/2020\/11\/z_MG_5423-768x512.jpg 768w, https:\/\/mairie-splc.fr\/wp-content\/uploads\/2020\/11\/z_MG_5423-1536x1024.jpg 1536w, https:\/\/mairie-splc.fr\/wp-content\/uploads\/2020\/11\/z_MG_5423-2048x1365.jpg 2048w\" sizes=\"(max-width: 1024px) 100vw, 1024px\" \/><\/figure>\n\n\n\n<figure class=\"wp-block-image size-large\"><img loading=\"lazy\" decoding=\"async\" width=\"1024\" height=\"683\" data-id=\"374\" src=\"https:\/\/mairie-splc.fr\/wp-content\/uploads\/2020\/11\/z_MG_5452-1024x683.jpg\" alt=\"\" class=\"wp-image-374\" srcset=\"https:\/\/mairie-splc.fr\/wp-content\/uploads\/2020\/11\/z_MG_5452-1024x683.jpg 1024w, https:\/\/mairie-splc.fr\/wp-content\/uploads\/2020\/11\/z_MG_5452-300x200.jpg 300w, https:\/\/mairie-splc.fr\/wp-content\/uploads\/2020\/11\/z_MG_5452-768x512.jpg 768w, https:\/\/mairie-splc.fr\/wp-content\/uploads\/2020\/11\/z_MG_5452-1536x1024.jpg 1536w, https:\/\/mairie-splc.fr\/wp-content\/uploads\/2020\/11\/z_MG_5452-2048x1365.jpg 2048w\" sizes=\"(max-width: 1024px) 100vw, 1024px\" \/><\/figure>\n\n\n\n<figure class=\"wp-block-image size-large\"><img loading=\"lazy\" decoding=\"async\" width=\"1024\" height=\"683\" data-id=\"375\" src=\"https:\/\/mairie-splc.fr\/wp-content\/uploads\/2020\/11\/zALe-lac-de-la-Valette-a-SPLC-1024x683.jpg\" alt=\"\" class=\"wp-image-375\" srcset=\"https:\/\/mairie-splc.fr\/wp-content\/uploads\/2020\/11\/zALe-lac-de-la-Valette-a-SPLC-1024x683.jpg 1024w, https:\/\/mairie-splc.fr\/wp-content\/uploads\/2020\/11\/zALe-lac-de-la-Valette-a-SPLC-300x200.jpg 300w, https:\/\/mairie-splc.fr\/wp-content\/uploads\/2020\/11\/zALe-lac-de-la-Valette-a-SPLC-768x512.jpg 768w, https:\/\/mairie-splc.fr\/wp-content\/uploads\/2020\/11\/zALe-lac-de-la-Valette-a-SPLC-1536x1024.jpg 1536w, https:\/\/mairie-splc.fr\/wp-content\/uploads\/2020\/11\/zALe-lac-de-la-Valette-a-SPLC-2048x1365.jpg 2048w\" sizes=\"(max-width: 1024px) 100vw, 1024px\" \/><\/figure>\n\n\n\n<figure class=\"wp-block-image size-large\"><img loading=\"lazy\" decoding=\"async\" width=\"1024\" height=\"683\" data-id=\"376\" src=\"https:\/\/mairie-splc.fr\/wp-content\/uploads\/2020\/11\/zIMG_5287-1024x683.jpg\" alt=\"\" class=\"wp-image-376\" srcset=\"https:\/\/mairie-splc.fr\/wp-content\/uploads\/2020\/11\/zIMG_5287-1024x683.jpg 1024w, https:\/\/mairie-splc.fr\/wp-content\/uploads\/2020\/11\/zIMG_5287-300x200.jpg 300w, https:\/\/mairie-splc.fr\/wp-content\/uploads\/2020\/11\/zIMG_5287-768x512.jpg 768w, https:\/\/mairie-splc.fr\/wp-content\/uploads\/2020\/11\/zIMG_5287-1536x1024.jpg 1536w, https:\/\/mairie-splc.fr\/wp-content\/uploads\/2020\/11\/zIMG_5287-2048x1365.jpg 2048w\" sizes=\"(max-width: 1024px) 100vw, 1024px\" \/><\/figure>\n\n\n\n<figure class=\"wp-block-image size-large\"><img loading=\"lazy\" decoding=\"async\" width=\"1024\" height=\"683\" data-id=\"377\" src=\"https:\/\/mairie-splc.fr\/wp-content\/uploads\/2020\/11\/zIMG_5301-1024x683.jpg\" alt=\"\" class=\"wp-image-377\" srcset=\"https:\/\/mairie-splc.fr\/wp-content\/uploads\/2020\/11\/zIMG_5301-1024x683.jpg 1024w, https:\/\/mairie-splc.fr\/wp-content\/uploads\/2020\/11\/zIMG_5301-300x200.jpg 300w, https:\/\/mairie-splc.fr\/wp-content\/uploads\/2020\/11\/zIMG_5301-768x512.jpg 768w, https:\/\/mairie-splc.fr\/wp-content\/uploads\/2020\/11\/zIMG_5301-1536x1024.jpg 1536w, https:\/\/mairie-splc.fr\/wp-content\/uploads\/2020\/11\/zIMG_5301-2048x1365.jpg 2048w\" sizes=\"(max-width: 1024px) 100vw, 1024px\" \/><\/figure>\n\n\n\n<figure class=\"wp-block-image size-large\"><img loading=\"lazy\" decoding=\"async\" width=\"1024\" height=\"683\" data-id=\"378\" src=\"https:\/\/mairie-splc.fr\/wp-content\/uploads\/2020\/11\/zIMG_5302-1024x683.jpg\" alt=\"\" class=\"wp-image-378\" srcset=\"https:\/\/mairie-splc.fr\/wp-content\/uploads\/2020\/11\/zIMG_5302-1024x683.jpg 1024w, https:\/\/mairie-splc.fr\/wp-content\/uploads\/2020\/11\/zIMG_5302-300x200.jpg 300w, https:\/\/mairie-splc.fr\/wp-content\/uploads\/2020\/11\/zIMG_5302-768x512.jpg 768w, https:\/\/mairie-splc.fr\/wp-content\/uploads\/2020\/11\/zIMG_5302-1536x1024.jpg 1536w, https:\/\/mairie-splc.fr\/wp-content\/uploads\/2020\/11\/zIMG_5302-2048x1365.jpg 2048w\" sizes=\"(max-width: 1024px) 100vw, 1024px\" \/><\/figure>\n\n\n\n<figure class=\"wp-block-image size-large\"><img loading=\"lazy\" decoding=\"async\" width=\"1024\" height=\"683\" data-id=\"379\" src=\"https:\/\/mairie-splc.fr\/wp-content\/uploads\/2020\/11\/zIMG_5304-1024x683.jpg\" alt=\"\" class=\"wp-image-379\" srcset=\"https:\/\/mairie-splc.fr\/wp-content\/uploads\/2020\/11\/zIMG_5304-1024x683.jpg 1024w, https:\/\/mairie-splc.fr\/wp-content\/uploads\/2020\/11\/zIMG_5304-300x200.jpg 300w, https:\/\/mairie-splc.fr\/wp-content\/uploads\/2020\/11\/zIMG_5304-768x512.jpg 768w, https:\/\/mairie-splc.fr\/wp-content\/uploads\/2020\/11\/zIMG_5304-1536x1024.jpg 1536w, https:\/\/mairie-splc.fr\/wp-content\/uploads\/2020\/11\/zIMG_5304-2048x1365.jpg 2048w\" sizes=\"(max-width: 1024px) 100vw, 1024px\" \/><\/figure>\n<\/figure>\n\n\n\n<p>La commune de Saint Pardoux la Croisille poss\u00e8de une carte communale. C&rsquo;est un document d&rsquo;urbanisme qui d\u00e9termine les secteurs o\u00f9 les constructions sont autoris\u00e9es, ceux r\u00e9serv\u00e9s \u00e0 la for\u00eat ou \u00e0 l&rsquo;agriculture. <a rel=\"noreferrer noopener\" href=\"https:\/\/mairie-splc.fr\/CM\/Carte communale SPLC.pdf\" target=\"_blank\">T\u00e9l\u00e9charger le document.<\/a><\/p>\n\n\n\n<p><a href=\"https:\/\/mairie-splc.fr\/wp-content\/uploads\/2020\/11\/Zonage_A3-_5000.pdf\">Carte du zonage communal <\/a><\/p>\n\n\n\n<p><\/p>\n","protected":false},"excerpt":{"rendered":"<p>Du lundi au vendredi : 8h30 -12h30 &nbsp;&nbsp;&nbsp;&nbsp;&nbsp;&nbsp;&nbsp;&nbsp;Le mardi et le jeudi de 13h30 \u00e0 17h30Permanence des \u00e9lus le samedi de 10h \u00e0 midi. La mairie la biblioth\u00e8que et la poste sont maintenant r\u00e9unis dans la m\u00eame salle les horaires d&rsquo;ouvertures sont les m\u00eames. Contact mairie et agence postale : T\u00e9l : 05 55 27 [&hellip;]<\/p>\n","protected":false},"author":1,"featured_media":0,"parent":0,"menu_order":0,"comment_status":"closed","ping_status":"closed","template":"","meta":{"site-sidebar-layout":"right-sidebar","site-content-layout":"default","ast-site-content-layout":"default","site-content-style":"default","site-sidebar-style":"default","ast-global-header-display":"","ast-banner-title-visibility":"","ast-main-header-display":"","ast-hfb-above-header-display":"","ast-hfb-below-header-display":"","ast-hfb-mobile-header-display":"","site-post-title":"","ast-breadcrumbs-content":"","ast-featured-img":"","footer-sml-layout":"","ast-disable-related-posts":"","theme-transparent-header-meta":"default","adv-header-id-meta":"","stick-header-meta":"","header-above-stick-meta":"","header-main-stick-meta":"","header-below-stick-meta":"","astra-migrate-meta-layouts":"set","ast-page-background-enabled":"default","ast-page-background-meta":{"desktop":{"background-color":"","background-image":"","background-repeat":"repeat","background-position":"center center","background-size":"auto","background-attachment":"scroll","background-type":"","background-media":"","overlay-type":"","overlay-color":"","overlay-opacity":"","overlay-gradient":""},"tablet":{"background-color":"","background-image":"","background-repeat":"repeat","background-position":"center center","background-size":"auto","background-attachment":"scroll","background-type":"","background-media":"","overlay-type":"","overlay-color":"","overlay-opacity":"","overlay-gradient":""},"mobile":{"background-color":"","background-image":"","background-repeat":"repeat","background-position":"center center","background-size":"auto","background-attachment":"scroll","background-type":"","background-media":"","overlay-type":"","overlay-color":"","overlay-opacity":"","overlay-gradient":""}},"ast-content-background-meta":{"desktop":{"background-color":"var(--ast-global-color-5)","background-image":"","background-repeat":"repeat","background-position":"center center","background-size":"auto","background-attachment":"scroll","background-type":"","background-media":"","overlay-type":"","overlay-color":"","overlay-opacity":"","overlay-gradient":""},"tablet":{"background-color":"var(--ast-global-color-5)","background-image":"","background-repeat":"repeat","background-position":"center center","background-size":"auto","background-attachment":"scroll","background-type":"","background-media":"","overlay-type":"","overlay-color":"","overlay-opacity":"","overlay-gradient":""},"mobile":{"background-color":"var(--ast-global-color-5)","background-image":"","background-repeat":"repeat","background-position":"center center","background-size":"auto","background-attachment":"scroll","background-type":"","background-media":"","overlay-type":"","overlay-color":"","overlay-opacity":"","overlay-gradient":""}},"footnotes":""},"class_list":["post-66","page","type-page","status-publish","hentry"],"jetpack_sharing_enabled":true,"_links":{"self":[{"href":"https:\/\/mairie-splc.fr\/index.php\/wp-json\/wp\/v2\/pages\/66","targetHints":{"allow":["GET"]}}],"collection":[{"href":"https:\/\/mairie-splc.fr\/index.php\/wp-json\/wp\/v2\/pages"}],"about":[{"href":"https:\/\/mairie-splc.fr\/index.php\/wp-json\/wp\/v2\/types\/page"}],"author":[{"embeddable":true,"href":"https:\/\/mairie-splc.fr\/index.php\/wp-json\/wp\/v2\/users\/1"}],"replies":[{"embeddable":true,"href":"https:\/\/mairie-splc.fr\/index.php\/wp-json\/wp\/v2\/comments?post=66"}],"version-history":[{"count":127,"href":"https:\/\/mairie-splc.fr\/index.php\/wp-json\/wp\/v2\/pages\/66\/revisions"}],"predecessor-version":[{"id":1389,"href":"https:\/\/mairie-splc.fr\/index.php\/wp-json\/wp\/v2\/pages\/66\/revisions\/1389"}],"wp:attachment":[{"href":"https:\/\/mairie-splc.fr\/index.php\/wp-json\/wp\/v2\/media?parent=66"}],"curies":[{"name":"wp","href":"https:\/\/api.w.org\/{rel}","templated":true}]}}