{"id":71,"date":"2020-10-28T16:08:54","date_gmt":"2020-10-28T15:08:54","guid":{"rendered":"http:\/\/mairie-splc.fr\/?page_id=71"},"modified":"2026-01-25T19:34:11","modified_gmt":"2026-01-25T18:34:11","slug":"ecole","status":"publish","type":"page","link":"https:\/\/mairie-splc.fr\/index.php\/ecole\/","title":{"rendered":"Ecole"},"content":{"rendered":"\n<figure class=\"wp-block-table\"><table><tbody><tr><td>Le Regroupement P\u00e9dagogique Intercommunal (RPI) des communes de :<br>Clergoux, La Roche Canillac, Saint Martin la M\u00e9anne (uniquement maternelle), Champagnac la Prune et Saint Pardoux la Croisille, accueille 56 \u00e9l\u00e8ves \u00e0 la rentr\u00e9e de septembre 2025.<\/td><td><\/td><\/tr><tr><td>&#8211; \u00c9cole maternelle \u00a0\u00a0\u00a0\u00a0\u00a0\u00a0<br>Le Bourg \u00a0\u00a0\u00a0\u00a019320 La Roche-Canillac \u00a0(6 PS, 11 M, 5 GS) soit 22 \u00e9l\u00e8ves\u00a0\u00a0\u00a0\u00a0\u00a0\u00a0\u00a0\u00a0\u00a0\u00a0\u00a0<br>\u00a0T\u00e9l : 05 55 29 11 11<br><br>&#8211; \u00c9cole primaire \u00a0\u00a0(7 CP, 5 CE1, 5 CE2) 17 \u00e9l\u00e8ves pour la rentr\u00e9e septembre 2025<br>\u00a0\u00a0\u00a0Le bourg \u00a0\u00a0\u00a0\u00a0\u00a0\u00a0\u00a0\u00a0\u00a0\u00a019320 Saint Pardoux La Croisille \u00a0\u00a0\u00a0\u00a0\u00a0\u00a0\u00a0\u00a0\u00a0\u00a0<br>\u00a0T\u00e9l : 05 55 27 65 84<br><br>&#8211; \u00c9cole primaire \u00a0\u00a0\u00a0(CM 10 , CM 7 ) 17 \u00e9l\u00e8ves<br>\u00a0\u00a0Le Bourg \u00a0\u00a0\u00a0\u00a0\u00a0\u00a0\u00a0\u00a0\u00a0\u00a0\u00a019320 Clergoux \u00a0<br>T\u00e9l : 05 55 \u00a027 59 81<br><br><br><\/td><\/tr><\/tbody><\/table><\/figure>\n\n\n\n<h2 class=\"wp-block-heading\">Travaux r\u00e9alis\u00e9s en 2025 dans la cour \u00e0 Saint Pardoux<\/h2>\n\n\n\n<p>Construction de deux cabanes dans la cour de l&rsquo;\u00e9cole.<br>Enl\u00e8vement d&rsquo;une surface de 50 M2 de goudron dans la cour de r\u00e9cr\u00e9ation remplac\u00e9 par de l&rsquo;herbe<br>Trac\u00e9s au sol de jeux de couleurs vives.<\/p>\n\n\n\n<figure class=\"wp-block-gallery has-nested-images columns-default is-cropped wp-block-gallery-1 is-layout-flex wp-block-gallery-is-layout-flex\">\n<figure class=\"wp-block-image size-large\"><img fetchpriority=\"high\" decoding=\"async\" width=\"1024\" height=\"768\" data-id=\"1297\" src=\"https:\/\/mairie-splc.fr\/wp-content\/uploads\/2025\/09\/IMG_8634-1-1024x768.jpg\" alt=\"\" class=\"wp-image-1297\" srcset=\"https:\/\/mairie-splc.fr\/wp-content\/uploads\/2025\/09\/IMG_8634-1-1024x768.jpg 1024w, https:\/\/mairie-splc.fr\/wp-content\/uploads\/2025\/09\/IMG_8634-1-300x225.jpg 300w, https:\/\/mairie-splc.fr\/wp-content\/uploads\/2025\/09\/IMG_8634-1-768x576.jpg 768w, https:\/\/mairie-splc.fr\/wp-content\/uploads\/2025\/09\/IMG_8634-1-1536x1152.jpg 1536w, https:\/\/mairie-splc.fr\/wp-content\/uploads\/2025\/09\/IMG_8634-1-2048x1536.jpg 2048w\" sizes=\"(max-width: 1024px) 100vw, 1024px\" \/><\/figure>\n\n\n\n<figure class=\"wp-block-image size-large\"><img decoding=\"async\" width=\"768\" height=\"1024\" data-id=\"1298\" src=\"https:\/\/mairie-splc.fr\/wp-content\/uploads\/2025\/09\/IMG_8751-768x1024.jpg\" alt=\"\" class=\"wp-image-1298\" srcset=\"https:\/\/mairie-splc.fr\/wp-content\/uploads\/2025\/09\/IMG_8751-768x1024.jpg 768w, https:\/\/mairie-splc.fr\/wp-content\/uploads\/2025\/09\/IMG_8751-225x300.jpg 225w, https:\/\/mairie-splc.fr\/wp-content\/uploads\/2025\/09\/IMG_8751-1152x1536.jpg 1152w, https:\/\/mairie-splc.fr\/wp-content\/uploads\/2025\/09\/IMG_8751-1536x2048.jpg 1536w, https:\/\/mairie-splc.fr\/wp-content\/uploads\/2025\/09\/IMG_8751-scaled.jpg 1920w\" sizes=\"(max-width: 768px) 100vw, 768px\" \/><\/figure>\n\n\n\n<figure class=\"wp-block-image size-large\"><img decoding=\"async\" width=\"768\" height=\"1024\" data-id=\"1299\" src=\"https:\/\/mairie-splc.fr\/wp-content\/uploads\/2025\/09\/IMG_8752-768x1024.jpg\" alt=\"\" class=\"wp-image-1299\" srcset=\"https:\/\/mairie-splc.fr\/wp-content\/uploads\/2025\/09\/IMG_8752-768x1024.jpg 768w, https:\/\/mairie-splc.fr\/wp-content\/uploads\/2025\/09\/IMG_8752-225x300.jpg 225w, https:\/\/mairie-splc.fr\/wp-content\/uploads\/2025\/09\/IMG_8752-1152x1536.jpg 1152w, https:\/\/mairie-splc.fr\/wp-content\/uploads\/2025\/09\/IMG_8752-1536x2048.jpg 1536w, https:\/\/mairie-splc.fr\/wp-content\/uploads\/2025\/09\/IMG_8752-scaled.jpg 1920w\" sizes=\"(max-width: 768px) 100vw, 768px\" \/><\/figure>\n<\/figure>\n\n\n\n<hr class=\"wp-block-separator has-alpha-channel-opacity\"\/>\n\n\n\n<h2 class=\"wp-block-heading\">Travaux r\u00e9alis\u00e9s dans la classe en 2021 \u00e0 Saint Pardoux<\/h2>\n\n\n\n<p>La classe a \u00e9t\u00e9 r\u00e9nov\u00e9e du sol au plafond : <br>&#8211; remplacement du plancher bois par une dalle b\u00e9ton isol\u00e9e<br>&#8211; isolation des murs et du plafond qui est abaiss\u00e9<br>&#8211; peintures et sol <\/p>\n\n\n\n<p>Le 24 aout 2021 les travaux sont termin\u00e9s, la rentr\u00e9e de septembre va pouvoir se r\u00e9aliser dans les meilleures conditions dans une classe toute neuve.<\/p>\n\n\n\n<figure class=\"wp-block-image size-large\"><img loading=\"lazy\" decoding=\"async\" width=\"1024\" height=\"768\" src=\"https:\/\/mairie-splc.fr\/wp-content\/uploads\/2021\/08\/Classe-1024x768.jpg\" alt=\"\" class=\"wp-image-671\" srcset=\"https:\/\/mairie-splc.fr\/wp-content\/uploads\/2021\/08\/Classe-1024x768.jpg 1024w, https:\/\/mairie-splc.fr\/wp-content\/uploads\/2021\/08\/Classe-300x225.jpg 300w, https:\/\/mairie-splc.fr\/wp-content\/uploads\/2021\/08\/Classe-768x576.jpg 768w, https:\/\/mairie-splc.fr\/wp-content\/uploads\/2021\/08\/Classe-1536x1152.jpg 1536w, https:\/\/mairie-splc.fr\/wp-content\/uploads\/2021\/08\/Classe.jpg 2016w\" sizes=\"(max-width: 1024px) 100vw, 1024px\" \/><\/figure>\n\n\n\n<p>Bonne rentr\u00e9e 2021 aux \u00e9l\u00e8ves et leurs institutrices du Regroupement P\u00e9dagogique Intercommunal du plateau des \u00e9t<\/p>\n","protected":false},"excerpt":{"rendered":"<p>Le Regroupement P\u00e9dagogique Intercommunal (RPI) des communes de :Clergoux, La Roche Canillac, Saint Martin la M\u00e9anne (uniquement maternelle), Champagnac la Prune et Saint Pardoux la Croisille, accueille 56 \u00e9l\u00e8ves \u00e0 la rentr\u00e9e de septembre 2025. &#8211; \u00c9cole maternelle \u00a0\u00a0\u00a0\u00a0\u00a0\u00a0Le Bourg \u00a0\u00a0\u00a0\u00a019320 La Roche-Canillac \u00a0(6 PS, 11 M, 5 GS) soit 22 \u00e9l\u00e8ves\u00a0\u00a0\u00a0\u00a0\u00a0\u00a0\u00a0\u00a0\u00a0\u00a0\u00a0\u00a0T\u00e9l : 05 55 [&hellip;]<\/p>\n","protected":false},"author":1,"featured_media":0,"parent":0,"menu_order":1,"comment_status":"closed","ping_status":"closed","template":"","meta":{"site-sidebar-layout":"default","site-content-layout":"default","ast-site-content-layout":"default","site-content-style":"default","site-sidebar-style":"default","ast-global-header-display":"","ast-banner-title-visibility":"","ast-main-header-display":"","ast-hfb-above-header-display":"","ast-hfb-below-header-display":"","ast-hfb-mobile-header-display":"","site-post-title":"","ast-breadcrumbs-content":"","ast-featured-img":"","footer-sml-layout":"","ast-disable-related-posts":"","theme-transparent-header-meta":"default","adv-header-id-meta":"","stick-header-meta":"","header-above-stick-meta":"","header-main-stick-meta":"","header-below-stick-meta":"","astra-migrate-meta-layouts":"set","ast-page-background-enabled":"default","ast-page-background-meta":{"desktop":{"background-color":"","background-image":"","background-repeat":"repeat","background-position":"center center","background-size":"auto","background-attachment":"scroll","background-type":"","background-media":"","overlay-type":"","overlay-color":"","overlay-opacity":"","overlay-gradient":""},"tablet":{"background-color":"","background-image":"","background-repeat":"repeat","background-position":"center center","background-size":"auto","background-attachment":"scroll","background-type":"","background-media":"","overlay-type":"","overlay-color":"","overlay-opacity":"","overlay-gradient":""},"mobile":{"background-color":"","background-image":"","background-repeat":"repeat","background-position":"center center","background-size":"auto","background-attachment":"scroll","background-type":"","background-media":"","overlay-type":"","overlay-color":"","overlay-opacity":"","overlay-gradient":""}},"ast-content-background-meta":{"desktop":{"background-color":"var(--ast-global-color-5)","background-image":"","background-repeat":"repeat","background-position":"center center","background-size":"auto","background-attachment":"scroll","background-type":"","background-media":"","overlay-type":"","overlay-color":"","overlay-opacity":"","overlay-gradient":""},"tablet":{"background-color":"var(--ast-global-color-5)","background-image":"","background-repeat":"repeat","background-position":"center center","background-size":"auto","background-attachment":"scroll","background-type":"","background-media":"","overlay-type":"","overlay-color":"","overlay-opacity":"","overlay-gradient":""},"mobile":{"background-color":"var(--ast-global-color-5)","background-image":"","background-repeat":"repeat","background-position":"center center","background-size":"auto","background-attachment":"scroll","background-type":"","background-media":"","overlay-type":"","overlay-color":"","overlay-opacity":"","overlay-gradient":""}},"footnotes":""},"class_list":["post-71","page","type-page","status-publish","hentry"],"jetpack_sharing_enabled":true,"_links":{"self":[{"href":"https:\/\/mairie-splc.fr\/index.php\/wp-json\/wp\/v2\/pages\/71","targetHints":{"allow":["GET"]}}],"collection":[{"href":"https:\/\/mairie-splc.fr\/index.php\/wp-json\/wp\/v2\/pages"}],"about":[{"href":"https:\/\/mairie-splc.fr\/index.php\/wp-json\/wp\/v2\/types\/page"}],"author":[{"embeddable":true,"href":"https:\/\/mairie-splc.fr\/index.php\/wp-json\/wp\/v2\/users\/1"}],"replies":[{"embeddable":true,"href":"https:\/\/mairie-splc.fr\/index.php\/wp-json\/wp\/v2\/comments?post=71"}],"version-history":[{"count":18,"href":"https:\/\/mairie-splc.fr\/index.php\/wp-json\/wp\/v2\/pages\/71\/revisions"}],"predecessor-version":[{"id":1334,"href":"https:\/\/mairie-splc.fr\/index.php\/wp-json\/wp\/v2\/pages\/71\/revisions\/1334"}],"wp:attachment":[{"href":"https:\/\/mairie-splc.fr\/index.php\/wp-json\/wp\/v2\/media?parent=71"}],"curies":[{"name":"wp","href":"https:\/\/api.w.org\/{rel}","templated":true}]}}