{"id":73,"date":"2020-10-28T16:09:23","date_gmt":"2020-10-28T15:09:23","guid":{"rendered":"http:\/\/mairie-splc.fr\/?page_id=73"},"modified":"2020-10-31T21:11:00","modified_gmt":"2020-10-31T20:11:00","slug":"inauguration-salle-des-fetes","status":"publish","type":"page","link":"https:\/\/mairie-splc.fr\/index.php\/inauguration-salle-des-fetes\/","title":{"rendered":"Inauguration salle des f\u00eates"},"content":{"rendered":"\n<p>Samedi 6 janvier 2018<\/p>\n\n\n\n<p>Inauguration de la salle FRANCOIS MIGINIAC,<br>maire de Saint Pardoux la Croisille pendant 38 ans de 1970 \u00e0 2008.<\/p>\n\n\n\n<figure class=\"wp-block-image size-large\"><img fetchpriority=\"high\" decoding=\"async\" width=\"1024\" height=\"768\" src=\"https:\/\/mairie-splc.fr\/wp-content\/uploads\/2020\/10\/Fr-Miginiac-1024x768.jpg\" alt=\"\" class=\"wp-image-116\" srcset=\"https:\/\/mairie-splc.fr\/wp-content\/uploads\/2020\/10\/Fr-Miginiac-1024x768.jpg 1024w, https:\/\/mairie-splc.fr\/wp-content\/uploads\/2020\/10\/Fr-Miginiac-300x225.jpg 300w, https:\/\/mairie-splc.fr\/wp-content\/uploads\/2020\/10\/Fr-Miginiac-768x576.jpg 768w, https:\/\/mairie-splc.fr\/wp-content\/uploads\/2020\/10\/Fr-Miginiac-1536x1152.jpg 1536w, https:\/\/mairie-splc.fr\/wp-content\/uploads\/2020\/10\/Fr-Miginiac-2048x1536.jpg 2048w, https:\/\/mairie-splc.fr\/wp-content\/uploads\/2020\/10\/Fr-Miginiac-1200x900.jpg 1200w\" sizes=\"(max-width: 1024px) 100vw, 1024px\" \/><\/figure>\n\n\n\n<p>Discours d&rsquo;hommage du maire Dominique Albaret :<\/p>\n\n\n\n<p>Notre petite commune a su garder son \u00e9cole, son agence postale, et un multi-commerce. Si nous en sommes l\u00e0 aujourd\u2019hui, c\u2019est par la volont\u00e9 des conseils municipaux successifs et notamment ceux anim\u00e9s pendant 38 ans par Fran\u00e7ois Miginiac.<\/p>\n\n\n\n<p>Fran\u00e7ois, vous \u00e9tiez agriculteur sur la petite exploitation o\u00f9 vos parents- \u00e9taient d\u00e9j\u00e0 fermiers. Vous avez \u00e9t\u00e9 \u00e9lu pour la premi\u00e8re fois conseiller municipal en 1959 alors que vous aviez juste 30 ans. En 1970, \u00e0 la suite du d\u00e9c\u00e8s du maire Jean Veysset vous devenez maire. Vos coll\u00e8gues vous ont naturellement choisi pour succ\u00e9der \u00e0 jean Veysset en raison de votre go\u00fbt pour l\u2019action publique mais aussi pour vos qualit\u00e9s d\u2019\u00e9coute des habitants de la commune.<\/p>\n\n\n\n<p>Vous \u00eates toujours rest\u00e9 fid\u00e8le \u00e0 votre engagement de jeunesse au Parti Communiste Fran\u00e7ais, mais c\u2019est bien au-del\u00e0 de cette mouvance que vous rassembliez les suffrages lors des \u00e9lections municipales. Fran\u00e7ois, vous avez aim\u00e9 passionn\u00e9ment votre commune et ses habitants. L\u2019humanisme qui a conduit vos actions tout au long de vos mandats, donne toute sa force au travail accompli.<br>Nous voulons vous dire aujourd\u2019hui notre gratitude et notre reconnaissance.<\/p>\n\n\n\n<p>Avec vos \u00e9quipes municipales successives, vous avez toujours consid\u00e9r\u00e9 que m\u00eame dans une commune rurale de taille modeste, les services publics \u00e9taient le socle de notre soci\u00e9t\u00e9 et vous avez tout fait pour les pr\u00e9server. Vous aviez aussi la conviction que le rapprochement avec des communes voisines permettrait une dynamique de territoire au service de sa population. Dans les ann\u00e9es 1970 vous avez donc particip\u00e9 \u00e0 la cr\u00e9ation du syndicat des eaux avec Clergoux, Gumont et Marcillac.<br>Convaincu que l\u2019\u00e9cole publique \u00e9tait garante des libert\u00e9s de chaque enfant et de leur autonomie dans la vie, vous participez \u00e0 la cr\u00e9ation du syndicat de l\u2019\u00e9cole maternelle de La Roche Canillac en 1982 avec 8 autres communes.<br>Ensuite, d\u00e8s 1984 vous cr\u00e9ez l\u2019un des premier Regroupement P\u00e9dagogique Intercommunal de Corr\u00e8ze avec Clergoux et Champagnac la Noaille.<\/p>\n\n\n\n<p>Le service aux habitants et le maintien du commerce local communal vous pr\u00e9occupe, et vous proposez au Conseil municipal en 1984 le rachat de l\u2019ancienne \u00e9picerie qui avait ferm\u00e9 pour installer un couple et cr\u00e9er deux emplois en centre bourg. Vous faites le choix d\u2019y installer un couple de tr\u00e8s jeunes gens et de leur faire confiance en 1986 et depuis plus de 30 ans Nathalie B\u00e9cot et Alain Veysset continuent d&rsquo;offrir un service de proximit\u00e9 dans le magasin et avec un v\u00e9hicule itin\u00e9rant.<\/p>\n\n\n\n<p>Vous savez que nos petites communes sont fragiles, et pour conforter la p\u00e9rennit\u00e9 de Saint Pardoux et pr\u00e9parer son avenir, vous avez voulu la doter d\u2019un capital forestier important. Aujourd\u2019hui Saint Pardoux est une commune foresti\u00e8re poss\u00e9dant plus de 100 ha de plantations. Les g\u00e9n\u00e9rations qui nous succ\u00e8deront b\u00e9n\u00e9ficieront un jour de cette \u00e9pargne qui se constitue et s&rsquo;\u00e9toffe avec le temps.<\/p>\n\n\n\n<p>Cette salle dans laquelle nous sommes, vous l\u2019avez voulue et vous l\u2019avez fait b\u00e2tir sur les fondations de l\u2019ancienne salle des f\u00eates, un baraquement en bois r\u00e9cup\u00e9r\u00e9 apr\u00e8s la guerre. Elle fut achev\u00e9e en 2008, en p\u00e9riode de r\u00e9serve \u00e9lectorale et vous n\u2019avez pas souhait\u00e9 l\u2019inaugurer \u00e0 ce moment car, par souci de neutralit\u00e9, les autorit\u00e9s pr\u00e9fectorales et les fonctionnaires ne doivent pas participer \u00e0 des manifestations o\u00f9 pourraient naitre des discussions ou des \u00e9v\u00e9nements \u00e0 caract\u00e8re politiques.<br>Depuis cette date, cette salle servait en soir\u00e9e ou en fin de semaine pour les activit\u00e9s associatives ou parfois pour des f\u00eates familiales. Nous avons l&rsquo;an dernier, fait le choix de l\u2019\u00e9quiper pour pouvoir l\u2019utiliser quotidiennement pour les enfants de l\u2019\u00e9cole, que ce soit pour la cantine ou pour le temps p\u00e9ri \u00e9ducatif, tout en pr\u00e9voyant qu\u2019elle puisse aussi continuer \u00e0 \u00eatre utilis\u00e9e pour les activit\u00e9s associatives. Depuis la rentr\u00e9e de septembre 2017 c\u2019est donc un \u00e9quipement communal qui fonctionne presque tous les jours.<\/p>\n\n\n\n<p>Fran\u00e7ois vous avez d\u00e9cid\u00e9 de ne plus vous repr\u00e9senter aux \u00e9lections de 2008 pour prendre une retraite bien m\u00e9rit\u00e9e. Mais votre connaissance exceptionnelle de chaque m\u00e8tre carr\u00e9 de la commune font que d\u00e8s que se pose une question de topographie, de limites parcellaires ou de chemins plus ou moins disparu dans la v\u00e9g\u00e9tation, nous avons tous le m\u00eame r\u00e9flexe, \u00ab&nbsp;Il faut demander \u00e0 Fran\u00e7ois, lui saura certainement&nbsp;\u00bb.<br>Pour ce qui me concerne, je peux vous dire que c\u2019est un grand r\u00e9confort de savoir que vous me pr\u00eatez toujours une oreille attentive et bienveillante lorsque je viens chez vous pour vous consulter.<\/p>\n\n\n\n<p>Pendant ces presque 50 ans de mandats \u00e9lectifs, c\u2019est parce que Raymonde, votre \u00e9pouse, \u00e9tait l\u00e0 pour vous \u00e9pauler dans les travaux de la ferme et vous y remplacer fr\u00e9quemment tout en \u00e9levant vos six enfants, que vous avez pu \u00eatre aussi disponible et \u00e0 l\u2019\u00e9coute des habitants de notre commune. Merci \u00e0 vous, Raymonde pour avoir assum\u00e9 si longtemps autant de t\u00e2ches, c\u2019est aussi pour votre pr\u00e9sence \u00e0 ses cot\u00e9s et votre d\u00e9vouement que nous souhaitons vous associer pleinement aux cot\u00e9s de Fran\u00e7ois \u00e0 cet hommage.<\/p>\n\n\n\n<p>En conseil municipal lorsque j&rsquo;ai propos\u00e9 que cet espace devienne la Salle Fran\u00e7ois Miginiac, ce fut imm\u00e9diatement l&rsquo;accord enthousiaste de tous mes coll\u00e8gues. La pose de la plaque aujourd&rsquo;hui rappellera aux utilisateurs de cette salle la derni\u00e8re r\u00e9alisation importante d\u2019un maire qui a \u0153uvr\u00e9 pour Saint Pardoux la Croisille pendant 38 ans.<\/p>\n\n\n\n<p>Les travaux r\u00e9alis\u00e9s cette ann\u00e9e dans cette salle et dans l\u2019\u00e9cole ont \u00e9t\u00e9 financ\u00e9s avec l\u2019aide de l\u2019Etat et du Conseil D\u00e9partemental et nous vous en remercions Monsieur le repr\u00e9sentant du Pr\u00e9fet et Monsieur le Pr\u00e9sident du conseil d\u00e9partemental. Nous avons essay\u00e9 d\u2019utiliser au mieux les aides publiques que nous avons re\u00e7ues. Nous avons \u00e9t\u00e9 efficacement conseill\u00e9s par vos services Monsieur le Pr\u00e9sident puisque c\u2019est Corr\u00e8ze ing\u00e9nieries et notamment M. Mas qui nous a aid\u00e9 \u00e0 d\u00e9finir et formuler le projet que nous avions imagin\u00e9 lors d&rsquo;une consultation publique aupr\u00e8s des utilisateurs de la salle. Ce sont ensuite pr\u00e8s de dix entreprises locales (la plus \u00e9loign\u00e9e venait d\u2019Egletons) qui ont travaill\u00e9. Je veux ici insister sur l\u2019importance des aides que le d\u00e9partement ou l\u2019\u00e9tat peuvent apporter aux communes. J\u2019entends ces jours-ci que les aides ou les dotations de l\u2019\u00c9tat vont continuer \u00e0 baisser dans l\u2019avenir, je le regrette pour la commune qui ne pourra plus se moderniser, mais je l\u2019appr\u00e9hende surtout pour les petites entreprises artisanales et pour les habitants de nos territoires qu\u2019elles emploient. Les premiers p\u00e9nalis\u00e9s par ces mesures seront les employ\u00e9s de ces entreprises qui risquent de devoir chercher ailleurs le travail qu\u2019ils ne trouveront plus ici si les communes n\u2019ont plus les moyens d\u2019investir pour am\u00e9liorer le quotidien des habitants. C\u2019est actuellement un des sujets principaux de pr\u00e9occupation pour les maires et les conseils municipaux et l\u2019obstination de certains \u00e0 ignorer cette situation est inqui\u00e9tante et dangereuse, particuli\u00e8rement en Corr\u00e8ze, pour nos territoires ruraux.<\/p>\n\n\n\n<p>Mais je n\u2019oublie pas que nous sommes \u00e0 la p\u00e9riode des v\u0153ux, je formule les v\u0153ux suivants&nbsp;:<\/p>\n\n\n\n<p>&#8211; que cette salle soit le lieu de nombreux projets et r\u00e9alisations collectives.<\/p>\n\n\n\n<p>&#8211; Que notre commune, puisse continuer \u00e0 se d\u00e9velopper avec sobri\u00e9t\u00e9 mais toujours avec la volont\u00e9 d\u2019offrir un service public de qualit\u00e9 aux habitants et aux visiteurs.<\/p>\n\n\n\n<p>&#8211; Enfin je souhaite personnellement sinc\u00e8rement et chaleureusement \u00e0 chacune et \u00e0 chacun d&rsquo;entre vous ainsi qu\u2019\u00e0 notre collectivit\u00e9 une bonne et heureuse ann\u00e9e 2018.<\/p>\n\n\n\n<p>&#8211; Et tout particuli\u00e8rement \u00e0 vous Raymonde et Fran\u00e7ois je souhaite que 2018 vous garde en bonne sant\u00e9 et vous permette de rester encore longtemps entour\u00e9s de vos proches et des gens qui vous aiment \u00e0 Saint Pardoux.<\/p>\n\n\n\n<figure class=\"wp-block-image size-large\"><img decoding=\"async\" width=\"641\" height=\"444\" src=\"https:\/\/mairie-splc.fr\/wp-content\/uploads\/2020\/10\/devantsdfjpg.jpg\" alt=\"\" class=\"wp-image-113\" srcset=\"https:\/\/mairie-splc.fr\/wp-content\/uploads\/2020\/10\/devantsdfjpg.jpg 641w, https:\/\/mairie-splc.fr\/wp-content\/uploads\/2020\/10\/devantsdfjpg-300x208.jpg 300w\" sizes=\"(max-width: 641px) 100vw, 641px\" \/><\/figure>\n\n\n\n<figure class=\"wp-block-gallery columns-3 is-cropped wp-block-gallery-1 is-layout-flex wp-block-gallery-is-layout-flex\"><ul class=\"blocks-gallery-grid\"><li class=\"blocks-gallery-item\"><figure><img decoding=\"async\" width=\"819\" height=\"461\" src=\"https:\/\/mairie-splc.fr\/wp-content\/uploads\/2020\/10\/inauguration-7.jpg\" alt=\"\" data-id=\"122\" data-full-url=\"https:\/\/mairie-splc.fr\/wp-content\/uploads\/2020\/10\/inauguration-7.jpg\" data-link=\"https:\/\/mairie-splc.fr\/inauguration-7\/\" class=\"wp-image-122\" srcset=\"https:\/\/mairie-splc.fr\/wp-content\/uploads\/2020\/10\/inauguration-7.jpg 819w, https:\/\/mairie-splc.fr\/wp-content\/uploads\/2020\/10\/inauguration-7-300x169.jpg 300w, https:\/\/mairie-splc.fr\/wp-content\/uploads\/2020\/10\/inauguration-7-768x432.jpg 768w\" sizes=\"(max-width: 819px) 100vw, 819px\" \/><\/figure><\/li><li class=\"blocks-gallery-item\"><figure><img loading=\"lazy\" decoding=\"async\" width=\"346\" height=\"615\" src=\"https:\/\/mairie-splc.fr\/wp-content\/uploads\/2020\/10\/inauguration-5.jpg\" alt=\"\" data-id=\"120\" data-full-url=\"https:\/\/mairie-splc.fr\/wp-content\/uploads\/2020\/10\/inauguration-5.jpg\" data-link=\"https:\/\/mairie-splc.fr\/inauguration-5\/\" class=\"wp-image-120\" srcset=\"https:\/\/mairie-splc.fr\/wp-content\/uploads\/2020\/10\/inauguration-5.jpg 346w, https:\/\/mairie-splc.fr\/wp-content\/uploads\/2020\/10\/inauguration-5-169x300.jpg 169w\" sizes=\"(max-width: 346px) 100vw, 346px\" \/><\/figure><\/li><li class=\"blocks-gallery-item\"><figure><img loading=\"lazy\" decoding=\"async\" width=\"819\" height=\"461\" src=\"https:\/\/mairie-splc.fr\/wp-content\/uploads\/2020\/10\/inauguration-1.jpg\" alt=\"\" data-id=\"117\" data-full-url=\"https:\/\/mairie-splc.fr\/wp-content\/uploads\/2020\/10\/inauguration-1.jpg\" data-link=\"https:\/\/mairie-splc.fr\/inauguration-1\/\" class=\"wp-image-117\" srcset=\"https:\/\/mairie-splc.fr\/wp-content\/uploads\/2020\/10\/inauguration-1.jpg 819w, https:\/\/mairie-splc.fr\/wp-content\/uploads\/2020\/10\/inauguration-1-300x169.jpg 300w, https:\/\/mairie-splc.fr\/wp-content\/uploads\/2020\/10\/inauguration-1-768x432.jpg 768w\" sizes=\"(max-width: 819px) 100vw, 819px\" \/><\/figure><\/li><li class=\"blocks-gallery-item\"><figure><img loading=\"lazy\" decoding=\"async\" width=\"386\" height=\"485\" src=\"https:\/\/mairie-splc.fr\/wp-content\/uploads\/2020\/10\/inauguration-6.jpg\" alt=\"\" data-id=\"121\" data-full-url=\"https:\/\/mairie-splc.fr\/wp-content\/uploads\/2020\/10\/inauguration-6.jpg\" data-link=\"https:\/\/mairie-splc.fr\/inauguration-6\/\" class=\"wp-image-121\" srcset=\"https:\/\/mairie-splc.fr\/wp-content\/uploads\/2020\/10\/inauguration-6.jpg 386w, https:\/\/mairie-splc.fr\/wp-content\/uploads\/2020\/10\/inauguration-6-239x300.jpg 239w\" sizes=\"(max-width: 386px) 100vw, 386px\" \/><\/figure><\/li><li class=\"blocks-gallery-item\"><figure><img loading=\"lazy\" decoding=\"async\" width=\"819\" height=\"461\" src=\"https:\/\/mairie-splc.fr\/wp-content\/uploads\/2020\/10\/inauguration-4.jpg\" alt=\"\" data-id=\"119\" data-full-url=\"https:\/\/mairie-splc.fr\/wp-content\/uploads\/2020\/10\/inauguration-4.jpg\" data-link=\"https:\/\/mairie-splc.fr\/inauguration-4\/\" class=\"wp-image-119\" srcset=\"https:\/\/mairie-splc.fr\/wp-content\/uploads\/2020\/10\/inauguration-4.jpg 819w, https:\/\/mairie-splc.fr\/wp-content\/uploads\/2020\/10\/inauguration-4-300x169.jpg 300w, https:\/\/mairie-splc.fr\/wp-content\/uploads\/2020\/10\/inauguration-4-768x432.jpg 768w\" sizes=\"(max-width: 819px) 100vw, 819px\" \/><\/figure><\/li><\/ul><\/figure>\n","protected":false},"excerpt":{"rendered":"<p>Samedi 6 janvier 2018 Inauguration de la salle FRANCOIS MIGINIAC,maire de Saint Pardoux la Croisille pendant 38 ans de 1970 \u00e0 2008. Discours d&rsquo;hommage du maire Dominique Albaret : Notre petite commune a su garder son \u00e9cole, son agence postale, et un multi-commerce. Si nous en sommes l\u00e0 aujourd\u2019hui, c\u2019est par la volont\u00e9 des conseils [&hellip;]<\/p>\n","protected":false},"author":1,"featured_media":0,"parent":0,"menu_order":1,"comment_status":"closed","ping_status":"closed","template":"","meta":{"site-sidebar-layout":"default","site-content-layout":"","ast-site-content-layout":"default","site-content-style":"default","site-sidebar-style":"default","ast-global-header-display":"","ast-banner-title-visibility":"","ast-main-header-display":"","ast-hfb-above-header-display":"","ast-hfb-below-header-display":"","ast-hfb-mobile-header-display":"","site-post-title":"","ast-breadcrumbs-content":"","ast-featured-img":"","footer-sml-layout":"","ast-disable-related-posts":"","theme-transparent-header-meta":"","adv-header-id-meta":"","stick-header-meta":"","header-above-stick-meta":"","header-main-stick-meta":"","header-below-stick-meta":"","astra-migrate-meta-layouts":"default","ast-page-background-enabled":"default","ast-page-background-meta":{"desktop":{"background-color":"","background-image":"","background-repeat":"repeat","background-position":"center center","background-size":"auto","background-attachment":"scroll","background-type":"","background-media":"","overlay-type":"","overlay-color":"","overlay-opacity":"","overlay-gradient":""},"tablet":{"background-color":"","background-image":"","background-repeat":"repeat","background-position":"center center","background-size":"auto","background-attachment":"scroll","background-type":"","background-media":"","overlay-type":"","overlay-color":"","overlay-opacity":"","overlay-gradient":""},"mobile":{"background-color":"","background-image":"","background-repeat":"repeat","background-position":"center center","background-size":"auto","background-attachment":"scroll","background-type":"","background-media":"","overlay-type":"","overlay-color":"","overlay-opacity":"","overlay-gradient":""}},"ast-content-background-meta":{"desktop":{"background-color":"var(--ast-global-color-5)","background-image":"","background-repeat":"repeat","background-position":"center center","background-size":"auto","background-attachment":"scroll","background-type":"","background-media":"","overlay-type":"","overlay-color":"","overlay-opacity":"","overlay-gradient":""},"tablet":{"background-color":"var(--ast-global-color-5)","background-image":"","background-repeat":"repeat","background-position":"center center","background-size":"auto","background-attachment":"scroll","background-type":"","background-media":"","overlay-type":"","overlay-color":"","overlay-opacity":"","overlay-gradient":""},"mobile":{"background-color":"var(--ast-global-color-5)","background-image":"","background-repeat":"repeat","background-position":"center center","background-size":"auto","background-attachment":"scroll","background-type":"","background-media":"","overlay-type":"","overlay-color":"","overlay-opacity":"","overlay-gradient":""}},"footnotes":""},"class_list":["post-73","page","type-page","status-publish","hentry"],"jetpack_sharing_enabled":true,"_links":{"self":[{"href":"https:\/\/mairie-splc.fr\/index.php\/wp-json\/wp\/v2\/pages\/73","targetHints":{"allow":["GET"]}}],"collection":[{"href":"https:\/\/mairie-splc.fr\/index.php\/wp-json\/wp\/v2\/pages"}],"about":[{"href":"https:\/\/mairie-splc.fr\/index.php\/wp-json\/wp\/v2\/types\/page"}],"author":[{"embeddable":true,"href":"https:\/\/mairie-splc.fr\/index.php\/wp-json\/wp\/v2\/users\/1"}],"replies":[{"embeddable":true,"href":"https:\/\/mairie-splc.fr\/index.php\/wp-json\/wp\/v2\/comments?post=73"}],"version-history":[{"count":3,"href":"https:\/\/mairie-splc.fr\/index.php\/wp-json\/wp\/v2\/pages\/73\/revisions"}],"predecessor-version":[{"id":127,"href":"https:\/\/mairie-splc.fr\/index.php\/wp-json\/wp\/v2\/pages\/73\/revisions\/127"}],"wp:attachment":[{"href":"https:\/\/mairie-splc.fr\/index.php\/wp-json\/wp\/v2\/media?parent=73"}],"curies":[{"name":"wp","href":"https:\/\/api.w.org\/{rel}","templated":true}]}}