{"id":811,"date":"2022-04-27T09:33:22","date_gmt":"2022-04-27T07:33:22","guid":{"rendered":"http:\/\/mairie-splc.fr\/?page_id=811"},"modified":"2024-06-13T22:45:27","modified_gmt":"2024-06-13T20:45:27","slug":"budget-communal","status":"publish","type":"page","link":"https:\/\/mairie-splc.fr\/index.php\/budget-communal\/","title":{"rendered":"Budget communal"},"content":{"rendered":"\n<p><a href=\"https:\/\/mairie-splc.fr\/wp-content\/uploads\/2024\/06\/SAINTPARDOUXLACROISILLE_BP_2024_Rematerialisation.pdf\" target=\"_blank\" rel=\"noreferrer noopener\">Budget Pr\u00e9visionnel communal 2024 <\/a><\/p>\n\n\n\n<p><a href=\"https:\/\/mairie-splc.fr\/wp-content\/uploads\/2024\/06\/RESEAUDECHALEUR_BP_2024_Rematerialisation-3.pdf\" target=\"_blank\" rel=\"noreferrer noopener\">Budget Pr\u00e9visionnel du r\u00e9seau de chaleur 2024<\/a><\/p>\n\n\n\n<p><a href=\"https:\/\/mairie-splc.fr\/wp-content\/uploads\/2024\/06\/ca_2023.pdf\" target=\"_blank\" rel=\"noreferrer noopener\">Compte Administratif _2023<\/a><\/p>\n\n\n\n<p><a href=\"https:\/\/mairie-splc.fr\/wp-content\/uploads\/2024\/06\/Note-de-presentation-breve-et-synthetique-BP-2024.pdf\" target=\"_blank\" rel=\"noreferrer noopener\">Note de pr\u00e9sentation du budget pr\u00e9visionnel 2024<\/a><\/p>\n\n\n\n<p><a href=\"https:\/\/mairie-splc.fr\/wp-content\/uploads\/2024\/06\/Note-de-presentation-breve-et-synthetique-CA-2023.pdf\" target=\"_blank\" rel=\"noreferrer noopener\">Note de pr\u00e9sentation br\u00e8ve et synth\u00e9tique du Compte Administratif 2023<\/a><\/p>\n\n\n\n<p><a rel=\"noreferrer noopener\" href=\"https:\/\/mairie-splc.fr\/wp-content\/uploads\/2023\/04\/bp_2023.pdf\" target=\"_blank\">Budget pr\u00e9visionnel 2023<\/a><\/p>\n\n\n\n<p><a href=\"https:\/\/mairie-splc.fr\/wp-content\/uploads\/2023\/04\/Note-de-presentation-breve-et-synthetique-BP-2023.pdf\" target=\"_blank\" rel=\"noreferrer noopener\">Note de pr\u00e9sentation br\u00e8ve et synth\u00e9tique BP 2023<\/a><\/p>\n\n\n\n<p><a href=\"https:\/\/mairie-splc.fr\/wp-content\/uploads\/2023\/04\/COMPTE-ADMINISTRATIF-2022.pdf\" target=\"_blank\" rel=\"noreferrer noopener\">Compte administratif 2022<\/a><\/p>\n\n\n\n<p><a rel=\"noreferrer noopener\" href=\"https:\/\/mairie-splc.fr\/wp-content\/uploads\/2023\/03\/Note-de-presentation-breve-et-synthetique-CA-2022.pdf\" target=\"_blank\">Note de pr\u00e9sentation du compte administratif 2022<\/a><\/p>\n\n\n\n<p><a rel=\"noreferrer noopener\" href=\"https:\/\/mairie-splc.fr\/index.php\/note-de-synthese-du-compte-administratif-2021\/\" target=\"_blank\">Note de pr\u00e9sentation du compte administratif 2021<\/a> t\u00e9l\u00e9charger la version pdf du <a href=\"https:\/\/mairie-splc.fr\/wp-content\/uploads\/2022\/04\/Note-de-presentation-breve-et-synthetique-CA-2021.pdf\" target=\"_blank\" rel=\"noreferrer noopener\">CA<\/a><\/p>\n\n\n\n<p><a href=\"https:\/\/mairie-splc.fr\/index.php\/note-de-presentation-du-compte-previsionnel-2022\/\">Note de pr\u00e9sentation du budget pr\u00e9visionnel 2022<\/a> t\u00e9l\u00e9charger la version pdf du <a href=\"https:\/\/mairie-splc.fr\/wp-content\/uploads\/2022\/04\/Note-de-presentation-breve-et-synthetique-BP-2022.pdf\" target=\"_blank\" rel=\"noreferrer noopener\">BP<\/a><\/p>\n\n\n\n<p><a href=\"https:\/\/mairie-splc.fr\/wp-content\/uploads\/2022\/04\/BP-2022.pdf\" target=\"_blank\" rel=\"noreferrer noopener\">Budget pr\u00e9visionnel 2022<\/a><\/p>\n\n\n\n<p><\/p>\n","protected":false},"excerpt":{"rendered":"<p>Budget Pr\u00e9visionnel communal 2024 Budget Pr\u00e9visionnel du r\u00e9seau de chaleur 2024 Compte Administratif _2023 Note de pr\u00e9sentation du budget pr\u00e9visionnel 2024 Note de pr\u00e9sentation br\u00e8ve et synth\u00e9tique du Compte Administratif 2023 Budget pr\u00e9visionnel 2023 Note de pr\u00e9sentation br\u00e8ve et synth\u00e9tique BP 2023 Compte administratif 2022 Note de pr\u00e9sentation du compte administratif 2022 Note de pr\u00e9sentation [&hellip;]<\/p>\n","protected":false},"author":1,"featured_media":0,"parent":0,"menu_order":0,"comment_status":"closed","ping_status":"closed","template":"","meta":{"site-sidebar-layout":"right-sidebar","site-content-layout":"default","ast-site-content-layout":"default","site-content-style":"default","site-sidebar-style":"default","ast-global-header-display":"","ast-banner-title-visibility":"","ast-main-header-display":"","ast-hfb-above-header-display":"","ast-hfb-below-header-display":"","ast-hfb-mobile-header-display":"","site-post-title":"","ast-breadcrumbs-content":"","ast-featured-img":"","footer-sml-layout":"","ast-disable-related-posts":"","theme-transparent-header-meta":"disabled","adv-header-id-meta":"","stick-header-meta":"","header-above-stick-meta":"","header-main-stick-meta":"","header-below-stick-meta":"","astra-migrate-meta-layouts":"default","ast-page-background-enabled":"default","ast-page-background-meta":{"desktop":{"background-color":"","background-image":"","background-repeat":"repeat","background-position":"center center","background-size":"auto","background-attachment":"scroll","background-type":"","background-media":"","overlay-type":"","overlay-color":"","overlay-opacity":"","overlay-gradient":""},"tablet":{"background-color":"","background-image":"","background-repeat":"repeat","background-position":"center center","background-size":"auto","background-attachment":"scroll","background-type":"","background-media":"","overlay-type":"","overlay-color":"","overlay-opacity":"","overlay-gradient":""},"mobile":{"background-color":"","background-image":"","background-repeat":"repeat","background-position":"center center","background-size":"auto","background-attachment":"scroll","background-type":"","background-media":"","overlay-type":"","overlay-color":"","overlay-opacity":"","overlay-gradient":""}},"ast-content-background-meta":{"desktop":{"background-color":"var(--ast-global-color-5)","background-image":"","background-repeat":"repeat","background-position":"center center","background-size":"auto","background-attachment":"scroll","background-type":"","background-media":"","overlay-type":"","overlay-color":"","overlay-opacity":"","overlay-gradient":""},"tablet":{"background-color":"var(--ast-global-color-5)","background-image":"","background-repeat":"repeat","background-position":"center center","background-size":"auto","background-attachment":"scroll","background-type":"","background-media":"","overlay-type":"","overlay-color":"","overlay-opacity":"","overlay-gradient":""},"mobile":{"background-color":"var(--ast-global-color-5)","background-image":"","background-repeat":"repeat","background-position":"center center","background-size":"auto","background-attachment":"scroll","background-type":"","background-media":"","overlay-type":"","overlay-color":"","overlay-opacity":"","overlay-gradient":""}},"footnotes":""},"class_list":["post-811","page","type-page","status-publish","hentry"],"jetpack_sharing_enabled":true,"_links":{"self":[{"href":"https:\/\/mairie-splc.fr\/index.php\/wp-json\/wp\/v2\/pages\/811","targetHints":{"allow":["GET"]}}],"collection":[{"href":"https:\/\/mairie-splc.fr\/index.php\/wp-json\/wp\/v2\/pages"}],"about":[{"href":"https:\/\/mairie-splc.fr\/index.php\/wp-json\/wp\/v2\/types\/page"}],"author":[{"embeddable":true,"href":"https:\/\/mairie-splc.fr\/index.php\/wp-json\/wp\/v2\/users\/1"}],"replies":[{"embeddable":true,"href":"https:\/\/mairie-splc.fr\/index.php\/wp-json\/wp\/v2\/comments?post=811"}],"version-history":[{"count":21,"href":"https:\/\/mairie-splc.fr\/index.php\/wp-json\/wp\/v2\/pages\/811\/revisions"}],"predecessor-version":[{"id":1174,"href":"https:\/\/mairie-splc.fr\/index.php\/wp-json\/wp\/v2\/pages\/811\/revisions\/1174"}],"wp:attachment":[{"href":"https:\/\/mairie-splc.fr\/index.php\/wp-json\/wp\/v2\/media?parent=811"}],"curies":[{"name":"wp","href":"https:\/\/api.w.org\/{rel}","templated":true}]}}