{"id":858,"date":"2022-05-22T13:55:35","date_gmt":"2022-05-22T11:55:35","guid":{"rendered":"http:\/\/mairie-splc.fr\/?page_id=858"},"modified":"2022-12-14T16:14:35","modified_gmt":"2022-12-14T15:14:35","slug":"bibliotheque","status":"publish","type":"page","link":"https:\/\/mairie-splc.fr\/index.php\/bibliotheque\/","title":{"rendered":"Biblioth\u00e8que"},"content":{"rendered":"\n<p>L&rsquo;espace biblioth\u00e8que est situ\u00e9 dans la mairie et est ouvert aux horaires de la mairie.<br>La biblioth\u00e8que d\u00e9partementale de pr\u00eat nous met \u00e0 disposition un certain nombre de livres qui sont r\u00e9guli\u00e8rement renouvel\u00e9s une \u00e0 deux fois par an. <\/p>\n\n\n\n<p class=\"has-ast-global-color-4-background-color has-background\">Vous trouverez ci-dessous la liste des romans disponibles, celle des bandes dessin\u00e9es, celle des documents, celle de la litt\u00e9rature r\u00e9gionale et les livres en gros caract\u00e8res et en bas de page la liste des romans policiers. <\/p>\n\n\n\n<h2 class=\"has-ast-global-color-6-background-color has-background wp-block-heading\">Liste des romans :<\/h2>\n\n\n\n<p>14 juillet : r\u00e9cit \/ Eric Vuillard. &#8211; Actes Sud, 2016<\/p>\n\n\n\n<p>177 : ces Fran\u00e7ais du jour J \/ Jean-Yves Le Naour. &#8211; Fayard, 2014<\/p>\n\n\n\n<p>A l&rsquo;Ouest rien de nouveau \/ Erich Maria Remarque. &#8211; Livre de poche (Le), 2013<\/p>\n\n\n\n<p>A son image : roman \/ J\u00e9r\u00f4me Ferrari. &#8211; Actes Sud, 2018<\/p>\n\n\n\n<p>Albert Camus, un combat pour la gloire : roman \/ Francis Huster. &#8211; le Passeur \u00e9d., 2013<\/p>\n\n\n\n<p>Am\u00e9nagement du territoire (L&rsquo;) : roman \/ Aur\u00e9lien Bellanger. &#8211; Gallimard, 2014<\/p>\n\n\n\n<p>Ames errantes (Les) \/ Tobie Nathan. &#8211; l&rsquo;Iconoclaste, 2017<\/p>\n\n\n\n<p>\u00c2mes grises (Les ) \/ Philippe Claudel. &#8211; Stock, 2003<\/p>\n\n\n\n<p>Ange de B\u00e9nar\u00e8s (L&rsquo;) \/ Eric Holder. &#8211; Flammarion, 1993<\/p>\n\n\n\n<p>Ann\u00e9es chantepleure (Les ) \/ Yvette Frontenac. &#8211; de Bor\u00e9e, 2007<\/p>\n\n\n\n<p>Arbre de l&rsquo;oubli : roman \/ Nancy Huston. &#8211; Actes Sud, 2021<\/p>\n\n\n\n<p>Archipel d&rsquo;une autre vie (L&rsquo;) : roman \/ Andre\u00ef Makine,&#8230; &#8211; \u00c9ditions du Seuil, 2016<\/p>\n\n\n\n<p>Art fran\u00e7ais de la guerre (L&rsquo;) : roman \/ Alexis Jenni. &#8211; Gallimard, 2011<\/p>\n\n\n\n<p>Arthur et Paul, la d\u00e9chirure : roman \/ Ren\u00e9 Guitton. &#8211; Robert Laffont, 2018<\/p>\n\n\n\n<p>Au loin le ciel du sud : r\u00e9cit \/ Joseph Andras. &#8211; Actes Sud, 2021<\/p>\n\n\n\n<p>Au soleil couchant : roman \/ Hwang Sok-yong. &#8211; \u00c9ditions Philippe Picquier, 2017<\/p>\n\n\n\n<p>Avant que tombe la nuit \/ Susan Wiggs. &#8211; Belfond, 2006<\/p>\n\n\n\n<p>Bakhita : roman \/ V\u00e9ronique Olmi. &#8211; Albin Michel, 2017<\/p>\n\n\n\n<p>Ballade d&rsquo;un amour inachev\u00e9 : roman \/ Louis-Philippe Dalembert. &#8211; Mercure de France, 2013<\/p>\n\n\n\n<p>B\u00e2tisseurs de l&rsquo;oubli : roman \/ Nathalie D\u00e9moulin. &#8211; Actes Sud, 2016<\/p>\n\n\n\n<p>Belle-fille \/ Tatiana Vialle. &#8211; Nil, 2019<\/p>\n\n\n\n<p>Bl\u00e9 en herbe (Le) \/ Colette. &#8211; Librio, 1994<\/p>\n\n\n\n<p>Bureau des jardins et des \u00e9tangs (Le) : roman \/ Didier Decoin. &#8211; Stock, 2017<\/p>\n\n\n\n<p>Carte et le territoire (La) : roman \/ Michel Houellebecq. &#8211; Flammarion, 2010<\/p>\n\n\n\n<p>Les caves du Potala : roman \/ Dai Sijie. &#8211; Gallimard, 2020<\/p>\n\n\n\n<p>Ce que dit le vent d&rsquo;ouest \/ Claire Fourier. &#8211; J.-P. Rocher, 1998<\/p>\n\n\n\n<p>Le cerf-volant : roman \/ Laetitia Colombani. &#8211; Grasset, 2021<\/p>\n\n\n\n<p>Chaleur du sang : roman \/ Ir\u00e8ne N\u00e9mirovsky. &#8211; Deno\u00ebl, 2007<\/p>\n\n\n\n<p>Chance de leur vie (La) \/ Agn\u00e8s Desarthe. &#8211; \u00c9ditions de l&rsquo;Olivier, 2018<\/p>\n\n\n\n<p>Chanson de Molly Malone (La) : roman \/ Yves Viollier. &#8211; R. Laffont, 2006<\/p>\n\n\n\n<p>Charmer, s&rsquo;\u00e9garer et mourir : roman \/ Christine Orban. &#8211; Albin Michel, 2016<\/p>\n\n\n\n<p>Check-point : roman \/ Jean-Christophe Rufin,&#8230; &#8211; Gallimard, 2015<\/p>\n\n\n\n<p>Climats de France : roman \/ Marie Richeux. &#8211; Sabine Wespieser \u00e9diteur, 2017<\/p>\n\n\n\n<p>Combats et m\u00e9tamorphoses d&rsquo;une femme \/ Edouard Louis. &#8211; Seuil, 2021<\/p>\n\n\n\n<p>Compagnons de fortune \/ Philippe Lemaire. &#8211; de Bor\u00e9e, 2009<\/p>\n\n\n\n<p>Cour\u00e9e (La), 1&nbsp; La cour\u00e9e, 2, La Cour\u00e9e, 3\/ Marie-Paul Armand. &#8211; Presses de la Cit\u00e9, 1990.<\/p>\n\n\n\n<p>Cousins Belloc (Les) : roman \/ Jean Anglade. &#8211; Calmann-L\u00e9vy, 2014<\/p>\n\n\n\n<p>Cygnes noirs : roman \/ Ga\u00efto Gazdanov. &#8211; Viviane Hamy, 2015<\/p>\n\n\n\n<p>Dans l&rsquo;ombre des hommes : roman \/ Ana\u00efs Jeanneret. &#8211; Albin Michel, 2021<\/p>\n\n\n\n<p>Dans la chambre : nouvelles \/ Le\u00efla Sebbar. &#8211; Bleu autour, 2019<\/p>\n\n\n\n<p>Danse de l&rsquo;araign\u00e9e (La) \/ Laura Alcoba. &#8211; Gallimard, 2016<\/p>\n\n\n\n<p>La Delector : roman \/ Fran\u00e7ois Vallejo. &#8211; Viviane Hamy, 2022<\/p>\n\n\n\n<p>D\u00e9pressions \/ Herta Muller. &#8211; Gallimard, 2015<\/p>\n\n\n\n<p>Dernier mot (Le) : nouvelles \/ Jean-Michel Olivier. &#8211; l&rsquo;\u00c2ge d&rsquo;homme, 1997<\/p>\n\n\n\n<p>Derniers jours de Magliano (Les ) \/ Mario Tobino. &#8211; la Fosse aux ours, 2007<\/p>\n\n\n\n<p>D\u00e9sorient\u00e9s (Les) : roman \/ Amin Maalouf. &#8211; B. Grasset, 2012<\/p>\n\n\n\n<p>La dislocation : roman \/ Louise Browaeys. &#8211; HarperCollins, 2020<\/p>\n\n\n\n<p>Dormeurs (Les) : roman \/ St\u00e9phane Denis. &#8211; B. Grasset, 2013<\/p>\n\n\n\n<p>Douleur : roman \/ Zeruya Shalev. &#8211; Gallimard, 2017<\/p>\n\n\n\n<p>Dynastie des Chevallier (La) \/ Emmanuelle Friedmann. &#8211; Calmann-L\u00e9vy, 2013<\/p>\n\n\n\n<p>Ecole de monsieur Paul (L&rsquo;) \/ G\u00e9rard N\u00e9dellec. &#8211; Cheminements, 2006<\/p>\n\n\n\n<p>L&#8217;employ\u00e9 \/ Guillermo Saccomanno. &#8211; Asphalte \u00e9ditions, 2020<\/p>\n\n\n\n<p>Enfant de salaud : roman \/ Sorj Chalandon. &#8211; Grasset, 2021<\/p>\n\n\n\n<p>Enfant et la rivi\u00e8re (L&rsquo;) \/ Henri Bosco. &#8211; Gallimard, 1975<\/p>\n\n\n\n<p>Enfant fou de l&rsquo;arbre creux (L&rsquo;) \/ Boualem Sansal. &#8211; Gallimard, 2000<\/p>\n\n\n\n<p>Enfant qui (L&rsquo;) \/ Jeanne Benameur. &#8211; Actes Sud,2017<\/p>\n\n\n\n<p>Enfant secret (L&rsquo;) \/ Jean-Michel Olivier. &#8211; l&rsquo;\u00c2ge d&rsquo;homme, 2003<\/p>\n\n\n\n<p>Enfants d&rsquo;Elisabeth (Les ) : roman \/ H\u00e9l\u00e8ne Legrais. &#8211; Presses de la Cit\u00e9, 2007<\/p>\n\n\n\n<p>Enfants indociles (Les) : roman \/ Marie Charrel. &#8211; Rue Fromentin, 2016<\/p>\n\n\n\n<p>Errance : roman \/ Anne Grandchamp. &#8211; \u00c9d. du Pierregord, 2012<\/p>\n\n\n\n<p>Etonnante aventure de la mission Barsac (L&rsquo;).<\/p>\n\n\n\n<p>2, suivi de voyage d&rsquo;\u00e9tudes \/ Jules Verne. &#8211; Harmattan (L&rsquo;), 2005<\/p>\n\n\n\n<p>Exercice d&rsquo;abandon : roman \/ Catherine Guillebaud. &#8211; \u00c9d. du Seuil, 2013<\/p>\n\n\n\n<p>Exister par deux fois \/ Pierre Bergounioux. &#8211; Fayard, 2014<\/p>\n\n\n\n<p>Faille du temps (La) \/ Jean-Fran\u00e7ois Perret. &#8211; de Bor\u00e9e, 2017<\/p>\n\n\n\n<p>F\u00e9minin \/ Claire Touzard. &#8211; Flammarion, 2022<\/p>\n\n\n\n<p>Femme interdite (La) : roman \/ Serge Raffy. &#8211; Fayard, 2009<\/p>\n\n\n\n<p>Une femme remarquable : roman \/ Sophie Avon. &#8211; Mercure de France, 2021<\/p>\n\n\n\n<p>Femme r\u00e9v\u00e9l\u00e9e (La) : roman \/ Ga\u00eblle Nohant. &#8211; Grasset, 2020<\/p>\n\n\n\n<p>Femme sans \u00e9criture (Une) \/ Saber Mansouri. &#8211; \u00c9ditions du Seuil, 2017<\/p>\n\n\n\n<p>Fianc\u00e9s de Saint-Laurent (Les) \/ Pierre Sabourin. &#8211; de Bor\u00e9e, 2012<\/p>\n\n\n\n<p>Fils dans la t\u00eate (Un) \/ Ingrid Naour. &#8211; le Cherche Midi, 2006<\/p>\n\n\n\n<p>Fils parfait (Un) : roman \/ Mathieu Menegaux. &#8211; Bernard Grasset, 2017<\/p>\n\n\n\n<p>Fractale des raviolis (La) \/ Pierre Raufast. &#8211; Alma \u00e9d., 2014<\/p>\n\n\n\n<p>Fran\u00e7ois le Petit : chronique d&rsquo;un r\u00e8gne \/ Patrick Rambaud,&#8230; &#8211; Bernard Grasset, 2015<\/p>\n\n\n\n<p>Garde-barri\u00e8re (Le) : roman \/ Andrea Camilleri. &#8211; Fayard, 2012<\/p>\n\n\n\n<p>Gen\u00eat : par lui-m\u00eame \/ Siegfried Kracauer. &#8211; les Belles lettres, 2018<\/p>\n\n\n\n<p>Ghetto int\u00e9rieur (Le) : roman \/ Santiago H. Amigorena. &#8211; POL, 2019<\/p>\n\n\n\n<p>Le grand contournement \/ Alexis Anne-Braun. &#8211; Fayard, 2022<\/p>\n\n\n\n<p>Gwaz-Ru : roman \/ Herv\u00e9 Jaouen. &#8211; Presses de la Cit\u00e9, 2013<\/p>\n\n\n\n<p>Hannah, le prix de la libert\u00e9 : roman \/ Michel Brunel. &#8211; \u00c9ditions Prisma, 2014<\/p>\n\n\n\n<p>Hauts murs (Les) : marcher au-del\u00e0 du temps : roman \/ Eric Castaign\u00e8de. &#8211; \u00c9ditions Terres de l&rsquo;Ouest, 2017<\/p>\n\n\n\n<p>Inattendu (L&rsquo;) : roman \/ Claudie Pernusch. &#8211; Belfond, 2015<\/p>\n\n\n\n<p>Indociles (Les) : roman \/ Murielle Magellan. &#8211; Julliard, 2016<\/p>\n\n\n\n<p>Instant infime d&rsquo;une respiration (L&rsquo;) : roman \/ Catherine Bex. &#8211; l&rsquo;\u00c2ge d&rsquo;homme, 2015<\/p>\n\n\n\n<p>Institutrice de Grandval (L&rsquo;) \/ Fran\u00e7oise Seuzaret-Barry. &#8211; \u00c9ditions du Mot passant, 2014<\/p>\n\n\n\n<p>J&rsquo;aurai tant aim\u00e9 \/ Emmanuel Venet. &#8211; JC Latt\u00e8s, 2018<\/p>\n\n\n\n<p>Juste avant l&rsquo;oubli \/ Alice Zeniter. &#8211; Albin Michel : Flammarion, 2015<\/p>\n\n\n\n<p>L\u00e9gende de Loosewood Island (La) : roman \/ Alexi Zentner. &#8211; J.-C. Latt\u00e8s, 2014<\/p>\n\n\n\n<p>Leurs vies \u00e9clatantes : roman \/ Gr\u00e9goire Polet. &#8211; Gallimard, 2007<\/p>\n\n\n\n<p>Liseuse (La) : roman \/ Yvonne Robert. &#8211; les \u00c9ditions du Bord du Lot, 2015<\/p>\n\n\n\n<p>Loup du Pilat (Le) \/ Michel Verrier. &#8211; de Bor\u00e9e, 2016<\/p>\n\n\n\n<p>Le loup-garou : et autres nouvelles \/ Boris Vian. &#8211; Le Livre de poche, 2009<\/p>\n\n\n\n<p>Ma vie : le cahier rouge ; Am\u00e9lie et Germaine ; C\u00e9cile \/ Constant. &#8211; Flammarion, 2011<\/p>\n\n\n\n<p>Mains de Louis Braille (Les) : roman \/ H\u00e9l\u00e8ne Jousse. &#8211; JC Latt\u00e8s, 2019<\/p>\n\n\n\n<h2 class=\"has-ast-global-color-6-background-color has-background wp-block-heading\">BANDES DESSIN\u00c9ES<\/h2>\n\n\n\n<p>Black lord. 1, Somalie : ann\u00e9e 0 \/ sc\u00e9nario Guillaume Dorison et Xavier Dorison. &#8211; Gl\u00e9nat, 2014<\/p>\n\n\n\n<p>Black lord. 2, Toxic Warrior \/ sc\u00e9nario Guillaume et Xavier Dorison. &#8211; Gl\u00e9nat, 2014<\/p>\n\n\n\n<p>Bouts d&rsquo;ficelles \/ textes et dessins Olivier Pont. &#8211; Dargaud, 2018<\/p>\n\n\n\n<p>J&rsquo;veux pas vieillir \/ H\u00e9l\u00e8ne Bruller. &#8211; Desinge &amp; Hugo &amp; Cie, 2017<\/p>\n\n\n\n<p>Love story \u00e0 l&rsquo;iranienne \/ sc\u00e9nario Jane Deuxard. &#8211; Delcourt, 2016<\/p>\n\n\n\n<p>M\u00e2le occidental contemporain \/ sc\u00e9nario Fran\u00e7ois B\u00e9gaudeau. &#8211; Delcourt, 2013<\/p>\n\n\n\n<p>Maudit Allende ! \/ un r\u00e9cit de Olivier Bras. &#8211; Futuropolis, 2015<\/p>\n\n\n\n<p>Mort blanche (La) : chronique de la der des ders \/ Robbie Morrison. &#8211; Delcourt, 2014<\/p>\n\n\n\n<p>Pourquoi en BD (Les) \/ Philippe Vandel. &#8211; France info : Kero : Jungle !, 2014<\/p>\n\n\n\n<p>Les soldats de Salamine \/ Jos\u00e9 Pablo Garcia. &#8211; Actes Sud, 2020<\/p>\n\n\n\n<p>Un drame en Livonie \/ sc\u00e9nario, Fran\u00e7ois Rivi\u00e8re. &#8211; EP \u00e9d., 2004<\/p>\n\n\n\n<p>Veill\u00e9e fun\u00e8bre \/ sc\u00e9nario Martine Muller. &#8211; Delcourt, 2008<\/p>\n\n\n\n<h2 class=\"has-ast-global-color-6-background-color has-background wp-block-heading\">DOCUMENTS<\/h2>\n\n\n\n<p>1914-2014 : il y a cent ans, notre Grande Guerre \/ par Joseph et Maria [Dechaud]. &#8211; J. Vergne, 2013<\/p>\n\n\n\n<p>Carnets de guerre du docteur Jean Leynia de La Jarrige (Les) : 5 ao\u00fbt 1914 &#8211; 9 juin 1915. &#8211; \u00c9ditions de l&rsquo;Esperluette, 2015<\/p>\n\n\n\n<p>Mathieu L\u00e9on Gasparoux fusill\u00e9 pour l&rsquo;exemple en 1915 \/ Marcel Parinaud. &#8211; Esperluette, 2018<\/p>\n\n\n\n<p>Charles P\u00e9guy : le risque, obstin\u00e9ment \/ Pierre Pistoletti. &#8211; Parole et silence, 2020<\/p>\n\n\n\n<p>Parole et l&rsquo;action (La) : itin\u00e9raire d&rsquo;un avocat militant \/ Henri Leclerc. &#8211; Fayard<\/p>\n\n\n\n<p>Vers la libert\u00e9 \/ Mahtob Mahmoody. &#8211; J.-C. Gawsewitch \u00e9diteur, 2013<\/p>\n\n\n\n<p>Haine (La) : les ann\u00e9es Sarko \/ G\u00e9rard Davet, Fabrice Lhomme. &#8211; Fayard, 2019.<\/p>\n\n\n\n<p>Philippe Noiret de p\u00e8re en filles \/ Fr\u00e9d\u00e9rique Noiret, Deborah Grall-Noiret. &#8211; M. Lafon, 2010<\/p>\n\n\n\n<p>Plantu : 50 ans de dessin \/ texte, Eric Fottorino. &#8211; Calmann-L\u00e9vy, 2018<\/p>\n\n\n\n<p>Sous le signe de la Nature : g\u00e9n\u00e9alogie d&rsquo;une pens\u00e9e \/ Marcel Conche, entretien avec Fr\u00e9d\u00e9ric Amauger. &#8211; Mille-sources, 2015<\/p>\n\n\n\n<p>Un jour la terre : paroles du Causse \/ textes, Nicolas Teindas. &#8211; les Ardents \u00e9diteurs, 2018<\/p>\n\n\n\n<p>Comment je suis devenue corr\u00e9zienne : going native \/ Kathleen Fourches. &#8211; \u00c9d. de l&rsquo;Esperluette, 2013<\/p>\n\n\n\n<p>Mots aux origines \u00e9tonnantes (Les) \/ Sylvie Brunet. &#8211; First \u00e9d., DL 2012<\/p>\n\n\n\n<p>Seconde semaison (La) : carnets 1980-1994 \/ Philippe Jaccottet. &#8211; Gallimard, 1996<\/p>\n\n\n\n<p>Trois pi\u00e8ces selon \/ Brian Friel. &#8211; \u00ab\u00a0L&rsquo;Avant-sc\u00e8ne th\u00e9\u00e2tre\u00a0\u00bb, 2009<\/p>\n\n\n\n<p>Dans la pharmacie de mamie \/ Martina Krcmar. &#8211; Larousse, 2015<\/p>\n\n\n\n<p>Rem\u00e8des de bonne femme et petits soins d&rsquo;antan : potions, enveloppements, cataplasmes et autres rem\u00e8des de campagne pour se soigner sans m\u00e9dicaments \/ Martina Krcmar. &#8211; Larousse, 2015<\/p>\n\n\n\n<p>Purins &amp; fertilisants naturels \/ Calouan. &#8211; Art\u00e9mis, 2021<\/p>\n\n\n\n<p>D\u00e9corations d&rsquo;hiver : bouquets, couronnes &amp; d\u00e9co de table en mat\u00e9riaux naturels \/ Edle Catharina Norman. &#8211; les \u00c9d. de Saxe, 2007<\/p>\n\n\n\n<p>G\u00e2teaux \u00e0 la po\u00eale : 30 recettes sans four \/ St\u00e9phanie de Turckheim. &#8211; Hachette cuisine, 2016<\/p>\n\n\n\n<p>Recettes bio les + faciles du monde (Les) \/ J.-F. Mallet. &#8211; Hachette cuisine, 2019<\/p>\n\n\n\n<p>Terrines, p\u00e2t\u00e9s, tourtes &amp; rillettes : 50 recettes de gibier \/ Franck Schmitt. &#8211; Editions du Gerfaut, 202<\/p>\n\n\n\n<h2 class=\"has-ast-global-color-6-background-color has-background wp-block-heading\">LITT\u00c9RATURE R\u00c9GIONALE ET LIVRES EN GROS CARACT\u00c8RES<\/h2>\n\n\n\n<p>Aventure amoureuse et tragique de Fran\u00e7ois Barbazanges (L&rsquo;) \/ Marcelle Tinayre. &#8211; Ma\u00efade, 2017<\/p>\n\n\n\n<p>Chair des \u00e9toiles (La) \/ Jean-Guy Soumy. &#8211; R. Laffont, 2008<\/p>\n\n\n\n<p>Cur\u00e9 de C\u00e9drac (Le) \/ G\u00e9rard Brutus. &#8211; \u00c9d. les Mon\u00e9di\u00e8res, 2014<\/p>\n\n\n\n<p>Dernier des Baptiste (Le) : roman \/ Jean-Marie Chevrier. &#8211; Albin Michel, 2016<\/p>\n\n\n\n<p>Envoy\u00e9e sp\u00e9ciale \/ Jean Echenoz. &#8211; la Loupe, 2016<\/p>\n\n\n\n<p>Et je me suis cach\u00e9 \/ Geoffrey Lachassagne. &#8211; aux Forges de Vulcain, 2012<\/p>\n\n\n\n<p>Lara \/ Marie-Bernadette Dupuy. 1, la ronde des soup\u00e7ons. &#8211; Editions Ookilus, 2020<\/p>\n\n\n\n<p>Lara \/ Marie-Bernadette Dupuy. 2, la valse des suspects. &#8211; Editions Ookilus, 2021<\/p>\n\n\n\n<p>Lara \/ Marie-Bernadette Dupuy. 3, La danse macabre. &#8211; Editions Ookilus, 2021<\/p>\n\n\n\n<p>Larmes de la pin\u00e8de (Les) : roman \/ Jean-Paul Malaval. &#8211; Calmann-L\u00e9vy, 2016<\/p>\n\n\n\n<p>Maison du feuillardier (La) \/ Sylvie Anne. &#8211; \u00c9d. Libra diffusio, 2014<\/p>\n\n\n\n<p>Naufrage \/ Gilbert Bordes. &#8211; Belfond, 2019<\/p>\n\n\n\n<p>Olympe \/ Hubert de Maximy. &#8211; Feryane, 2017<\/p>\n\n\n\n<p>R\u00e9sistance, esp\u00e9rance. 1, fant\u00f4mes rebelles (Les) \/ S\u00e9bastien Vidal. &#8211; les \u00c9d. de la Veytizou 2011<\/p>\n\n\n\n<p>R\u00e9sistance, esp\u00e9rance. 2, Les clandestins de la Libert\u00e9 \/ S\u00e9bastien Vidal. &#8211; les \u00c9d. de la Veytizou 2012<\/p>\n\n\n\n<p>Sortie de route en Creuse \/ Jacques Jung. &#8211; la Geste, 2019<\/p>\n\n\n\n<p>Le testament d&rsquo;Adrien : roman \/ Gilbert Bordes. &#8211; Presses de la Cit\u00e9, 2020<\/p>\n\n\n\n<h2 class=\"has-ast-global-color-6-background-color has-background wp-block-heading\">ROMANS POLICIERS<\/h2>\n\n\n\n<p>A quelques secondes pr\u00e8s \/ Harlan Coben. &#8211; Feryane, 2014<\/p>\n\n\n\n<p>Balade entre les tombes \/ Lawrence Block. &#8211; Gallimard, 2014<\/p>\n\n\n\n<p>Blood sample \/ Karim Madani. &#8211; \u00c9d. Baleine, 2014<\/p>\n\n\n\n<p>Brelan de cadavres \/ Claude Michelet. &#8211; Ed. de la Loupe, 2020<\/p>\n\n\n\n<p>Dernier bateau pour Tanger : roman \/ Kevin Barry. &#8211; Buchet Chastel, 2020<\/p>\n\n\n\n<p>For\u00eat des ombres (La) : roman \/ Franck Thilliez. &#8211; le Passage, 2006<\/p>\n\n\n\n<p>Madame Courage \/ Serge Quadruppani. &#8211; \u00c9d. du Masque, 2012<\/p>\n\n\n\n<p>Maquillages \/ Eric Halphen. &#8211; \u00c9d. Payot &amp; Rivages, 2007<\/p>\n\n\n\n<p>Mois le plus cruel (Le) \/ Louise Penny. &#8211; Actes Sud, 2012<\/p>\n\n\n\n<p>Ne mords pas la main qui te nourrit : roman \/ A. J. Rich. &#8211; Mazarine, 2016<\/p>\n\n\n\n<p>On the brinks : roman \/ Sam Millar. &#8211; \u00c9ditions Points, 2014<\/p>\n\n\n\n<p>Sang du monstre (Le) \/ Ali Land. &#8211; Sonatine \u00e9ditions, 2016<\/p>\n\n\n\n<p>Tout pour plaire \/ Chester Himes. &#8211; Gallimard, 1999<\/p>\n","protected":false},"excerpt":{"rendered":"<p>L&rsquo;espace biblioth\u00e8que est situ\u00e9 dans la mairie et est ouvert aux horaires de la mairie.La biblioth\u00e8que d\u00e9partementale de pr\u00eat nous met \u00e0 disposition un certain nombre de livres qui sont r\u00e9guli\u00e8rement renouvel\u00e9s une \u00e0 deux fois par an. Vous trouverez ci-dessous la liste des romans disponibles, celle des bandes dessin\u00e9es, celle des documents, celle de [&hellip;]<\/p>\n","protected":false},"author":1,"featured_media":0,"parent":0,"menu_order":0,"comment_status":"closed","ping_status":"closed","template":"","meta":{"site-sidebar-layout":"default","site-content-layout":"","ast-site-content-layout":"default","site-content-style":"default","site-sidebar-style":"default","ast-global-header-display":"","ast-banner-title-visibility":"","ast-main-header-display":"","ast-hfb-above-header-display":"","ast-hfb-below-header-display":"","ast-hfb-mobile-header-display":"","site-post-title":"","ast-breadcrumbs-content":"","ast-featured-img":"","footer-sml-layout":"","ast-disable-related-posts":"","theme-transparent-header-meta":"","adv-header-id-meta":"","stick-header-meta":"","header-above-stick-meta":"","header-main-stick-meta":"","header-below-stick-meta":"","astra-migrate-meta-layouts":"default","ast-page-background-enabled":"default","ast-page-background-meta":{"desktop":{"background-color":"","background-image":"","background-repeat":"repeat","background-position":"center center","background-size":"auto","background-attachment":"scroll","background-type":"","background-media":"","overlay-type":"","overlay-color":"","overlay-opacity":"","overlay-gradient":""},"tablet":{"background-color":"","background-image":"","background-repeat":"repeat","background-position":"center center","background-size":"auto","background-attachment":"scroll","background-type":"","background-media":"","overlay-type":"","overlay-color":"","overlay-opacity":"","overlay-gradient":""},"mobile":{"background-color":"","background-image":"","background-repeat":"repeat","background-position":"center center","background-size":"auto","background-attachment":"scroll","background-type":"","background-media":"","overlay-type":"","overlay-color":"","overlay-opacity":"","overlay-gradient":""}},"ast-content-background-meta":{"desktop":{"background-color":"var(--ast-global-color-5)","background-image":"","background-repeat":"repeat","background-position":"center center","background-size":"auto","background-attachment":"scroll","background-type":"","background-media":"","overlay-type":"","overlay-color":"","overlay-opacity":"","overlay-gradient":""},"tablet":{"background-color":"var(--ast-global-color-5)","background-image":"","background-repeat":"repeat","background-position":"center center","background-size":"auto","background-attachment":"scroll","background-type":"","background-media":"","overlay-type":"","overlay-color":"","overlay-opacity":"","overlay-gradient":""},"mobile":{"background-color":"var(--ast-global-color-5)","background-image":"","background-repeat":"repeat","background-position":"center center","background-size":"auto","background-attachment":"scroll","background-type":"","background-media":"","overlay-type":"","overlay-color":"","overlay-opacity":"","overlay-gradient":""}},"footnotes":""},"class_list":["post-858","page","type-page","status-publish","hentry"],"jetpack_sharing_enabled":true,"_links":{"self":[{"href":"https:\/\/mairie-splc.fr\/index.php\/wp-json\/wp\/v2\/pages\/858","targetHints":{"allow":["GET"]}}],"collection":[{"href":"https:\/\/mairie-splc.fr\/index.php\/wp-json\/wp\/v2\/pages"}],"about":[{"href":"https:\/\/mairie-splc.fr\/index.php\/wp-json\/wp\/v2\/types\/page"}],"author":[{"embeddable":true,"href":"https:\/\/mairie-splc.fr\/index.php\/wp-json\/wp\/v2\/users\/1"}],"replies":[{"embeddable":true,"href":"https:\/\/mairie-splc.fr\/index.php\/wp-json\/wp\/v2\/comments?post=858"}],"version-history":[{"count":9,"href":"https:\/\/mairie-splc.fr\/index.php\/wp-json\/wp\/v2\/pages\/858\/revisions"}],"predecessor-version":[{"id":1005,"href":"https:\/\/mairie-splc.fr\/index.php\/wp-json\/wp\/v2\/pages\/858\/revisions\/1005"}],"wp:attachment":[{"href":"https:\/\/mairie-splc.fr\/index.php\/wp-json\/wp\/v2\/media?parent=858"}],"curies":[{"name":"wp","href":"https:\/\/api.w.org\/{rel}","templated":true}]}}