{"id":866,"date":"2022-06-11T22:28:40","date_gmt":"2022-06-11T20:28:40","guid":{"rendered":"http:\/\/mairie-splc.fr\/?page_id=866"},"modified":"2023-08-22T14:11:38","modified_gmt":"2023-08-22T12:11:38","slug":"anticipations","status":"publish","type":"page","link":"https:\/\/mairie-splc.fr\/index.php\/anticipations\/","title":{"rendered":"Anticipations"},"content":{"rendered":"\n<h2 class=\"wp-block-heading\">C&rsquo;est reparti !<\/h2>\n\n\n\n<p><a rel=\"noreferrer noopener\" href=\"https:\/\/www.youtube.com\/watch?v=3ohMwNdaWRM\" target=\"_blank\">Visionner le film \u00ab\u00a0On repeint tout\u00a0\u00bb<\/a><br><a href=\"https:\/\/mairie-splc.fr\/wp-content\/uploads\/2023\/08\/edition-anticipations2.pdf\" target=\"_blank\" rel=\"noreferrer noopener\">T\u00e9l\u00e9charger la version pdf de la manifestation<\/a><\/p>\n\n\n\n<div class=\"wp-block-columns is-layout-flex wp-container-core-columns-is-layout-28f84493 wp-block-columns-is-layout-flex\">\n<div class=\"wp-block-column is-layout-flow wp-block-column-is-layout-flow\" style=\"flex-basis:100%\">\n<figure class=\"wp-block-image size-large\"><a href=\"https:\/\/www.youtube.com\/watch?v=3ohMwNdaWRM\" target=\"_blank\" rel=\"noreferrer noopener\"><img fetchpriority=\"high\" decoding=\"async\" width=\"565\" height=\"1024\" src=\"https:\/\/mairie-splc.fr\/wp-content\/uploads\/2023\/07\/panneau-80-145-2-pdf-565x1024.jpg\" alt=\"\" class=\"wp-image-1070\"\/><\/a><\/figure>\n\n\n\n<p><a href=\"http:\/\/www.ateliers-du-spectacle.org\/Videos\/CommunicationJP\/AnticipationSaintPardoux\/onrepeintoutprojection160823.mp4\" target=\"_blank\" rel=\"noreferrer noopener\">Projection et enregistrements sonores r\u00e9alis\u00e9s en public le 14 juillet 2023<\/a><\/p>\n<\/div>\n<\/div>\n\n\n\n<figure class=\"wp-block-image size-large\"><img decoding=\"async\" width=\"843\" height=\"1024\" src=\"https:\/\/mairie-splc.fr\/wp-content\/uploads\/2022\/12\/anticipation-logo-1-843x1024.jpg\" alt=\"\" class=\"wp-image-999\" srcset=\"https:\/\/mairie-splc.fr\/wp-content\/uploads\/2022\/12\/anticipation-logo-1-843x1024.jpg 843w, https:\/\/mairie-splc.fr\/wp-content\/uploads\/2022\/12\/anticipation-logo-1-247x300.jpg 247w, https:\/\/mairie-splc.fr\/wp-content\/uploads\/2022\/12\/anticipation-logo-1-768x933.jpg 768w, https:\/\/mairie-splc.fr\/wp-content\/uploads\/2022\/12\/anticipation-logo-1-1264x1536.jpg 1264w, https:\/\/mairie-splc.fr\/wp-content\/uploads\/2022\/12\/anticipation-logo-1-1686x2048.jpg 1686w\" sizes=\"(max-width: 843px) 100vw, 843px\" \/><\/figure>\n\n\n\n<figure class=\"wp-block-table\"><table><tbody><tr><td><\/td><\/tr><\/tbody><\/table><\/figure>\n\n\n\n<p><\/p>\n","protected":false},"excerpt":{"rendered":"<p>C&rsquo;est reparti ! Visionner le film \u00ab\u00a0On repeint tout\u00a0\u00bbT\u00e9l\u00e9charger la version pdf de la manifestation Projection et enregistrements sonores r\u00e9alis\u00e9s en public le 14 juillet 2023<\/p>\n","protected":false},"author":1,"featured_media":0,"parent":0,"menu_order":0,"comment_status":"closed","ping_status":"closed","template":"","meta":{"site-sidebar-layout":"default","site-content-layout":"","ast-site-content-layout":"default","site-content-style":"default","site-sidebar-style":"default","ast-global-header-display":"","ast-banner-title-visibility":"","ast-main-header-display":"","ast-hfb-above-header-display":"","ast-hfb-below-header-display":"","ast-hfb-mobile-header-display":"","site-post-title":"","ast-breadcrumbs-content":"","ast-featured-img":"","footer-sml-layout":"","ast-disable-related-posts":"","theme-transparent-header-meta":"","adv-header-id-meta":"","stick-header-meta":"","header-above-stick-meta":"","header-main-stick-meta":"","header-below-stick-meta":"","astra-migrate-meta-layouts":"default","ast-page-background-enabled":"default","ast-page-background-meta":{"desktop":{"background-color":"","background-image":"","background-repeat":"repeat","background-position":"center center","background-size":"auto","background-attachment":"scroll","background-type":"","background-media":"","overlay-type":"","overlay-color":"","overlay-opacity":"","overlay-gradient":""},"tablet":{"background-color":"","background-image":"","background-repeat":"repeat","background-position":"center center","background-size":"auto","background-attachment":"scroll","background-type":"","background-media":"","overlay-type":"","overlay-color":"","overlay-opacity":"","overlay-gradient":""},"mobile":{"background-color":"","background-image":"","background-repeat":"repeat","background-position":"center center","background-size":"auto","background-attachment":"scroll","background-type":"","background-media":"","overlay-type":"","overlay-color":"","overlay-opacity":"","overlay-gradient":""}},"ast-content-background-meta":{"desktop":{"background-color":"var(--ast-global-color-5)","background-image":"","background-repeat":"repeat","background-position":"center center","background-size":"auto","background-attachment":"scroll","background-type":"","background-media":"","overlay-type":"","overlay-color":"","overlay-opacity":"","overlay-gradient":""},"tablet":{"background-color":"var(--ast-global-color-5)","background-image":"","background-repeat":"repeat","background-position":"center center","background-size":"auto","background-attachment":"scroll","background-type":"","background-media":"","overlay-type":"","overlay-color":"","overlay-opacity":"","overlay-gradient":""},"mobile":{"background-color":"var(--ast-global-color-5)","background-image":"","background-repeat":"repeat","background-position":"center center","background-size":"auto","background-attachment":"scroll","background-type":"","background-media":"","overlay-type":"","overlay-color":"","overlay-opacity":"","overlay-gradient":""}},"footnotes":""},"class_list":["post-866","page","type-page","status-publish","hentry"],"jetpack_sharing_enabled":true,"_links":{"self":[{"href":"https:\/\/mairie-splc.fr\/index.php\/wp-json\/wp\/v2\/pages\/866","targetHints":{"allow":["GET"]}}],"collection":[{"href":"https:\/\/mairie-splc.fr\/index.php\/wp-json\/wp\/v2\/pages"}],"about":[{"href":"https:\/\/mairie-splc.fr\/index.php\/wp-json\/wp\/v2\/types\/page"}],"author":[{"embeddable":true,"href":"https:\/\/mairie-splc.fr\/index.php\/wp-json\/wp\/v2\/users\/1"}],"replies":[{"embeddable":true,"href":"https:\/\/mairie-splc.fr\/index.php\/wp-json\/wp\/v2\/comments?post=866"}],"version-history":[{"count":12,"href":"https:\/\/mairie-splc.fr\/index.php\/wp-json\/wp\/v2\/pages\/866\/revisions"}],"predecessor-version":[{"id":1097,"href":"https:\/\/mairie-splc.fr\/index.php\/wp-json\/wp\/v2\/pages\/866\/revisions\/1097"}],"wp:attachment":[{"href":"https:\/\/mairie-splc.fr\/index.php\/wp-json\/wp\/v2\/media?parent=866"}],"curies":[{"name":"wp","href":"https:\/\/api.w.org\/{rel}","templated":true}]}}