{"id":908,"date":"2022-08-10T16:22:21","date_gmt":"2022-08-10T14:22:21","guid":{"rendered":"http:\/\/mairie-splc.fr\/?page_id=908"},"modified":"2025-09-15T10:29:02","modified_gmt":"2025-09-15T08:29:02","slug":"les-dechets-menagers","status":"publish","type":"page","link":"https:\/\/mairie-splc.fr\/index.php\/les-dechets-menagers\/","title":{"rendered":"Les d\u00e9chets m\u00e9nagers"},"content":{"rendered":"\n<div data-wp-interactive=\"core\/file\" class=\"wp-block-file\"><object data-wp-bind--hidden=\"!state.hasPdfPreview\" hidden class=\"wp-block-file__embed\" data=\"https:\/\/mairie-splc.fr\/wp-content\/uploads\/2024\/03\/LIVRET_GENERAL_A5.pdf\" type=\"application\/pdf\" style=\"width:100%;height:600px\" aria-label=\"Contenu embarqu\u00e9 LIVRET_GENERAL_A5.\"><\/object><a id=\"wp-block-file--media-b9cd9b30-006b-4d7d-9e93-4a2a4c9035da\" href=\"https:\/\/mairie-splc.fr\/wp-content\/uploads\/2024\/03\/LIVRET_GENERAL_A5.pdf\">LIVRET_GENERAL_A5<\/a><a href=\"https:\/\/mairie-splc.fr\/wp-content\/uploads\/2024\/03\/LIVRET_GENERAL_A5.pdf\" class=\"wp-block-file__button wp-element-button\" download aria-describedby=\"wp-block-file--media-b9cd9b30-006b-4d7d-9e93-4a2a4c9035da\">T\u00e9l\u00e9charger<\/a><\/div>\n\n\n\n<h4 class=\"wp-block-heading\">1- Les d\u00e9chets interdits pour votre poubelle !&nbsp;<\/h4>\n\n\n\n<p><strong>&#8211; Les piles, les batteries ou les ampoules :<\/strong> vous pouvez les recycler via des fili\u00e8res sp\u00e9cialis\u00e9es. Il existe \u00e9galement de nombreux points de collecte dans les supermarch\u00e9s.<br><strong>&#8211; Les m\u00e9dicaments p\u00e9rim\u00e9s :<\/strong> ils doivent \u00eatre rapport\u00e9s en pharmacie, afin d\u2019avoir l\u2019assurance, qu\u2019ils soient redirig\u00e9s vers une fili\u00e8re de destruction sp\u00e9cialis\u00e9e.<br><strong>&#8211; Les d\u00e9chets d<\/strong><a rel=\"noreferrer noopener\" href=\"https:\/\/www.agence-france-electricite.fr\/ouverture-compteur-electrique\/enedis\/\" target=\"_blank\"><strong>\u2019<\/strong><\/a><strong>\u00e9quipements \u00e9lectroniques :<\/strong> il existe des fili\u00e8res d\u00e9di\u00e9es pour ce type de d\u00e9chet. Vous pouvez les ramener \u00e0 un distributeur qui sera dans l\u2019obligation de r\u00e9cup\u00e9rer votre ancien appareil. Vous pouvez \u00e9galement en faire don \u00e0 une association, le d\u00e9poser dans une d\u00e9chetterie ou dans des points collectes pr\u00e9vus \u00e0 cet effet. Certains op\u00e9rateurs mobiles r\u00e9cup\u00e8rent en boutique votre ancien t\u00e9l\u00e9phone pour le recond<a rel=\"noreferrer noopener\" href=\"https:\/\/www.fournisseur-energie.com\/edf-demenagement\/\" target=\"_blank\">i<\/a>tionner.<br><strong>&#8211; Les huiles alimentaires : <\/strong>elles peuvent \u00eatre jet\u00e9es dans votre poubelle ordinaire en tr\u00e8s petite quantit\u00e9 mais il est pr\u00e9f\u00e9rable de les d\u00e9poser dans des points de collecte sp\u00e9cialis\u00e9s.<br><strong>&#8211; Les huiles de moteurs et autres huiles de vidange :<\/strong> vous pouvez les jeter dans des points de collecte sp\u00e9cifiques ou bien chez un garagiste.<br><strong>&#8211; Les pneus :<\/strong> ils doivent \u00eatre ramen\u00e9s chez un garagiste ou en d\u00e9chetterie. N\u2019h\u00e9sitez pas \u00e0 contacter votre garagiste \u00e0 l\u2019avance pour \u00eatre s\u00fbr qu<a rel=\"noreferrer noopener\" href=\"https:\/\/www.boutique-box-internet.fr\/sfr\/\" target=\"_blank\">\u2019<\/a>il reprend bien les anciens pneus.<\/p>\n\n\n\n<p><strong>En d\u00e9posant vos d\u00e9chets au bon endroit, vous contribuez \u00e0 la protection de l&rsquo;environnement. Vous contribuez \u00e9galement au bon fonctionnement de vos installations municipales ainsi qu&rsquo;\u00e0 la s\u00e9curit\u00e9 des employ\u00e9s qui y travaillent.<\/strong><\/p>\n\n\n\n<h4 class=\"wp-block-heading\">2- Des \u00e9volutions dans la collecte des d\u00e9chets m\u00e9nagers, programme 2023 &#8211; 2027 :<\/h4>\n\n\n\n<p>Pour diminuer notre impact sur l\u2019environnement, nous devons proposer un service coh\u00e9rent sur le territoire, encourager les habitants \u00e0 r\u00e9duire le volume de d\u00e9chets et ma\u00eetriser les co\u00fbts\u2026<br>L\u2019enjeu majeur est de <strong>r\u00e9duire le tonnage de d\u00e9chets <\/strong>qui ne sont pas recycl\u00e9s et sont finalement incin\u00e9r\u00e9s. De plus, ce volume de d\u00e9chets non recyclable est impact\u00e9 par une hausse de la TGAP pr\u00e9lev\u00e9e par l\u2019\u00c9tat \u00e0 hauteur de 30%. Ce changement sera aussi l\u2019occasion d\u2019adopter de nouvelles habitudes pour produire moins de d\u00e9chets et trier plus efficacement. Une taxe incitative la TEOMI nous y aidera.<\/p>\n\n\n\n<p class=\"has-luminous-vivid-amber-background-color has-background\"><strong>La TEOMI c\u2019est quoi ?<\/strong><br>La TEOMI (Taxe d\u2019Enl\u00e8vement des Ordures M\u00e9nag\u00e8res Incitative) est un imp\u00f4t local qui sert \u00e0 financer la collecte et le traitement des d\u00e9chets produits par chaque foyer de Tulle agglo, elle remplace la TOM.<br>La TEOMi que chaque m\u00e9nage paye est bas\u00e9e sur :<br>\u2022 une part fixe qui tient compte de la valeur fonci\u00e8re du logement qu\u2019il occupe,<br>\u2022 une part variable index\u00e9e sur le volume de d\u00e9chets que le m\u00e9nage produit.<br><strong>Concr\u00e8tement, comment fonctionne la TEOMI ?<\/strong><br>C\u2019est simple, chaque m\u00e9nage aura un badge personnel pour acc\u00e9der au point d\u2019apport volontaire o\u00f9 il d\u00e9posera ses ordures m\u00e9nag\u00e8res. \u00c0 chaque fois qu\u2019il fera un d\u00e9p\u00f4t, le passage sera comptabilis\u00e9. La part variable de la taxe pay\u00e9e par le m\u00e9nage sera impact\u00e9e en fonction du volume de d\u00e9chets produits (TEOMI calcul\u00e9 au litre). Pour les habitants qui resteront en collecte en porte \u00e0 porte, des bacs individuels puc\u00e9s seront distribu\u00e9s (OM + emballages)<\/p>\n\n\n\n<p>Le mode de collecte doit \u00e9voluer. La mise en place de la taxe incitative n\u2019est pas possible avec notre sch\u00e9ma actuel. Les conteneurs collectifs (bacs 4 roues) ne permettent pas l\u2019individualisation de la collecte. Le nouveau sch\u00e9ma pr\u00e9voit donc de l\u2019apport volontaire avec contr\u00f4le d\u2019acc\u00e8s.<br>Nous avons d\u00e9fini le calendrier suivant :<br><strong>2022 <\/strong>: \u00e9laboration du nouveau sch\u00e9ma de collecte avec les communes (d\u00e9finition du mode de collecte, de l\u2019emplacement des Points d&rsquo;Apport Volontaire (PAV), choix &amp; commandes des mat\u00e9riels colonnes, camions\u2026).<br><strong>2023 <\/strong>: informations, enqu\u00eate, porte \u00e0 porte, r\u00e9union publique aupr\u00e8s des usagers. Structuration technique, financi\u00e8re et humaine du service collecte des d\u00e9chets de Tulle agglo.<br><strong>2024\/2025 <\/strong>: mise en place du nouveau syst\u00e8me de collecte sans contr\u00f4le d\u2019acc\u00e8s.<br><strong>2025\/2026<\/strong> : mise en place du nouveau syst\u00e8me de collecte avec contr\u00f4le d\u2019acc\u00e8s pour les OM et simulation p\u00e9dagogique de la TEOMI (Taxe d&rsquo;Enl\u00e8vement des Ordures M\u00e9nag\u00e8res Incitative).<br><strong>2027 <\/strong>: mise en route effective de la TEOMI, sur la base de la collecte 2025\/2026.<br>La TEOMI va remplacer l&rsquo;actuelle TOM (Taxe Ordures M\u00e9nag\u00e8res, 10,2% de la taxe fonci\u00e8re sur le b\u00e2ti). Ce sera un mode de financement plus juste, transparent qui responsabilisera chacun dans la production de ses d\u00e9chets !<br>D\u2019une mani\u00e8re g\u00e9n\u00e9rale, tout ce qui peut \u00eatre tri\u00e9 est valoris\u00e9 et contribue \u00e0 r\u00e9duire la facture globale du traitement des d\u00e9chets. Incin\u00e9rer les ordures m\u00e9nag\u00e8res r\u00e9siduelles (OMR) qui ne peuvent pas \u00eatre recycl\u00e9es demeure ce qui co\u00fbte le plus cher. La TEOMI permet \u00e0 chacun d\u2019entre nous d\u2019agir en partie sur la facture en nous encourageant \u00e0 r\u00e9duire au maximum nos d\u00e9chets m\u00e9nagers (OMR). Avec ce syst\u00e8me, nous payons, en partie, en fonction de ce que nous jetons et nous pouvons contr\u00f4ler notre \u201cproduction\u201d gr\u00e2ce \u00e0 notre facture. Un peu comme pour une consommation d\u2019eau ou d\u2019\u00e9lectricit\u00e9.<\/p>\n\n\n\n<p>La premi\u00e8re facturation \u00abr\u00e9elle\u00bb de la TEOMI aura lieu en octobre 2027 \u00e0 r\u00e9ception de la taxe fonci\u00e8re (la TEOMI \u00e9tant une partie de la taxe fonci\u00e8re). En octobre 2026, vous recevrez une simulation de la TEOMI bas\u00e9e sur les volumes d\u00e9pos\u00e9s en 2025\/2026. Aujourd\u2019hui la grille tarifaire n\u2019est pas encore \u00e9tablie. Elle doit se construire avec les communes au cours de l\u2019ann\u00e9e 2023. L\u2019objectif est de ne pas augmenter le co\u00fbt moyen par usager du service.<\/p>\n\n\n\n<p><strong>Les points d\u2019apport volontaires <\/strong>seront install\u00e9s sur des lieux de passage et \u00e0 proximit\u00e9 de lieux de vie.<br>Au lieu de se d\u00e9placer sp\u00e9cifiquement pour d\u00e9poser ses poubelles on pourra s\u2019arr\u00eater sur le chemin pour aller faire ses courses, pour se rendre au travail ou emmener ses enfants \u00e0 l\u2019\u00e9cole\u2026<\/p>\n\n\n\n<p>Les colonnes papier, emballages et verre resteront en libre acc\u00e8s, seules les colonnes d\u2019ordures m\u00e9nag\u00e8res seront en contr\u00f4le d\u2019acc\u00e8s avec un badge.<\/p>\n\n\n\n<p><strong>L\u2019ensemble des PAV de l\u2019agglo seront accessibles \u00e0 tous les habitants <\/strong>du territoire, 7 jours \/ 7.<br>Le badge fonctionnera sur toutes les colonnes d\u2019ordures m\u00e9nag\u00e8res du territoire (peu importe votre commune de r\u00e9sidence sur l\u2019agglo).<\/p>\n\n\n\n<p>D\u00e8s 2023, l\u2019extension des consignes de tri (tous les emballages se trient) adoss\u00e9e au sch\u00e9ma de r\u00e9duction des biod\u00e9chets et du r\u00e9emploi (compostage, lombricompostage, broyage\u2026) permettront de r\u00e9duire notre volume d\u2019ordures m\u00e9nag\u00e8res et de prendre de nouvelles habitudes avant la mise en place d\u00e9finitive de la TOEMI. Nous avons pr\u00e9vu deux ann\u00e9es \u201c\u00e0 blanc\u201d pour tester le dispositif et permettre aux habitants de faire \u00e9voluer leurs habitudes.<\/p>\n\n\n\n\n\n\n","protected":false},"excerpt":{"rendered":"<p>1- Les d\u00e9chets interdits pour votre poubelle !&nbsp; &#8211; Les piles, les batteries ou les ampoules : vous pouvez les recycler via des fili\u00e8res sp\u00e9cialis\u00e9es. Il existe \u00e9galement de nombreux points de collecte dans les supermarch\u00e9s.&#8211; Les m\u00e9dicaments p\u00e9rim\u00e9s : ils doivent \u00eatre rapport\u00e9s en pharmacie, afin d\u2019avoir l\u2019assurance, qu\u2019ils soient redirig\u00e9s vers une fili\u00e8re [&hellip;]<\/p>\n","protected":false},"author":1,"featured_media":0,"parent":0,"menu_order":0,"comment_status":"closed","ping_status":"closed","template":"","meta":{"site-sidebar-layout":"default","site-content-layout":"","ast-site-content-layout":"default","site-content-style":"default","site-sidebar-style":"default","ast-global-header-display":"","ast-banner-title-visibility":"","ast-main-header-display":"","ast-hfb-above-header-display":"","ast-hfb-below-header-display":"","ast-hfb-mobile-header-display":"","site-post-title":"","ast-breadcrumbs-content":"","ast-featured-img":"","footer-sml-layout":"","ast-disable-related-posts":"","theme-transparent-header-meta":"","adv-header-id-meta":"","stick-header-meta":"","header-above-stick-meta":"","header-main-stick-meta":"","header-below-stick-meta":"","astra-migrate-meta-layouts":"default","ast-page-background-enabled":"default","ast-page-background-meta":{"desktop":{"background-color":"","background-image":"","background-repeat":"repeat","background-position":"center center","background-size":"auto","background-attachment":"scroll","background-type":"","background-media":"","overlay-type":"","overlay-color":"","overlay-opacity":"","overlay-gradient":""},"tablet":{"background-color":"","background-image":"","background-repeat":"repeat","background-position":"center center","background-size":"auto","background-attachment":"scroll","background-type":"","background-media":"","overlay-type":"","overlay-color":"","overlay-opacity":"","overlay-gradient":""},"mobile":{"background-color":"","background-image":"","background-repeat":"repeat","background-position":"center center","background-size":"auto","background-attachment":"scroll","background-type":"","background-media":"","overlay-type":"","overlay-color":"","overlay-opacity":"","overlay-gradient":""}},"ast-content-background-meta":{"desktop":{"background-color":"var(--ast-global-color-5)","background-image":"","background-repeat":"repeat","background-position":"center center","background-size":"auto","background-attachment":"scroll","background-type":"","background-media":"","overlay-type":"","overlay-color":"","overlay-opacity":"","overlay-gradient":""},"tablet":{"background-color":"var(--ast-global-color-5)","background-image":"","background-repeat":"repeat","background-position":"center center","background-size":"auto","background-attachment":"scroll","background-type":"","background-media":"","overlay-type":"","overlay-color":"","overlay-opacity":"","overlay-gradient":""},"mobile":{"background-color":"var(--ast-global-color-5)","background-image":"","background-repeat":"repeat","background-position":"center center","background-size":"auto","background-attachment":"scroll","background-type":"","background-media":"","overlay-type":"","overlay-color":"","overlay-opacity":"","overlay-gradient":""}},"footnotes":""},"class_list":["post-908","page","type-page","status-publish","hentry"],"jetpack_sharing_enabled":true,"_links":{"self":[{"href":"https:\/\/mairie-splc.fr\/index.php\/wp-json\/wp\/v2\/pages\/908","targetHints":{"allow":["GET"]}}],"collection":[{"href":"https:\/\/mairie-splc.fr\/index.php\/wp-json\/wp\/v2\/pages"}],"about":[{"href":"https:\/\/mairie-splc.fr\/index.php\/wp-json\/wp\/v2\/types\/page"}],"author":[{"embeddable":true,"href":"https:\/\/mairie-splc.fr\/index.php\/wp-json\/wp\/v2\/users\/1"}],"replies":[{"embeddable":true,"href":"https:\/\/mairie-splc.fr\/index.php\/wp-json\/wp\/v2\/comments?post=908"}],"version-history":[{"count":7,"href":"https:\/\/mairie-splc.fr\/index.php\/wp-json\/wp\/v2\/pages\/908\/revisions"}],"predecessor-version":[{"id":1301,"href":"https:\/\/mairie-splc.fr\/index.php\/wp-json\/wp\/v2\/pages\/908\/revisions\/1301"}],"wp:attachment":[{"href":"https:\/\/mairie-splc.fr\/index.php\/wp-json\/wp\/v2\/media?parent=908"}],"curies":[{"name":"wp","href":"https:\/\/api.w.org\/{rel}","templated":true}]}}